{"id":6034,"date":"2025-01-15T19:38:39","date_gmt":"2025-01-15T19:38:39","guid":{"rendered":"https:\/\/www.hyflexpack.com\/?post_type=product&#038;p=6034"},"modified":"2025-10-25T19:42:12","modified_gmt":"2025-10-25T19:42:12","slug":"custom-potato-chip-bag-manufacturer","status":"publish","type":"product","link":"https:\/\/www.hyflexpack.com\/pt\/product\/custom-potato-chip-bag-manufacturer\/","title":{"rendered":"Saco de Batata Frita Personalizado Fabricante de Saco de Batata Frita de Pl\u00e1stico para Mini Lanche Instant\u00e2neo"},"content":{"rendered":"<div class=\"wp-block-columns is-layout-flex wp-container-core-columns-is-layout-9d6595d7 wp-block-columns-is-layout-flex\">\n<div class=\"wp-block-column is-layout-flow wp-block-column-is-layout-flow\">\n<h2 class=\"wp-block-heading\">Carater\u00edsticas do saco para batatas fritas personalizado<\/h2>\n\n\n\n<ul class=\"wp-block-list\">\n<li><strong>Fabricante de sacos de batatas fritas personalizados<\/strong> - Como fabricante experiente de sacos de batatas fritas personalizados, oferecemos solu\u00e7\u00f5es completas de embalagem OEM\/ODM adaptadas \u00e0s necessidades da sua marca de snacks, como tamanho de embalagem flex\u00edvel, material e personaliza\u00e7\u00e3o de impress\u00e3o.<\/li>\n\n\n\n<li><strong>Op\u00e7\u00f5es de materiais premium <\/strong>- Escolha entre pel\u00edculas biodegrad\u00e1veis amigas do ambiente ou materiais laminados de alta barreira que proporcionam uma excelente prote\u00e7\u00e3o contra o oxig\u00e9nio, a humidade e a luz. Todos os materiais s\u00e3o de qualidade alimentar e est\u00e3o em conformidade com os regulamentos de seguran\u00e7a globais.<\/li>\n\n\n\n<li><strong>Frescura e prazo de validade excepcionais<\/strong> - A tecnologia de selagem e lamina\u00e7\u00e3o extra veda bem o sabor e a croc\u00e2ncia, mantendo as suas batatas fritas frescas e sem quebras e envelhecimento durante o transporte e armazenamento prolongado.<\/li>\n\n\n\n<li><strong>Visibilidade da marca e impress\u00e3o personalizada<\/strong> - D\u00ea vida \u00e0 embalagem do seu produto com cores profundas, acabamentos mate\/brilhante e impress\u00e3o UV direta. O design personalizado permite-lhe diferenciar as suas fichas em prateleiras de retalho lotadas e aumentar a notoriedade da marca.<\/li>\n\n\n\n<li><strong>Fornecimento de f\u00e1brica com economia de custos<\/strong> - Trabalhe diretamente com um fabricante de primeira linha para obter um pre\u00e7o direto da f\u00e1brica, um MOQ baixo e um prazo de produ\u00e7\u00e3o curto - o que lhe permite poupar nos custos de aquisi\u00e7\u00e3o e reduzir o tempo de resposta do mercado.<\/li>\n\n\n\n<li><strong>Solu\u00e7\u00f5es de embalagem amigas do ambiente<\/strong> - Ajude a levar mais longe os esfor\u00e7os de sustentabilidade da sua marca com materiais ecol\u00f3gicos, recicl\u00e1veis e biodegrad\u00e1veis, apelando a compradores sens\u00edveis ao ambiente e indo ao encontro das actuais tend\u00eancias de embalagem.<\/li>\n<\/ul>\n<\/div>\n\n\n\n<div class=\"wp-block-column is-layout-flow wp-block-column-is-layout-flow\">\n<figure class=\"wp-block-image size-full\"><img fetchpriority=\"high\" decoding=\"async\" width=\"750\" height=\"750\" src=\"https:\/\/www.hyflexpack.com\/wp-content\/uploads\/2025\/10\/Custom-Potato-Chip-Bag-Manufacturer-Huiyang-4.webp\" alt=\"Saco de Batata Frita Personalizado Fabricante - Huiyang (4)\" class=\"wp-image-8206\" srcset=\"https:\/\/www.hyflexpack.com\/wp-content\/uploads\/2025\/10\/Custom-Potato-Chip-Bag-Manufacturer-Huiyang-4.webp 750w, https:\/\/www.hyflexpack.com\/wp-content\/uploads\/2025\/10\/Custom-Potato-Chip-Bag-Manufacturer-Huiyang-4-300x300.webp 300w, https:\/\/www.hyflexpack.com\/wp-content\/uploads\/2025\/10\/Custom-Potato-Chip-Bag-Manufacturer-Huiyang-4-150x150.webp 150w, https:\/\/www.hyflexpack.com\/wp-content\/uploads\/2025\/10\/Custom-Potato-Chip-Bag-Manufacturer-Huiyang-4-12x12.webp 12w, https:\/\/www.hyflexpack.com\/wp-content\/uploads\/2025\/10\/Custom-Potato-Chip-Bag-Manufacturer-Huiyang-4-285x285.webp 285w, https:\/\/www.hyflexpack.com\/wp-content\/uploads\/2025\/10\/Custom-Potato-Chip-Bag-Manufacturer-Huiyang-4-270x270.webp 270w, https:\/\/www.hyflexpack.com\/wp-content\/uploads\/2025\/10\/Custom-Potato-Chip-Bag-Manufacturer-Huiyang-4-540x540.webp 540w, https:\/\/www.hyflexpack.com\/wp-content\/uploads\/2025\/10\/Custom-Potato-Chip-Bag-Manufacturer-Huiyang-4-660x660.webp 660w\" sizes=\"(max-width: 750px) 100vw, 750px\" \/><\/figure>\n<\/div>\n<\/div>\n\n\n\n<p><\/p>","protected":false},"excerpt":{"rendered":"<p>Bem-vindo \u00e0 compra <strong data-start=\"186\" data-end=\"212\">saco de batatas fritas personalizado<\/strong> embalagem de uma empresa fi\u00e1vel <strong data-start=\"239\" data-end=\"277\">Fabricante de sacos de batatas fritas na China<\/strong>. Fornecemos <strong data-start=\"290\" data-end=\"319\">desenho gratuito, amostras gratuitas<\/strong>, e <strong data-start=\"325\" data-end=\"353\">pre\u00e7os grossistas de f\u00e1brica<\/strong> com impress\u00e3o v\u00edvida, materiais \u00e0 prova de humidade e personaliza\u00e7\u00e3o OEM\/ODM para aumentar a visibilidade da sua marca de snacks.<\/p>\n<h3>Vantagens das batatas fritas personalizadas M<strong data-start=\"239\" data-end=\"277\">fabricante<\/strong><\/h3>\n<ul>\n<li><strong>Design personalizado:<\/strong> Fornecemos servi\u00e7os personalizados, incluindo personaliza\u00e7\u00e3o de material, tamanho e padr\u00e3o de impress\u00e3o para atender \u00e0s necessidades do cliente, e oferecemos suporte a OEM e ODM.<\/li>\n<li><strong>Fabrico:<\/strong> Com equipamento e tecnologia avan\u00e7ados, podemos completar a produ\u00e7\u00e3o de encomendas de forma eficiente e com alta qualidade, e podemos entregar a tempo.<\/li>\n<li><strong>Inspe\u00e7\u00e3o da qualidade:<\/strong> A produ\u00e7\u00e3o \u00e9 efectuada em estrita conformidade com as normas de qualidade e os requisitos de seguran\u00e7a alimentar para garantir que os produtos cumprem as normas.<\/li>\n<li><strong>Certifica\u00e7\u00e3o\uff1a<\/strong>\u00a0FDA\/BRC\/ISO 9001\/RoHS<\/li>\n<li><strong>Servi\u00e7o ao cliente:<\/strong> 24 horas para fornecer uma resposta r\u00e1pida e um servi\u00e7o de apoio ao cliente atencioso.<\/li>\n<li><strong>Amostra gr\u00e1tis:<\/strong> Fornecer um servi\u00e7o de amostras gr\u00e1tis para que possa avaliar o produto.<\/li>\n<\/ul>\n<p><strong>Embalagens Huiyang<\/strong> est\u00e1 empenhada em fornecer aos clientes <strong>de qualidade alimentar<\/strong> <strong data-start=\"186\" data-end=\"212\">embalagem de sacos de batatas fritas<\/strong>\u00a0para ajudar os clientes a melhorar a imagem dos seus produtos e a aumentar a sua competitividade no mercado.<\/p>","protected":false},"featured_media":8203,"comment_status":"open","ping_status":"closed","template":"","meta":[],"product_brand":[],"product_cat":[57,51],"product_tag":[],"class_list":{"0":"post-6034","1":"product","2":"type-product","3":"status-publish","4":"has-post-thumbnail","6":"product_cat-snack-packaging-bags-wholesale","7":"product_cat-custom-food-packaging-bags","9":"first","10":"instock","11":"shipping-taxable","12":"product-type-simple"},"_links":{"self":[{"href":"https:\/\/www.hyflexpack.com\/pt\/wp-json\/wp\/v2\/product\/6034","targetHints":{"allow":["GET"]}}],"collection":[{"href":"https:\/\/www.hyflexpack.com\/pt\/wp-json\/wp\/v2\/product"}],"about":[{"href":"https:\/\/www.hyflexpack.com\/pt\/wp-json\/wp\/v2\/types\/product"}],"replies":[{"embeddable":true,"href":"https:\/\/www.hyflexpack.com\/pt\/wp-json\/wp\/v2\/comments?post=6034"}],"wp:featuredmedia":[{"embeddable":true,"href":"https:\/\/www.hyflexpack.com\/pt\/wp-json\/wp\/v2\/media\/8203"}],"wp:attachment":[{"href":"https:\/\/www.hyflexpack.com\/pt\/wp-json\/wp\/v2\/media?parent=6034"}],"wp:term":[{"taxonomy":"product_brand","embeddable":true,"href":"https:\/\/www.hyflexpack.com\/pt\/wp-json\/wp\/v2\/product_brand?post=6034"},{"taxonomy":"product_cat","embeddable":true,"href":"https:\/\/www.hyflexpack.com\/pt\/wp-json\/wp\/v2\/product_cat?post=6034"},{"taxonomy":"product_tag","embeddable":true,"href":"https:\/\/www.hyflexpack.com\/pt\/wp-json\/wp\/v2\/product_tag?post=6034"}],"curies":[{"name":"wp","href":"https:\/\/api.w.org\/{rel}","templated":true}]}}