{"id":6033,"date":"2025-02-28T09:45:14","date_gmt":"2025-02-28T09:45:14","guid":{"rendered":"https:\/\/www.hyflexpack.com\/?post_type=product&#038;p=6033"},"modified":"2025-10-23T08:17:33","modified_gmt":"2025-10-23T08:17:33","slug":"custom-potato-chips-packaging-bag","status":"publish","type":"product","link":"https:\/\/www.hyflexpack.com\/pt\/product\/custom-potato-chips-packaging-bag\/","title":{"rendered":"Embalagem de batatas fritas impressa personalizada Bolsa laminada Saco de pl\u00e1stico com fecho traseiro m\u00e9dio Fornecedor"},"content":{"rendered":"<div class=\"wp-block-columns is-layout-flex wp-container-core-columns-is-layout-9d6595d7 wp-block-columns-is-layout-flex\">\n<div class=\"wp-block-column is-layout-flow wp-block-column-is-layout-flow\">\n<h3 class=\"wp-block-heading\">Carater\u00edsticas do saco de embalagem personalizado para batatas fritas<\/h3>\n\n\n\n<ul class=\"wp-block-list\">\n<li><strong>Design personalizado<\/strong>: O nosso fabricante de embalagens de batatas fritas personalizadas fornece um servi\u00e7o de impress\u00e3o personalizado, e pode padronizar, colorir e criar log\u00f3tipos de acordo com as necessidades da marca.<\/li>\n<\/ul>\n\n\n\n<p><\/p>\n\n\n\n<ul class=\"wp-block-list\">\n<li><strong>Impress\u00e3o de alta qualidade<\/strong>: A nossa embalagem de batatas fritas impressa por medida utiliza tecnologia de impress\u00e3o de alta qualidade para obter padr\u00f5es claros e cores brilhantes.<\/li>\n<\/ul>\n\n\n\n<p><\/p>\n\n\n\n<ul class=\"wp-block-list\">\n<li><strong>Materiais de alta qualidade<\/strong>: Utilizamos material pl\u00e1stico composto de v\u00e1rias camadas, com bom desempenho \u00e0 prova de humidade, anti-oxida\u00e7\u00e3o e manuten\u00e7\u00e3o de frescura.<\/li>\n<\/ul>\n\n\n\n<p><\/p>\n\n\n\n<ul class=\"wp-block-list\">\n<li><strong>Resist\u00eancia duradoura<\/strong>: O pl\u00e1stico laminado \u00e9 resistente \u00e0 rutura e ao desgaste, protegendo as batatas fritas da deforma\u00e7\u00e3o da forma ou da quebra e proporcionando um transporte seguro.<\/li>\n<\/ul>\n\n\n\n<p><\/p>\n\n\n\n<ul class=\"wp-block-list\">\n<li><strong>Veda\u00e7\u00e3o f\u00e1cil<\/strong>: O design do saco com fecho posterior permite selar facilmente o produto ap\u00f3s a abertura, reduzindo a exposi\u00e7\u00e3o ao ar e mantendo os alimentos frescos e estaladi\u00e7os.<\/li>\n<\/ul>\n<\/div>\n\n\n\n<div class=\"wp-block-column is-layout-flow wp-block-column-is-layout-flow\">\n<figure class=\"wp-block-image size-full\"><img fetchpriority=\"high\" decoding=\"async\" width=\"750\" height=\"750\" src=\"https:\/\/www.hyflexpack.com\/wp-content\/uploads\/2025\/01\/Custom-Printed-Potato-Chips-Packaging-Bag-1.webp\" alt=\"Saco de embalagem de batatas fritas com impress\u00e3o personalizada\" class=\"wp-image-6026\" srcset=\"https:\/\/www.hyflexpack.com\/wp-content\/uploads\/2025\/01\/Custom-Printed-Potato-Chips-Packaging-Bag-1.webp 750w, https:\/\/www.hyflexpack.com\/wp-content\/uploads\/2025\/01\/Custom-Printed-Potato-Chips-Packaging-Bag-1-300x300.webp 300w, https:\/\/www.hyflexpack.com\/wp-content\/uploads\/2025\/01\/Custom-Printed-Potato-Chips-Packaging-Bag-1-150x150.webp 150w, https:\/\/www.hyflexpack.com\/wp-content\/uploads\/2025\/01\/Custom-Printed-Potato-Chips-Packaging-Bag-1-12x12.webp 12w, https:\/\/www.hyflexpack.com\/wp-content\/uploads\/2025\/01\/Custom-Printed-Potato-Chips-Packaging-Bag-1-285x285.webp 285w, https:\/\/www.hyflexpack.com\/wp-content\/uploads\/2025\/01\/Custom-Printed-Potato-Chips-Packaging-Bag-1-270x270.webp 270w, https:\/\/www.hyflexpack.com\/wp-content\/uploads\/2025\/01\/Custom-Printed-Potato-Chips-Packaging-Bag-1-540x540.webp 540w, https:\/\/www.hyflexpack.com\/wp-content\/uploads\/2025\/01\/Custom-Printed-Potato-Chips-Packaging-Bag-1-660x660.webp 660w\" sizes=\"(max-width: 750px) 100vw, 750px\" \/><\/figure>\n<\/div>\n<\/div>","protected":false},"excerpt":{"rendered":"<p>Com materiais ecol\u00f3gicos, designs vibrantes e marcantes e aten\u00e7\u00e3o \u00e0 conserva\u00e7\u00e3o ambiental, a Huiyang fornece a sua embalagem personalizada de batatas fritas n\u00e3o s\u00f3 com seguran\u00e7a para o seu produto, mas tamb\u00e9m com um n\u00edvel mais elevado de exposi\u00e7\u00e3o da marca numa ind\u00fastria competitiva. N\u00e3o hesite em contactar-nos para obter pre\u00e7os.<\/p>\n<h3>Vantagens do fabricante de embalagens de batatas fritas<\/h3>\n<ul>\n<li><strong>Materiais ecol\u00f3gicos<\/strong>: D\u00e1 \u00eanfase \u00e0 utiliza\u00e7\u00e3o de materiais sustent\u00e1veis e amigos do ambiente para ajudar as marcas a reduzir a sua pegada de carbono.<\/li>\n<li><strong>Servi\u00e7o personaliz\u00e1vel<\/strong>: Fornecer tamanhos de bolsas de lamina\u00e7\u00e3o personalizados, cores de materiais, etc.<\/li>\n<li><strong>Seguran\u00e7a dos produtos<\/strong>: Assegura que a embalagem \u00e9 dur\u00e1vel, n\u00e3o apresenta danos e mant\u00e9m a frescura dos produtos.<\/li>\n<li><strong>Exposi\u00e7\u00e3o da marca<\/strong>: Com o seu design revolucion\u00e1rio e excelente material, a Huiyang Packing aumenta a exposi\u00e7\u00e3o da marca em mercados competitivos.<\/li>\n<\/ul>\n<p>A Huiyang Packing oferece uma s\u00edntese de criatividade, fiabilidade e pre\u00e7o acess\u00edvel, a op\u00e7\u00e3o mais adequada para as empresas que procuram uma apresenta\u00e7\u00e3o melhorada do produto, ao mesmo tempo que desfrutam de uma prote\u00e7\u00e3o sem compromissos. Contacte-nos para obter servi\u00e7os gratuitos de design e amostras para fazer sobressair os seus produtos!<\/p>","protected":false},"featured_media":6026,"comment_status":"open","ping_status":"closed","template":"","meta":[],"product_brand":[],"product_cat":[57],"product_tag":[],"class_list":{"0":"post-6033","1":"product","2":"type-product","3":"status-publish","4":"has-post-thumbnail","6":"product_cat-snack-packaging-bags-wholesale","8":"first","9":"instock","10":"shipping-taxable","11":"product-type-simple"},"_links":{"self":[{"href":"https:\/\/www.hyflexpack.com\/pt\/wp-json\/wp\/v2\/product\/6033","targetHints":{"allow":["GET"]}}],"collection":[{"href":"https:\/\/www.hyflexpack.com\/pt\/wp-json\/wp\/v2\/product"}],"about":[{"href":"https:\/\/www.hyflexpack.com\/pt\/wp-json\/wp\/v2\/types\/product"}],"replies":[{"embeddable":true,"href":"https:\/\/www.hyflexpack.com\/pt\/wp-json\/wp\/v2\/comments?post=6033"}],"wp:featuredmedia":[{"embeddable":true,"href":"https:\/\/www.hyflexpack.com\/pt\/wp-json\/wp\/v2\/media\/6026"}],"wp:attachment":[{"href":"https:\/\/www.hyflexpack.com\/pt\/wp-json\/wp\/v2\/media?parent=6033"}],"wp:term":[{"taxonomy":"product_brand","embeddable":true,"href":"https:\/\/www.hyflexpack.com\/pt\/wp-json\/wp\/v2\/product_brand?post=6033"},{"taxonomy":"product_cat","embeddable":true,"href":"https:\/\/www.hyflexpack.com\/pt\/wp-json\/wp\/v2\/product_cat?post=6033"},{"taxonomy":"product_tag","embeddable":true,"href":"https:\/\/www.hyflexpack.com\/pt\/wp-json\/wp\/v2\/product_tag?post=6033"}],"curies":[{"name":"wp","href":"https:\/\/api.w.org\/{rel}","templated":true}]}}