{"id":6006,"date":"2025-05-17T08:08:55","date_gmt":"2025-05-17T08:08:55","guid":{"rendered":"https:\/\/www.hyflexpack.com\/?post_type=product&#038;p=6006"},"modified":"2025-05-17T08:08:57","modified_gmt":"2025-05-17T08:08:57","slug":"custom-shrink-film-labels","status":"publish","type":"product","link":"https:\/\/www.hyflexpack.com\/pt\/product\/custom-shrink-film-labels\/","title":{"rendered":"R\u00f3tulos de pel\u00edcula retr\u00e1til personalizados, pel\u00edcula em rolo para fornecedor de r\u00f3tulos de garrafas de sumo"},"content":{"rendered":"<div class=\"wp-block-columns is-layout-flex wp-container-core-columns-is-layout-9d6595d7 wp-block-columns-is-layout-flex\">\n<div class=\"wp-block-column is-layout-flow wp-block-column-is-layout-flow\">\n<h2 class=\"wp-block-heading\">Carater\u00edsticas das etiquetas de pel\u00edcula retr\u00e1til personalizadas<\/h2>\n\n\n\n<ul class=\"wp-block-list\">\n<li><strong>Materiais de alta qualidade<\/strong>: Fornecer materiais diversificados e de alta qualidade de acordo com as necessidades do cliente, tais como pl\u00e1sticos amigos do ambiente ou materiais com propriedades especiais (tais como resist\u00eancia a altas temperaturas e resist\u00eancia aos raios UV) para garantir que as etiquetas de pel\u00edcula retr\u00e1til personalizadas s\u00e3o simultaneamente bonitas e duradouras.<\/li>\n\n\n\n<li><strong>Impress\u00e3o eficiente<\/strong>: Os servi\u00e7os personalizados podem alcan\u00e7ar uma combina\u00e7\u00e3o perfeita com o design da embalagem do produto, melhorar o efeito visual geral e melhorar o reconhecimento da marca atrav\u00e9s de uma tecnologia precisa de impress\u00e3o e lamina\u00e7\u00e3o.<\/li>\n\n\n\n<li><strong>Desempenho de prote\u00e7\u00e3o superior<\/strong>: Os r\u00f3tulos de pel\u00edcula retr\u00e1til personalizados profissionalmente podem proporcionar uma prote\u00e7\u00e3o adicional aos produtos para evitar que a informa\u00e7\u00e3o seja usada ou adulterada. Ao mesmo tempo, alguns r\u00f3tulos de garrafas tamb\u00e9m t\u00eam propriedades \u00e0 prova de \u00e1gua e de \u00f3leo para se adaptarem a v\u00e1rios ambientes de armazenamento e transporte.<\/li>\n\n\n\n<li><strong>Op\u00e7\u00f5es ambientais<\/strong>: Apoiam a utiliza\u00e7\u00e3o de materiais biodegrad\u00e1veis e recicl\u00e1veis para cumprir os requisitos de prote\u00e7\u00e3o ambiental. Tamb\u00e9m s\u00e3o fornecidas op\u00e7\u00f5es de espessura de pel\u00edcula para reduzir o desperd\u00edcio de material e reduzir a pegada de carbono.<\/li>\n\n\n\n<li><strong>F\u00e1cil de utilizar<\/strong>: Os rolos de pel\u00edcula de embalagem composta s\u00e3o f\u00e1ceis de armazenar e manusear, poupando espa\u00e7o no armaz\u00e9m.<\/li>\n<\/ul>\n<\/div>\n\n\n\n<div class=\"wp-block-column is-layout-flow wp-block-column-is-layout-flow\">\n<figure class=\"wp-block-image size-full\"><img fetchpriority=\"high\" decoding=\"async\" width=\"750\" height=\"750\" src=\"https:\/\/www.hyflexpack.com\/wp-content\/uploads\/2025\/01\/Custom-Bottle-Shrink-Film1.webp\" alt=\"Fornecedor de etiquetas de pel\u00edcula retr\u00e1til personalizadas\" class=\"wp-image-5982\" srcset=\"https:\/\/www.hyflexpack.com\/wp-content\/uploads\/2025\/01\/Custom-Bottle-Shrink-Film1.webp 750w, https:\/\/www.hyflexpack.com\/wp-content\/uploads\/2025\/01\/Custom-Bottle-Shrink-Film1-300x300.webp 300w, https:\/\/www.hyflexpack.com\/wp-content\/uploads\/2025\/01\/Custom-Bottle-Shrink-Film1-150x150.webp 150w, https:\/\/www.hyflexpack.com\/wp-content\/uploads\/2025\/01\/Custom-Bottle-Shrink-Film1-12x12.webp 12w, https:\/\/www.hyflexpack.com\/wp-content\/uploads\/2025\/01\/Custom-Bottle-Shrink-Film1-285x285.webp 285w, https:\/\/www.hyflexpack.com\/wp-content\/uploads\/2025\/01\/Custom-Bottle-Shrink-Film1-270x270.webp 270w, https:\/\/www.hyflexpack.com\/wp-content\/uploads\/2025\/01\/Custom-Bottle-Shrink-Film1-540x540.webp 540w, https:\/\/www.hyflexpack.com\/wp-content\/uploads\/2025\/01\/Custom-Bottle-Shrink-Film1-660x660.webp 660w\" sizes=\"(max-width: 750px) 100vw, 750px\" \/><\/figure>\n<\/div>\n<\/div>","protected":false},"excerpt":{"rendered":"<p>Descubra o nosso <strong data-start=\"13\" data-end=\"42\">etiquetas de pel\u00edcula retr\u00e1til personalizadas<\/strong> feitas de PP ou PVC, oferecendo uma excelente flexibilidade, resist\u00eancia \u00e0s intemp\u00e9ries e um encaixe firme e sem bolhas em garrafas de todas as formas. Como um <strong data-start=\"185\" data-end=\"217\">fornecedor de r\u00f3tulos para garrafas de sumo<\/strong>, A nossa empresa fornece etiquetas impressas \u00e0 prova de \u00e1gua, \u00e0 prova de \u00f3leo e de alta resolu\u00e7\u00e3o com cores vibrantes, texturas e op\u00e7\u00f5es anti-contrafa\u00e7\u00e3o. Aumente o apelo da sua marca - contacte-nos hoje para obter solu\u00e7\u00f5es personalizadas!<\/p>\n<h3>Vantagens do fabricante de etiquetas de pel\u00edcula retr\u00e1til<\/h3>\n<ul>\n<li><strong>Design personalizado<\/strong>: Fornecer solu\u00e7\u00f5es de design personalizado de acordo com as necessidades dos clientes, satisfazer diferentes especifica\u00e7\u00f5es, tamanhos e impress\u00e3o at\u00e9 10 cores, e\u00a0<strong>suporte OEM e ODM<\/strong>\u00a0personaliza\u00e7\u00e3o.<\/li>\n<li><strong>Entrega r\u00e1pida<\/strong>: Com uma capacidade de produ\u00e7\u00e3o eficiente e um sistema de gest\u00e3o da cadeia de abastecimento, podemos responder \u00e0s encomendas dos clientes a tempo de garantir a entrega atempada dos produtos.<\/li>\n<li><strong>Suporte completo<\/strong>: Uma equipa t\u00e9cnica profissional e uma equipa de servi\u00e7o p\u00f3s-venda fornecem uma consulta pr\u00e9-venda completa e apoio p\u00f3s-venda para fornecer apoio t\u00e9cnico e solu\u00e7\u00f5es aos clientes.<\/li>\n<li><strong>Amostra gr\u00e1tis<\/strong>: Fornecer um servi\u00e7o de amostra gr\u00e1tis para que possa avaliar os produtos.<\/li>\n<\/ul>\n<p><a href=\"https:\/\/www.hyflexpack.com\/pt\/\"><strong>Embalagens Huiyang<\/strong><\/a> est\u00e1 empenhada em fornecer aos clientes etiquetas de pel\u00edcula retr\u00e1til personalizadas e de alta qualidade para os ajudar a melhorar a imagem dos seus produtos e a competitividade no mercado.<\/p>","protected":false},"featured_media":5982,"comment_status":"open","ping_status":"closed","template":"","meta":[],"product_brand":[],"product_cat":[53,90,84],"product_tag":[],"class_list":{"0":"post-6006","1":"product","2":"type-product","3":"status-publish","4":"has-post-thumbnail","6":"product_cat-packaging-film-supplier","7":"product_cat-custom-bottle-label","8":"product_cat-shrink-sleeve-film","10":"first","11":"instock","12":"shipping-taxable","13":"product-type-simple"},"_links":{"self":[{"href":"https:\/\/www.hyflexpack.com\/pt\/wp-json\/wp\/v2\/product\/6006","targetHints":{"allow":["GET"]}}],"collection":[{"href":"https:\/\/www.hyflexpack.com\/pt\/wp-json\/wp\/v2\/product"}],"about":[{"href":"https:\/\/www.hyflexpack.com\/pt\/wp-json\/wp\/v2\/types\/product"}],"replies":[{"embeddable":true,"href":"https:\/\/www.hyflexpack.com\/pt\/wp-json\/wp\/v2\/comments?post=6006"}],"wp:featuredmedia":[{"embeddable":true,"href":"https:\/\/www.hyflexpack.com\/pt\/wp-json\/wp\/v2\/media\/5982"}],"wp:attachment":[{"href":"https:\/\/www.hyflexpack.com\/pt\/wp-json\/wp\/v2\/media?parent=6006"}],"wp:term":[{"taxonomy":"product_brand","embeddable":true,"href":"https:\/\/www.hyflexpack.com\/pt\/wp-json\/wp\/v2\/product_brand?post=6006"},{"taxonomy":"product_cat","embeddable":true,"href":"https:\/\/www.hyflexpack.com\/pt\/wp-json\/wp\/v2\/product_cat?post=6006"},{"taxonomy":"product_tag","embeddable":true,"href":"https:\/\/www.hyflexpack.com\/pt\/wp-json\/wp\/v2\/product_tag?post=6006"}],"curies":[{"name":"wp","href":"https:\/\/api.w.org\/{rel}","templated":true}]}}