{"id":5891,"date":"2024-12-22T16:07:40","date_gmt":"2024-12-22T16:07:40","guid":{"rendered":"https:\/\/www.hyflexpack.com\/?post_type=product&#038;p=5891"},"modified":"2025-10-23T08:21:16","modified_gmt":"2025-10-23T08:21:16","slug":"custom-popcorn-packaging-bag-supplier","status":"publish","type":"product","link":"https:\/\/www.hyflexpack.com\/pt\/product\/custom-popcorn-packaging-bag-supplier\/","title":{"rendered":"Saco de embalagem de pipocas personalizado Fornecedor de sacos Mylar transparentes"},"content":{"rendered":"<div class=\"wp-block-columns is-layout-flex wp-container-core-columns-is-layout-9d6595d7 wp-block-columns-is-layout-flex\">\n<div class=\"wp-block-column is-layout-flow wp-block-column-is-layout-flow\">\n<h3 class=\"wp-block-heading\">Carater\u00edsticas do saco de embalagem de pipocas personalizado<\/h3>\n\n\n\n<ul class=\"wp-block-list\">\n<li><strong>Design de embalagens de pipocas personalizadas com o seu log\u00f3tipo, cor da marca e gr\u00e1ficos para aumentar a apar\u00eancia nas lojas e dar aos consumidores confian\u00e7a na sua marca.<\/strong><\/li>\n\n\n\n<li><strong>Material Mylar Premium<\/strong>: Mant\u00e9m a frescura e a croc\u00e2ncia das pipocas no interior, bloqueando eficazmente a humidade, o ar e a luz. O material \u00e9 dur\u00e1vel, resistente a rasg\u00f5es e sel\u00e1vel a quente para manter intactas as suas embalagens de pipocas personalizadas durante o armazenamento e o transporte.<\/li>\n\n\n\n<li><strong>Fecho herm\u00e9tico para o manter fresco<\/strong>: Possui um fecho de correr que pode ser fechado novamente ou um fecho t\u00e9rmico que mant\u00e9m as pipocas frescas quando abertas, para conveni\u00eancia do cliente.<\/li>\n\n\n\n<li><strong>Apelo visual de qualidade superior<\/strong>: A superf\u00edcie lisa e brilhante do saco Mylar transparente d\u00e1 \u00e0s suas pipocas um aspeto texturado, atraindo os clientes a comprarem o seu produto. O design da janela transparente permite que o seu produto seja vis\u00edvel, mantendo a integridade da embalagem.<\/li>\n\n\n\n<li><strong>Variedade de op\u00e7\u00f5es ecol\u00f3gicas<\/strong>: Desde embalagens de dose \u00fanica a embalagens de pipocas a granel, as embalagens est\u00e3o dispon\u00edveis em quase todos os tamanhos. Op\u00e7\u00f5es de materiais ecol\u00f3gicos para empresas que procuram solu\u00e7\u00f5es de embalagem de pipocas mais ecol\u00f3gicas.<\/li>\n\n\n\n<li><strong>Leve e economizador de espa\u00e7o<\/strong>A conce\u00e7\u00e3o leve e flex\u00edvel permite poupar espa\u00e7o de armazenamento; por conseguinte, a sua embalagem de pipocas personalizada \u00e9 mais f\u00e1cil de transportar.<\/li>\n<\/ul>\n<\/div>\n\n\n\n<div class=\"wp-block-column is-layout-flow wp-block-column-is-layout-flow\">\n<figure class=\"wp-block-image size-full\"><img fetchpriority=\"high\" decoding=\"async\" width=\"750\" height=\"750\" src=\"https:\/\/www.hyflexpack.com\/wp-content\/uploads\/2024\/12\/Custom-Popcorn-Packaging-Bag1.webp\" alt=\"Saco de embalagem de pipocas personalizado\" class=\"wp-image-5881\" srcset=\"https:\/\/www.hyflexpack.com\/wp-content\/uploads\/2024\/12\/Custom-Popcorn-Packaging-Bag1.webp 750w, https:\/\/www.hyflexpack.com\/wp-content\/uploads\/2024\/12\/Custom-Popcorn-Packaging-Bag1-300x300.webp 300w, https:\/\/www.hyflexpack.com\/wp-content\/uploads\/2024\/12\/Custom-Popcorn-Packaging-Bag1-150x150.webp 150w, https:\/\/www.hyflexpack.com\/wp-content\/uploads\/2024\/12\/Custom-Popcorn-Packaging-Bag1-12x12.webp 12w, https:\/\/www.hyflexpack.com\/wp-content\/uploads\/2024\/12\/Custom-Popcorn-Packaging-Bag1-285x285.webp 285w, https:\/\/www.hyflexpack.com\/wp-content\/uploads\/2024\/12\/Custom-Popcorn-Packaging-Bag1-270x270.webp 270w, https:\/\/www.hyflexpack.com\/wp-content\/uploads\/2024\/12\/Custom-Popcorn-Packaging-Bag1-540x540.webp 540w, https:\/\/www.hyflexpack.com\/wp-content\/uploads\/2024\/12\/Custom-Popcorn-Packaging-Bag1-660x660.webp 660w\" sizes=\"(max-width: 750px) 100vw, 750px\" \/><\/figure>\n<\/div>\n<\/div>\n\n\n\n<p><\/p>","protected":false},"excerpt":{"rendered":"<p>Conhe\u00e7a o nosso saco de embalagem de pipocas personalizado, que \u00e9 feito de pel\u00edcula altamente transparente, que pode mostrar claramente os produtos internos e aumentar o desejo de compra. Contacte-nos hoje para obter um or\u00e7amento. Estamos empenhados em fornecer solu\u00e7\u00f5es de embalagem \u00fanicas, ecol\u00f3gicas e de alta qualidade.<\/p>\n<h3>Vantagens do fornecedor de sacos de embalagem de pipocas<\/h3>\n<p>Design personalizado: N\u00f3s fornecemos servi\u00e7os personalizados de sacos de embalagem, incluindo material, tamanho e personaliza\u00e7\u00e3o do padr\u00e3o de impress\u00e3o para atender \u00e0s necessidades do cliente, e <a href=\"https:\/\/www.hyflexpack.com\/pt\/embalagens-flexiveis-personalizadas\/\"><strong>suporte OEM e ODM<\/strong><\/a>.<\/p>\n<p>Fabrico: Com equipamento e tecnologia avan\u00e7ados, podemos concluir a produ\u00e7\u00e3o de pedidos de forma eficiente e com alta qualidade, e entregar a tempo.<\/p>\n<p>Inspe\u00e7\u00e3o da qualidade: A produ\u00e7\u00e3o \u00e9 efectuada em estrita conformidade com as normas de qualidade e os requisitos de seguran\u00e7a alimentar para garantir que os produtos cumprem as normas.<\/p>\n<p>Servi\u00e7o ao cliente: Fornecer resposta r\u00e1pida e suporte atencioso ao servi\u00e7o ao cliente 24 horas por dia.<\/p>\n<p>Amostra gr\u00e1tis: Fornecer servi\u00e7o de amostra gr\u00e1tis para avaliar o produto\u00a0<\/p>","protected":false},"featured_media":5881,"comment_status":"open","ping_status":"closed","template":"","meta":[],"product_brand":[],"product_cat":[57],"product_tag":[],"class_list":{"0":"post-5891","1":"product","2":"type-product","3":"status-publish","4":"has-post-thumbnail","6":"product_cat-snack-packaging-bags-wholesale","8":"first","9":"instock","10":"shipping-taxable","11":"product-type-simple"},"_links":{"self":[{"href":"https:\/\/www.hyflexpack.com\/pt\/wp-json\/wp\/v2\/product\/5891","targetHints":{"allow":["GET"]}}],"collection":[{"href":"https:\/\/www.hyflexpack.com\/pt\/wp-json\/wp\/v2\/product"}],"about":[{"href":"https:\/\/www.hyflexpack.com\/pt\/wp-json\/wp\/v2\/types\/product"}],"replies":[{"embeddable":true,"href":"https:\/\/www.hyflexpack.com\/pt\/wp-json\/wp\/v2\/comments?post=5891"}],"wp:featuredmedia":[{"embeddable":true,"href":"https:\/\/www.hyflexpack.com\/pt\/wp-json\/wp\/v2\/media\/5881"}],"wp:attachment":[{"href":"https:\/\/www.hyflexpack.com\/pt\/wp-json\/wp\/v2\/media?parent=5891"}],"wp:term":[{"taxonomy":"product_brand","embeddable":true,"href":"https:\/\/www.hyflexpack.com\/pt\/wp-json\/wp\/v2\/product_brand?post=5891"},{"taxonomy":"product_cat","embeddable":true,"href":"https:\/\/www.hyflexpack.com\/pt\/wp-json\/wp\/v2\/product_cat?post=5891"},{"taxonomy":"product_tag","embeddable":true,"href":"https:\/\/www.hyflexpack.com\/pt\/wp-json\/wp\/v2\/product_tag?post=5891"}],"curies":[{"name":"wp","href":"https:\/\/api.w.org\/{rel}","templated":true}]}}