{"id":5886,"date":"2024-12-24T07:02:58","date_gmt":"2024-12-24T07:02:58","guid":{"rendered":"https:\/\/www.hyflexpack.com\/?post_type=product&#038;p=5886"},"modified":"2025-10-23T08:18:07","modified_gmt":"2025-10-23T08:18:07","slug":"custom-chocolate-cereal-packaging","status":"publish","type":"product","link":"https:\/\/www.hyflexpack.com\/pt\/product\/custom-chocolate-cereal-packaging\/","title":{"rendered":"Embalagem de Cereais de Chocolate OEM,Sacos de Lanche Personalizados com Logotipo,Bolsa de Tr\u00eas Lados"},"content":{"rendered":"<div class=\"wp-block-columns is-layout-flex wp-container-core-columns-is-layout-9d6595d7 wp-block-columns-is-layout-flex\">\n<div class=\"wp-block-column is-layout-flow wp-block-column-is-layout-flow\">\n<h2 class=\"wp-block-heading\">Carater\u00edsticas das embalagens de cereais de chocolate<\/h2>\n\n\n\n<p><\/p>\n\n\n\n<ul class=\"wp-block-list\">\n<li><strong>Sacos de embalagem de cereais de chocolate personalizados<\/strong>: podemos ajud\u00e1-lo a apresentar a sua marca e o seu log\u00f3tipo para criar embalagens \u00fanicas e atractivas para cereais de chocolate.<\/li>\n<\/ul>\n\n\n\n<p><\/p>\n\n\n\n<ul class=\"wp-block-list\">\n<li><strong>Design de bolsa com fecho em tr\u00eas lados<\/strong>: Trata-se de uma estrutura bem composta, com um fecho seguro nos tr\u00eas lados, que preserva a frescura, n\u00e3o sangra e que se destina muito provavelmente a ser embalada.<\/li>\n<\/ul>\n\n\n\n<p><\/p>\n\n\n\n<ul class=\"wp-block-list\">\n<li><strong>Prote\u00e7\u00e3o de barreira muito elevada<\/strong>: Materiais de qualidade que oferecem excelentes barreiras contra a humidade, o oxig\u00e9nio e a luz e prolongam a frescura eterna dos chocolates para cereais.<\/li>\n<\/ul>\n\n\n\n<p><\/p>\n\n\n\n<ul class=\"wp-block-list\">\n<li><strong>Dur\u00e1vel e selado a quente: <\/strong>Adequado para m\u00e1quinas de selagem a quente, garantindo assim embalagens inviol\u00e1veis e estanques.<\/li>\n<\/ul>\n\n\n\n<p><\/p>\n\n\n\n<ul class=\"wp-block-list\">\n<li><strong>Op\u00e7\u00f5es ecol\u00f3gicas<\/strong>: Os tipos s\u00e3o recicl\u00e1veis e biodegrad\u00e1veis para embalar cereais de chocolate que sejam sustent\u00e1veis.<\/li>\n<\/ul>\n\n\n\n<p><\/p>\n\n\n\n<ul class=\"wp-block-list\">\n<li><strong>Flexibilidade Op\u00e7\u00f5es de variedade<\/strong>: Possuem diferentes dimens\u00f5es e formas, bem como op\u00e7\u00f5es de materiais, para se adaptarem aos seus requisitos para o produto e a marca.<\/li>\n<\/ul>\n\n\n\n<p><\/p>\n\n\n\n<ul class=\"wp-block-list\">\n<li><strong>Utilizado para<\/strong>: Os sacos para snacks de tr\u00eas lados com fecho de veda\u00e7\u00e3o encaixam perfeitamente em cereais de chocolate, snacks e alimentos secos, que s\u00e3o \u00fateis e ideais.<\/li>\n<\/ul>\n<\/div>\n\n\n\n<div class=\"wp-block-column is-layout-flow wp-block-column-is-layout-flow\">\n<figure class=\"wp-block-image size-full\"><img fetchpriority=\"high\" decoding=\"async\" width=\"750\" height=\"750\" src=\"https:\/\/www.hyflexpack.com\/wp-content\/uploads\/2024\/12\/Custom-Individually-Snacks-Packaged1.webp\" alt=\"Embalagem de Cereais de Chocolate OEM,Sacos de Lanche Personalizados com Logotipo,Bolsa de Tr\u00eas Lados\" class=\"wp-image-5865\" srcset=\"https:\/\/www.hyflexpack.com\/wp-content\/uploads\/2024\/12\/Custom-Individually-Snacks-Packaged1.webp 750w, https:\/\/www.hyflexpack.com\/wp-content\/uploads\/2024\/12\/Custom-Individually-Snacks-Packaged1-300x300.webp 300w, https:\/\/www.hyflexpack.com\/wp-content\/uploads\/2024\/12\/Custom-Individually-Snacks-Packaged1-150x150.webp 150w, https:\/\/www.hyflexpack.com\/wp-content\/uploads\/2024\/12\/Custom-Individually-Snacks-Packaged1-12x12.webp 12w, https:\/\/www.hyflexpack.com\/wp-content\/uploads\/2024\/12\/Custom-Individually-Snacks-Packaged1-285x285.webp 285w, https:\/\/www.hyflexpack.com\/wp-content\/uploads\/2024\/12\/Custom-Individually-Snacks-Packaged1-270x270.webp 270w, https:\/\/www.hyflexpack.com\/wp-content\/uploads\/2024\/12\/Custom-Individually-Snacks-Packaged1-540x540.webp 540w, https:\/\/www.hyflexpack.com\/wp-content\/uploads\/2024\/12\/Custom-Individually-Snacks-Packaged1-660x660.webp 660w\" sizes=\"(max-width: 750px) 100vw, 750px\" \/><\/figure>\n<\/div>\n<\/div>\n\n\n\n<p><\/p>","protected":false},"excerpt":{"rendered":"<p>Crie embalagens de cereais de chocolate que se destaquem com os nossos sacos para snacks personalizados com o seu log\u00f3tipo. As nossas bolsas de alta qualidade e personaliz\u00e1veis s\u00e3o perfeitas para cereais de chocolate e snacks. Contacte-nos hoje para obter amostras gr\u00e1tis e descobrir a solu\u00e7\u00e3o de embalagem perfeita para a sua marca.<\/p>\n<h3>Vantagens do grossista de embalagens de cereais com chocolate<\/h3>\n<p>&nbsp;<\/p>\n<ul>\n<li><strong>Design personalizado<\/strong>: Podemos fazer material personalizado, tamanho e padr\u00f5es de impress\u00e3o de acordo com os requisitos dos nossos clientes;\u00a0<a href=\"https:\/\/www.hyflexpack.com\/pt\/embalagens-flexiveis-personalizadas\/\"><strong>Suporte para OEM e ODM<\/strong><\/a>.<\/li>\n<li><strong>Fabrico<\/strong>: Podemos terminar as nossas encomendas com grande qualidade em tempo \u00fatil com equipamento e tecnologia avan\u00e7ados.<\/li>\n<li><strong>Controlo de qualidade<\/strong>: A produ\u00e7\u00e3o deve estar estritamente em conformidade com as normas de qualidade e os requisitos de seguran\u00e7a alimentar, a fim de garantir que os produtos cumprem as normas.<\/li>\n<li><strong>Equipa de apoio t\u00e9cnico<\/strong>: O nosso pessoal possui uma vasta experi\u00eancia no sector e conhecimentos profissionais. O apoio t\u00e9cnico e os servi\u00e7os de consultoria podem ser fornecidos durante 24 horas.<\/li>\n<li><strong>Certifica\u00e7\u00f5es:<\/strong>\u00a0\u00a0BRC, ISO, QS, FDA<\/li>\n<li><strong>Amostra gr\u00e1tis<\/strong>: Servi\u00e7o de amostra gr\u00e1tis para verificar a qualidade da pel\u00edcula em rolo.<\/li>\n<\/ul>","protected":false},"featured_media":5865,"comment_status":"open","ping_status":"closed","template":"","meta":[],"product_brand":[],"product_cat":[57],"product_tag":[],"class_list":{"0":"post-5886","1":"product","2":"type-product","3":"status-publish","4":"has-post-thumbnail","6":"product_cat-snack-packaging-bags-wholesale","8":"first","9":"instock","10":"shipping-taxable","11":"product-type-simple"},"_links":{"self":[{"href":"https:\/\/www.hyflexpack.com\/pt\/wp-json\/wp\/v2\/product\/5886","targetHints":{"allow":["GET"]}}],"collection":[{"href":"https:\/\/www.hyflexpack.com\/pt\/wp-json\/wp\/v2\/product"}],"about":[{"href":"https:\/\/www.hyflexpack.com\/pt\/wp-json\/wp\/v2\/types\/product"}],"replies":[{"embeddable":true,"href":"https:\/\/www.hyflexpack.com\/pt\/wp-json\/wp\/v2\/comments?post=5886"}],"wp:featuredmedia":[{"embeddable":true,"href":"https:\/\/www.hyflexpack.com\/pt\/wp-json\/wp\/v2\/media\/5865"}],"wp:attachment":[{"href":"https:\/\/www.hyflexpack.com\/pt\/wp-json\/wp\/v2\/media?parent=5886"}],"wp:term":[{"taxonomy":"product_brand","embeddable":true,"href":"https:\/\/www.hyflexpack.com\/pt\/wp-json\/wp\/v2\/product_brand?post=5886"},{"taxonomy":"product_cat","embeddable":true,"href":"https:\/\/www.hyflexpack.com\/pt\/wp-json\/wp\/v2\/product_cat?post=5886"},{"taxonomy":"product_tag","embeddable":true,"href":"https:\/\/www.hyflexpack.com\/pt\/wp-json\/wp\/v2\/product_tag?post=5886"}],"curies":[{"name":"wp","href":"https:\/\/api.w.org\/{rel}","templated":true}]}}