{"id":5853,"date":"2025-06-05T20:02:59","date_gmt":"2025-06-05T20:02:59","guid":{"rendered":"https:\/\/www.hyflexpack.com\/?post_type=product&#038;p=5853"},"modified":"2026-01-07T08:39:23","modified_gmt":"2026-01-07T08:39:23","slug":"custom-tea-bag-packaging-supplier","status":"publish","type":"product","link":"https:\/\/www.hyflexpack.com\/pt\/product\/custom-tea-bag-packaging-supplier\/","title":{"rendered":"Fornecedor de embalagens personalizadas para saquinhos de ch\u00e1, Stand Up Pouch de papel kraft composto"},"content":{"rendered":"<div class=\"wp-block-columns is-layout-flex wp-container-core-columns-is-layout-9d6595d7 wp-block-columns-is-layout-flex\">\n<div class=\"wp-block-column is-layout-flow wp-block-column-is-layout-flow\">\n<h2 class=\"wp-block-heading\">Carater\u00edsticas da embalagem personalizada de saquinhos de ch\u00e1<\/h2>\n\n\n\n<ul class=\"wp-block-list\">\n<li>Materiais amigos do ambiente: O papel Kraft utilizado nos sacos de embalagem de ch\u00e1 \u00e9 um recurso renov\u00e1vel e muitas embalagens de papel Kraft s\u00e3o recicl\u00e1veis ou parcialmente biodegrad\u00e1veis, o que est\u00e1 de acordo com as tend\u00eancias modernas de prote\u00e7\u00e3o ambiental. <\/li>\n\n\n\n<li>Materiais de alta barreira de qualidade alimentar: Os sacos de embalagem male\u00e1vel personalizados utilizam materiais antiest\u00e1ticos de alta barreira amigos do ambiente, como PET, PE, folha de alum\u00ednio, etc., para garantir a secura e a seguran\u00e7a do produto, \u00e0 prova de humidade, anti-oxida\u00e7\u00e3o e prolongar o prazo de validade. <\/li>\n\n\n\n<li> Fecho de correr: O fecho de correr incorporado \u00e9 pr\u00e1tico para abrir o selo v\u00e1rias vezes, mantendo o p\u00f3 seco e impedindo a entrada de pragas e do ar exterior. <\/li>\n\n\n\n<li>Personaliza\u00e7\u00e3o personalizada: Fornecer fun\u00e7\u00f5es como v\u00e1lvulas respir\u00e1veis unidireccionais para ajudar a libertar o di\u00f3xido de carbono na embalagem e impedir a entrada de oxig\u00e9nio, protegendo ainda mais a qualidade do ch\u00e1<\/li>\n<\/ul>\n<\/div>\n\n\n\n<div class=\"wp-block-column is-layout-flow wp-block-column-is-layout-flow\">\n<figure class=\"wp-block-image size-full\"><img fetchpriority=\"high\" decoding=\"async\" width=\"750\" height=\"750\" src=\"https:\/\/www.hyflexpack.com\/wp-content\/uploads\/2024\/12\/Custom-Tea-Bag-Packaging\uff081\uff09.webp\" alt=\"Embalagem personalizada de saquetas de ch\u00e1\" class=\"wp-image-5840\" srcset=\"https:\/\/www.hyflexpack.com\/wp-content\/uploads\/2024\/12\/Custom-Tea-Bag-Packaging\uff081\uff09.webp 750w, https:\/\/www.hyflexpack.com\/wp-content\/uploads\/2024\/12\/Custom-Tea-Bag-Packaging\uff081\uff09-300x300.webp 300w, https:\/\/www.hyflexpack.com\/wp-content\/uploads\/2024\/12\/Custom-Tea-Bag-Packaging\uff081\uff09-150x150.webp 150w, https:\/\/www.hyflexpack.com\/wp-content\/uploads\/2024\/12\/Custom-Tea-Bag-Packaging\uff081\uff09-12x12.webp 12w, https:\/\/www.hyflexpack.com\/wp-content\/uploads\/2024\/12\/Custom-Tea-Bag-Packaging\uff081\uff09-285x285.webp 285w, https:\/\/www.hyflexpack.com\/wp-content\/uploads\/2024\/12\/Custom-Tea-Bag-Packaging\uff081\uff09-270x270.webp 270w, https:\/\/www.hyflexpack.com\/wp-content\/uploads\/2024\/12\/Custom-Tea-Bag-Packaging\uff081\uff09-540x540.webp 540w, https:\/\/www.hyflexpack.com\/wp-content\/uploads\/2024\/12\/Custom-Tea-Bag-Packaging\uff081\uff09-660x660.webp 660w\" sizes=\"(max-width: 750px) 100vw, 750px\" \/><\/figure>\n<\/div>\n<\/div>","protected":false},"excerpt":{"rendered":"<p>Explore os nossos sacos de embalagem de ch\u00e1 personalizados que s\u00e3o feitos de pel\u00edcula de embalagem composta de qualidade alimentar amiga do ambiente. Contacte-nos hoje para obter um or\u00e7amento gratuito. Estamos empenhados em fornecer solu\u00e7\u00f5es de embalagem ecol\u00f3gicas e de qualidade.<\/p>\n<h3>Vantagens do fornecedor de embalagens de ch\u00e1 personalizadas<\/h3>\n<ul>\n<li><strong>Design personalizado<\/strong>: Fornecemos um servi\u00e7o personalizado de sacos de embalagem de ch\u00e1, incluindo material, tamanho e personaliza\u00e7\u00e3o do padr\u00e3o de impress\u00e3o para satisfazer as necessidades do cliente, e apoiamos OEM e ODM.<\/li>\n<li><strong>Fabrico<\/strong>: Com equipamento e tecnologia avan\u00e7ados, podemos concluir a produ\u00e7\u00e3o da encomenda com elevada efici\u00eancia e alta qualidade, e podemos entregar a tempo.<\/li>\n<li><strong>Inspe\u00e7\u00e3o da qualidade<\/strong>: Seguir rigorosamente as normas de qualidade e os requisitos de seguran\u00e7a alimentar para a produ\u00e7\u00e3o, para garantir que os produtos cumprem as normas.<\/li>\n<li><strong>Servi\u00e7o ao cliente<\/strong>: 24 horas para fornecer uma resposta r\u00e1pida e um servi\u00e7o de apoio ao cliente atencioso.<\/li>\n<li><strong>Amostra gr\u00e1tis<\/strong>\uff1a Fornecer um servi\u00e7o de amostra gr\u00e1tis para voc\u00ea avaliar os produtos.<\/li>\n<\/ul>","protected":false},"featured_media":5840,"comment_status":"open","ping_status":"closed","template":"","meta":[],"product_brand":[],"product_cat":[58],"product_tag":[116,124],"class_list":{"0":"post-5853","1":"product","2":"type-product","3":"status-publish","4":"has-post-thumbnail","6":"product_cat-tea-bag-packaging","7":"product_tag-stand-up-pouch-manufacturer","8":"product_tag-zipper-pouch-manufacturer","10":"first","11":"instock","12":"shipping-taxable","13":"product-type-simple"},"_links":{"self":[{"href":"https:\/\/www.hyflexpack.com\/pt\/wp-json\/wp\/v2\/product\/5853","targetHints":{"allow":["GET"]}}],"collection":[{"href":"https:\/\/www.hyflexpack.com\/pt\/wp-json\/wp\/v2\/product"}],"about":[{"href":"https:\/\/www.hyflexpack.com\/pt\/wp-json\/wp\/v2\/types\/product"}],"replies":[{"embeddable":true,"href":"https:\/\/www.hyflexpack.com\/pt\/wp-json\/wp\/v2\/comments?post=5853"}],"wp:featuredmedia":[{"embeddable":true,"href":"https:\/\/www.hyflexpack.com\/pt\/wp-json\/wp\/v2\/media\/5840"}],"wp:attachment":[{"href":"https:\/\/www.hyflexpack.com\/pt\/wp-json\/wp\/v2\/media?parent=5853"}],"wp:term":[{"taxonomy":"product_brand","embeddable":true,"href":"https:\/\/www.hyflexpack.com\/pt\/wp-json\/wp\/v2\/product_brand?post=5853"},{"taxonomy":"product_cat","embeddable":true,"href":"https:\/\/www.hyflexpack.com\/pt\/wp-json\/wp\/v2\/product_cat?post=5853"},{"taxonomy":"product_tag","embeddable":true,"href":"https:\/\/www.hyflexpack.com\/pt\/wp-json\/wp\/v2\/product_tag?post=5853"}],"curies":[{"name":"wp","href":"https:\/\/api.w.org\/{rel}","templated":true}]}}