{"id":5802,"date":"2024-12-06T06:10:31","date_gmt":"2024-12-06T06:10:31","guid":{"rendered":"https:\/\/www.hyflexpack.com\/?post_type=product&#038;p=5802"},"modified":"2025-10-23T08:23:23","modified_gmt":"2025-10-23T08:23:23","slug":"custom-tea-bags-with-logo","status":"publish","type":"product","link":"https:\/\/www.hyflexpack.com\/pt\/product\/custom-tea-bags-with-logo\/","title":{"rendered":"Sacos de ch\u00e1 personalizados com log\u00f3tipo Bolsa de fecho qu\u00e1druplo Embalagem de pl\u00e1stico laminado"},"content":{"rendered":"<div class=\"wp-block-columns is-layout-flex wp-container-core-columns-is-layout-9d6595d7 wp-block-columns-is-layout-flex\">\n<div class=\"wp-block-column is-layout-flow wp-block-column-is-layout-flow\">\n<h3 class=\"wp-block-heading\">Carater\u00edsticas das saquetas de ch\u00e1 personalizadas de alta qualidade<\/h3>\n\n\n\n<ul class=\"wp-block-list\">\n<li><strong>Desenhos personalizados<\/strong>: As nossas saquetas de ch\u00e1 personalizadas com log\u00f3tipo oferecem oportunidades \u00fanicas de promo\u00e7\u00e3o da marca. Pode adicionar o seu log\u00f3tipo e design para criar um produto \u00fanico que se destaque no mercado.<\/li>\n\n\n\n<li><strong>Embalagens de pl\u00e1stico laminado de alta qualidade<\/strong>: Os quatro sacos com fecho lateral s\u00e3o feitos de pl\u00e1stico laminado dur\u00e1vel, que mant\u00e9m eficazmente a frescura do ch\u00e1, ao mesmo tempo que apresenta um aspeto profissional e est\u00e9tico.<\/li>\n\n\n\n<li><strong>Estanqueidade e seguran\u00e7a na selagem<\/strong>: O design do selo de quatro lados torna o fundo dos sacos muito mais forte, evitando fugas e ajudando a manter o sabor e o aroma do ch\u00e1 durante mais tempo.<\/li>\n\n\n\n<li><strong>Prote\u00e7\u00e3o do ambiente<\/strong>: Oferecemos-lhe material de embalagem de ch\u00e1 personalizado e amigo do ambiente para apoiar o desenvolvimento sustent\u00e1vel da ind\u00fastria do ch\u00e1.<\/li>\n\n\n\n<li><strong>Varia\u00e7\u00e3o de tamanho<\/strong>: Desde pequenas embalagens individuais a embalagens a granel, todas podem ser utilizadas de acordo com as suas necessidades em tamanhos personalizados.<\/li>\n\n\n\n<li>T<strong>Solu\u00e7\u00f5es de embalagem de ch\u00e1 fabricadas pela ailor<\/strong>Como l\u00edder no fornecimento de saquetas de ch\u00e1, concentramo-nos em oferecer solu\u00e7\u00f5es de embalagem \u00e0 medida que satisfa\u00e7am as necessidades da sua marca e fa\u00e7am sobressair os seus produtos de ch\u00e1.<\/li>\n\n\n\n<li><strong>Cen\u00e1rios<\/strong>: Adequado para empresas que procuram saquetas de ch\u00e1 de alta qualidade e personalizadas com design de log\u00f3tipo para tornar a sua marca memor\u00e1vel no mercado. Sendo um fornecedor de saquetas de ch\u00e1, garantimos-lhe que a sua marca \u00e9 apresentada numa embalagem perfeita e que o ch\u00e1 se mant\u00e9m fresco.<\/li>\n<\/ul>\n<\/div>\n\n\n\n<div class=\"wp-block-column is-layout-flow wp-block-column-is-layout-flow\">\n<figure class=\"wp-block-image size-full\"><img fetchpriority=\"high\" decoding=\"async\" width=\"750\" height=\"750\" src=\"https:\/\/www.hyflexpack.com\/wp-content\/uploads\/2024\/11\/Custom-Plastic-Tea-Bag1.webp\" alt=\"Saco de ch\u00e1 de pl\u00e1stico personalizado\" class=\"wp-image-5790\" srcset=\"https:\/\/www.hyflexpack.com\/wp-content\/uploads\/2024\/11\/Custom-Plastic-Tea-Bag1.webp 750w, https:\/\/www.hyflexpack.com\/wp-content\/uploads\/2024\/11\/Custom-Plastic-Tea-Bag1-300x300.webp 300w, https:\/\/www.hyflexpack.com\/wp-content\/uploads\/2024\/11\/Custom-Plastic-Tea-Bag1-150x150.webp 150w, https:\/\/www.hyflexpack.com\/wp-content\/uploads\/2024\/11\/Custom-Plastic-Tea-Bag1-12x12.webp 12w, https:\/\/www.hyflexpack.com\/wp-content\/uploads\/2024\/11\/Custom-Plastic-Tea-Bag1-285x285.webp 285w, https:\/\/www.hyflexpack.com\/wp-content\/uploads\/2024\/11\/Custom-Plastic-Tea-Bag1-270x270.webp 270w, https:\/\/www.hyflexpack.com\/wp-content\/uploads\/2024\/11\/Custom-Plastic-Tea-Bag1-540x540.webp 540w, https:\/\/www.hyflexpack.com\/wp-content\/uploads\/2024\/11\/Custom-Plastic-Tea-Bag1-660x660.webp 660w\" sizes=\"(max-width: 750px) 100vw, 750px\" \/><\/figure>\n<\/div>\n<\/div>\n\n\n\n<p><\/p>","protected":false},"excerpt":{"rendered":"<p>As nossas saquetas de ch\u00e1 personalizadas com log\u00f3tipos s\u00e3o fornecidas em bolsas de selagem qu\u00e1drupla duradouras feitas de pl\u00e1stico laminado de alta qualidade, garantindo a frescura e a preserva\u00e7\u00e3o do sabor. Como fornecedor fi\u00e1vel de saquetas de ch\u00e1, oferecemos solu\u00e7\u00f5es de embalagem totalmente personaliz\u00e1veis que apresentam o seu log\u00f3tipo e design exclusivos. Perfeitas para apresentar a sua marca, as nossas embalagens de ch\u00e1 personalizadas est\u00e3o dispon\u00edveis em v\u00e1rios tamanhos para satisfazer as suas necessidades, proporcionando funcionalidade e um aspeto apelativo.<\/p>\n<h3>Vantagens do fornecedor de saquetas de ch\u00e1 personalizadas<\/h3>\n<ul>\n<li>Design personalizado: Fornecemos servi\u00e7o personalizado de sacos de embalagem de ch\u00e1, incluindo material, tamanho e personaliza\u00e7\u00e3o do padr\u00e3o de impress\u00e3o para atender \u00e0s necessidades do cliente, e <strong>suporte OEM e ODM<\/strong>.<\/li>\n<li>Fabrico: Com equipamento e tecnologia avan\u00e7ados, podemos completar a produ\u00e7\u00e3o da encomenda com elevada efici\u00eancia e qualidade, e podemos entregar a tempo.<\/li>\n<li>Inspe\u00e7\u00e3o da qualidade: Seguir rigorosamente as normas de qualidade e os requisitos de seguran\u00e7a alimentar para a produ\u00e7\u00e3o, para garantir que os produtos cumprem as normas.<\/li>\n<li>Servi\u00e7o de apoio ao cliente: 24 horas para fornecer uma resposta r\u00e1pida e um servi\u00e7o de apoio ao cliente atencioso.<\/li>\n<li>Amostra gr\u00e1tis: Fornece servi\u00e7o de amostra gr\u00e1tis para voc\u00ea avaliar as bolsas de veda\u00e7\u00e3o qu\u00e1drupla.<\/li>\n<\/ul>\n<p><a href=\"https:\/\/www.hyflexpack.com\/pt\/\"><strong>Embalagens Huiyang<\/strong><\/a> est\u00e1 empenhada em fornecer aos clientes saquetas de ch\u00e1 de alta qualidade, personalizadas com log\u00f3tipos, para os ajudar a melhorar a imagem dos seus produtos e a aumentar a sua competitividade no mercado.<\/p>","protected":false},"featured_media":5790,"comment_status":"open","ping_status":"closed","template":"","meta":[],"product_brand":[],"product_cat":[58],"product_tag":[],"class_list":{"0":"post-5802","1":"product","2":"type-product","3":"status-publish","4":"has-post-thumbnail","6":"product_cat-tea-bag-packaging","8":"first","9":"instock","10":"shipping-taxable","11":"product-type-simple"},"_links":{"self":[{"href":"https:\/\/www.hyflexpack.com\/pt\/wp-json\/wp\/v2\/product\/5802","targetHints":{"allow":["GET"]}}],"collection":[{"href":"https:\/\/www.hyflexpack.com\/pt\/wp-json\/wp\/v2\/product"}],"about":[{"href":"https:\/\/www.hyflexpack.com\/pt\/wp-json\/wp\/v2\/types\/product"}],"replies":[{"embeddable":true,"href":"https:\/\/www.hyflexpack.com\/pt\/wp-json\/wp\/v2\/comments?post=5802"}],"wp:featuredmedia":[{"embeddable":true,"href":"https:\/\/www.hyflexpack.com\/pt\/wp-json\/wp\/v2\/media\/5790"}],"wp:attachment":[{"href":"https:\/\/www.hyflexpack.com\/pt\/wp-json\/wp\/v2\/media?parent=5802"}],"wp:term":[{"taxonomy":"product_brand","embeddable":true,"href":"https:\/\/www.hyflexpack.com\/pt\/wp-json\/wp\/v2\/product_brand?post=5802"},{"taxonomy":"product_cat","embeddable":true,"href":"https:\/\/www.hyflexpack.com\/pt\/wp-json\/wp\/v2\/product_cat?post=5802"},{"taxonomy":"product_tag","embeddable":true,"href":"https:\/\/www.hyflexpack.com\/pt\/wp-json\/wp\/v2\/product_tag?post=5802"}],"curies":[{"name":"wp","href":"https:\/\/api.w.org\/{rel}","templated":true}]}}