{"id":5799,"date":"2024-12-05T18:39:34","date_gmt":"2024-12-05T18:39:34","guid":{"rendered":"https:\/\/www.hyflexpack.com\/?post_type=product&#038;p=5799"},"modified":"2025-09-09T10:56:17","modified_gmt":"2025-09-09T10:56:17","slug":"custom-cosmetic-packaging-3-side-seal","status":"publish","type":"product","link":"https:\/\/www.hyflexpack.com\/pt\/product\/custom-cosmetic-packaging-3-side-seal\/","title":{"rendered":"Embalagem de cosm\u00e9ticos personalizada Bolsa com fecho de 3 lados, Saco para m\u00e1scara facial de beleza"},"content":{"rendered":"<div class=\"wp-block-columns is-layout-flex wp-container-core-columns-is-layout-9d6595d7 wp-block-columns-is-layout-flex\">\n<div class=\"wp-block-column is-layout-flow wp-block-column-is-layout-flow\">\n<h3 class=\"wp-block-heading\">Carater\u00edsticas das embalagens de cosm\u00e9ticos personalizadas<\/h3>\n\n\n\n<ul class=\"wp-block-list\">\n<li><strong>Material de alta qualidade<\/strong>O material de embalagem flex\u00edvel de alta qualidade \u00e9 utilizado para garantir a resist\u00eancia e a durabilidade do saco, o que pode proteger eficazmente o produto da contamina\u00e7\u00e3o externa e garantir a frescura e a efic\u00e1cia da m\u00e1scara de beleza. <\/li>\n\n\n\n<li><strong>Design com tr\u00eas lados de veda\u00e7\u00e3o<\/strong>: A estrutura \u00fanica de veda\u00e7\u00e3o em tr\u00eas lados oferece um bom efeito de veda\u00e7\u00e3o para evitar fugas ou humidade do produto da m\u00e1scara e garante a seguran\u00e7a e a integridade da embalagem de cosm\u00e9ticos personalizada.<\/li>\n\n\n\n<li><strong>Amigo do ambiente e recicl\u00e1vel<\/strong>: A utiliza\u00e7\u00e3o de materiais recicl\u00e1veis e amigos do ambiente, em conformidade com as normas ambientais globais, ajuda a satisfazer a exig\u00eancia do consumidor moderno de desenvolvimento sustent\u00e1vel e de redu\u00e7\u00e3o do impacto ambiental.<\/li>\n\n\n\n<li><strong>Efeito de impress\u00e3o de alta qualidade<\/strong>: A tecnologia de impress\u00e3o avan\u00e7ada proporciona padr\u00f5es claros, vibrantes e duradouros, real\u00e7ando a imagem da marca e a qualidade do produto e chamando a aten\u00e7\u00e3o dos clientes.<\/li>\n\n\n\n<li><strong>Leve e c\u00f3modo<\/strong>O design leve torna a bolsa com fecho de 3 lados mais conveniente para utiliza\u00e7\u00e3o pessoal e m\u00faltiplos canais de venda, especialmente para vendas a retalho e em linha.<\/li>\n\n\n\n<li><strong>Personaliza\u00e7\u00e3o<\/strong>: Oferecer uma gama completa de servi\u00e7os de personaliza\u00e7\u00e3o, incluindo tamanho, cor, padr\u00e3o e material para atender \u00e0s necessidades exclusivas dos propriet\u00e1rios de marcas e aumentar a competitividade do mercado.<\/li>\n\n\n\n<li><strong>\u00c0 prova de humidade e anti-oxidante<\/strong>camada especial de folha de alum\u00ednio ou pel\u00edcula combinada, utilizando desempenhos superiores de resist\u00eancia \u00e0 humidade e a\u00e7\u00e3o antioxidante para manter o melhor efeito de m\u00e1scara durante muito tempo.<\/li>\n\n\n\n<li><strong>\u00c2mbito de aplica\u00e7\u00e3o<\/strong>: aplicam-se a v\u00e1rias m\u00e1scaras de beleza, produtos de cuidados da pele e embalagens de cuidados da pele para o rosto, satisfazendo as necessidades dos consumidores em embalagens de cosm\u00e9ticos personalizadas de alta qualidade.<\/li>\n<\/ul>\n<\/div>\n\n\n\n<div class=\"wp-block-column is-layout-flow wp-block-column-is-layout-flow\">\n<h2 class=\"wp-block-heading\"><\/h2>\n\n\n\n<figure class=\"wp-block-image size-full\"><img fetchpriority=\"high\" decoding=\"async\" width=\"750\" height=\"750\" src=\"https:\/\/www.hyflexpack.com\/wp-content\/uploads\/2024\/11\/Custom-Flexible-Packaging-Bags1.webp\" alt=\"Embalagem personalizada para cosm\u00e9ticos - Bolsa com fecho de 3 lados\" class=\"wp-image-5786\" srcset=\"https:\/\/www.hyflexpack.com\/wp-content\/uploads\/2024\/11\/Custom-Flexible-Packaging-Bags1.webp 750w, https:\/\/www.hyflexpack.com\/wp-content\/uploads\/2024\/11\/Custom-Flexible-Packaging-Bags1-300x300.webp 300w, https:\/\/www.hyflexpack.com\/wp-content\/uploads\/2024\/11\/Custom-Flexible-Packaging-Bags1-150x150.webp 150w, https:\/\/www.hyflexpack.com\/wp-content\/uploads\/2024\/11\/Custom-Flexible-Packaging-Bags1-12x12.webp 12w, https:\/\/www.hyflexpack.com\/wp-content\/uploads\/2024\/11\/Custom-Flexible-Packaging-Bags1-285x285.webp 285w, https:\/\/www.hyflexpack.com\/wp-content\/uploads\/2024\/11\/Custom-Flexible-Packaging-Bags1-270x270.webp 270w, https:\/\/www.hyflexpack.com\/wp-content\/uploads\/2024\/11\/Custom-Flexible-Packaging-Bags1-540x540.webp 540w, https:\/\/www.hyflexpack.com\/wp-content\/uploads\/2024\/11\/Custom-Flexible-Packaging-Bags1-660x660.webp 660w\" sizes=\"(max-width: 750px) 100vw, 750px\" \/><\/figure>\n<\/div>\n<\/div>\n\n\n\n<p><\/p>","protected":false},"excerpt":{"rendered":"<p>Procura uma solu\u00e7\u00e3o de embalagem de cosm\u00e9ticos personalizada? A nossa bolsa com fecho de 3 lados \u00e9 perfeitamente adequada para a embalagem de m\u00e1scaras de beleza. Proporciona prote\u00e7\u00e3o contra a humidade e a oxida\u00e7\u00e3o e suporta a personaliza\u00e7\u00e3o de embalagens de cosm\u00e9ticos para melhorar a imagem da marca e atrair mais consumidores. Contacte-nos hoje para saber mais!<\/p>\n<h3>Vantagens do fornecedor de embalagens para cosm\u00e9ticos<\/h3>\n<ul>\n<li>\n<p><strong>Embalagens de cosm\u00e9ticos personalizadas<\/strong><span style=\"font-size: 16px;\">: Fornecemos material personalizado, tamanho e personaliza\u00e7\u00e3o do padr\u00e3o de impress\u00e3o para atender \u00e0s necessidades dos clientes, e <\/span><a style=\"font-size: 16px;\" href=\"https:\/\/www.hyflexpack.com\/pt\/embalagens-flexiveis-personalizadas\/\"><strong>suporte OEM e ODM<\/strong><\/a><span style=\"font-size: 16px;\">.<\/span><\/p>\n<\/li>\n<li><strong>Fabrico<\/strong>: Com equipamento e tecnologia avan\u00e7ados, podemos completar a produ\u00e7\u00e3o de encomendas com alta efici\u00eancia e alta qualidade, e entregar a tempo.<\/li>\n<li><strong>Inspe\u00e7\u00e3o da qualidade<\/strong>: Seguir rigorosamente as normas de qualidade e os requisitos de seguran\u00e7a alimentar para garantir que os produtos cumprem as normas.<\/li>\n<li><strong>Equipa de apoio t\u00e9cnico<\/strong>: A nossa equipa tem uma vasta experi\u00eancia na ind\u00fastria e conhecimentos profissionais, e pode fornecer apoio t\u00e9cnico e servi\u00e7o de consultoria 24 horas por dia aos nossos clientes.<\/li>\n<li><strong>Amostra gr\u00e1tis<\/strong>: Fornecer um servi\u00e7o de amostra gr\u00e1tis para voc\u00ea avaliar a bolsa de veda\u00e7\u00e3o de 3 lados.<\/li>\n<\/ul>","protected":false},"featured_media":5788,"comment_status":"open","ping_status":"closed","template":"","meta":[],"product_brand":[],"product_cat":[52],"product_tag":[],"class_list":{"0":"post-5799","1":"product","2":"type-product","3":"status-publish","4":"has-post-thumbnail","6":"product_cat-custom-daily-chemical-packaging","8":"first","9":"instock","10":"shipping-taxable","11":"product-type-simple"},"_links":{"self":[{"href":"https:\/\/www.hyflexpack.com\/pt\/wp-json\/wp\/v2\/product\/5799","targetHints":{"allow":["GET"]}}],"collection":[{"href":"https:\/\/www.hyflexpack.com\/pt\/wp-json\/wp\/v2\/product"}],"about":[{"href":"https:\/\/www.hyflexpack.com\/pt\/wp-json\/wp\/v2\/types\/product"}],"replies":[{"embeddable":true,"href":"https:\/\/www.hyflexpack.com\/pt\/wp-json\/wp\/v2\/comments?post=5799"}],"wp:featuredmedia":[{"embeddable":true,"href":"https:\/\/www.hyflexpack.com\/pt\/wp-json\/wp\/v2\/media\/5788"}],"wp:attachment":[{"href":"https:\/\/www.hyflexpack.com\/pt\/wp-json\/wp\/v2\/media?parent=5799"}],"wp:term":[{"taxonomy":"product_brand","embeddable":true,"href":"https:\/\/www.hyflexpack.com\/pt\/wp-json\/wp\/v2\/product_brand?post=5799"},{"taxonomy":"product_cat","embeddable":true,"href":"https:\/\/www.hyflexpack.com\/pt\/wp-json\/wp\/v2\/product_cat?post=5799"},{"taxonomy":"product_tag","embeddable":true,"href":"https:\/\/www.hyflexpack.com\/pt\/wp-json\/wp\/v2\/product_tag?post=5799"}],"curies":[{"name":"wp","href":"https:\/\/api.w.org\/{rel}","templated":true}]}}