{"id":5794,"date":"2024-12-06T07:21:58","date_gmt":"2024-12-06T07:21:58","guid":{"rendered":"https:\/\/www.hyflexpack.com\/?post_type=product&#038;p=5794"},"modified":"2025-11-04T09:20:51","modified_gmt":"2025-11-04T09:20:51","slug":"oem-flexible-packaging-film","status":"publish","type":"product","link":"https:\/\/www.hyflexpack.com\/pt\/product\/oem-flexible-packaging-film\/","title":{"rendered":"Embalagem Flex\u00edvel OEM Bolsa para Vinho, Rolo de Pel\u00edcula para Ice lolly"},"content":{"rendered":"<div class=\"wp-block-columns is-layout-flex wp-container-core-columns-is-layout-9d6595d7 wp-block-columns-is-layout-flex\">\n<div class=\"wp-block-column is-layout-flow wp-block-column-is-layout-flow\">\n<h3 class=\"wp-block-heading\">Carater\u00edsticas da pel\u00edcula de embalagem flex\u00edvel OEM de alta qualidade<\/h3>\n\n\n\n<ul class=\"wp-block-list\">\n<li><strong>Alta veda\u00e7\u00e3o e barreira<\/strong>: Feito de material de pel\u00edcula de embalagem flex\u00edvel de alta qualidade para garantir a seguran\u00e7a de qualidade alimentar, n\u00e3o t\u00f3xico, inodoro, forte e dur\u00e1vel, adequado para uma variedade de necessidades de embalagem de alimentos, incluindo embalagens de bolsas de vinho, proporcionando uma prote\u00e7\u00e3o robusta para os seus produtos.<\/li>\n\n\n\n<li><strong>Embalagem eficiente<\/strong>: O design da pel\u00edcula de embalagem flex\u00edvel suave garante que o papel n\u00e3o fica preso durante o embalamento a alta velocidade, optimizando o processo de produ\u00e7\u00e3o. Particularmente adequada para a embalagem de bolsas de vinho, garantindo uma embalagem suave e eficiente.<\/li>\n\n\n\n<li><strong>Boas propriedades de barreira<\/strong>As pel\u00edculas de embalagem flex\u00edveis protegem contra a humidade externa e os contaminantes; por conseguinte, podem servir melhor mesmo para produtos de elevado valor em geral A Wine Pouch mant\u00e9m seguro este conte\u00fado - \u00e1lcool - e outros artigos sens\u00edveis \u00e0 temperatura\/vapor.<\/li>\n\n\n\n<li><strong>Op\u00e7\u00f5es ecol\u00f3gicas<\/strong>Os materiais de embalagem da FPF incluem materiais biodegrad\u00e1veis e recicl\u00e1veis. Devido \u00e0 vasta gama de diferentes espessuras dispon\u00edveis para cada tipo de pel\u00edcula, a FPF esfor\u00e7a-se por minimizar o desperd\u00edcio de material e oferecer aos clientes uma escolha muito mais ecol\u00f3gica para a embalagem, incluindo uma bolsa para vinho.<\/li>\n\n\n\n<li><strong>Pr\u00e1tico de utilizar<\/strong>: F\u00e1cil de armazenar e manusear, economizando espa\u00e7o nos armaz\u00e9ns, a pel\u00edcula de embalagem flex\u00edvel tem aplica\u00e7\u00f5es para a embalagem de bolsas de vinho, entre outras, o que tamb\u00e9m torna a log\u00edstica e o armazenamento bastante eficientes.<\/li>\n<\/ul>\n<\/div>\n\n\n\n<div class=\"wp-block-column is-layout-flow wp-block-column-is-layout-flow\">\n<figure class=\"wp-block-image size-full\"><img fetchpriority=\"high\" decoding=\"async\" width=\"750\" height=\"750\" src=\"https:\/\/www.hyflexpack.com\/wp-content\/uploads\/2024\/11\/OEM-Flexible-Packaging-Film1.webp\" alt=\"Pel\u00edcula de embalagem flex\u00edvel OEM\" class=\"wp-image-5774\" srcset=\"https:\/\/www.hyflexpack.com\/wp-content\/uploads\/2024\/11\/OEM-Flexible-Packaging-Film1.webp 750w, https:\/\/www.hyflexpack.com\/wp-content\/uploads\/2024\/11\/OEM-Flexible-Packaging-Film1-300x300.webp 300w, https:\/\/www.hyflexpack.com\/wp-content\/uploads\/2024\/11\/OEM-Flexible-Packaging-Film1-150x150.webp 150w, https:\/\/www.hyflexpack.com\/wp-content\/uploads\/2024\/11\/OEM-Flexible-Packaging-Film1-12x12.webp 12w, https:\/\/www.hyflexpack.com\/wp-content\/uploads\/2024\/11\/OEM-Flexible-Packaging-Film1-285x285.webp 285w, https:\/\/www.hyflexpack.com\/wp-content\/uploads\/2024\/11\/OEM-Flexible-Packaging-Film1-270x270.webp 270w, https:\/\/www.hyflexpack.com\/wp-content\/uploads\/2024\/11\/OEM-Flexible-Packaging-Film1-540x540.webp 540w, https:\/\/www.hyflexpack.com\/wp-content\/uploads\/2024\/11\/OEM-Flexible-Packaging-Film1-660x660.webp 660w\" sizes=\"(max-width: 750px) 100vw, 750px\" \/><\/figure>\n<\/div>\n<\/div>\n\n\n\n<p><\/p>","protected":false},"excerpt":{"rendered":"<p>A nossa pel\u00edcula de embalagem flex\u00edvel \u00e9 uma solu\u00e7\u00e3o de embalagem de qualidade superior que garante seguran\u00e7a, durabilidade e n\u00e3o toxicidade a n\u00edvel alimentar. Adequado para todos os tipos de embalagens flex\u00edveis, incluindo bolsas de vinho, suporta materiais recicl\u00e1veis amigos do ambiente e cumpre os requisitos ambientais modernos. Adequado para equipamento automatizado, melhora a efici\u00eancia da produ\u00e7\u00e3o, poupa espa\u00e7o no armaz\u00e9m, \u00e9 a sua escolha ideal de embalagem.<\/p>\n<h3>Vantagens do fabricante de pel\u00edculas para embalagens flex\u00edveis<\/h3>\n<ul>\n<li><strong>Design personalizado<\/strong>: Fornecemos servi\u00e7o de bolsas de vinho personalizadas, incluindo material, tamanho e personaliza\u00e7\u00e3o do padr\u00e3o de impress\u00e3o para atender \u00e0s necessidades dos clientes, e <strong>suporte OEM e ODM<\/strong>.<\/li>\n<li><strong>Fabrico<\/strong>: Com equipamento e tecnologia avan\u00e7ados, podemos concluir as encomendas com alta efici\u00eancia e alta qualidade, e entregar a tempo.<\/li>\n<li><strong>Inspe\u00e7\u00e3o da qualidade<\/strong>: Seguir rigorosamente as normas de qualidade e os requisitos de seguran\u00e7a alimentar para garantir que os produtos cumprem as normas.<\/li>\n<li><strong>Equipa de apoio t\u00e9cnico<\/strong>: A nossa equipa tem uma vasta experi\u00eancia na ind\u00fastria e conhecimentos profissionais, e pode fornecer apoio t\u00e9cnico e servi\u00e7o de consultoria 24 horas por dia aos nossos clientes.<\/li>\n<li><strong>Amostra gr\u00e1tis<\/strong>: Fornecer um servi\u00e7o de amostra gr\u00e1tis para avaliar a pel\u00edcula de embalagem flex\u00edvel.<\/li>\n<\/ul>\n<p><a href=\"https:\/\/www.hyflexpack.com\/pt\/\"><strong>Embalagens Huiyang<\/strong><\/a> est\u00e1 empenhada em fornecer aos clientes pel\u00edculas de embalagem flex\u00edveis personalizadas e de alta qualidade, para os ajudar a melhorar a imagem dos seus produtos e a aumentar a competitividade no mercado.<\/p>","protected":false},"featured_media":5774,"comment_status":"open","ping_status":"closed","template":"","meta":[],"product_brand":[],"product_cat":[53,86],"product_tag":[],"class_list":{"0":"post-5794","1":"product","2":"type-product","3":"status-publish","4":"has-post-thumbnail","6":"product_cat-packaging-film-supplier","7":"product_cat-cold-seal-film","9":"first","10":"instock","11":"shipping-taxable","12":"product-type-simple"},"_links":{"self":[{"href":"https:\/\/www.hyflexpack.com\/pt\/wp-json\/wp\/v2\/product\/5794","targetHints":{"allow":["GET"]}}],"collection":[{"href":"https:\/\/www.hyflexpack.com\/pt\/wp-json\/wp\/v2\/product"}],"about":[{"href":"https:\/\/www.hyflexpack.com\/pt\/wp-json\/wp\/v2\/types\/product"}],"replies":[{"embeddable":true,"href":"https:\/\/www.hyflexpack.com\/pt\/wp-json\/wp\/v2\/comments?post=5794"}],"wp:featuredmedia":[{"embeddable":true,"href":"https:\/\/www.hyflexpack.com\/pt\/wp-json\/wp\/v2\/media\/5774"}],"wp:attachment":[{"href":"https:\/\/www.hyflexpack.com\/pt\/wp-json\/wp\/v2\/media?parent=5794"}],"wp:term":[{"taxonomy":"product_brand","embeddable":true,"href":"https:\/\/www.hyflexpack.com\/pt\/wp-json\/wp\/v2\/product_brand?post=5794"},{"taxonomy":"product_cat","embeddable":true,"href":"https:\/\/www.hyflexpack.com\/pt\/wp-json\/wp\/v2\/product_cat?post=5794"},{"taxonomy":"product_tag","embeddable":true,"href":"https:\/\/www.hyflexpack.com\/pt\/wp-json\/wp\/v2\/product_tag?post=5794"}],"curies":[{"name":"wp","href":"https:\/\/api.w.org\/{rel}","templated":true}]}}