{"id":5749,"date":"2024-11-24T13:37:41","date_gmt":"2024-11-24T13:37:41","guid":{"rendered":"https:\/\/www.hyflexpack.com\/?post_type=product&#038;p=5749"},"modified":"2025-10-23T08:23:26","modified_gmt":"2025-10-23T08:23:26","slug":"custom-frozen-food-packaging","status":"publish","type":"product","link":"https:\/\/www.hyflexpack.com\/pt\/product\/custom-frozen-food-packaging\/","title":{"rendered":"Embalagens personalizadas de alimentos congelados para pequenas empresas Embalagens de snacks Stand Up Pouches"},"content":{"rendered":"<div class=\"wp-block-columns is-layout-flex wp-container-core-columns-is-layout-9d6595d7 wp-block-columns-is-layout-flex\">\n<div class=\"wp-block-column is-layout-flow wp-block-column-is-layout-flow\">\n<h3 class=\"wp-block-heading\">Carater\u00edsticas do saco de embalagem personalizado para alimentos congelados<\/h3>\n\n\n\n<h4 class=\"wp-block-heading\">Material dur\u00e1vel para armazenamento congelado<\/h4>\n\n\n\n<ul class=\"wp-block-list\">\n<li>Fabricado com materiais de alta barreira e de qualidade alimentar para garantir a frescura, evitar queimaduras no congelador e manter a qualidade do produto.<\/li>\n<\/ul>\n\n\n\n<h4 class=\"wp-block-heading\">Design de p\u00e9 para maior comodidade<\/h4>\n\n\n\n<ul class=\"wp-block-list\">\n<li>Este formato stand-up proporciona uma grande estabilidade e \u00e9 muito f\u00e1cil de colocar em arcas congeladoras e em expositores de venda a retalho, maximizando assim o espa\u00e7o e a visibilidade.<\/li>\n<\/ul>\n\n\n\n<h4 class=\"wp-block-heading\">Personaliz\u00e1vel para lanches de pequenas empresas<\/h4>\n\n\n\n<ul class=\"wp-block-list\">\n<li>As op\u00e7\u00f5es de personaliza\u00e7\u00e3o para tamanho, forma, cor e impress\u00e3o fazem com que esta seja a solu\u00e7\u00e3o perfeita para quaisquer necessidades \u00fanicas de embalagem de alimentos congelados que a sua marca possa ter.<\/li>\n<\/ul>\n\n\n\n<h4 class=\"wp-block-heading\">Resistente \u00e0 temperatura<\/h4>\n\n\n\n<ul class=\"wp-block-list\">\n<li>Concebida para n\u00e3o rachar a temperaturas de congela\u00e7\u00e3o para manter os seus produtos congelados muito bem protegidos.<\/li>\n<\/ul>\n\n\n\n<h4 class=\"wp-block-heading\">Fecho herm\u00e9tico e f\u00e1cil de utilizar<\/h4>\n\n\n\n<ul class=\"wp-block-list\">\n<li>Com fechos de correr ou entalhes para facilitar a abertura e o fecho, o que aumenta a conveni\u00eancia e a satisfa\u00e7\u00e3o do consumidor.<\/li>\n<\/ul>\n\n\n\n<h4 class=\"wp-block-heading\">Op\u00e7\u00f5es ecol\u00f3gicas dispon\u00edveis<\/h4>\n\n\n\n<ul class=\"wp-block-list\">\n<li>Escolha materiais recicl\u00e1veis ou biodegrad\u00e1veis para se alinhar com pr\u00e1ticas empresariais sustent\u00e1veis.<\/li>\n<\/ul>\n<\/div>\n\n\n\n<div class=\"wp-block-column is-layout-flow wp-block-column-is-layout-flow\">\n<figure class=\"wp-block-image size-full\"><img fetchpriority=\"high\" decoding=\"async\" width=\"750\" height=\"750\" src=\"https:\/\/www.hyflexpack.com\/wp-content\/uploads\/2024\/11\/Customize-Healthy-Snacks-Packages1.webp\" alt=\"Sacos de embalagem personalizados para alimentos congelados\" class=\"wp-image-5730\" srcset=\"https:\/\/www.hyflexpack.com\/wp-content\/uploads\/2024\/11\/Customize-Healthy-Snacks-Packages1.webp 750w, https:\/\/www.hyflexpack.com\/wp-content\/uploads\/2024\/11\/Customize-Healthy-Snacks-Packages1-300x300.webp 300w, https:\/\/www.hyflexpack.com\/wp-content\/uploads\/2024\/11\/Customize-Healthy-Snacks-Packages1-150x150.webp 150w, https:\/\/www.hyflexpack.com\/wp-content\/uploads\/2024\/11\/Customize-Healthy-Snacks-Packages1-12x12.webp 12w, https:\/\/www.hyflexpack.com\/wp-content\/uploads\/2024\/11\/Customize-Healthy-Snacks-Packages1-285x285.webp 285w, https:\/\/www.hyflexpack.com\/wp-content\/uploads\/2024\/11\/Customize-Healthy-Snacks-Packages1-270x270.webp 270w, https:\/\/www.hyflexpack.com\/wp-content\/uploads\/2024\/11\/Customize-Healthy-Snacks-Packages1-540x540.webp 540w, https:\/\/www.hyflexpack.com\/wp-content\/uploads\/2024\/11\/Customize-Healthy-Snacks-Packages1-660x660.webp 660w\" sizes=\"(max-width: 750px) 100vw, 750px\" \/><\/figure>\n<\/div>\n<\/div>\n\n\n\n<p><\/p>","protected":false},"excerpt":{"rendered":"<p>D\u00ea um impulso \u00e0 sua marca com as nossas embalagens personalizadas para alimentos congelados! Estes sacos de embalagem para alimentos congelados dur\u00e1veis e que podem ser fechados novamente s\u00e3o perfeitos para manter os seus snacks frescos e prontos para o congelador. Contacte-nos hoje para obter um or\u00e7amento. Estamos empenhados em fornecer solu\u00e7\u00f5es de embalagem \u00fanicas, ecol\u00f3gicas e de alta qualidade.<\/p>\n<h3>Vantagens do fornecedor de sacos de embalagem para alimentos congelados<\/h3>\n<ul>\n<li><strong>Servi\u00e7o personalizado<\/strong>: Fornecer um servi\u00e7o personalizado abrangente, desde o tamanho e o material at\u00e9 ao design de impress\u00e3o, para satisfazer as necessidades personalizadas de diferentes clientes.<\/li>\n<li><strong>Entrega r\u00e1pida<\/strong>: Processo de produ\u00e7\u00e3o eficiente e gest\u00e3o de invent\u00e1rio para garantir uma produ\u00e7\u00e3o r\u00e1pida e a entrega atempada de encomendas de grande volume.<\/li>\n<li><strong>Apoio profissional<\/strong>: Fornecer conce\u00e7\u00e3o profissional de embalagens e apoio t\u00e9cnico para ajudar os clientes a otimizar as solu\u00e7\u00f5es de embalagem e aumentar a competitividade dos produtos.<\/li>\n<li><strong>Inspe\u00e7\u00e3o da qualidade<\/strong>: Seguir rigorosamente as normas de qualidade e os requisitos de seguran\u00e7a alimentar para garantir que os produtos satisfazem os requisitos da norma.<\/li>\n<li><strong>Rela\u00e7\u00e3o custo-efic\u00e1cia<\/strong>: Fornecer pre\u00e7os competitivos atrav\u00e9s da otimiza\u00e7\u00e3o da produ\u00e7\u00e3o e da log\u00edstica para ajudar os clientes a reduzir os custos e a aumentar os lucros.<\/li>\n<\/ul>","protected":false},"featured_media":5730,"comment_status":"open","ping_status":"closed","template":"","meta":[],"product_brand":[],"product_cat":[57],"product_tag":[],"class_list":{"0":"post-5749","1":"product","2":"type-product","3":"status-publish","4":"has-post-thumbnail","6":"product_cat-snack-packaging-bags-wholesale","8":"first","9":"instock","10":"shipping-taxable","11":"product-type-simple"},"_links":{"self":[{"href":"https:\/\/www.hyflexpack.com\/pt\/wp-json\/wp\/v2\/product\/5749","targetHints":{"allow":["GET"]}}],"collection":[{"href":"https:\/\/www.hyflexpack.com\/pt\/wp-json\/wp\/v2\/product"}],"about":[{"href":"https:\/\/www.hyflexpack.com\/pt\/wp-json\/wp\/v2\/types\/product"}],"replies":[{"embeddable":true,"href":"https:\/\/www.hyflexpack.com\/pt\/wp-json\/wp\/v2\/comments?post=5749"}],"wp:featuredmedia":[{"embeddable":true,"href":"https:\/\/www.hyflexpack.com\/pt\/wp-json\/wp\/v2\/media\/5730"}],"wp:attachment":[{"href":"https:\/\/www.hyflexpack.com\/pt\/wp-json\/wp\/v2\/media?parent=5749"}],"wp:term":[{"taxonomy":"product_brand","embeddable":true,"href":"https:\/\/www.hyflexpack.com\/pt\/wp-json\/wp\/v2\/product_brand?post=5749"},{"taxonomy":"product_cat","embeddable":true,"href":"https:\/\/www.hyflexpack.com\/pt\/wp-json\/wp\/v2\/product_cat?post=5749"},{"taxonomy":"product_tag","embeddable":true,"href":"https:\/\/www.hyflexpack.com\/pt\/wp-json\/wp\/v2\/product_tag?post=5749"}],"curies":[{"name":"wp","href":"https:\/\/api.w.org\/{rel}","templated":true}]}}