{"id":5719,"date":"2024-11-23T08:41:47","date_gmt":"2024-11-23T08:41:47","guid":{"rendered":"https:\/\/www.hyflexpack.com\/?post_type=product&#038;p=5719"},"modified":"2025-05-17T06:48:35","modified_gmt":"2025-05-17T06:48:35","slug":"candy-twist-wrap-packaging-film","status":"publish","type":"product","link":"https:\/\/www.hyflexpack.com\/pt\/product\/candy-twist-wrap-packaging-film\/","title":{"rendered":"OEM Candy Twist Wrap Packaging Film Fornecedor de embalagens flex\u00edveis"},"content":{"rendered":"<div class=\"wp-block-columns is-layout-flex wp-container-core-columns-is-layout-9d6595d7 wp-block-columns-is-layout-flex\">\n<div class=\"wp-block-column is-layout-flow wp-block-column-is-layout-flow\">\n<h3 class=\"wp-block-heading\">Carater\u00edsticas da pel\u00edcula de embalagem de envolt\u00f3rio de tor\u00e7\u00e3o de doces de alta qualidade<\/h3>\n\n\n\n<ul class=\"wp-block-list\">\n<li><strong>Materiais amigos do ambiente<\/strong>: A pel\u00edcula de embalagem de envolt\u00f3rio de tor\u00e7\u00e3o \u00e9 feita de materiais de pel\u00edcula de embalagem de alta qualidade, de grau alimentar seguro, n\u00e3o t\u00f3xico e inodoro. Firme e dur\u00e1vel para servir uma vasta gama de necessidades de embalagem de alimentos.<\/li>\n<\/ul>\n\n\n\n<p><\/p>\n\n\n\n<ul class=\"wp-block-list\">\n<li><strong>Embalagem eficiente<\/strong>: \u00c9 adequado para equipamento de embalamento autom\u00e1tico para aumentar a efici\u00eancia da produ\u00e7\u00e3o. O design do rolo de filme, com suavidade no interior, garante que n\u00e3o haver\u00e1 encravamentos de papel durante o embalamento a alta velocidade.<\/li>\n<\/ul>\n\n\n\n<p><\/p>\n\n\n\n<ul class=\"wp-block-list\">\n<li><strong>Desempenho de prote\u00e7\u00e3o superior<\/strong>A embalagem de papel: pode prevenir eficazmente a humidade e o p\u00f3 e prolongar o prazo de validade dos doces. A boa resist\u00eancia ao rasgamento protege a integridade do produto durante o transporte e o armazenamento.<\/li>\n<\/ul>\n\n\n\n<p><\/p>\n\n\n\n<ul class=\"wp-block-list\">\n<li><strong>Prote\u00e7\u00e3o do ambiente<\/strong>A empresa: apoia a utiliza\u00e7\u00e3o de materiais biodegrad\u00e1veis e recicl\u00e1veis, sendo tamb\u00e9m fornecidas op\u00e7\u00f5es de espessura de pel\u00edcula para diminuir o desperd\u00edcio de material e reduzir a pegada de carbono.<\/li>\n<\/ul>\n\n\n\n<p><\/p>\n\n\n\n<ul class=\"wp-block-list\">\n<li><strong>Pr\u00e1tico de utilizar<\/strong>: O rolo de pel\u00edcula pl\u00e1stica \u00e9 conveniente para a selagem a quente, o que garante a estanquicidade; as pel\u00edculas em rolo s\u00e3o f\u00e1ceis de armazenar e manusear, economizando espa\u00e7o no armaz\u00e9m.<\/li>\n<\/ul>\n<\/div>\n\n\n\n<div class=\"wp-block-column is-layout-flow wp-block-column-is-layout-flow\">\n<figure class=\"wp-block-image size-full\"><img fetchpriority=\"high\" decoding=\"async\" width=\"750\" height=\"750\" src=\"https:\/\/www.hyflexpack.com\/wp-content\/uploads\/2024\/11\/OEM-Candy-Twist-Film1.webp\" alt=\"Fornecedor de pel\u00edcula de embalagem de envolt\u00f3rio de tor\u00e7\u00e3o de doces OEM\" class=\"wp-image-5708\" srcset=\"https:\/\/www.hyflexpack.com\/wp-content\/uploads\/2024\/11\/OEM-Candy-Twist-Film1.webp 750w, https:\/\/www.hyflexpack.com\/wp-content\/uploads\/2024\/11\/OEM-Candy-Twist-Film1-300x300.webp 300w, https:\/\/www.hyflexpack.com\/wp-content\/uploads\/2024\/11\/OEM-Candy-Twist-Film1-150x150.webp 150w, https:\/\/www.hyflexpack.com\/wp-content\/uploads\/2024\/11\/OEM-Candy-Twist-Film1-12x12.webp 12w, https:\/\/www.hyflexpack.com\/wp-content\/uploads\/2024\/11\/OEM-Candy-Twist-Film1-285x285.webp 285w, https:\/\/www.hyflexpack.com\/wp-content\/uploads\/2024\/11\/OEM-Candy-Twist-Film1-270x270.webp 270w, https:\/\/www.hyflexpack.com\/wp-content\/uploads\/2024\/11\/OEM-Candy-Twist-Film1-540x540.webp 540w, https:\/\/www.hyflexpack.com\/wp-content\/uploads\/2024\/11\/OEM-Candy-Twist-Film1-660x660.webp 660w\" sizes=\"(max-width: 750px) 100vw, 750px\" \/><\/figure>\n<\/div>\n<\/div>\n\n\n\n<p><\/p>","protected":false},"excerpt":{"rendered":"<p>A pel\u00edcula de embalagem de envolt\u00f3rio de tor\u00e7\u00e3o OEM de alta qualidade garante um controlo total para uma tor\u00e7\u00e3o segura e uma abertura f\u00e1cil, mantendo os rebu\u00e7ados bem fechados durante a produ\u00e7\u00e3o e o transporte, perfeita para necessidades de embalagens flex\u00edveis.<\/p>\n<h3>Vantagens do fornecedor de pel\u00edcula de embalagem Twist Wrap<\/h3>\n<ul>\n<li>Servi\u00e7o personalizado: Fornecer <a href=\"https:\/\/www.hyflexpack.com\/pt\/embalagens-flexiveis-personalizadas\/\"><strong>Servi\u00e7o ODM e ODM<\/strong><\/a>A nossa empresa tem como objetivo personalizar o tamanho, a impress\u00e3o e o material de acordo com as necessidades do cliente.<\/li>\n<li>Entrega r\u00e1pida: Processo de produ\u00e7\u00e3o eficiente e gest\u00e3o da cadeia de fornecimento para garantir a entrega atempada das encomendas de modo a satisfazer as necessidades urgentes dos clientes.<\/li>\n<li>Garantia de qualidade: Um sistema de controlo de qualidade rigoroso garante que cada produto cumpre os requisitos e normas dos clientes.<\/li>\n<li>Rentabilidade: Fornecer pre\u00e7os competitivos e reduzir os custos de aquisi\u00e7\u00e3o dos clientes atrav\u00e9s da otimiza\u00e7\u00e3o dos processos de produ\u00e7\u00e3o e da gest\u00e3o de custos.<\/li>\n<li>Amostra gr\u00e1tis: Fornecemos um servi\u00e7o de amostra gr\u00e1tis para avaliar os seus produtos.<\/li>\n<\/ul>","protected":false},"featured_media":5709,"comment_status":"open","ping_status":"closed","template":"","meta":[],"product_brand":[],"product_cat":[53,89],"product_tag":[],"class_list":{"0":"post-5719","1":"product","2":"type-product","3":"status-publish","4":"has-post-thumbnail","6":"product_cat-packaging-film-supplier","7":"product_cat-custom-twist-film","9":"first","10":"instock","11":"shipping-taxable","12":"product-type-simple"},"_links":{"self":[{"href":"https:\/\/www.hyflexpack.com\/pt\/wp-json\/wp\/v2\/product\/5719","targetHints":{"allow":["GET"]}}],"collection":[{"href":"https:\/\/www.hyflexpack.com\/pt\/wp-json\/wp\/v2\/product"}],"about":[{"href":"https:\/\/www.hyflexpack.com\/pt\/wp-json\/wp\/v2\/types\/product"}],"replies":[{"embeddable":true,"href":"https:\/\/www.hyflexpack.com\/pt\/wp-json\/wp\/v2\/comments?post=5719"}],"wp:featuredmedia":[{"embeddable":true,"href":"https:\/\/www.hyflexpack.com\/pt\/wp-json\/wp\/v2\/media\/5709"}],"wp:attachment":[{"href":"https:\/\/www.hyflexpack.com\/pt\/wp-json\/wp\/v2\/media?parent=5719"}],"wp:term":[{"taxonomy":"product_brand","embeddable":true,"href":"https:\/\/www.hyflexpack.com\/pt\/wp-json\/wp\/v2\/product_brand?post=5719"},{"taxonomy":"product_cat","embeddable":true,"href":"https:\/\/www.hyflexpack.com\/pt\/wp-json\/wp\/v2\/product_cat?post=5719"},{"taxonomy":"product_tag","embeddable":true,"href":"https:\/\/www.hyflexpack.com\/pt\/wp-json\/wp\/v2\/product_tag?post=5719"}],"curies":[{"name":"wp","href":"https:\/\/api.w.org\/{rel}","templated":true}]}}