{"id":5566,"date":"2024-10-26T07:30:44","date_gmt":"2024-10-26T07:30:44","guid":{"rendered":"https:\/\/www.hyflexpack.com\/?post_type=product&#038;p=5566"},"modified":"2024-10-26T07:30:46","modified_gmt":"2024-10-26T07:30:46","slug":"custom-flexible-packaging-for-cookies","status":"publish","type":"product","link":"https:\/\/www.hyflexpack.com\/pt\/product\/custom-flexible-packaging-for-cookies\/","title":{"rendered":"Embalagem flex\u00edvel personalizada para biscoitos, f\u00e1brica de pel\u00edcula para embalagem de biscoitos"},"content":{"rendered":"<div class=\"wp-block-columns is-layout-flex wp-container-core-columns-is-layout-9d6595d7 wp-block-columns-is-layout-flex\">\n<div class=\"wp-block-column is-layout-flow wp-block-column-is-layout-flow\">\n<h3 class=\"wp-block-heading\">Carater\u00edsticas das embalagens flex\u00edveis personalizadas para bolachas<\/h3>\n\n\n\n<ul class=\"wp-block-list\">\n<li><strong>Materiais de primeira qualidade<\/strong>: Apenas s\u00e3o utilizados materiais seguros para os alimentos e de alta qualidade que mant\u00eam a frescura e tornam as suas bolachas e biscoitos consum\u00edveis pelos consumidores.<br><\/li>\n\n\n\n<li><strong>Variedade de aplica\u00e7\u00f5es de embalagem<\/strong>: As nossas embalagens flex\u00edveis personalizadas para biscoitos e variedades de snacks oferecem a mesma flexibilidade na sua linha de produtos.<br><\/li>\n\n\n\n<li><strong>Prote\u00e7\u00e3o de frescura de primeira classe<\/strong>: Nas nossas embalagens de bolachas feitas \u00e0 medida, consegue-se uma excelente resist\u00eancia \u00e0 humidade e ao oxig\u00e9nio utilizando uma tecnologia avan\u00e7ada de lamina\u00e7\u00e3o multicamada para prolongar o prazo de validade do produto.<br><\/li>\n\n\n\n<li><strong>Op\u00e7\u00f5es amigas do ambiente<\/strong>: Aderimos a todos os princ\u00edpios de sustentabilidade e fazemos esfor\u00e7os conscientes para minimizar a nossa pegada no ambiente, oferecendo solu\u00e7\u00f5es de embalagem biodegrad\u00e1veis e recicl\u00e1veis para responder \u00e0s prefer\u00eancias dos consumidores modernos.<br><\/li>\n\n\n\n<li><strong>Facilidade de utiliza\u00e7\u00e3o<\/strong>: Al\u00e9m disso, as op\u00e7\u00f5es f\u00e1ceis de abrir e de voltar a fechar nas nossas embalagens oferecem uma comodidade adicional aos consumidores e garantem que os produtos se mant\u00eam frescos depois de abertos.<br><\/li>\n\n\n\n<li><strong>Impress\u00e3o de alta qualidade<\/strong>: A nossa tecnologia de impress\u00e3o de topo proporciona designs vivos e apelativos que as suas embalagens para bolachas merecem, destacando-se das prateleiras de retalho.<br><\/li>\n\n\n\n<li><strong>Dur\u00e1vel e fi\u00e1vel<\/strong>: As nossas embalagens s\u00e3o fabricadas com materiais resistentes, capazes de suportar as agress\u00f5es necess\u00e1rias durante o manuseamento e o transporte, para que o seu produto chegue ao destino em boas condi\u00e7\u00f5es.<\/li>\n<\/ul>\n<\/div>\n\n\n\n<div class=\"wp-block-column is-layout-flow wp-block-column-is-layout-flow\">\n<figure class=\"wp-block-image size-full\"><img fetchpriority=\"high\" decoding=\"async\" width=\"750\" height=\"750\" src=\"https:\/\/www.hyflexpack.com\/wp-content\/uploads\/2024\/10\/Custom-Cookies-Biscuits-Packaging-Film\uff081\uff09.webp\" alt=\"Pel\u00edcula de embalagem personalizada para bolachas e biscoitos\" class=\"wp-image-5534\" srcset=\"https:\/\/www.hyflexpack.com\/wp-content\/uploads\/2024\/10\/Custom-Cookies-Biscuits-Packaging-Film\uff081\uff09.webp 750w, https:\/\/www.hyflexpack.com\/wp-content\/uploads\/2024\/10\/Custom-Cookies-Biscuits-Packaging-Film\uff081\uff09-300x300.webp 300w, https:\/\/www.hyflexpack.com\/wp-content\/uploads\/2024\/10\/Custom-Cookies-Biscuits-Packaging-Film\uff081\uff09-150x150.webp 150w, https:\/\/www.hyflexpack.com\/wp-content\/uploads\/2024\/10\/Custom-Cookies-Biscuits-Packaging-Film\uff081\uff09-12x12.webp 12w, https:\/\/www.hyflexpack.com\/wp-content\/uploads\/2024\/10\/Custom-Cookies-Biscuits-Packaging-Film\uff081\uff09-285x285.webp 285w, https:\/\/www.hyflexpack.com\/wp-content\/uploads\/2024\/10\/Custom-Cookies-Biscuits-Packaging-Film\uff081\uff09-270x270.webp 270w, https:\/\/www.hyflexpack.com\/wp-content\/uploads\/2024\/10\/Custom-Cookies-Biscuits-Packaging-Film\uff081\uff09-540x540.webp 540w, https:\/\/www.hyflexpack.com\/wp-content\/uploads\/2024\/10\/Custom-Cookies-Biscuits-Packaging-Film\uff081\uff09-660x660.webp 660w\" sizes=\"(max-width: 750px) 100vw, 750px\" \/><\/figure>\n<\/div>\n<\/div>\n\n\n\n<p><\/p>","protected":false},"excerpt":{"rendered":"<p>As embalagens flex\u00edveis para bolachas proporcionam frescura e maior notoriedade da marca a um custo muito inferior ao das embalagens de cart\u00e3o. Contacte-nos para obter solu\u00e7\u00f5es personalizadas para melhorar a sua embalagem de bolachas, as nossas op\u00e7\u00f5es ecol\u00f3gicas s\u00e3o perfeitas para os consumidores actuais.<\/p>\n<h3>Vantagens do fornecedor de pel\u00edcula para embalagem de biscoitos\u00a0<\/h3>\n<p>Design personalizado: Fornecemos embalagens flex\u00edveis personalizadas para servi\u00e7os de biscoitos, incluindo material, tamanho e personaliza\u00e7\u00e3o do padr\u00e3o de impress\u00e3o para atender \u00e0s necessidades do cliente, al\u00e9m de oferecer suporte a OEM e ODM.<br \/>Fabrico: Com equipamento e tecnologia avan\u00e7ados, podemos concluir a produ\u00e7\u00e3o de pedidos de forma eficiente e com alta qualidade, e entregar a tempo.<br \/>Inspe\u00e7\u00e3o da qualidade: A produ\u00e7\u00e3o \u00e9 efectuada em estrita conformidade com as normas de qualidade e os requisitos de seguran\u00e7a alimentar para garantir que os produtos cumprem as normas.<br \/>Servi\u00e7o ao cliente: Fornecer resposta r\u00e1pida e suporte atencioso ao servi\u00e7o ao cliente 24 horas por dia.<br \/>\u25cfAmostra gr\u00e1tis: Fornecer um servi\u00e7o de amostra gr\u00e1tis para avaliar o produto.<\/p>\n<p><a href=\"https:\/\/www.hyflexpack.com\/pt\/\"><strong>Embalagens Huiyang<\/strong><\/a> est\u00e1 empenhada em fornecer aos clientes pel\u00edculas de embalagem de bolachas personalizadas de alta qualidade, para os ajudar a melhorar a imagem dos seus produtos e a aumentar a sua competitividade no mercado.<\/p>","protected":false},"featured_media":5534,"comment_status":"open","ping_status":"closed","template":"","meta":[],"product_brand":[],"product_cat":[53],"product_tag":[],"class_list":{"0":"post-5566","1":"product","2":"type-product","3":"status-publish","4":"has-post-thumbnail","6":"product_cat-packaging-film-supplier","8":"first","9":"instock","10":"shipping-taxable","11":"product-type-simple"},"_links":{"self":[{"href":"https:\/\/www.hyflexpack.com\/pt\/wp-json\/wp\/v2\/product\/5566","targetHints":{"allow":["GET"]}}],"collection":[{"href":"https:\/\/www.hyflexpack.com\/pt\/wp-json\/wp\/v2\/product"}],"about":[{"href":"https:\/\/www.hyflexpack.com\/pt\/wp-json\/wp\/v2\/types\/product"}],"replies":[{"embeddable":true,"href":"https:\/\/www.hyflexpack.com\/pt\/wp-json\/wp\/v2\/comments?post=5566"}],"wp:featuredmedia":[{"embeddable":true,"href":"https:\/\/www.hyflexpack.com\/pt\/wp-json\/wp\/v2\/media\/5534"}],"wp:attachment":[{"href":"https:\/\/www.hyflexpack.com\/pt\/wp-json\/wp\/v2\/media?parent=5566"}],"wp:term":[{"taxonomy":"product_brand","embeddable":true,"href":"https:\/\/www.hyflexpack.com\/pt\/wp-json\/wp\/v2\/product_brand?post=5566"},{"taxonomy":"product_cat","embeddable":true,"href":"https:\/\/www.hyflexpack.com\/pt\/wp-json\/wp\/v2\/product_cat?post=5566"},{"taxonomy":"product_tag","embeddable":true,"href":"https:\/\/www.hyflexpack.com\/pt\/wp-json\/wp\/v2\/product_tag?post=5566"}],"curies":[{"name":"wp","href":"https:\/\/api.w.org\/{rel}","templated":true}]}}