{"id":5520,"date":"2024-10-26T06:31:39","date_gmt":"2024-10-26T06:31:39","guid":{"rendered":"https:\/\/www.hyflexpack.com\/?post_type=product&#038;p=5520"},"modified":"2024-12-13T07:27:59","modified_gmt":"2024-12-13T07:27:59","slug":"custom-cookie-packaging-ideas-for-bags","status":"publish","type":"product","link":"https:\/\/www.hyflexpack.com\/pt\/product\/custom-cookie-packaging-ideas-for-bags\/","title":{"rendered":"Ideias criativas para embalagens de bolachas Stand Up Pouches personalizadas Fabricante de embalagens de qualidade alimentar"},"content":{"rendered":"<div class=\"wp-block-columns is-layout-flex wp-container-core-columns-is-layout-9d6595d7 wp-block-columns-is-layout-flex\">\n<div class=\"wp-block-column is-layout-flow wp-block-column-is-layout-flow\">\n<h3 class=\"wp-block-heading\">Carater\u00edsticas das ideias criativas de embalagens de bolachas para sacos<\/h3>\n\n\n\n<ul class=\"wp-block-list\">\n<li><strong>Qualidade do material<\/strong>: As mat\u00e9rias-primas utilizadas na personaliza\u00e7\u00e3o da embalagem destas bolachas s\u00e3o de qualidade alimentar e seguras, garantindo assim o armazenamento seguro das bolachas e mantendo a sua frescura e sabor.<\/li>\n\n\n\n<li><strong>Saco personaliz\u00e1vel para embalagem de bolachas<\/strong>: Permite a cria\u00e7\u00e3o de marcas individuais que dar\u00e3o destaque aos seus cookies atrav\u00e9s de log\u00f3tipos, esquemas de cores e formas criativas.<\/li>\n\n\n\n<li><strong>Desenhos em p\u00e9<\/strong>: A capacidade de melhorar a exposi\u00e7\u00e3o numa prateleira faz com que estas ideias de sacos para bolachas tenham um aspeto e uma sensa\u00e7\u00e3o de alta qualidade; por conseguinte, s\u00e3o apelativas para o consumidor.<\/li>\n\n\n\n<li><strong>Resist\u00eancia \u00e0 humidade e frescura<\/strong>: Esta embalagem de bolachas envolve uma tecnologia de barreira multicamada que protege as bolachas da humidade e do ar, o que ajuda a prolongar a vida \u00fatil das bolachas e mant\u00e9m a sua textura fresca.<\/li>\n\n\n\n<li><strong>Escolha amiga do ambiente<\/strong>: S\u00e3o fornecidos materiais biodegrad\u00e1veis e recicl\u00e1veis para reduzir o impacto ambiental, permitindo uma embalagem sustent\u00e1vel.<\/li>\n\n\n\n<li><strong>Tampa Easy Seal de abertura oriental: <\/strong>Cont\u00e9m um fecho de correr f\u00e1cil de rasgar e de voltar a selar que torna muito f\u00e1cil e r\u00e1pido abrir as bolachas. Al\u00e9m disso, ap\u00f3s a abertura, podem ser mantidas em seguran\u00e7a para conservar a frescura.<\/li>\n<\/ul>\n<\/div>\n\n\n\n<div class=\"wp-block-column is-layout-flow wp-block-column-is-layout-flow\">\n<figure class=\"wp-block-image size-full\"><img fetchpriority=\"high\" decoding=\"async\" width=\"750\" height=\"750\" src=\"https:\/\/www.hyflexpack.com\/wp-content\/uploads\/2024\/10\/Manufacturer-Cookie-Packaging-Bags\uff081\uff09.webp\" alt=\"Fabricante Sacos de embalagem para bolachas\" class=\"wp-image-5507\" srcset=\"https:\/\/www.hyflexpack.com\/wp-content\/uploads\/2024\/10\/Manufacturer-Cookie-Packaging-Bags\uff081\uff09.webp 750w, https:\/\/www.hyflexpack.com\/wp-content\/uploads\/2024\/10\/Manufacturer-Cookie-Packaging-Bags\uff081\uff09-300x300.webp 300w, https:\/\/www.hyflexpack.com\/wp-content\/uploads\/2024\/10\/Manufacturer-Cookie-Packaging-Bags\uff081\uff09-150x150.webp 150w, https:\/\/www.hyflexpack.com\/wp-content\/uploads\/2024\/10\/Manufacturer-Cookie-Packaging-Bags\uff081\uff09-12x12.webp 12w, https:\/\/www.hyflexpack.com\/wp-content\/uploads\/2024\/10\/Manufacturer-Cookie-Packaging-Bags\uff081\uff09-285x285.webp 285w, https:\/\/www.hyflexpack.com\/wp-content\/uploads\/2024\/10\/Manufacturer-Cookie-Packaging-Bags\uff081\uff09-270x270.webp 270w, https:\/\/www.hyflexpack.com\/wp-content\/uploads\/2024\/10\/Manufacturer-Cookie-Packaging-Bags\uff081\uff09-540x540.webp 540w, https:\/\/www.hyflexpack.com\/wp-content\/uploads\/2024\/10\/Manufacturer-Cookie-Packaging-Bags\uff081\uff09-660x660.webp 660w\" sizes=\"(max-width: 750px) 100vw, 750px\" \/><\/figure>\n<\/div>\n<\/div>\n\n\n\n<p><\/p>","protected":false},"excerpt":{"rendered":"<p>Saiba como as nossas ideias criativas e personalizadas de embalagens de bolachas para sacos s\u00e3o feitas com pel\u00edculas de embalagem compostas de qualidade alimentar amigas do ambiente. A aplica\u00e7\u00e3o de materiais comp\u00f3sitos pode proporcionar boas fun\u00e7\u00f5es \u00e0 prova de humidade e anti-oxida\u00e7\u00e3o, e as elevadas propriedades de barreira garantem a secura e a seguran\u00e7a dos produtos, assegurando que os produtos n\u00e3o se deterioram devido \u00e0 humidade. O design do fundo alargado e das costuras laterais torna todo o saco mais inclusivo. Contacte-nos hoje para obter um or\u00e7amento, estamos empenhados em fornecer solu\u00e7\u00f5es de embalagem \u00fanicas, ecol\u00f3gicas e de alta qualidade.<\/p>\n<h3>Vantagens das ideias de embalagem de bolachas para o fabricante de sacos<\/h3>\n<ul>\n<li>Design personalizado: Fornecemos servi\u00e7o de saco de embalagem personalizado, incluindo material, tamanho e personaliza\u00e7\u00e3o do padr\u00e3o de impress\u00e3o para atender \u00e0s necessidades do cliente, e apoiamos OEM e ODM.<\/li>\n<li>Fabrico: Com equipamento e tecnologia avan\u00e7ados, podemos completar a produ\u00e7\u00e3o da encomenda com elevada efici\u00eancia e qualidade, e podemos entregar a tempo.<\/li>\n<li>Inspe\u00e7\u00e3o da qualidade: Seguir rigorosamente as normas de qualidade e os requisitos de seguran\u00e7a alimentar para a produ\u00e7\u00e3o, para garantir que os produtos cumprem as normas.<\/li>\n<li>Servi\u00e7o de apoio ao cliente: 24 horas para fornecer uma resposta r\u00e1pida e um servi\u00e7o de apoio ao cliente atencioso.<\/li>\n<li>Amostra gr\u00e1tis\uff1a Fornecer servi\u00e7o de amostra gr\u00e1tis para voc\u00ea avaliar os produtos.<\/li>\n<\/ul>\n<p><a href=\"https:\/\/www.hyflexpack.com\/pt\/\"><strong>Embalagens Huiyang<\/strong><\/a> est\u00e1 empenhada em fornecer aos clientes sacos de embalagem de bolachas personalizados e de alta qualidade para os ajudar a melhorar a imagem dos seus produtos e a aumentar a sua competitividade no mercado.<\/p>","protected":false},"featured_media":5507,"comment_status":"open","ping_status":"closed","template":"","meta":[],"product_brand":[],"product_cat":[51,57],"product_tag":[],"class_list":{"0":"post-5520","1":"product","2":"type-product","3":"status-publish","4":"has-post-thumbnail","6":"product_cat-custom-food-packaging-bags","7":"product_cat-snack-packaging-bags-wholesale","9":"first","10":"instock","11":"shipping-taxable","12":"product-type-simple"},"_links":{"self":[{"href":"https:\/\/www.hyflexpack.com\/pt\/wp-json\/wp\/v2\/product\/5520","targetHints":{"allow":["GET"]}}],"collection":[{"href":"https:\/\/www.hyflexpack.com\/pt\/wp-json\/wp\/v2\/product"}],"about":[{"href":"https:\/\/www.hyflexpack.com\/pt\/wp-json\/wp\/v2\/types\/product"}],"replies":[{"embeddable":true,"href":"https:\/\/www.hyflexpack.com\/pt\/wp-json\/wp\/v2\/comments?post=5520"}],"wp:featuredmedia":[{"embeddable":true,"href":"https:\/\/www.hyflexpack.com\/pt\/wp-json\/wp\/v2\/media\/5507"}],"wp:attachment":[{"href":"https:\/\/www.hyflexpack.com\/pt\/wp-json\/wp\/v2\/media?parent=5520"}],"wp:term":[{"taxonomy":"product_brand","embeddable":true,"href":"https:\/\/www.hyflexpack.com\/pt\/wp-json\/wp\/v2\/product_brand?post=5520"},{"taxonomy":"product_cat","embeddable":true,"href":"https:\/\/www.hyflexpack.com\/pt\/wp-json\/wp\/v2\/product_cat?post=5520"},{"taxonomy":"product_tag","embeddable":true,"href":"https:\/\/www.hyflexpack.com\/pt\/wp-json\/wp\/v2\/product_tag?post=5520"}],"curies":[{"name":"wp","href":"https:\/\/api.w.org\/{rel}","templated":true}]}}