{"id":5457,"date":"2024-10-15T01:55:41","date_gmt":"2024-10-15T01:55:41","guid":{"rendered":"https:\/\/www.hyflexpack.com\/?post_type=product&#038;p=5457"},"modified":"2024-12-13T06:49:16","modified_gmt":"2024-12-13T06:49:16","slug":"custom-chips-packaging-roll-film","status":"publish","type":"product","link":"https:\/\/www.hyflexpack.com\/pt\/product\/custom-chips-packaging-roll-film\/","title":{"rendered":"Filme em rolo para embalagem de batatas fritas personalizadas,Filme de lamina\u00e7\u00e3o para embalagem de sacos de pipoca"},"content":{"rendered":"<div class=\"wp-block-columns is-layout-flex wp-container-core-columns-is-layout-9d6595d7 wp-block-columns-is-layout-flex\">\n<div class=\"wp-block-column is-layout-flow wp-block-column-is-layout-flow\">\n<h3 class=\"wp-block-heading\">Features of High Quality Chips Packaging Roll Film<\/h3>\n\n\n\n<ul class=\"wp-block-list\">\n<li><strong>Material de alta qualidade<\/strong>: Popcorn snack bags are made from high-quality packaging film materials, which ensures food-grade safety, nontoxic, and odorless. Strong and durable, it is suitable for a variety of food packages.<\/li>\n\n\n\n<li><strong>Embalagem eficiente<\/strong>: It is designed for automatic packing equipment aimed at improving production efficiency. The smooth design of the chips packaging roll film ensures that there will be no paper jams during high-speed packing.<\/li>\n\n\n\n<li><strong>Excellent Protection Performance<\/strong>: effectively avoids moisture and dust, extending the shelf life of potato chips. Good tear resistance protects chip integrity during transportation and storage.<\/li>\n\n\n\n<li><strong>Environment-friendly Option<\/strong>: It supports biodegradable and recyclable material for environmental protection requirements. Film thickness options are also provided to reduce material waste and lower the carbon footprint.<\/li>\n\n\n\n<li><strong>Pr\u00e1tico de utilizar<\/strong>: The chips packaging roll film is easy to heat seal, which can make it tight enough to protect potato chips from moisture. Film rolls are easily stored and handled, economizing on warehouse space.<\/li>\n<\/ul>\n<\/div>\n\n\n\n<div class=\"wp-block-column is-layout-flow wp-block-column-is-layout-flow\">\n<figure class=\"wp-block-image size-full\"><img decoding=\"async\" src=\"https:\/\/www.hyflexpack.com\/wp-content\/uploads\/2024\/10\/wholesale-chips-packaging-roll3.webp\" alt=\"wholesale chips packaging roll\" class=\"wp-image-5445\"\/><\/figure>\n<\/div>\n<\/div>\n\n\n\n<p><\/p>","protected":false},"excerpt":{"rendered":"<p>Premium custom chips packaging roll film for wholesale, ideal for snack flexible packaging with durable laminating film, perfect for preserving freshness and enhancing shelf appeal. Feel free to contact us for free design and samples!<\/p>\n<h3>Advantages of Chips Packaging Roll Film Supplier<\/h3>\n<ul>\n<li>Design personalizado: Fornecemos servi\u00e7os personalizados, incluindo personaliza\u00e7\u00e3o de material, tamanho e padr\u00e3o de impress\u00e3o para atender \u00e0s necessidades do cliente, e apoiamos OEM e ODM.<\/li>\n<li>Fabrico: Com equipamento e tecnologia avan\u00e7ados, podemos completar a produ\u00e7\u00e3o de encomendas de forma eficiente e com alta qualidade, e podemos entregar a tempo.<\/li>\n<li>Inspe\u00e7\u00e3o da qualidade: A produ\u00e7\u00e3o \u00e9 efectuada em estrita conformidade com as normas de qualidade e os requisitos de seguran\u00e7a alimentar para garantir que os produtos cumprem as normas.<\/li>\n<li>Certifica\u00e7\u00e3o<strong>\uff1a<\/strong>\u00a0FDA\/BRC\/ISO 9001\/RoHS<\/li>\n<li>Customer service: 24 hours to provide fast response and thoughtful customer service support.<\/li>\n<li>Amostra gr\u00e1tis: Fornecer um servi\u00e7o de amostra gr\u00e1tis para que possa avaliar o produto.<\/li>\n<\/ul>\n<p><strong>Embalagens Huiyang<\/strong> is committed to providing customers with food-grade\u00a0popcorn snack bags to help customers improve their product image and enhance their market competitiveness.<\/p>","protected":false},"featured_media":5445,"comment_status":"open","ping_status":"closed","template":"","meta":[],"product_brand":[],"product_cat":[53,57],"product_tag":[],"class_list":{"0":"post-5457","1":"product","2":"type-product","3":"status-publish","4":"has-post-thumbnail","6":"product_cat-packaging-film-supplier","7":"product_cat-snack-packaging-bags-wholesale","9":"first","10":"instock","11":"shipping-taxable","12":"product-type-simple"},"_links":{"self":[{"href":"https:\/\/www.hyflexpack.com\/pt\/wp-json\/wp\/v2\/product\/5457","targetHints":{"allow":["GET"]}}],"collection":[{"href":"https:\/\/www.hyflexpack.com\/pt\/wp-json\/wp\/v2\/product"}],"about":[{"href":"https:\/\/www.hyflexpack.com\/pt\/wp-json\/wp\/v2\/types\/product"}],"replies":[{"embeddable":true,"href":"https:\/\/www.hyflexpack.com\/pt\/wp-json\/wp\/v2\/comments?post=5457"}],"wp:featuredmedia":[{"embeddable":true,"href":"https:\/\/www.hyflexpack.com\/pt\/wp-json\/wp\/v2\/media\/5445"}],"wp:attachment":[{"href":"https:\/\/www.hyflexpack.com\/pt\/wp-json\/wp\/v2\/media?parent=5457"}],"wp:term":[{"taxonomy":"product_brand","embeddable":true,"href":"https:\/\/www.hyflexpack.com\/pt\/wp-json\/wp\/v2\/product_brand?post=5457"},{"taxonomy":"product_cat","embeddable":true,"href":"https:\/\/www.hyflexpack.com\/pt\/wp-json\/wp\/v2\/product_cat?post=5457"},{"taxonomy":"product_tag","embeddable":true,"href":"https:\/\/www.hyflexpack.com\/pt\/wp-json\/wp\/v2\/product_tag?post=5457"}],"curies":[{"name":"wp","href":"https:\/\/api.w.org\/{rel}","templated":true}]}}