{"id":5403,"date":"2024-09-28T03:41:43","date_gmt":"2024-09-28T03:41:43","guid":{"rendered":"https:\/\/www.hyflexpack.com\/?post_type=product&#038;p=5403"},"modified":"2025-11-04T09:12:14","modified_gmt":"2025-11-04T09:12:14","slug":"wholesale-fruit-juice-packaging-bags","status":"publish","type":"product","link":"https:\/\/www.hyflexpack.com\/pt\/product\/wholesale-fruit-juice-packaging-bags\/","title":{"rendered":"Embalagem de sumo de fruta por atacado Bolsa de alum\u00ednio com bico Stand Up Food Pouch"},"content":{"rendered":"<div class=\"wp-block-columns is-layout-flex wp-container-core-columns-is-layout-9d6595d7 wp-block-columns-is-layout-flex\">\n<div class=\"wp-block-column is-layout-flow wp-block-column-is-layout-flow\">\n<h3 class=\"wp-block-heading\">Features of High Quality Fruit Juice Packaging Bag<\/h3>\n\n\n\n<ul class=\"wp-block-list\">\n<li><strong>Premium Aluminum Material: The <\/strong>Juice packaging bag is made of high-quality aluminum foil material with a<strong> <\/strong>high barrier to moisture and light with high puncture resistance juice pouches to ensure fresh juice can be packaged for a long time.<\/li>\n<\/ul>\n\n\n\n<p><\/p>\n\n\n\n<ul class=\"wp-block-list\">\n<li><strong>Foil Pouch with Spout<\/strong>: The fruit juice packaging comes with an easy-open nozzle, reclosable spout, and resealable features for children and families.<\/li>\n<\/ul>\n\n\n\n<p><\/p>\n\n\n\n<ul class=\"wp-block-list\">\n<li><strong>Conce\u00e7\u00e3o Stand-Up<\/strong>: Unique stand-up bottom design, easy to display and arrange, saving storage space.<\/li>\n<\/ul>\n\n\n\n<p><\/p>\n\n\n\n<ul class=\"wp-block-list\">\n<li><strong>Surface Finish<\/strong>: Matte, glossy, or partial UV, full-color printing, up to 10 colors.<\/li>\n<\/ul>\n\n\n\n<p><\/p>\n\n\n\n<ul class=\"wp-block-list\">\n<li><strong>Leve e port\u00e1til<\/strong>: Lightweight design, lightweight and easy to carry, perfect for use on the go.<\/li>\n<\/ul>\n\n\n\n<p><\/p>\n\n\n\n<ul class=\"wp-block-list\">\n<li><strong>Materiais amigos do ambiente<\/strong>: Recyclable materials can be used to meet environmental requirements and attract environmentally conscious consumers.<\/li>\n<\/ul>\n<\/div>\n\n\n\n<div class=\"wp-block-column is-layout-flow wp-block-column-is-layout-flow\">\n<figure class=\"wp-block-image size-full\"><img fetchpriority=\"high\" decoding=\"async\" width=\"750\" height=\"750\" src=\"https:\/\/www.hyflexpack.com\/wp-content\/uploads\/2024\/09\/Manufacturers-Juice-Packaging\uff081\uff09.webp\" alt=\"Embalagem de sumo de fruta por atacado Bolsa de alum\u00ednio com bico\" class=\"wp-image-5404\" srcset=\"https:\/\/www.hyflexpack.com\/wp-content\/uploads\/2024\/09\/Manufacturers-Juice-Packaging\uff081\uff09.webp 750w, https:\/\/www.hyflexpack.com\/wp-content\/uploads\/2024\/09\/Manufacturers-Juice-Packaging\uff081\uff09-300x300.webp 300w, https:\/\/www.hyflexpack.com\/wp-content\/uploads\/2024\/09\/Manufacturers-Juice-Packaging\uff081\uff09-150x150.webp 150w, https:\/\/www.hyflexpack.com\/wp-content\/uploads\/2024\/09\/Manufacturers-Juice-Packaging\uff081\uff09-12x12.webp 12w, https:\/\/www.hyflexpack.com\/wp-content\/uploads\/2024\/09\/Manufacturers-Juice-Packaging\uff081\uff09-285x285.webp 285w, https:\/\/www.hyflexpack.com\/wp-content\/uploads\/2024\/09\/Manufacturers-Juice-Packaging\uff081\uff09-270x270.webp 270w, https:\/\/www.hyflexpack.com\/wp-content\/uploads\/2024\/09\/Manufacturers-Juice-Packaging\uff081\uff09-540x540.webp 540w, https:\/\/www.hyflexpack.com\/wp-content\/uploads\/2024\/09\/Manufacturers-Juice-Packaging\uff081\uff09-660x660.webp 660w\" sizes=\"(max-width: 750px) 100vw, 750px\" \/><\/figure>\n<\/div>\n<\/div>\n\n\n\n<p><\/p>","protected":false},"excerpt":{"rendered":"<p>Our creatively designed high puncture resistance fruit juice packaging bags are made of high oxygen barrier food material, Huiyang Packaging offers high-quality juice pouches with short delivery time at a competitive price. Various shapes and designs are available. Customized designs, shapes, and logos are acceptable. Welcome to contact us for ordering.<\/p>\n<h3>Advantages of Fruit Juice Packaging Supplier<\/h3>\n<p>\u25cfCustomized design: We provide customized services for juice packaging bags, including material, size, and printing pattern customization to meet customer needs, and support OEM and ODM.<\/p>\n<p>\u25cfManufacturing: With advanced equipment and technology, we can complete order production efficiently and with high quality, and can deliver on time.<\/p>\n<p>Inspe\u00e7\u00e3o da qualidade: A produ\u00e7\u00e3o \u00e9 efectuada em estrita conformidade com as normas de qualidade e os requisitos de seguran\u00e7a alimentar para garantir que os produtos cumprem as normas.<\/p>\n<p>\u25cfCustomer service: 24 hours to provide fast response and thoughtful customer service support.<\/p>\n<p>\u25cfFree sample: Free sample service is provided for you to evaluate the product.\u00a0<\/p>","protected":false},"featured_media":5404,"comment_status":"open","ping_status":"closed","template":"","meta":[],"product_brand":[],"product_cat":[51,103],"product_tag":[],"class_list":{"0":"post-5403","1":"product","2":"type-product","3":"status-publish","4":"has-post-thumbnail","6":"product_cat-custom-food-packaging-bags","7":"product_cat-beverage-packaging-bags-supplier","9":"first","10":"instock","11":"shipping-taxable","12":"product-type-simple"},"_links":{"self":[{"href":"https:\/\/www.hyflexpack.com\/pt\/wp-json\/wp\/v2\/product\/5403","targetHints":{"allow":["GET"]}}],"collection":[{"href":"https:\/\/www.hyflexpack.com\/pt\/wp-json\/wp\/v2\/product"}],"about":[{"href":"https:\/\/www.hyflexpack.com\/pt\/wp-json\/wp\/v2\/types\/product"}],"replies":[{"embeddable":true,"href":"https:\/\/www.hyflexpack.com\/pt\/wp-json\/wp\/v2\/comments?post=5403"}],"wp:featuredmedia":[{"embeddable":true,"href":"https:\/\/www.hyflexpack.com\/pt\/wp-json\/wp\/v2\/media\/5404"}],"wp:attachment":[{"href":"https:\/\/www.hyflexpack.com\/pt\/wp-json\/wp\/v2\/media?parent=5403"}],"wp:term":[{"taxonomy":"product_brand","embeddable":true,"href":"https:\/\/www.hyflexpack.com\/pt\/wp-json\/wp\/v2\/product_brand?post=5403"},{"taxonomy":"product_cat","embeddable":true,"href":"https:\/\/www.hyflexpack.com\/pt\/wp-json\/wp\/v2\/product_cat?post=5403"},{"taxonomy":"product_tag","embeddable":true,"href":"https:\/\/www.hyflexpack.com\/pt\/wp-json\/wp\/v2\/product_tag?post=5403"}],"curies":[{"name":"wp","href":"https:\/\/api.w.org\/{rel}","templated":true}]}}