{"id":5395,"date":"2024-09-28T06:24:18","date_gmt":"2024-09-28T06:24:18","guid":{"rendered":"https:\/\/www.hyflexpack.com\/?post_type=product&#038;p=5395"},"modified":"2025-11-04T08:20:31","modified_gmt":"2025-11-04T08:20:31","slug":"custom-candy-bags-packaging","status":"publish","type":"product","link":"https:\/\/www.hyflexpack.com\/pt\/product\/custom-candy-bags-packaging\/","title":{"rendered":"Sacos de doces impressos personalizados Embalagem Stand Up Food Pouch F\u00e1brica"},"content":{"rendered":"<div class=\"wp-block-columns is-layout-flex wp-container-core-columns-is-layout-9d6595d7 wp-block-columns-is-layout-flex\">\n<div class=\"wp-block-column is-layout-flow wp-block-column-is-layout-flow\">\n<h3 class=\"wp-block-heading\">Carater\u00edsticas dos sacos para bombons impressos personalizados Premium<\/h3>\n\n\n\n<ul class=\"wp-block-list\">\n<li><strong>Design aut\u00f3nomo<\/strong>: os sacos de rebu\u00e7ados reutiliz\u00e1veis s\u00e3o concebidos com um fundo aut\u00f3nomo \u00fanico para uma coloca\u00e7\u00e3o e exposi\u00e7\u00e3o adequadas, poupando espa\u00e7o de armazenamento.<\/li>\n<\/ul>\n\n\n\n<p><\/p>\n\n\n\n<ul class=\"wp-block-list\">\n<li><strong>Material de alta barreira: <\/strong>Isto permite que os doces em sacos de doces impressos personalizados permane\u00e7am mais frescos durante mais tempo do que as embalagens de doces tradicionais, aumentando assim o prazo de validade! Mant\u00e9m os rebu\u00e7ados frescos e saborosos.<\/li>\n<\/ul>\n\n\n\n<p><\/p>\n\n\n\n<ul class=\"wp-block-list\">\n<li><strong>Especifica\u00e7\u00f5es m\u00faltiplas<\/strong>: Oferece uma variedade de op\u00e7\u00f5es de tamanho e capacidade para acomodar diferentes necessidades de produtos.<\/li>\n<\/ul>\n\n\n\n<p><\/p>\n\n\n\n<ul class=\"wp-block-list\">\n<li><strong>F\u00e1cil de fechar<\/strong>S\u00e3o fornecidos fechos de correr, o que permite aos clientes armazenar os doces de forma flex\u00edvel, garantindo a integridade da embalagem e protegendo-a da humidade e do p\u00f3.<\/li>\n<\/ul>\n\n\n\n<p><\/p>\n\n\n\n<ul class=\"wp-block-list\">\n<li><strong>Op\u00e7\u00f5es ecol\u00f3gicas<\/strong>: Os materiais recicl\u00e1veis ou biodegrad\u00e1veis est\u00e3o dispon\u00edveis para cumprir as normas ambientais e apelar aos consumidores preocupados com o ambiente.<\/li>\n<\/ul>\n\n\n\n<p><\/p>\n\n\n\n<ul class=\"wp-block-list\">\n<li><strong>Poupan\u00e7a de custos: <\/strong>Sacos de rebu\u00e7ados impressos por medida A embalagem em sacos flex\u00edveis pode reduzir os custos em compara\u00e7\u00e3o com op\u00e7\u00f5es mais dispendiosas, como as caixas de cart\u00e3o.<\/li>\n<\/ul>\n<\/div>\n\n\n\n<div class=\"wp-block-column is-layout-flow wp-block-column-is-layout-flow\">\n<figure class=\"wp-block-image size-full\"><img fetchpriority=\"high\" decoding=\"async\" width=\"750\" height=\"750\" src=\"https:\/\/www.hyflexpack.com\/wp-content\/uploads\/2024\/09\/Custom-Candy-Wrapper-Packaging\uff082\uff09.webp\" alt=\"Sacos de bombons impressos personalizados\" class=\"wp-image-5397\" srcset=\"https:\/\/www.hyflexpack.com\/wp-content\/uploads\/2024\/09\/Custom-Candy-Wrapper-Packaging\uff082\uff09.webp 750w, https:\/\/www.hyflexpack.com\/wp-content\/uploads\/2024\/09\/Custom-Candy-Wrapper-Packaging\uff082\uff09-300x300.webp 300w, https:\/\/www.hyflexpack.com\/wp-content\/uploads\/2024\/09\/Custom-Candy-Wrapper-Packaging\uff082\uff09-150x150.webp 150w, https:\/\/www.hyflexpack.com\/wp-content\/uploads\/2024\/09\/Custom-Candy-Wrapper-Packaging\uff082\uff09-12x12.webp 12w, https:\/\/www.hyflexpack.com\/wp-content\/uploads\/2024\/09\/Custom-Candy-Wrapper-Packaging\uff082\uff09-285x285.webp 285w, https:\/\/www.hyflexpack.com\/wp-content\/uploads\/2024\/09\/Custom-Candy-Wrapper-Packaging\uff082\uff09-270x270.webp 270w, https:\/\/www.hyflexpack.com\/wp-content\/uploads\/2024\/09\/Custom-Candy-Wrapper-Packaging\uff082\uff09-540x540.webp 540w, https:\/\/www.hyflexpack.com\/wp-content\/uploads\/2024\/09\/Custom-Candy-Wrapper-Packaging\uff082\uff09-660x660.webp 660w\" sizes=\"(max-width: 750px) 100vw, 750px\" \/><\/figure>\n<\/div>\n<\/div>\n\n\n\n<p><\/p>","protected":false},"excerpt":{"rendered":"<p>Interessado em sacos de rebu\u00e7ados personalizados por atacado? A Huiyang Packaging oferece embalagens flex\u00edveis para rebu\u00e7ados numa variedade de formatos e acabamentos diferentes que podem ser personalizados com o trabalho art\u00edstico da sua empresa.<\/p>\n<h3>Vantagens do fornecedor de sacos para bombons<\/h3>\n<ul>\n<li><strong style=\"box-sizing: border-box;\">Design personalizado<\/strong>: Fornece solu\u00e7\u00f5es de design personalizado, suporta OEM\/ODM, personalizado com diferentes especifica\u00e7\u00f5es, tamanhos, padr\u00f5es de impress\u00e3o, etc.<\/li>\n<li><strong style=\"box-sizing: border-box;\">Garantia de qualidade<\/strong>: Controlar o processo de produ\u00e7\u00e3o, dispor de materiais de alta qualidade e de equipamentos avan\u00e7ados para garantir a qualidade do produto.<\/li>\n<li><strong style=\"box-sizing: border-box;\">Entrega atempada<\/strong>: Otimizar o processo de produ\u00e7\u00e3o e melhorar a efici\u00eancia da produ\u00e7\u00e3o para garantir a entrega atempada e satisfazer as necessidades urgentes dos clientes.<\/li>\n<li><strong style=\"box-sizing: border-box;\">Suporte t\u00e9cnico profissional<\/strong>: A equipa t\u00e9cnica experiente fornece apoio t\u00e9cnico profissional e servi\u00e7o de consultoria p\u00f3s-venda 24 horas por dia.<\/li>\n<li><strong style=\"box-sizing: border-box;\">Amostra gr\u00e1tis<\/strong>: Fornecer servi\u00e7o de amostra gr\u00e1tis para avaliar os produtos.<\/li>\n<\/ul>\n<p><a href=\"https:\/\/www.hyflexpack.com\/pt\/\"><strong>Embalagens Huiyang<\/strong><\/a> oferece os divertidos sacos para rebu\u00e7ados para linhas de embalagem de alta velocidade. Resistentes \u00e0 humidade e \u00e0 abras\u00e3o; elevada barreira ao oxig\u00e9nio e \u00e0 luz para embalar produtos durante longos per\u00edodos de tempo. Fa\u00e7a com que os seus sacos para bombons personalizados aumentem a notoriedade da marca com bolsas econ\u00f3micas impressas com o log\u00f3tipo da sua empresa.<\/p>\n<p>&nbsp;<\/p>","protected":false},"featured_media":5396,"comment_status":"open","ping_status":"closed","template":"","meta":[],"product_brand":[],"product_cat":[51,107,57],"product_tag":[],"class_list":{"0":"post-5395","1":"product","2":"type-product","3":"status-publish","4":"has-post-thumbnail","6":"product_cat-custom-food-packaging-bags","7":"product_cat-candy-packaging-bags-wholesale","8":"product_cat-snack-packaging-bags-wholesale","10":"first","11":"instock","12":"shipping-taxable","13":"product-type-simple"},"_links":{"self":[{"href":"https:\/\/www.hyflexpack.com\/pt\/wp-json\/wp\/v2\/product\/5395","targetHints":{"allow":["GET"]}}],"collection":[{"href":"https:\/\/www.hyflexpack.com\/pt\/wp-json\/wp\/v2\/product"}],"about":[{"href":"https:\/\/www.hyflexpack.com\/pt\/wp-json\/wp\/v2\/types\/product"}],"replies":[{"embeddable":true,"href":"https:\/\/www.hyflexpack.com\/pt\/wp-json\/wp\/v2\/comments?post=5395"}],"wp:featuredmedia":[{"embeddable":true,"href":"https:\/\/www.hyflexpack.com\/pt\/wp-json\/wp\/v2\/media\/5396"}],"wp:attachment":[{"href":"https:\/\/www.hyflexpack.com\/pt\/wp-json\/wp\/v2\/media?parent=5395"}],"wp:term":[{"taxonomy":"product_brand","embeddable":true,"href":"https:\/\/www.hyflexpack.com\/pt\/wp-json\/wp\/v2\/product_brand?post=5395"},{"taxonomy":"product_cat","embeddable":true,"href":"https:\/\/www.hyflexpack.com\/pt\/wp-json\/wp\/v2\/product_cat?post=5395"},{"taxonomy":"product_tag","embeddable":true,"href":"https:\/\/www.hyflexpack.com\/pt\/wp-json\/wp\/v2\/product_tag?post=5395"}],"curies":[{"name":"wp","href":"https:\/\/api.w.org\/{rel}","templated":true}]}}