{"id":5364,"date":"2024-09-22T18:06:38","date_gmt":"2024-09-22T18:06:38","guid":{"rendered":"https:\/\/www.hyflexpack.com\/?post_type=product&#038;p=5364"},"modified":"2025-10-23T08:57:10","modified_gmt":"2025-10-23T08:57:10","slug":"wholesale-chips-packaging-bags","status":"publish","type":"product","link":"https:\/\/www.hyflexpack.com\/pt\/product\/wholesale-chips-packaging-bags\/","title":{"rendered":"Sacos de embalagem de batatas fritas por atacado Stand Up Pouch Fabricante de embalagens de batatas fritas de camar\u00e3o"},"content":{"rendered":"<div class=\"wp-block-columns is-layout-flex wp-container-core-columns-is-layout-9d6595d7 wp-block-columns-is-layout-flex\">\n<div class=\"wp-block-column is-layout-flow wp-block-column-is-layout-flow\">\n<h3 class=\"wp-block-heading\">Carater\u00edsticas dos sacos de embalagem de batatas fritas de alta qualidade<\/h3>\n\n\n\n<ul class=\"wp-block-list\">\n<li>Material ecol\u00f3gico premium: use material ecol\u00f3gico de alta qualidade que seja de qualidade alimentar para garantir que os sacos de embalagem de batatas fritas de camar\u00e3o sejam barreira e secos.<\/li>\n<\/ul>\n\n\n\n<p><\/p>\n\n\n\n<ul class=\"wp-block-list\">\n<li>Embalagem de p\u00e9: Adoptando um design \u00fanico em p\u00e9, \u00e9 f\u00e1cil de expor em v\u00e1rias salas de exposi\u00e7\u00e3o e outros eventos para atrair a aten\u00e7\u00e3o dos consumidores.<\/li>\n<\/ul>\n\n\n\n<p><\/p>\n\n\n\n<ul class=\"wp-block-list\">\n<li>Selagem forte: Excelente desempenho de selagem contra a humidade e a oxida\u00e7\u00e3o para manter a croc\u00e2ncia e o sabor.<\/li>\n<\/ul>\n\n\n\n<p><\/p>\n\n\n\n<ul class=\"wp-block-list\">\n<li>Leve e f\u00e1cil de transportar: Adequado para venda a retalho e transporte em viagem, satisfazendo as necessidades dos consumidores modernos.<\/li>\n<\/ul>\n<\/div>\n\n\n\n<div class=\"wp-block-column is-layout-flow wp-block-column-is-layout-flow\">\n<figure class=\"wp-block-image size-full\"><img fetchpriority=\"high\" decoding=\"async\" width=\"750\" height=\"750\" src=\"https:\/\/www.hyflexpack.com\/wp-content\/uploads\/2024\/09\/Wholesaler-Chips-Packaging-Bags1.webp\" alt=\"Sacos de embalagem de batatas fritas para grossistas\" class=\"wp-image-5349\" srcset=\"https:\/\/www.hyflexpack.com\/wp-content\/uploads\/2024\/09\/Wholesaler-Chips-Packaging-Bags1.webp 750w, https:\/\/www.hyflexpack.com\/wp-content\/uploads\/2024\/09\/Wholesaler-Chips-Packaging-Bags1-300x300.webp 300w, https:\/\/www.hyflexpack.com\/wp-content\/uploads\/2024\/09\/Wholesaler-Chips-Packaging-Bags1-150x150.webp 150w, https:\/\/www.hyflexpack.com\/wp-content\/uploads\/2024\/09\/Wholesaler-Chips-Packaging-Bags1-12x12.webp 12w, https:\/\/www.hyflexpack.com\/wp-content\/uploads\/2024\/09\/Wholesaler-Chips-Packaging-Bags1-285x285.webp 285w, https:\/\/www.hyflexpack.com\/wp-content\/uploads\/2024\/09\/Wholesaler-Chips-Packaging-Bags1-270x270.webp 270w, https:\/\/www.hyflexpack.com\/wp-content\/uploads\/2024\/09\/Wholesaler-Chips-Packaging-Bags1-540x540.webp 540w, https:\/\/www.hyflexpack.com\/wp-content\/uploads\/2024\/09\/Wholesaler-Chips-Packaging-Bags1-660x660.webp 660w\" sizes=\"(max-width: 750px) 100vw, 750px\" \/><\/figure>\n<\/div>\n<\/div>\n\n\n\n<p><\/p>","protected":false},"excerpt":{"rendered":"<p>Descubra os sacos de embalagem de batatas fritas de camar\u00e3o por atacado, garantimos materiais ecol\u00f3gicos e desempenho de veda\u00e7\u00e3o, bem como o nosso design de embalagem \u00e9 esteticamente agrad\u00e1vel e pr\u00e1tico, protege a frescura do produto e acrescenta uma vantagem competitiva \u00e0 sua marca.<\/p>\n<p>\u25cf<strong>Design personalizado<\/strong>: Fornecemos servi\u00e7os personalizados para sacos de embalagem de chips, incluindo personaliza\u00e7\u00e3o de material, tamanho e padr\u00e3o de impress\u00e3o para atender \u00e0s necessidades do cliente, e apoiamos OEM e ODM.<\/p>\n<p>\u25cf<strong>Fabrico<\/strong>: Com equipamento e tecnologia avan\u00e7ados, podemos completar a produ\u00e7\u00e3o de encomendas de forma eficiente e com alta qualidade, e podemos entregar a tempo.<\/p>\n<p>\u25cf<strong>Controlo de qualidade<\/strong>: A produ\u00e7\u00e3o \u00e9 efectuada rigorosamente de acordo com as normas de qualidade e os requisitos de seguran\u00e7a alimentar para garantir que os produtos cumprem as normas.<\/p>\n<p>\u25cf<strong>Servi\u00e7o ao cliente<\/strong>: 24 horas para fornecer uma resposta r\u00e1pida e um servi\u00e7o de apoio ao cliente atencioso.<\/p>\n<p>\u25cf<strong>Amostra gr\u00e1tis<\/strong>: Fornecer um servi\u00e7o de amostra gr\u00e1tis para avaliar o produto. A Huiyang Packaging est\u00e1 empenhada em fornecer aos clientes sacos de embalagem de chips de alta qualidade para os ajudar a melhorar a imagem dos seus produtos e a aumentar a sua competitividade no mercado.<\/p>","protected":false},"featured_media":5349,"comment_status":"open","ping_status":"closed","template":"","meta":[],"product_brand":[],"product_cat":[57],"product_tag":[],"class_list":{"0":"post-5364","1":"product","2":"type-product","3":"status-publish","4":"has-post-thumbnail","6":"product_cat-snack-packaging-bags-wholesale","8":"first","9":"instock","10":"shipping-taxable","11":"product-type-simple"},"_links":{"self":[{"href":"https:\/\/www.hyflexpack.com\/pt\/wp-json\/wp\/v2\/product\/5364","targetHints":{"allow":["GET"]}}],"collection":[{"href":"https:\/\/www.hyflexpack.com\/pt\/wp-json\/wp\/v2\/product"}],"about":[{"href":"https:\/\/www.hyflexpack.com\/pt\/wp-json\/wp\/v2\/types\/product"}],"replies":[{"embeddable":true,"href":"https:\/\/www.hyflexpack.com\/pt\/wp-json\/wp\/v2\/comments?post=5364"}],"wp:featuredmedia":[{"embeddable":true,"href":"https:\/\/www.hyflexpack.com\/pt\/wp-json\/wp\/v2\/media\/5349"}],"wp:attachment":[{"href":"https:\/\/www.hyflexpack.com\/pt\/wp-json\/wp\/v2\/media?parent=5364"}],"wp:term":[{"taxonomy":"product_brand","embeddable":true,"href":"https:\/\/www.hyflexpack.com\/pt\/wp-json\/wp\/v2\/product_brand?post=5364"},{"taxonomy":"product_cat","embeddable":true,"href":"https:\/\/www.hyflexpack.com\/pt\/wp-json\/wp\/v2\/product_cat?post=5364"},{"taxonomy":"product_tag","embeddable":true,"href":"https:\/\/www.hyflexpack.com\/pt\/wp-json\/wp\/v2\/product_tag?post=5364"}],"curies":[{"name":"wp","href":"https:\/\/api.w.org\/{rel}","templated":true}]}}