{"id":5362,"date":"2024-09-22T18:30:39","date_gmt":"2024-09-22T18:30:39","guid":{"rendered":"https:\/\/www.hyflexpack.com\/?post_type=product&#038;p=5362"},"modified":"2025-11-04T09:09:10","modified_gmt":"2025-11-04T09:09:10","slug":"custom-dried-fruit-packaging-bags","status":"publish","type":"product","link":"https:\/\/www.hyflexpack.com\/pt\/product\/custom-dried-fruit-packaging-bags\/","title":{"rendered":"Sacos de embalagem personalizados para frutos secos Stand Up Food Pouch Embalagem flex\u00edvel com fecho de correr"},"content":{"rendered":"<div class=\"wp-block-columns is-layout-flex wp-container-core-columns-is-layout-9d6595d7 wp-block-columns-is-layout-flex\">\n<div class=\"wp-block-column is-layout-flow wp-block-column-is-layout-flow\">\n<h3 class=\"wp-block-heading\">Caracter\u00edsticas dos sacos de embalagem de frutos secos de alta qualidade<\/h3>\n\n\n\n<ul class=\"wp-block-list\">\n<li>Material de barreira dur\u00e1vel: A ado\u00e7\u00e3o de material de alta qualidade de grau comest\u00edvel garante que os sacos de embalagem de frutos secos s\u00e3o seguros, saud\u00e1veis e dur\u00e1veis, protegendo eficazmente a frescura dos frutos secos.<\/li>\n<\/ul>\n\n\n\n<p><\/p>\n\n\n\n<ul class=\"wp-block-list\">\n<li>Design de p\u00e9: Uma estrutura aut\u00f3noma \u00fanica faz com que o saco se mantenha firme, o que \u00e9 f\u00e1cil de exibir e mostrar.<\/li>\n<\/ul>\n\n\n\n<p><\/p>\n\n\n\n<ul class=\"wp-block-list\">\n<li>Fecho de correr: Os sacos de embalagem de frutos secos est\u00e3o equipados com fecho de correr, que desempenha um papel na selagem dos frutos secos e, ao mesmo tempo, \u00e9 conveniente abrir e fechar os sacos muitas vezes.<\/li>\n<\/ul>\n\n\n\n<p><\/p>\n\n\n\n<ul class=\"wp-block-list\">\n<li>Impress\u00e3o personaliz\u00e1vel: Ao ver o nosso padr\u00e3o de impress\u00e3o, sabemos que apoiamos o design de impress\u00e3o personalizado, ou seja, pode personalizar o padr\u00e3o e a informa\u00e7\u00e3o de acordo com a procura.<\/li>\n<\/ul>\n\n\n\n<p><\/p>\n\n\n\n<ul class=\"wp-block-list\">\n<li>Materiais amigos do ambiente: Utilizamos materiais ecol\u00f3gicos para satisfazer a procura de embalagens sustent\u00e1veis e atrair consumidores preocupados com o ambiente.<\/li>\n<\/ul>\n<\/div>\n\n\n\n<div class=\"wp-block-column is-layout-flow wp-block-column-is-layout-flow\">\n<figure class=\"wp-block-image size-full\"><img fetchpriority=\"high\" decoding=\"async\" width=\"750\" height=\"750\" src=\"https:\/\/www.hyflexpack.com\/wp-content\/uploads\/2024\/09\/Supplier-Dry-Fruits-Packaging-Bags1.webp\" alt=\"Fornecedor Sacos de embalagem para frutos secos\" class=\"wp-image-5341\" srcset=\"https:\/\/www.hyflexpack.com\/wp-content\/uploads\/2024\/09\/Supplier-Dry-Fruits-Packaging-Bags1.webp 750w, https:\/\/www.hyflexpack.com\/wp-content\/uploads\/2024\/09\/Supplier-Dry-Fruits-Packaging-Bags1-300x300.webp 300w, https:\/\/www.hyflexpack.com\/wp-content\/uploads\/2024\/09\/Supplier-Dry-Fruits-Packaging-Bags1-150x150.webp 150w, https:\/\/www.hyflexpack.com\/wp-content\/uploads\/2024\/09\/Supplier-Dry-Fruits-Packaging-Bags1-12x12.webp 12w, https:\/\/www.hyflexpack.com\/wp-content\/uploads\/2024\/09\/Supplier-Dry-Fruits-Packaging-Bags1-285x285.webp 285w, https:\/\/www.hyflexpack.com\/wp-content\/uploads\/2024\/09\/Supplier-Dry-Fruits-Packaging-Bags1-270x270.webp 270w, https:\/\/www.hyflexpack.com\/wp-content\/uploads\/2024\/09\/Supplier-Dry-Fruits-Packaging-Bags1-540x540.webp 540w, https:\/\/www.hyflexpack.com\/wp-content\/uploads\/2024\/09\/Supplier-Dry-Fruits-Packaging-Bags1-660x660.webp 660w\" sizes=\"(max-width: 750px) 100vw, 750px\" \/><\/figure>\n<\/div>\n<\/div>\n\n\n\n<p><\/p>","protected":false},"excerpt":{"rendered":"<p>Procura solu\u00e7\u00f5es de embalagem de qualidade para frutos secos? Escolha os sacos de embalagem de frutos secos personalizados da Huiyang Packaging, que apresentam um design aut\u00f3nomo e um fecho de correr pr\u00e1tico para garantir a frescura e a facilidade de armazenamento. Fabricados com materiais amigos do ambiente e com suporte para impress\u00e3o personalizada, apresentam na perfei\u00e7\u00e3o a imagem da sua marca e s\u00e3o adequados para uma variedade de necessidades de embalagem de alimentos.<\/p>\n<h3>Vantagens do fornecedor de sacos de embalagem de frutos secos<\/h3>\n<ul>\n<li><strong>Design personalizado<\/strong>: Fornecemos um servi\u00e7o personalizado de sacos de embalagem de frutos secos, incluindo material, tamanho e personaliza\u00e7\u00e3o do padr\u00e3o de impress\u00e3o para satisfazer as necessidades dos clientes, e apoiamos OEM e ODM.<\/li>\n<li><strong>Fabrico<\/strong>: Com equipamento e tecnologia avan\u00e7ados, podemos completar a produ\u00e7\u00e3o de encomendas com alta efici\u00eancia e alta qualidade, e entregar a tempo.<\/li>\n<li><strong>Inspe\u00e7\u00e3o da qualidade<\/strong>: Seguir rigorosamente as normas de qualidade e os requisitos de seguran\u00e7a alimentar para garantir que os produtos cumprem as normas.<\/li>\n<li><strong>Equipa de apoio t\u00e9cnico<\/strong>: A nossa equipa tem uma vasta experi\u00eancia na ind\u00fastria e conhecimentos profissionais, e pode fornecer apoio t\u00e9cnico e servi\u00e7o de consultoria 24 horas por dia aos nossos clientes.<\/li>\n<li><strong>Amostra gr\u00e1tis<\/strong>: Fornecer servi\u00e7o de amostra gr\u00e1tis para avaliar os produtos.<\/li>\n<\/ul>","protected":false},"featured_media":5341,"comment_status":"open","ping_status":"closed","template":"","meta":[],"product_brand":[],"product_cat":[51,87],"product_tag":[],"class_list":{"0":"post-5362","1":"product","2":"type-product","3":"status-publish","4":"has-post-thumbnail","6":"product_cat-custom-food-packaging-bags","7":"product_cat-dried-fruit-packaging-bags-wholesale","9":"first","10":"instock","11":"shipping-taxable","12":"product-type-simple"},"_links":{"self":[{"href":"https:\/\/www.hyflexpack.com\/pt\/wp-json\/wp\/v2\/product\/5362","targetHints":{"allow":["GET"]}}],"collection":[{"href":"https:\/\/www.hyflexpack.com\/pt\/wp-json\/wp\/v2\/product"}],"about":[{"href":"https:\/\/www.hyflexpack.com\/pt\/wp-json\/wp\/v2\/types\/product"}],"replies":[{"embeddable":true,"href":"https:\/\/www.hyflexpack.com\/pt\/wp-json\/wp\/v2\/comments?post=5362"}],"wp:featuredmedia":[{"embeddable":true,"href":"https:\/\/www.hyflexpack.com\/pt\/wp-json\/wp\/v2\/media\/5341"}],"wp:attachment":[{"href":"https:\/\/www.hyflexpack.com\/pt\/wp-json\/wp\/v2\/media?parent=5362"}],"wp:term":[{"taxonomy":"product_brand","embeddable":true,"href":"https:\/\/www.hyflexpack.com\/pt\/wp-json\/wp\/v2\/product_brand?post=5362"},{"taxonomy":"product_cat","embeddable":true,"href":"https:\/\/www.hyflexpack.com\/pt\/wp-json\/wp\/v2\/product_cat?post=5362"},{"taxonomy":"product_tag","embeddable":true,"href":"https:\/\/www.hyflexpack.com\/pt\/wp-json\/wp\/v2\/product_tag?post=5362"}],"curies":[{"name":"wp","href":"https:\/\/api.w.org\/{rel}","templated":true}]}}