{"id":5353,"date":"2024-09-22T06:14:06","date_gmt":"2024-09-22T06:14:06","guid":{"rendered":"https:\/\/www.hyflexpack.com\/?post_type=product&#038;p=5353"},"modified":"2024-09-22T18:06:20","modified_gmt":"2024-09-22T18:06:20","slug":"custom-plantain-chips-packaging-bags","status":"publish","type":"product","link":"https:\/\/www.hyflexpack.com\/pt\/product\/custom-plantain-chips-packaging-bags\/","title":{"rendered":"Impress\u00e3o personalizada Sacos de embalagem de batatas fritas de bananeira Stand Up Pouch compost\u00e1vel"},"content":{"rendered":"<div class=\"wp-block-columns is-layout-flex wp-container-core-columns-is-layout-9d6595d7 wp-block-columns-is-layout-flex\">\n<div class=\"wp-block-column is-layout-flow wp-block-column-is-layout-flow\">\n<h3 class=\"wp-block-heading\">Carater\u00edsticas dos sacos de embalagem de chips de banana-da-terra de alta qualidade<\/h3>\n\n\n\n<ul class=\"wp-block-list\">\n<li>Materiais amigos do ambiente: Utilizar materiais amigos do ambiente que cumpram os requisitos de prote\u00e7\u00e3o ambiental, tais como materiais biodegrad\u00e1veis ou materiais recicl\u00e1veis, para reduzir o impacto no ambiente. <\/li>\n<\/ul>\n\n\n\n<p><\/p>\n\n\n\n<ul class=\"wp-block-list\">\n<li>Materiais de alta barreira de qualidade alimentar: Os sacos de embalagem de chips de banana-da-terra utilizam materiais de qualidade alimentar para garantir que os alimentos s\u00e3o armazenados num ambiente limpo e higi\u00e9nico. <\/li>\n<\/ul>\n\n\n\n<p><\/p>\n\n\n\n<ul class=\"wp-block-list\">\n<li>Fecho de correr: Fecho de correr incorporado, pr\u00e1tico para v\u00e1rias aberturas. <\/li>\n<\/ul>\n\n\n\n<p><\/p>\n\n\n\n<ul class=\"wp-block-list\">\n<li>Design de saco de p\u00e9: A estrutura de p\u00e9, mais inclusiva, pode manter-se firme em prateleiras ou vitrinas depois de embalar os produtos, poupando espa\u00e7o de exposi\u00e7\u00e3o e melhorando os efeitos de exposi\u00e7\u00e3o dos produtos.<\/li>\n<\/ul>\n<\/div>\n\n\n\n<div class=\"wp-block-column is-layout-flow wp-block-column-is-layout-flow\">\n<figure class=\"wp-block-image size-full\"><img fetchpriority=\"high\" decoding=\"async\" width=\"750\" height=\"750\" src=\"https:\/\/www.hyflexpack.com\/wp-content\/uploads\/2024\/09\/plantain-chips-packaging-bags1.webp\" alt=\"Sacos de embalagem de chips de banana-da-terra personalizados\" class=\"wp-image-5334\" srcset=\"https:\/\/www.hyflexpack.com\/wp-content\/uploads\/2024\/09\/plantain-chips-packaging-bags1.webp 750w, https:\/\/www.hyflexpack.com\/wp-content\/uploads\/2024\/09\/plantain-chips-packaging-bags1-300x300.webp 300w, https:\/\/www.hyflexpack.com\/wp-content\/uploads\/2024\/09\/plantain-chips-packaging-bags1-150x150.webp 150w, https:\/\/www.hyflexpack.com\/wp-content\/uploads\/2024\/09\/plantain-chips-packaging-bags1-12x12.webp 12w, https:\/\/www.hyflexpack.com\/wp-content\/uploads\/2024\/09\/plantain-chips-packaging-bags1-285x285.webp 285w, https:\/\/www.hyflexpack.com\/wp-content\/uploads\/2024\/09\/plantain-chips-packaging-bags1-270x270.webp 270w, https:\/\/www.hyflexpack.com\/wp-content\/uploads\/2024\/09\/plantain-chips-packaging-bags1-540x540.webp 540w, https:\/\/www.hyflexpack.com\/wp-content\/uploads\/2024\/09\/plantain-chips-packaging-bags1-660x660.webp 660w\" sizes=\"(max-width: 750px) 100vw, 750px\" \/><\/figure>\n<\/div>\n<\/div>\n\n\n\n<p><\/p>","protected":false},"excerpt":{"rendered":"<p>Embalagem compost\u00e1vel de chips de banana-da-terra com impress\u00e3o de alta qualidade. Proporciona uma maior prote\u00e7\u00e3o do produto, ao mesmo tempo que apresenta o vibrante design personalizado da marca. Perfeita para solu\u00e7\u00f5es de embalagem de snacks sustent\u00e1veis.<\/p>\n<p>\u25cf<strong>Design personalizado<\/strong>: Fornecemos servi\u00e7os personalizados para sacos de embalagem de chips de banana-da-terra, incluindo material, tamanho e personaliza\u00e7\u00e3o do padr\u00e3o de impress\u00e3o para atender \u00e0s necessidades do cliente, e apoiamos OEM e ODM.<\/p>\n<p>\u25cf<strong>Fabrico<\/strong>: Com equipamento e tecnologia avan\u00e7ados, podemos completar a produ\u00e7\u00e3o de encomendas de forma eficiente e com alta qualidade, e podemos entregar a tempo.<\/p>\n<p>\u25cf<strong>Controlo de qualidade<\/strong>: A produ\u00e7\u00e3o \u00e9 efectuada em estrita conformidade com as normas de qualidade e os requisitos de seguran\u00e7a alimentar para garantir que os produtos cumprem as normas.<\/p>\n<p>\u25cf<strong>Servi\u00e7o ao cliente<\/strong>: 24 horas para fornecer uma resposta r\u00e1pida e um servi\u00e7o de apoio ao cliente atencioso.<\/p>\n<p>\u25cf<strong>Amostra gr\u00e1tis<\/strong>: Fornecer um servi\u00e7o de amostra gr\u00e1tis para avaliar o produto. A Huiyang Packaging est\u00e1 empenhada em fornecer aos clientes sacos de embalagem de chips de banana-da-terra de alta qualidade para ajudar os clientes a melhorar a imagem dos seus produtos e aumentar a sua competitividade no mercado. \u00a0<\/p>","protected":false},"featured_media":5334,"comment_status":"open","ping_status":"closed","template":"","meta":[],"product_brand":[],"product_cat":[51],"product_tag":[],"class_list":{"0":"post-5353","1":"product","2":"type-product","3":"status-publish","4":"has-post-thumbnail","6":"product_cat-custom-food-packaging-bags","8":"first","9":"instock","10":"shipping-taxable","11":"product-type-simple"},"_links":{"self":[{"href":"https:\/\/www.hyflexpack.com\/pt\/wp-json\/wp\/v2\/product\/5353","targetHints":{"allow":["GET"]}}],"collection":[{"href":"https:\/\/www.hyflexpack.com\/pt\/wp-json\/wp\/v2\/product"}],"about":[{"href":"https:\/\/www.hyflexpack.com\/pt\/wp-json\/wp\/v2\/types\/product"}],"replies":[{"embeddable":true,"href":"https:\/\/www.hyflexpack.com\/pt\/wp-json\/wp\/v2\/comments?post=5353"}],"wp:featuredmedia":[{"embeddable":true,"href":"https:\/\/www.hyflexpack.com\/pt\/wp-json\/wp\/v2\/media\/5334"}],"wp:attachment":[{"href":"https:\/\/www.hyflexpack.com\/pt\/wp-json\/wp\/v2\/media?parent=5353"}],"wp:term":[{"taxonomy":"product_brand","embeddable":true,"href":"https:\/\/www.hyflexpack.com\/pt\/wp-json\/wp\/v2\/product_brand?post=5353"},{"taxonomy":"product_cat","embeddable":true,"href":"https:\/\/www.hyflexpack.com\/pt\/wp-json\/wp\/v2\/product_cat?post=5353"},{"taxonomy":"product_tag","embeddable":true,"href":"https:\/\/www.hyflexpack.com\/pt\/wp-json\/wp\/v2\/product_tag?post=5353"}],"curies":[{"name":"wp","href":"https:\/\/api.w.org\/{rel}","templated":true}]}}