{"id":5300,"date":"2024-09-14T16:54:39","date_gmt":"2024-09-14T16:54:39","guid":{"rendered":"https:\/\/www.hyflexpack.com\/?post_type=product&#038;p=5300"},"modified":"2025-05-13T03:18:10","modified_gmt":"2025-05-13T03:18:10","slug":"best-coffee-bags-wholesale","status":"publish","type":"product","link":"https:\/\/www.hyflexpack.com\/pt\/product\/best-coffee-bags-wholesale\/","title":{"rendered":"Sacos de caf\u00e9 com z\u00edper impresso por atacado Sacos de embalagem de caf\u00e9 em p\u00e9 para embalagem de alimentos"},"content":{"rendered":"<div class=\"wp-block-columns is-layout-flex wp-container-core-columns-is-layout-9d6595d7 wp-block-columns-is-layout-flex\">\n<div class=\"wp-block-column is-layout-flow wp-block-column-is-layout-flow\">\n<h3 class=\"wp-block-heading\">Carater\u00edsticas dos sacos de caf\u00e9 de alta qualidade por atacado<\/h3>\n\n\n\n<ul class=\"wp-block-list\">\n<li><strong>Conce\u00e7\u00e3o Stand-Up<\/strong>: Os melhores sacos de caf\u00e9 s\u00e3o concebidos com bolsas de p\u00e9, s\u00e3o f\u00e1ceis de expor nas prateleiras e aumentam a visibilidade da marca.<\/li>\n<\/ul>\n\n\n\n<p><\/p>\n\n\n\n<ul class=\"wp-block-list\">\n<li><strong>Material de qualidade alimentar<\/strong>: Este utiliza material seguro para alimentos que cumpre as normas internacionais para garantir a qualidade e a seguran\u00e7a do caf\u00e9.<\/li>\n<\/ul>\n\n\n\n<p><\/p>\n\n\n\n<ul class=\"wp-block-list\">\n<li><strong>Design com fecho de correr<\/strong>: Os sacos de caf\u00e9 por grosso t\u00eam um fecho de correr pr\u00e1tico para garantir a frescura do caf\u00e9 e m\u00faltiplas utiliza\u00e7\u00f5es de abertura e fecho para armazenamento a longo prazo.<\/li>\n<\/ul>\n\n\n\n<p><\/p>\n\n\n\n<ul class=\"wp-block-list\">\n<li><strong>\u00c0 prova de humidade e fresco<\/strong>: Os sacos t\u00eam um excelente desempenho \u00e0 prova de humidade, impedindo a entrada de ar e conservando o aroma e o sabor do caf\u00e9.<\/li>\n<\/ul>\n\n\n\n<p><\/p>\n\n\n\n<ul class=\"wp-block-list\">\n<li><strong>Impress\u00e3o personalizada<\/strong>: Os sacos de caf\u00e9 personalizados por atacado oferecem servi\u00e7os de impress\u00e3o personalizados de alta qualidade para mostrar o design exclusivo da sua marca e aumentar o apelo do produto.<\/li>\n<\/ul>\n<\/div>\n\n\n\n<div class=\"wp-block-column is-layout-flow wp-block-column-is-layout-flow\">\n<figure class=\"wp-block-image size-full\"><img fetchpriority=\"high\" decoding=\"async\" width=\"750\" height=\"750\" src=\"https:\/\/www.hyflexpack.com\/wp-content\/uploads\/2024\/09\/Coffee-Bags-Wholesale-Stand-Up-Pouches-1.webp\" alt=\"Sacos de caf\u00e9 por atacado Stand Up Pouches (1)\" class=\"wp-image-6837\" srcset=\"https:\/\/www.hyflexpack.com\/wp-content\/uploads\/2024\/09\/Coffee-Bags-Wholesale-Stand-Up-Pouches-1.webp 750w, https:\/\/www.hyflexpack.com\/wp-content\/uploads\/2024\/09\/Coffee-Bags-Wholesale-Stand-Up-Pouches-1-300x300.webp 300w, https:\/\/www.hyflexpack.com\/wp-content\/uploads\/2024\/09\/Coffee-Bags-Wholesale-Stand-Up-Pouches-1-150x150.webp 150w, https:\/\/www.hyflexpack.com\/wp-content\/uploads\/2024\/09\/Coffee-Bags-Wholesale-Stand-Up-Pouches-1-12x12.webp 12w, https:\/\/www.hyflexpack.com\/wp-content\/uploads\/2024\/09\/Coffee-Bags-Wholesale-Stand-Up-Pouches-1-285x285.webp 285w, https:\/\/www.hyflexpack.com\/wp-content\/uploads\/2024\/09\/Coffee-Bags-Wholesale-Stand-Up-Pouches-1-270x270.webp 270w, https:\/\/www.hyflexpack.com\/wp-content\/uploads\/2024\/09\/Coffee-Bags-Wholesale-Stand-Up-Pouches-1-540x540.webp 540w, https:\/\/www.hyflexpack.com\/wp-content\/uploads\/2024\/09\/Coffee-Bags-Wholesale-Stand-Up-Pouches-1-660x660.webp 660w\" sizes=\"(max-width: 750px) 100vw, 750px\" \/><\/figure>\n<\/div>\n<\/div>\n\n\n\n<div class=\"wp-block-columns is-layout-flex wp-container-core-columns-is-layout-9d6595d7 wp-block-columns-is-layout-flex\">\n<div class=\"wp-block-column is-layout-flow wp-block-column-is-layout-flow\">\n<figure class=\"wp-block-image size-full\"><img decoding=\"async\" width=\"750\" height=\"750\" src=\"https:\/\/www.hyflexpack.com\/wp-content\/uploads\/2025\/05\/104946.webp\" alt=\"Sacos de caf\u00e9 por atacado-3\" class=\"wp-image-6834\" srcset=\"https:\/\/www.hyflexpack.com\/wp-content\/uploads\/2025\/05\/104946.webp 750w, https:\/\/www.hyflexpack.com\/wp-content\/uploads\/2025\/05\/104946-300x300.webp 300w, https:\/\/www.hyflexpack.com\/wp-content\/uploads\/2025\/05\/104946-150x150.webp 150w, https:\/\/www.hyflexpack.com\/wp-content\/uploads\/2025\/05\/104946-12x12.webp 12w, https:\/\/www.hyflexpack.com\/wp-content\/uploads\/2025\/05\/104946-285x285.webp 285w, https:\/\/www.hyflexpack.com\/wp-content\/uploads\/2025\/05\/104946-270x270.webp 270w, https:\/\/www.hyflexpack.com\/wp-content\/uploads\/2025\/05\/104946-540x540.webp 540w, https:\/\/www.hyflexpack.com\/wp-content\/uploads\/2025\/05\/104946-660x660.webp 660w\" sizes=\"(max-width: 750px) 100vw, 750px\" \/><figcaption class=\"wp-element-caption\">Stand Up Pouch personalizado para caf\u00e9 em p\u00f3\/em gr\u00e3o <\/figcaption><\/figure>\n<\/div>\n\n\n\n<div class=\"wp-block-column is-layout-flow wp-block-column-is-layout-flow\">\n<figure class=\"wp-block-image size-full\"><img decoding=\"async\" width=\"750\" height=\"750\" src=\"https:\/\/www.hyflexpack.com\/wp-content\/uploads\/2024\/09\/Coffee-Bags-Wholesale-Stand-Up-Pouches-4.webp\" alt=\"Sacos de caf\u00e9 Bolsas de p\u00e9 por atacado (4)\" class=\"wp-image-6840\" srcset=\"https:\/\/www.hyflexpack.com\/wp-content\/uploads\/2024\/09\/Coffee-Bags-Wholesale-Stand-Up-Pouches-4.webp 750w, https:\/\/www.hyflexpack.com\/wp-content\/uploads\/2024\/09\/Coffee-Bags-Wholesale-Stand-Up-Pouches-4-300x300.webp 300w, https:\/\/www.hyflexpack.com\/wp-content\/uploads\/2024\/09\/Coffee-Bags-Wholesale-Stand-Up-Pouches-4-150x150.webp 150w, https:\/\/www.hyflexpack.com\/wp-content\/uploads\/2024\/09\/Coffee-Bags-Wholesale-Stand-Up-Pouches-4-12x12.webp 12w, https:\/\/www.hyflexpack.com\/wp-content\/uploads\/2024\/09\/Coffee-Bags-Wholesale-Stand-Up-Pouches-4-285x285.webp 285w, https:\/\/www.hyflexpack.com\/wp-content\/uploads\/2024\/09\/Coffee-Bags-Wholesale-Stand-Up-Pouches-4-270x270.webp 270w, https:\/\/www.hyflexpack.com\/wp-content\/uploads\/2024\/09\/Coffee-Bags-Wholesale-Stand-Up-Pouches-4-540x540.webp 540w, https:\/\/www.hyflexpack.com\/wp-content\/uploads\/2024\/09\/Coffee-Bags-Wholesale-Stand-Up-Pouches-4-660x660.webp 660w\" sizes=\"(max-width: 750px) 100vw, 750px\" \/><figcaption class=\"wp-element-caption\">Sacos de caf\u00e9 personalizados que podem ser fechados novamente<\/figcaption><\/figure>\n<\/div>\n<\/div>","protected":false},"excerpt":{"rendered":"<p>Est\u00e1 \u00e0 procura dos melhores sacos de caf\u00e9 por grosso? Os nossos sacos de embalagem de caf\u00e9 com fecho de correr impressos n\u00e3o s\u00f3 s\u00e3o ecol\u00f3gicos e duradouros, como tamb\u00e9m podem ser fechados de novo, conservando na perfei\u00e7\u00e3o a frescura do caf\u00e9 para armazenamento e venda a longo prazo.<\/p>\n<h3>Vantagens do grossista de sacos de caf\u00e9<\/h3>\n<ul>\n<li><strong>Design personalizado<\/strong>: Fornece solu\u00e7\u00f5es de design personalizado, suporta OEM\/ODM, personalizado com diferentes especifica\u00e7\u00f5es, tamanhos, padr\u00f5es de impress\u00e3o, etc.<\/li>\n<li><strong>Garantia de qualidade<\/strong>: Controlar o processo de produ\u00e7\u00e3o, dispor de materiais de alta qualidade e de equipamentos avan\u00e7ados para garantir a qualidade do produto.<\/li>\n<li><strong>Entrega atempada<\/strong>: Otimizar o processo de produ\u00e7\u00e3o e melhorar a efici\u00eancia da produ\u00e7\u00e3o para garantir a entrega atempada e satisfazer as necessidades urgentes dos clientes.<\/li>\n<li><strong>Suporte t\u00e9cnico profissional<\/strong>: A equipa t\u00e9cnica experiente fornece apoio t\u00e9cnico profissional e servi\u00e7o de consultoria p\u00f3s-venda 24 horas por dia.<\/li>\n<li><strong>Amostra gr\u00e1tis<\/strong>: Fornecer um servi\u00e7o de amostra gr\u00e1tis para que possa avaliar os produtos.<\/li>\n<\/ul>\n<p><a href=\"https:\/\/www.hyflexpack.com\/pt\/\"><strong>Embalagens Huiyang<\/strong><\/a> est\u00e1 empenhada em fornecer aos clientes sacos de caf\u00e9 de alta qualidade e personalizados, a fim de os ajudar a melhorar a imagem dos seus produtos e a aumentar a competitividade do mercado.<\/p>","protected":false},"featured_media":6839,"comment_status":"open","ping_status":"closed","template":"","meta":[],"product_brand":[],"product_cat":[55,51],"product_tag":[],"class_list":{"0":"post-5300","1":"product","2":"type-product","3":"status-publish","4":"has-post-thumbnail","6":"product_cat-custom-coffee-packaging","7":"product_cat-custom-food-packaging-bags","9":"first","10":"instock","11":"shipping-taxable","12":"product-type-simple"},"_links":{"self":[{"href":"https:\/\/www.hyflexpack.com\/pt\/wp-json\/wp\/v2\/product\/5300","targetHints":{"allow":["GET"]}}],"collection":[{"href":"https:\/\/www.hyflexpack.com\/pt\/wp-json\/wp\/v2\/product"}],"about":[{"href":"https:\/\/www.hyflexpack.com\/pt\/wp-json\/wp\/v2\/types\/product"}],"replies":[{"embeddable":true,"href":"https:\/\/www.hyflexpack.com\/pt\/wp-json\/wp\/v2\/comments?post=5300"}],"wp:featuredmedia":[{"embeddable":true,"href":"https:\/\/www.hyflexpack.com\/pt\/wp-json\/wp\/v2\/media\/6839"}],"wp:attachment":[{"href":"https:\/\/www.hyflexpack.com\/pt\/wp-json\/wp\/v2\/media?parent=5300"}],"wp:term":[{"taxonomy":"product_brand","embeddable":true,"href":"https:\/\/www.hyflexpack.com\/pt\/wp-json\/wp\/v2\/product_brand?post=5300"},{"taxonomy":"product_cat","embeddable":true,"href":"https:\/\/www.hyflexpack.com\/pt\/wp-json\/wp\/v2\/product_cat?post=5300"},{"taxonomy":"product_tag","embeddable":true,"href":"https:\/\/www.hyflexpack.com\/pt\/wp-json\/wp\/v2\/product_tag?post=5300"}],"curies":[{"name":"wp","href":"https:\/\/api.w.org\/{rel}","templated":true}]}}