{"id":5280,"date":"2024-09-08T16:08:48","date_gmt":"2024-09-08T16:08:48","guid":{"rendered":"https:\/\/www.hyflexpack.com\/?post_type=product&#038;p=5280"},"modified":"2024-09-08T16:08:52","modified_gmt":"2024-09-08T16:08:52","slug":"custom-roast-chicken-packaging-bags","status":"publish","type":"product","link":"https:\/\/www.hyflexpack.com\/pt\/product\/custom-roast-chicken-packaging-bags\/","title":{"rendered":"Sacos de embalagem personalizados para frango assado Standup Pouch Fabricante de embalagens para alimentos"},"content":{"rendered":"<div class=\"wp-block-columns is-layout-flex wp-container-core-columns-is-layout-9d6595d7 wp-block-columns-is-layout-flex\">\n<div class=\"wp-block-column is-layout-flow wp-block-column-is-layout-flow\">\n<h3 class=\"wp-block-heading\">Carater\u00edsticas dos sacos de embalagem de frango assado de alta qualidade<\/h3>\n\n\n\n<ul class=\"wp-block-list\">\n<li><strong>Design da bolsa de p\u00e9<\/strong>: O saco de embalagem para frango assado tem uma base est\u00e1vel para facilitar a exposi\u00e7\u00e3o e a arruma\u00e7\u00e3o, perfeito para expor o frango assado.<\/li>\n<\/ul>\n\n\n\n<p><\/p>\n\n\n\n<ul class=\"wp-block-list\">\n<li><strong>Materiais de alta barreira de qualidade alimentar<\/strong>: Os sacos de embalagem de frango utilizam materiais de qualidade alimentar, como PE, PP, NY, etc., para garantir que o frango assado \u00e9 armazenado num ambiente limpo e higi\u00e9nico. <\/li>\n<\/ul>\n\n\n\n<p><\/p>\n\n\n\n<ul class=\"wp-block-list\">\n<li><strong>Fecho de correr<\/strong>: Fecho de correr incorporado, pr\u00e1tico para v\u00e1rias aberturas. <\/li>\n<\/ul>\n\n\n\n<p><\/p>\n\n\n\n<ul class=\"wp-block-list\">\n<li><strong>Fecho amov\u00edvel<\/strong>: Inclui um fecho de correr ou fecho amov\u00edvel para manter a frescura do produto e garantir um acesso f\u00e1cil.<\/li>\n<\/ul>\n\n\n\n<p><\/p>\n\n\n\n<ul class=\"wp-block-list\">\n<li><strong>Prote\u00e7\u00e3o refor\u00e7ada<\/strong>: Proporciona uma prote\u00e7\u00e3o superior contra a humidade, os vazios de ar e a contamina\u00e7\u00e3o para garantir a integridade do produto.<\/li>\n<\/ul>\n<\/div>\n\n\n\n<div class=\"wp-block-column is-layout-flow wp-block-column-is-layout-flow\">\n<figure class=\"wp-block-image size-full\"><img fetchpriority=\"high\" decoding=\"async\" width=\"750\" height=\"750\" src=\"https:\/\/www.hyflexpack.com\/wp-content\/uploads\/2024\/09\/Custom-Chicken-packaging-bags-manufacturer\uff081\uff09.webp\" alt=\"Fabricante de sacos de embalagem personalizados para frangos\" class=\"wp-image-5281\" srcset=\"https:\/\/www.hyflexpack.com\/wp-content\/uploads\/2024\/09\/Custom-Chicken-packaging-bags-manufacturer\uff081\uff09.webp 750w, https:\/\/www.hyflexpack.com\/wp-content\/uploads\/2024\/09\/Custom-Chicken-packaging-bags-manufacturer\uff081\uff09-300x300.webp 300w, https:\/\/www.hyflexpack.com\/wp-content\/uploads\/2024\/09\/Custom-Chicken-packaging-bags-manufacturer\uff081\uff09-150x150.webp 150w, https:\/\/www.hyflexpack.com\/wp-content\/uploads\/2024\/09\/Custom-Chicken-packaging-bags-manufacturer\uff081\uff09-12x12.webp 12w, https:\/\/www.hyflexpack.com\/wp-content\/uploads\/2024\/09\/Custom-Chicken-packaging-bags-manufacturer\uff081\uff09-285x285.webp 285w, https:\/\/www.hyflexpack.com\/wp-content\/uploads\/2024\/09\/Custom-Chicken-packaging-bags-manufacturer\uff081\uff09-270x270.webp 270w, https:\/\/www.hyflexpack.com\/wp-content\/uploads\/2024\/09\/Custom-Chicken-packaging-bags-manufacturer\uff081\uff09-540x540.webp 540w, https:\/\/www.hyflexpack.com\/wp-content\/uploads\/2024\/09\/Custom-Chicken-packaging-bags-manufacturer\uff081\uff09-660x660.webp 660w\" sizes=\"(max-width: 750px) 100vw, 750px\" \/><\/figure>\n<\/div>\n<\/div>","protected":false},"excerpt":{"rendered":"<p>Os sacos de embalagem de frango assado em bolsas verticais personaliz\u00e1veis da Huiyang Packaging s\u00e3o dur\u00e1veis, com barreira e concebidos para manter os seus alimentos frescos e aumentar a notoriedade da marca. Os pedidos de informa\u00e7\u00e3o s\u00e3o bem-vindos!<\/p>\n<h3>Vantagens do fornecedor de sacos de embalagem para frango assado<\/h3>\n<ul>\n<li><strong>Design personalizado<\/strong>: Fornece solu\u00e7\u00f5es de design personalizado, suporta OEM\/ODM, personalizado com diferentes especifica\u00e7\u00f5es, tamanhos, padr\u00f5es de impress\u00e3o, etc.<\/li>\n<li><strong>Garantia de qualidade<\/strong>: Controlar o processo de produ\u00e7\u00e3o, dispor de materiais de alta qualidade e de equipamentos avan\u00e7ados para garantir a qualidade do produto.<\/li>\n<li><strong>Entrega atempada<\/strong>: Otimizar o processo de produ\u00e7\u00e3o e melhorar a efici\u00eancia da produ\u00e7\u00e3o para garantir a entrega atempada e satisfazer as necessidades urgentes dos clientes.<\/li>\n<li><strong>Suporte t\u00e9cnico profissional<\/strong>: A equipa t\u00e9cnica experiente fornece apoio t\u00e9cnico profissional e servi\u00e7o de consultoria p\u00f3s-venda 24 horas por dia.<\/li>\n<li><strong>Amostra gr\u00e1tis<\/strong>: Fornecer um servi\u00e7o de amostra gr\u00e1tis para que possa avaliar a embalagem flex\u00edvel.<\/li>\n<\/ul>\n<p>A Huiyang Packaging est\u00e1 empenhada em fornecer aos clientes sacos de embalagem de frango assado de alta qualidade para os ajudar a melhorar a imagem dos seus produtos e a aumentar a competitividade no mercado.<\/p>","protected":false},"featured_media":5281,"comment_status":"open","ping_status":"closed","template":"","meta":[],"product_brand":[],"product_cat":[51],"product_tag":[],"class_list":{"0":"post-5280","1":"product","2":"type-product","3":"status-publish","4":"has-post-thumbnail","6":"product_cat-custom-food-packaging-bags","8":"first","9":"instock","10":"shipping-taxable","11":"product-type-simple"},"_links":{"self":[{"href":"https:\/\/www.hyflexpack.com\/pt\/wp-json\/wp\/v2\/product\/5280","targetHints":{"allow":["GET"]}}],"collection":[{"href":"https:\/\/www.hyflexpack.com\/pt\/wp-json\/wp\/v2\/product"}],"about":[{"href":"https:\/\/www.hyflexpack.com\/pt\/wp-json\/wp\/v2\/types\/product"}],"replies":[{"embeddable":true,"href":"https:\/\/www.hyflexpack.com\/pt\/wp-json\/wp\/v2\/comments?post=5280"}],"wp:featuredmedia":[{"embeddable":true,"href":"https:\/\/www.hyflexpack.com\/pt\/wp-json\/wp\/v2\/media\/5281"}],"wp:attachment":[{"href":"https:\/\/www.hyflexpack.com\/pt\/wp-json\/wp\/v2\/media?parent=5280"}],"wp:term":[{"taxonomy":"product_brand","embeddable":true,"href":"https:\/\/www.hyflexpack.com\/pt\/wp-json\/wp\/v2\/product_brand?post=5280"},{"taxonomy":"product_cat","embeddable":true,"href":"https:\/\/www.hyflexpack.com\/pt\/wp-json\/wp\/v2\/product_cat?post=5280"},{"taxonomy":"product_tag","embeddable":true,"href":"https:\/\/www.hyflexpack.com\/pt\/wp-json\/wp\/v2\/product_tag?post=5280"}],"curies":[{"name":"wp","href":"https:\/\/api.w.org\/{rel}","templated":true}]}}