{"id":5275,"date":"2024-09-08T15:44:38","date_gmt":"2024-09-08T15:44:38","guid":{"rendered":"https:\/\/www.hyflexpack.com\/?post_type=product&#038;p=5275"},"modified":"2025-03-14T06:43:18","modified_gmt":"2025-03-14T06:43:18","slug":"china-coffee-bag-packaging","status":"publish","type":"product","link":"https:\/\/www.hyflexpack.com\/pt\/product\/china-coffee-bag-packaging\/","title":{"rendered":"China Embalagem de saco de caf\u00e9 Embalagem de alimentos Solu\u00e7\u00e3o de saco de fundo plano"},"content":{"rendered":"<div class=\"wp-block-columns is-layout-flex wp-container-core-columns-is-layout-9d6595d7 wp-block-columns-is-layout-flex\">\n<div class=\"wp-block-column is-layout-flow wp-block-column-is-layout-flow\">\n<h3 class=\"wp-block-heading\">Carater\u00edsticas da embalagem de sacos de caf\u00e9 de alta qualidade<\/h3>\n\n\n\n<ul class=\"wp-block-list\">\n<li><strong>Materiais amigos do ambiente<\/strong>: Utilizar materiais amigos do ambiente que cumpram os requisitos de prote\u00e7\u00e3o ambiental, tais como materiais biodegrad\u00e1veis ou materiais recicl\u00e1veis, para reduzir o impacto no ambiente. <\/li>\n<\/ul>\n\n\n\n<p><\/p>\n\n\n\n<ul class=\"wp-block-list\">\n<li><strong>Materiais de alta barreira de qualidade alimentar<\/strong>: A embalagem de sacos de caf\u00e9 personalizados utiliza materiais de alta barreira de qualidade alimentar, como PET, PE, BOPP, MCPP, MPET, AL, etc., para garantir que o caf\u00e9 \u00e9 armazenado num ambiente seco, \u00e0 prova de humidade, anti-oxida\u00e7\u00e3o e prolongar o prazo de validade. <\/li>\n<\/ul>\n\n\n\n<p><\/p>\n\n\n\n<ul class=\"wp-block-list\">\n<li><strong>Design de fundo plano<\/strong>: A embalagem em saco de caf\u00e9 proporciona uma base est\u00e1vel para uma f\u00e1cil coloca\u00e7\u00e3o em p\u00e9 e uma melhor exposi\u00e7\u00e3o nas prateleiras, garantindo uma \u00f3ptima apresenta\u00e7\u00e3o do produto.<\/li>\n<\/ul>\n\n\n\n<p><\/p>\n\n\n\n<ul class=\"wp-block-list\">\n<li><strong>Selado para frescura<\/strong>: Selado de forma segura para manter a frescura e o aroma do caf\u00e9 e prolongar o prazo de validade.<\/li>\n<\/ul>\n\n\n\n<p><\/p>\n\n\n\n<ul class=\"wp-block-list\">\n<li><strong>C\u00f3modo e pr\u00e1tico<\/strong>: Concebidas para uma utiliza\u00e7\u00e3o f\u00e1cil, com uma escolha de fechos de correr que podem ser fechados novamente ou de abas para um acesso r\u00e1pido.<\/li>\n<\/ul>\n<\/div>\n\n\n\n<div class=\"wp-block-column is-layout-flow wp-block-column-is-layout-flow\">\n<figure class=\"wp-block-image size-full\"><img fetchpriority=\"high\" decoding=\"async\" width=\"750\" height=\"750\" src=\"https:\/\/www.hyflexpack.com\/wp-content\/uploads\/2024\/09\/China-Coffee-Bag-Packaging\uff081\uff09.webp\" alt=\"Embalagem de sacos de caf\u00e9 na China\" class=\"wp-image-5276\" srcset=\"https:\/\/www.hyflexpack.com\/wp-content\/uploads\/2024\/09\/China-Coffee-Bag-Packaging\uff081\uff09.webp 750w, https:\/\/www.hyflexpack.com\/wp-content\/uploads\/2024\/09\/China-Coffee-Bag-Packaging\uff081\uff09-300x300.webp 300w, https:\/\/www.hyflexpack.com\/wp-content\/uploads\/2024\/09\/China-Coffee-Bag-Packaging\uff081\uff09-150x150.webp 150w, https:\/\/www.hyflexpack.com\/wp-content\/uploads\/2024\/09\/China-Coffee-Bag-Packaging\uff081\uff09-12x12.webp 12w, https:\/\/www.hyflexpack.com\/wp-content\/uploads\/2024\/09\/China-Coffee-Bag-Packaging\uff081\uff09-285x285.webp 285w, https:\/\/www.hyflexpack.com\/wp-content\/uploads\/2024\/09\/China-Coffee-Bag-Packaging\uff081\uff09-270x270.webp 270w, https:\/\/www.hyflexpack.com\/wp-content\/uploads\/2024\/09\/China-Coffee-Bag-Packaging\uff081\uff09-540x540.webp 540w, https:\/\/www.hyflexpack.com\/wp-content\/uploads\/2024\/09\/China-Coffee-Bag-Packaging\uff081\uff09-660x660.webp 660w\" sizes=\"(max-width: 750px) 100vw, 750px\" \/><\/figure>\n<\/div>\n<\/div>","protected":false},"excerpt":{"rendered":"<p>Embalagem de saco de caf\u00e9 de fundo plano por grosso na China com qualidade alimentar, amiga do ambiente, de alta qualidade e personaliz\u00e1vel, concebida para manter o caf\u00e9 fresco e aumentar a atratividade nas prateleiras. Consulte-nos para solu\u00e7\u00f5es personalizadas.<\/p>\n<h3>Vantagens do fornecedor de embalagens de sacos de caf\u00e9<\/h3>\n<ul>\n<li><strong>Design personalizado<\/strong>: Fornecemos material personalizado, tamanho e personaliza\u00e7\u00e3o do padr\u00e3o de impress\u00e3o para satisfazer as necessidades dos clientes, e apoiamos OEM e ODM.<\/li>\n<li><strong>Fabrico<\/strong>: Com equipamento e tecnologia avan\u00e7ados, podemos completar a produ\u00e7\u00e3o de encomendas com alta efici\u00eancia e alta qualidade, e entregar a tempo.<\/li>\n<li><strong>Inspe\u00e7\u00e3o da qualidade<\/strong>: Seguir rigorosamente as normas de qualidade e os requisitos de seguran\u00e7a alimentar para garantir que os produtos cumprem as normas.<\/li>\n<li><strong>Equipa de apoio t\u00e9cnico<\/strong>: A nossa equipa tem uma vasta experi\u00eancia na ind\u00fastria e conhecimentos profissionais, e pode fornecer apoio t\u00e9cnico e servi\u00e7o de consultoria 24 horas por dia aos nossos clientes.<\/li>\n<li><strong>Amostra gr\u00e1tis<\/strong>: Fornecer servi\u00e7o de amostra gr\u00e1tis para avaliar a embalagem flex\u00edvel.<\/li>\n<\/ul>","protected":false},"featured_media":5276,"comment_status":"open","ping_status":"closed","template":"","meta":[],"product_brand":[],"product_cat":[55],"product_tag":[],"class_list":{"0":"post-5275","1":"product","2":"type-product","3":"status-publish","4":"has-post-thumbnail","6":"product_cat-custom-coffee-packaging","8":"first","9":"instock","10":"shipping-taxable","11":"product-type-simple"},"_links":{"self":[{"href":"https:\/\/www.hyflexpack.com\/pt\/wp-json\/wp\/v2\/product\/5275","targetHints":{"allow":["GET"]}}],"collection":[{"href":"https:\/\/www.hyflexpack.com\/pt\/wp-json\/wp\/v2\/product"}],"about":[{"href":"https:\/\/www.hyflexpack.com\/pt\/wp-json\/wp\/v2\/types\/product"}],"replies":[{"embeddable":true,"href":"https:\/\/www.hyflexpack.com\/pt\/wp-json\/wp\/v2\/comments?post=5275"}],"wp:featuredmedia":[{"embeddable":true,"href":"https:\/\/www.hyflexpack.com\/pt\/wp-json\/wp\/v2\/media\/5276"}],"wp:attachment":[{"href":"https:\/\/www.hyflexpack.com\/pt\/wp-json\/wp\/v2\/media?parent=5275"}],"wp:term":[{"taxonomy":"product_brand","embeddable":true,"href":"https:\/\/www.hyflexpack.com\/pt\/wp-json\/wp\/v2\/product_brand?post=5275"},{"taxonomy":"product_cat","embeddable":true,"href":"https:\/\/www.hyflexpack.com\/pt\/wp-json\/wp\/v2\/product_cat?post=5275"},{"taxonomy":"product_tag","embeddable":true,"href":"https:\/\/www.hyflexpack.com\/pt\/wp-json\/wp\/v2\/product_tag?post=5275"}],"curies":[{"name":"wp","href":"https:\/\/api.w.org\/{rel}","templated":true}]}}