{"id":5268,"date":"2024-09-08T15:32:29","date_gmt":"2024-09-08T15:32:29","guid":{"rendered":"https:\/\/www.hyflexpack.com\/?post_type=product&#038;p=5268"},"modified":"2025-10-23T08:52:02","modified_gmt":"2025-10-23T08:52:02","slug":"eco-friendly-pet-food-packaging-bag","status":"publish","type":"product","link":"https:\/\/www.hyflexpack.com\/pt\/product\/eco-friendly-pet-food-packaging-bag\/","title":{"rendered":"Saco de embalagem de alimentos para animais de estima\u00e7\u00e3o ecol\u00f3gico Reciclar sacos de pl\u00e1stico composto Atacadista"},"content":{"rendered":"<div class=\"wp-block-columns is-layout-flex wp-container-core-columns-is-layout-9d6595d7 wp-block-columns-is-layout-flex\">\n<div class=\"wp-block-column is-layout-flow wp-block-column-is-layout-flow\">\n<h3 class=\"wp-block-heading\">Carater\u00edsticas do saco de embalagem ecol\u00f3gico de alta qualidade para alimentos para animais de estima\u00e7\u00e3o<\/h3>\n\n\n\n<ul class=\"wp-block-list\">\n<li>Materiais de alta barreira de qualidade alimentar: Os sacos de embalagem personalizados para alimentos para animais de estima\u00e7\u00e3o utilizam materiais de alta barreira de qualidade alimentar, como PET, PE, BOPP, MCPP, MPET, AL, etc., para garantir que as batatas fritas s\u00e3o armazenadas num ambiente seco, \u00e0 prova de humidade, anti-oxida\u00e7\u00e3o e prolongar o prazo de validade. <\/li>\n<\/ul>\n\n\n\n<p><\/p>\n\n\n\n<ul class=\"wp-block-list\">\n<li>Dur\u00e1veis e resistentes a rasg\u00f5es: Os sacos de embalagem de alimentos para animais de estima\u00e7\u00e3o ecol\u00f3gicos s\u00e3o concebidos para serem fortes, de modo a garantir que a embalagem protege os alimentos para animais de estima\u00e7\u00e3o contra danos, humidade e elementos.<\/li>\n<\/ul>\n\n\n\n<p><\/p>\n\n\n\n<ul class=\"wp-block-list\">\n<li>Selo com fecho de correr: O fecho de correr incorporado \u00e9 pr\u00e1tico para abrir o selo v\u00e1rias vezes, mantendo os snacks frescos e impedindo a entrada de ar exterior.<\/li>\n<\/ul>\n\n\n\n<p><\/p>\n\n\n\n<ul class=\"wp-block-list\">\n<li>Op\u00e7\u00f5es que podem ser fechadas: As embalagens personalizadas de alimentos para animais de estima\u00e7\u00e3o incluem fechos de correr ou fechos que podem ser fechados novamente para facilitar o acesso e manter a embalagem fresca depois de aberta. <\/li>\n<\/ul>\n\n\n\n<p><\/p>\n\n\n\n<ul class=\"wp-block-list\">\n<li>Design de saco em p\u00e9: A estrutura do saco de p\u00e9 permite que o saco se mantenha firme na prateleira ou no expositor, poupando espa\u00e7o de exposi\u00e7\u00e3o e melhorando o efeito de exposi\u00e7\u00e3o do produto.<\/li>\n<\/ul>\n<\/div>\n\n\n\n<div class=\"wp-block-column is-layout-flow wp-block-column-is-layout-flow\">\n<figure class=\"wp-block-image size-full\"><img fetchpriority=\"high\" decoding=\"async\" width=\"750\" height=\"750\" src=\"https:\/\/www.hyflexpack.com\/wp-content\/uploads\/2024\/09\/Eco-friendly-Pet-Food-Packaging-Wholesaler\uff081\uff09.webp\" alt=\"Atacadista de embalagens ecol\u00f3gicas para alimentos para animais de estima\u00e7\u00e3o\" class=\"wp-image-5269\" srcset=\"https:\/\/www.hyflexpack.com\/wp-content\/uploads\/2024\/09\/Eco-friendly-Pet-Food-Packaging-Wholesaler\uff081\uff09.webp 750w, https:\/\/www.hyflexpack.com\/wp-content\/uploads\/2024\/09\/Eco-friendly-Pet-Food-Packaging-Wholesaler\uff081\uff09-300x300.webp 300w, https:\/\/www.hyflexpack.com\/wp-content\/uploads\/2024\/09\/Eco-friendly-Pet-Food-Packaging-Wholesaler\uff081\uff09-150x150.webp 150w, https:\/\/www.hyflexpack.com\/wp-content\/uploads\/2024\/09\/Eco-friendly-Pet-Food-Packaging-Wholesaler\uff081\uff09-12x12.webp 12w, https:\/\/www.hyflexpack.com\/wp-content\/uploads\/2024\/09\/Eco-friendly-Pet-Food-Packaging-Wholesaler\uff081\uff09-285x285.webp 285w, https:\/\/www.hyflexpack.com\/wp-content\/uploads\/2024\/09\/Eco-friendly-Pet-Food-Packaging-Wholesaler\uff081\uff09-270x270.webp 270w, https:\/\/www.hyflexpack.com\/wp-content\/uploads\/2024\/09\/Eco-friendly-Pet-Food-Packaging-Wholesaler\uff081\uff09-540x540.webp 540w, https:\/\/www.hyflexpack.com\/wp-content\/uploads\/2024\/09\/Eco-friendly-Pet-Food-Packaging-Wholesaler\uff081\uff09-660x660.webp 660w\" sizes=\"(max-width: 750px) 100vw, 750px\" \/><\/figure>\n<\/div>\n<\/div>","protected":false},"excerpt":{"rendered":"<p>Saiba como os nossos sacos de embalagem personalizados para alimentos para animais de estima\u00e7\u00e3o s\u00e3o feitos de pel\u00edculas de embalagem compostas ecol\u00f3gicas de qualidade alimentar para garantir a frescura e a seguran\u00e7a dos alimentos para animais de estima\u00e7\u00e3o. Os materiais compostos de papel kraft com alum\u00ednio t\u00eam fortes propriedades de prote\u00e7\u00e3o contra a luz e uma forte capacidade antioxidante. A impress\u00e3o personalizada torna o produto mais distinto. Contacte-nos hoje para obter um or\u00e7amento. Estamos empenhados em fornecer solu\u00e7\u00f5es de embalagem \u00fanicas, ecol\u00f3gicas e de alta qualidade.<\/p>\n<h3>Vantagens do grossista de embalagens ecol\u00f3gicas para alimentos para animais de estima\u00e7\u00e3o<\/h3>\n<ul>\n<li><strong>Design personalizado<\/strong>: Fornecemos servi\u00e7os personalizados, incluindo personaliza\u00e7\u00e3o de material, tamanho e padr\u00e3o de impress\u00e3o para atender \u00e0s necessidades do cliente, e apoiamos OEM e ODM.<\/li>\n<li><strong>Fabrico<\/strong>: Com equipamento e tecnologia avan\u00e7ados, podemos concluir a produ\u00e7\u00e3o da encomenda com elevada efici\u00eancia e alta qualidade, e podemos entregar a tempo.<\/li>\n<li><strong>Inspe\u00e7\u00e3o da qualidade<\/strong>: Seguir rigorosamente as normas de qualidade e os requisitos de seguran\u00e7a alimentar para a produ\u00e7\u00e3o, para garantir que os produtos cumprem as normas.<\/li>\n<li><strong>Servi\u00e7o ao cliente<\/strong>: 24 horas para fornecer uma resposta r\u00e1pida e um servi\u00e7o de apoio ao cliente atencioso.<\/li>\n<li><strong>Amostra gr\u00e1tis<\/strong>\uff1a Fornecer um servi\u00e7o de amostra gr\u00e1tis para voc\u00ea avaliar a embalagem flex\u00edvel.<\/li>\n<\/ul>\n<p>A Huiyang Packaging est\u00e1 empenhada em fornecer aos clientes sacos de embalagem para alimentos para animais de estima\u00e7\u00e3o de alta qualidade e amigos do ambiente, para os ajudar a melhorar a imagem dos seus produtos e a aumentar a competitividade do mercado.<\/p>","protected":false},"featured_media":5269,"comment_status":"open","ping_status":"closed","template":"","meta":[],"product_brand":[],"product_cat":[56],"product_tag":[],"class_list":{"0":"post-5268","1":"product","2":"type-product","3":"status-publish","4":"has-post-thumbnail","6":"product_cat-custom-pet-food-packaging","8":"first","9":"instock","10":"shipping-taxable","11":"product-type-simple"},"_links":{"self":[{"href":"https:\/\/www.hyflexpack.com\/pt\/wp-json\/wp\/v2\/product\/5268","targetHints":{"allow":["GET"]}}],"collection":[{"href":"https:\/\/www.hyflexpack.com\/pt\/wp-json\/wp\/v2\/product"}],"about":[{"href":"https:\/\/www.hyflexpack.com\/pt\/wp-json\/wp\/v2\/types\/product"}],"replies":[{"embeddable":true,"href":"https:\/\/www.hyflexpack.com\/pt\/wp-json\/wp\/v2\/comments?post=5268"}],"wp:featuredmedia":[{"embeddable":true,"href":"https:\/\/www.hyflexpack.com\/pt\/wp-json\/wp\/v2\/media\/5269"}],"wp:attachment":[{"href":"https:\/\/www.hyflexpack.com\/pt\/wp-json\/wp\/v2\/media?parent=5268"}],"wp:term":[{"taxonomy":"product_brand","embeddable":true,"href":"https:\/\/www.hyflexpack.com\/pt\/wp-json\/wp\/v2\/product_brand?post=5268"},{"taxonomy":"product_cat","embeddable":true,"href":"https:\/\/www.hyflexpack.com\/pt\/wp-json\/wp\/v2\/product_cat?post=5268"},{"taxonomy":"product_tag","embeddable":true,"href":"https:\/\/www.hyflexpack.com\/pt\/wp-json\/wp\/v2\/product_tag?post=5268"}],"curies":[{"name":"wp","href":"https:\/\/api.w.org\/{rel}","templated":true}]}}