{"id":5258,"date":"2024-09-08T15:10:06","date_gmt":"2024-09-08T15:10:06","guid":{"rendered":"https:\/\/www.hyflexpack.com\/?post_type=product&#038;p=5258"},"modified":"2024-09-08T15:10:08","modified_gmt":"2024-09-08T15:10:08","slug":"customizable-cookie-packaging-bags","status":"publish","type":"product","link":"https:\/\/www.hyflexpack.com\/pt\/product\/customizable-cookie-packaging-bags\/","title":{"rendered":"Sacos de embalagem personaliz\u00e1veis para bolachas em forma de Stand Up Pouches por atacado"},"content":{"rendered":"<div class=\"wp-block-columns is-layout-flex wp-container-core-columns-is-layout-9d6595d7 wp-block-columns-is-layout-flex\">\n<div class=\"wp-block-column is-layout-flow wp-block-column-is-layout-flow\">\n<h3 class=\"wp-block-heading\">Carater\u00edsticas dos sacos de embalagem de bolachas personaliz\u00e1veis de alta qualidade<\/h3>\n\n\n\n<ul class=\"wp-block-list\">\n<li><strong>Materiais amigos do ambiente<\/strong>: Utilizar materiais amigos do ambiente que cumpram os requisitos de prote\u00e7\u00e3o ambiental, tais como materiais biodegrad\u00e1veis ou materiais recicl\u00e1veis, para reduzir o impacto no ambiente. <\/li>\n<\/ul>\n\n\n\n<p><\/p>\n\n\n\n<ul class=\"wp-block-list\">\n<li><strong>Materiais de alta barreira de qualidade alimentar<\/strong>: Os sacos de embalagem de biscoitos personalizados utilizam materiais de alta barreira de qualidade alimentar, como PET, PE, BOPP, CPP, etc., para garantir que os doces s\u00e3o armazenados num ambiente seco, \u00e0 prova de humidade, anti-oxida\u00e7\u00e3o e prolongar a vida \u00fatil.<\/li>\n<\/ul>\n\n\n\n<p><\/p>\n\n\n\n<ul class=\"wp-block-list\">\n<li><strong>Design do furo para pendurar<\/strong>: Existem orif\u00edcios para pendurar no interior do saco de embalagem de bolachas, o que \u00e9 conveniente para pendurar e expor na loja, aumentando a popularidade e a atratividade do produto. <\/li>\n<\/ul>\n\n\n\n<p><\/p>\n\n\n\n<ul class=\"wp-block-list\">\n<li><strong>Design apelativo<\/strong>: Concebidas para atrair a aten\u00e7\u00e3o, as bolsas moldadas oferecem uma flexibilidade criativa para a embalagem de produtos inovadores. <\/li>\n<\/ul>\n\n\n\n<p><\/p>\n\n\n\n<ul class=\"wp-block-list\">\n<li><strong>Forma de bolsa de p\u00e9<\/strong>: Concebida com uma base est\u00e1vel para facilitar a exposi\u00e7\u00e3o nas prateleiras das lojas e uma arruma\u00e7\u00e3o c\u00f3moda.<\/li>\n<\/ul>\n<\/div>\n\n\n\n<div class=\"wp-block-column is-layout-flow wp-block-column-is-layout-flow\">\n<figure class=\"wp-block-image size-full\"><img fetchpriority=\"high\" decoding=\"async\" width=\"750\" height=\"750\" src=\"https:\/\/www.hyflexpack.com\/wp-content\/uploads\/2024\/09\/Customizable-cookie-packaging-bags\uff081\uff09.webp\" alt=\"Sacos de embalagem de bolachas personaliz\u00e1veis\" class=\"wp-image-5259\" srcset=\"https:\/\/www.hyflexpack.com\/wp-content\/uploads\/2024\/09\/Customizable-cookie-packaging-bags\uff081\uff09.webp 750w, https:\/\/www.hyflexpack.com\/wp-content\/uploads\/2024\/09\/Customizable-cookie-packaging-bags\uff081\uff09-300x300.webp 300w, https:\/\/www.hyflexpack.com\/wp-content\/uploads\/2024\/09\/Customizable-cookie-packaging-bags\uff081\uff09-150x150.webp 150w, https:\/\/www.hyflexpack.com\/wp-content\/uploads\/2024\/09\/Customizable-cookie-packaging-bags\uff081\uff09-12x12.webp 12w, https:\/\/www.hyflexpack.com\/wp-content\/uploads\/2024\/09\/Customizable-cookie-packaging-bags\uff081\uff09-285x285.webp 285w, https:\/\/www.hyflexpack.com\/wp-content\/uploads\/2024\/09\/Customizable-cookie-packaging-bags\uff081\uff09-270x270.webp 270w, https:\/\/www.hyflexpack.com\/wp-content\/uploads\/2024\/09\/Customizable-cookie-packaging-bags\uff081\uff09-540x540.webp 540w, https:\/\/www.hyflexpack.com\/wp-content\/uploads\/2024\/09\/Customizable-cookie-packaging-bags\uff081\uff09-660x660.webp 660w\" sizes=\"(max-width: 750px) 100vw, 750px\" \/><\/figure>\n<\/div>\n<\/div>","protected":false},"excerpt":{"rendered":"<p>Saiba mais sobre os nossos sacos de embalagem personaliz\u00e1veis para bolachas com materiais compostos que apresentam uma elevada barreira, resist\u00eancia \u00e0 humidade, forte bloqueio da luz e forte resist\u00eancia \u00e0 oxida\u00e7\u00e3o. O design do saco moldado \u00e9 mais apelativo e o design da stand-up pouch permite uma melhor apresenta\u00e7\u00e3o do produto. Contacte-nos agora para um or\u00e7amento. Estamos empenhados em fornecer solu\u00e7\u00f5es de embalagem \u00fanicas, ecol\u00f3gicas e de qualidade.<\/p>\n<h3>Vantagens do fabricante de sacos de embalagem para biscoitos<\/h3>\n<ul>\n<li><strong>Design personalizado<\/strong>: Fornecemos servi\u00e7o de saco de embalagem de biscoito personaliz\u00e1vel, incluindo material, tamanho e personaliza\u00e7\u00e3o de padr\u00e3o de impress\u00e3o para atender \u00e0s necessidades do cliente e suporte OEM e ODM.<\/li>\n<li><strong>Fabrico<\/strong>: Com equipamento e tecnologia avan\u00e7ados, podemos concluir a produ\u00e7\u00e3o da encomenda com elevada efici\u00eancia e alta qualidade, e podemos entregar a tempo.<\/li>\n<li><strong>Inspe\u00e7\u00e3o da qualidade<\/strong>: Seguir rigorosamente as normas de qualidade e os requisitos de seguran\u00e7a alimentar para a produ\u00e7\u00e3o, para garantir que os produtos cumprem as normas.<\/li>\n<li><strong>Servi\u00e7o ao cliente<\/strong>: 24 horas para fornecer uma resposta r\u00e1pida e um servi\u00e7o de apoio ao cliente atencioso.<\/li>\n<li><strong>Amostra gr\u00e1tis<\/strong>\uff1a Fornecer servi\u00e7o de amostra gr\u00e1tis para voc\u00ea avaliar os produtos.<\/li>\n<\/ul>\n<p>A Huiyang Packaging est\u00e1 empenhada em fornecer aos clientes sacos de embalagem de bolachas personalizados e de alta qualidade para os ajudar a melhorar a imagem dos seus produtos e a aumentar a competitividade no mercado.<\/p>","protected":false},"featured_media":5259,"comment_status":"open","ping_status":"closed","template":"","meta":[],"product_brand":[],"product_cat":[51],"product_tag":[],"class_list":{"0":"post-5258","1":"product","2":"type-product","3":"status-publish","4":"has-post-thumbnail","6":"product_cat-custom-food-packaging-bags","8":"first","9":"instock","10":"shipping-taxable","11":"product-type-simple"},"_links":{"self":[{"href":"https:\/\/www.hyflexpack.com\/pt\/wp-json\/wp\/v2\/product\/5258","targetHints":{"allow":["GET"]}}],"collection":[{"href":"https:\/\/www.hyflexpack.com\/pt\/wp-json\/wp\/v2\/product"}],"about":[{"href":"https:\/\/www.hyflexpack.com\/pt\/wp-json\/wp\/v2\/types\/product"}],"replies":[{"embeddable":true,"href":"https:\/\/www.hyflexpack.com\/pt\/wp-json\/wp\/v2\/comments?post=5258"}],"wp:featuredmedia":[{"embeddable":true,"href":"https:\/\/www.hyflexpack.com\/pt\/wp-json\/wp\/v2\/media\/5259"}],"wp:attachment":[{"href":"https:\/\/www.hyflexpack.com\/pt\/wp-json\/wp\/v2\/media?parent=5258"}],"wp:term":[{"taxonomy":"product_brand","embeddable":true,"href":"https:\/\/www.hyflexpack.com\/pt\/wp-json\/wp\/v2\/product_brand?post=5258"},{"taxonomy":"product_cat","embeddable":true,"href":"https:\/\/www.hyflexpack.com\/pt\/wp-json\/wp\/v2\/product_cat?post=5258"},{"taxonomy":"product_tag","embeddable":true,"href":"https:\/\/www.hyflexpack.com\/pt\/wp-json\/wp\/v2\/product_tag?post=5258"}],"curies":[{"name":"wp","href":"https:\/\/api.w.org\/{rel}","templated":true}]}}