{"id":5184,"date":"2024-08-25T09:44:35","date_gmt":"2024-08-25T09:44:35","guid":{"rendered":"https:\/\/www.hyflexpack.com\/?post_type=product&#038;p=5184"},"modified":"2025-03-14T06:44:07","modified_gmt":"2025-03-14T06:44:07","slug":"custom-coffee-packaging-bags-2","status":"publish","type":"product","link":"https:\/\/www.hyflexpack.com\/pt\/product\/custom-coffee-packaging-bags-2\/","title":{"rendered":"Sacos de embalagem de caf\u00e9 personalizados Sacos para ervas daninhas Sacos \u00e0 prova de cheiro Mochila Stand-Up Pouch"},"content":{"rendered":"<div class=\"wp-block-columns is-layout-flex wp-container-core-columns-is-layout-9d6595d7 wp-block-columns-is-layout-flex\">\n<div class=\"wp-block-column is-layout-flow wp-block-column-is-layout-flow\">\n<h3 class=\"wp-block-heading\">Carater\u00edsticas dos sacos de embalagem de caf\u00e9<\/h3>\n\n\n\n<ul class=\"wp-block-list\">\n<li>Materiais amigos do ambiente: Utilizar materiais amigos do ambiente que cumpram os requisitos de prote\u00e7\u00e3o ambiental, tais como materiais biodegrad\u00e1veis ou recicl\u00e1veis, para reduzir o impacto ambiental.<\/li>\n<\/ul>\n\n\n\n<p><\/p>\n\n\n\n<ul class=\"wp-block-list\">\n<li>Materiais de alta barreira de qualidade alimentar: Os sacos de embalagem de caf\u00e9 personalizados utilizam materiais antiest\u00e1ticos de alta barreira amigos do ambiente, como PET, PE, folha de alum\u00ednio, etc., para garantir a secura e a seguran\u00e7a do produto, \u00e0 prova de humidade, anti-oxida\u00e7\u00e3o e prolongar o prazo de validade.<\/li>\n<\/ul>\n\n\n\n<p><\/p>\n\n\n\n<ul class=\"wp-block-list\">\n<li>Design da pega: Existem orif\u00edcios para pendurar no interior do saco, o que \u00e9 conveniente para pendurar e expor na loja, aumentando a popularidade e a atratividade do produto.<\/li>\n<\/ul>\n\n\n\n<p><\/p>\n\n\n\n<ul class=\"wp-block-list\">\n<li>Fecho de correr: O fecho de correr incorporado \u00e9 pr\u00e1tico para abrir o selo v\u00e1rias vezes, mantendo o p\u00f3 seco e impedindo a entrada de pragas e do ar exterior. <\/li>\n<\/ul>\n\n\n\n<p><\/p>\n\n\n\n<ul class=\"wp-block-list\">\n<li>Design de selagem lateral: Aumenta a capacidade e a durabilidade do saco, protege melhor o saco de embalagem de caf\u00e9.<\/li>\n<\/ul>\n<\/div>\n\n\n\n<div class=\"wp-block-column is-layout-flow wp-block-column-is-layout-flow\">\n<figure class=\"wp-block-image size-full\"><img fetchpriority=\"high\" decoding=\"async\" width=\"750\" height=\"750\" src=\"https:\/\/www.hyflexpack.com\/wp-content\/uploads\/2024\/08\/Customize-Coffee-Packaging-Bags-\uff081\uff09-1.webp\" alt=\"\" class=\"wp-image-5189\" srcset=\"https:\/\/www.hyflexpack.com\/wp-content\/uploads\/2024\/08\/Customize-Coffee-Packaging-Bags-\uff081\uff09-1.webp 750w, https:\/\/www.hyflexpack.com\/wp-content\/uploads\/2024\/08\/Customize-Coffee-Packaging-Bags-\uff081\uff09-1-300x300.webp 300w, https:\/\/www.hyflexpack.com\/wp-content\/uploads\/2024\/08\/Customize-Coffee-Packaging-Bags-\uff081\uff09-1-150x150.webp 150w, https:\/\/www.hyflexpack.com\/wp-content\/uploads\/2024\/08\/Customize-Coffee-Packaging-Bags-\uff081\uff09-1-12x12.webp 12w, https:\/\/www.hyflexpack.com\/wp-content\/uploads\/2024\/08\/Customize-Coffee-Packaging-Bags-\uff081\uff09-1-285x285.webp 285w, https:\/\/www.hyflexpack.com\/wp-content\/uploads\/2024\/08\/Customize-Coffee-Packaging-Bags-\uff081\uff09-1-270x270.webp 270w, https:\/\/www.hyflexpack.com\/wp-content\/uploads\/2024\/08\/Customize-Coffee-Packaging-Bags-\uff081\uff09-1-540x540.webp 540w, https:\/\/www.hyflexpack.com\/wp-content\/uploads\/2024\/08\/Customize-Coffee-Packaging-Bags-\uff081\uff09-1-660x660.webp 660w\" sizes=\"(max-width: 750px) 100vw, 750px\" \/><\/figure>\n<\/div>\n<\/div>\n\n\n\n<p><\/p>","protected":false},"excerpt":{"rendered":"<p>Explore os nossos sacos de embalagem de caf\u00e9, a aplica\u00e7\u00e3o de material composto pode proporcionar uma boa fun\u00e7\u00e3o anti-humidade e anti-est\u00e1tica, e um elevado desempenho de barreira para garantir que o caf\u00e9 est\u00e1 seco e seguro, e que os gr\u00e3os de caf\u00e9 n\u00e3o se estragam com a humidade. O fundo mais largo torna todo o saco mais inclusivo. Contacte-nos hoje para obter um or\u00e7amento gratuito, estamos empenhados em fornecer solu\u00e7\u00f5es de embalagem \u00fanicas, ecol\u00f3gicas e de qualidade.<\/p>\n<h3>Vantagens do fornecedor de sacos de embalagem de caf\u00e9<\/h3>\n<ul>\n<li><strong>Design personalizado<\/strong>: Fornecer solu\u00e7\u00f5es de design personalizadas para satisfazer diferentes especifica\u00e7\u00f5es, tamanhos e requisitos de impress\u00e3o at\u00e9 10 cores de acordo com as necessidades do cliente, apoiar a personaliza\u00e7\u00e3o OEM e ODM.<\/li>\n<li><strong>Garantia de qualidade<\/strong>: Controlo rigoroso do processo de produ\u00e7\u00e3o, utilizando mat\u00e9rias-primas de alta qualidade e equipamento de produ\u00e7\u00e3o avan\u00e7ado para garantir uma qualidade de produto est\u00e1vel e fi\u00e1vel.<\/li>\n<li><strong>Suporte t\u00e9cnico profissional<\/strong>: Com a nossa equipa t\u00e9cnica experiente, fornecemos apoio t\u00e9cnico profissional e servi\u00e7o p\u00f3s-venda para garantir que as necessidades dos clientes s\u00e3o prontamente respondidas e resolvidas.<\/li>\n<li><strong>Amostra gr\u00e1tis<\/strong>: Fornecer servi\u00e7o de amostra gr\u00e1tis para avaliar os produtos.<\/li>\n<\/ul>\n<p>A Huiyang Packaging dedica-se a oferecer sacos de embalagem de caf\u00e9 personalizados e de alta qualidade que melhoram a imagem do produto e aumentam a competitividade do mercado para os nossos clientes.<\/p>","protected":false},"featured_media":5185,"comment_status":"open","ping_status":"closed","template":"","meta":[],"product_brand":[],"product_cat":[55],"product_tag":[],"class_list":{"0":"post-5184","1":"product","2":"type-product","3":"status-publish","4":"has-post-thumbnail","6":"product_cat-custom-coffee-packaging","8":"first","9":"instock","10":"shipping-taxable","11":"product-type-simple"},"_links":{"self":[{"href":"https:\/\/www.hyflexpack.com\/pt\/wp-json\/wp\/v2\/product\/5184","targetHints":{"allow":["GET"]}}],"collection":[{"href":"https:\/\/www.hyflexpack.com\/pt\/wp-json\/wp\/v2\/product"}],"about":[{"href":"https:\/\/www.hyflexpack.com\/pt\/wp-json\/wp\/v2\/types\/product"}],"replies":[{"embeddable":true,"href":"https:\/\/www.hyflexpack.com\/pt\/wp-json\/wp\/v2\/comments?post=5184"}],"wp:featuredmedia":[{"embeddable":true,"href":"https:\/\/www.hyflexpack.com\/pt\/wp-json\/wp\/v2\/media\/5185"}],"wp:attachment":[{"href":"https:\/\/www.hyflexpack.com\/pt\/wp-json\/wp\/v2\/media?parent=5184"}],"wp:term":[{"taxonomy":"product_brand","embeddable":true,"href":"https:\/\/www.hyflexpack.com\/pt\/wp-json\/wp\/v2\/product_brand?post=5184"},{"taxonomy":"product_cat","embeddable":true,"href":"https:\/\/www.hyflexpack.com\/pt\/wp-json\/wp\/v2\/product_cat?post=5184"},{"taxonomy":"product_tag","embeddable":true,"href":"https:\/\/www.hyflexpack.com\/pt\/wp-json\/wp\/v2\/product_tag?post=5184"}],"curies":[{"name":"wp","href":"https:\/\/api.w.org\/{rel}","templated":true}]}}