{"id":5117,"date":"2024-08-18T16:37:52","date_gmt":"2024-08-18T16:37:52","guid":{"rendered":"https:\/\/www.hyflexpack.com\/?post_type=product&#038;p=5117"},"modified":"2024-08-22T09:54:13","modified_gmt":"2024-08-22T09:54:13","slug":"wholesale-charcoal-bags","status":"publish","type":"product","link":"https:\/\/www.hyflexpack.com\/pt\/product\/wholesale-charcoal-bags\/","title":{"rendered":"Sacos de carv\u00e3o vegetal por atacado, sacos de pl\u00e1stico para embalagem de carv\u00e3o vegetal Stand Up Pouch degrad\u00e1vel"},"content":{"rendered":"<div class=\"wp-block-columns is-layout-flex wp-container-core-columns-is-layout-9d6595d7 wp-block-columns-is-layout-flex\">\n<div class=\"wp-block-column is-layout-flow wp-block-column-is-layout-flow\">\n<h3 class=\"wp-block-heading\">Carater\u00edsticas das bolsas laminadas personalizadas<\/h3>\n\n\n\n<ul class=\"wp-block-list\">\n<li>Alta resist\u00eancia e durabilidade: este saco de embalagem composto concebido para carv\u00e3o vegetal \u00e9 feito de uma estrutura de material forte, resistente ao rasgo e \u00e0 perfura\u00e7\u00e3o, se considerarmos o peso e as arestas vivas do carv\u00e3o vegetal, garante certamente que n\u00e3o \u00e9 f\u00e1cil partir-se durante o transporte e o armazenamento.<\/li>\n<\/ul>\n\n\n\n<p><\/p>\n\n\n\n<ul class=\"wp-block-list\">\n<li>Humidade e impermeabilidade: os sacos de carv\u00e3o vegetal s\u00e3o feitos de material h\u00famido e imperme\u00e1vel, que pode bloquear a humidade e o ambiente com \u00e1gua, manter o carv\u00e3o vegetal seco e evitar que a humidade afecte o efeito de utiliza\u00e7\u00e3o.<\/li>\n<\/ul>\n\n\n\n<p><\/p>\n\n\n\n<ul class=\"wp-block-list\">\n<li>Materiais biodegrad\u00e1veis amigos do ambiente: o saco vertical fornecido com materiais degrad\u00e1veis compost\u00e1veis cumpre as normas ambientais e adequa-se \u00e0s necessidades das marcas que apostam no desenvolvimento sustent\u00e1vel.<\/li>\n<\/ul>\n\n\n\n<p><\/p>\n\n\n\n<ul class=\"wp-block-list\">\n<li>F\u00e1cil de transportar e armazenar: Os sacos verticais s\u00e3o concebidos para serem facilmente expostos e armazenados, adequados para utiliza\u00e7\u00e3o em casa e em churrascos ao ar livre, f\u00e1ceis de transportar pelos consumidores.<\/li>\n<\/ul>\n\n\n\n<p><\/p>\n\n\n\n<ul class=\"wp-block-list\">\n<li>V\u00e1rios tamanhos dispon\u00edveis: os sacos de carv\u00e3o vegetal est\u00e3o dispon\u00edveis em diferentes tamanhos para satisfazer as necessidades diversificadas, desde sacos pequenos a embalagens de grande capacidade.<\/li>\n<\/ul>\n<\/div>\n\n\n\n<div class=\"wp-block-column is-layout-flow wp-block-column-is-layout-flow\">\n<figure class=\"wp-block-image size-full\"><img fetchpriority=\"high\" decoding=\"async\" width=\"750\" height=\"750\" src=\"https:\/\/www.hyflexpack.com\/wp-content\/uploads\/2024\/08\/Bespoke-Charcoal-Packaging-bag\uff086\uff09-1.webp\" alt=\"\" class=\"wp-image-5132\" srcset=\"https:\/\/www.hyflexpack.com\/wp-content\/uploads\/2024\/08\/Bespoke-Charcoal-Packaging-bag\uff086\uff09-1.webp 750w, https:\/\/www.hyflexpack.com\/wp-content\/uploads\/2024\/08\/Bespoke-Charcoal-Packaging-bag\uff086\uff09-1-300x300.webp 300w, https:\/\/www.hyflexpack.com\/wp-content\/uploads\/2024\/08\/Bespoke-Charcoal-Packaging-bag\uff086\uff09-1-150x150.webp 150w, https:\/\/www.hyflexpack.com\/wp-content\/uploads\/2024\/08\/Bespoke-Charcoal-Packaging-bag\uff086\uff09-1-12x12.webp 12w, https:\/\/www.hyflexpack.com\/wp-content\/uploads\/2024\/08\/Bespoke-Charcoal-Packaging-bag\uff086\uff09-1-285x285.webp 285w, https:\/\/www.hyflexpack.com\/wp-content\/uploads\/2024\/08\/Bespoke-Charcoal-Packaging-bag\uff086\uff09-1-270x270.webp 270w, https:\/\/www.hyflexpack.com\/wp-content\/uploads\/2024\/08\/Bespoke-Charcoal-Packaging-bag\uff086\uff09-1-540x540.webp 540w, https:\/\/www.hyflexpack.com\/wp-content\/uploads\/2024\/08\/Bespoke-Charcoal-Packaging-bag\uff086\uff09-1-660x660.webp 660w\" sizes=\"(max-width: 750px) 100vw, 750px\" \/><\/figure>\n<\/div>\n<\/div>","protected":false},"excerpt":{"rendered":"<p>Saiba mais sobre nossos sacos de carv\u00e3o por atacado, material biodegrad\u00e1vel, a aplica\u00e7\u00e3o de material composto de alum\u00ednio pode fornecer boa resist\u00eancia \u00e0 umidade, oxig\u00eanio e luz, e o z\u00edper de alta qualidade pode fornecer um bom efeito de veda\u00e7\u00e3o para evitar que poeira, umidade ou pragas entrem no saco. O design do fundo mais largo faz com que as stand-up pouches fiquem mais firmes. Contacte-nos hoje para um or\u00e7amento. Estamos empenhados em fornecer solu\u00e7\u00f5es de embalagem de qualidade e amigas do ambiente.<\/p>\n<h3>Vantagens dos sacos de carv\u00e3o vegetal <strong>Fornecedor<\/strong><\/h3>\n<ul>\n<li><a href=\"https:\/\/www.hyflexpack.com\/pt\/embalagens-flexiveis-personalizadas\/\">Design personalizado<\/a>: Fornecemos um servi\u00e7o personalizado de sacos de embalagem de carv\u00e3o vegetal, incluindo material, tamanho e personaliza\u00e7\u00e3o do padr\u00e3o de impress\u00e3o para atender \u00e0s necessidades do cliente, e apoiamos OEM e ODM.<\/li>\n<li>Fabrico: Com equipamento e tecnologia avan\u00e7ados, podemos completar a produ\u00e7\u00e3o da encomenda com elevada efici\u00eancia e qualidade, e podemos entregar a tempo.<\/li>\n<li>Inspe\u00e7\u00e3o da qualidade: Seguir rigorosamente as normas de qualidade e os requisitos de seguran\u00e7a alimentar para a produ\u00e7\u00e3o, para garantir que os produtos cumprem as normas.<\/li>\n<li>Servi\u00e7o de apoio ao cliente: 24 horas para fornecer uma resposta r\u00e1pida e um servi\u00e7o de apoio ao cliente atencioso.<\/li>\n<li>Amostra gr\u00e1tis: Fornece servi\u00e7o de amostra gr\u00e1tis para voc\u00ea avaliar os sacos de carv\u00e3o.<\/li>\n<\/ul>\n<p>A Huiyang Packaging est\u00e1 empenhada em fornecer aos clientes sacos de guloseimas para c\u00e3es personalizados e de alta qualidade, para os ajudar a melhorar a imagem dos seus produtos e a aumentar a competitividade no mercado.<\/p>","protected":false},"featured_media":5123,"comment_status":"open","ping_status":"closed","template":"","meta":[],"product_brand":[],"product_cat":[52],"product_tag":[],"class_list":{"0":"post-5117","1":"product","2":"type-product","3":"status-publish","4":"has-post-thumbnail","6":"product_cat-custom-daily-chemical-packaging","8":"first","9":"instock","10":"shipping-taxable","11":"product-type-simple"},"_links":{"self":[{"href":"https:\/\/www.hyflexpack.com\/pt\/wp-json\/wp\/v2\/product\/5117","targetHints":{"allow":["GET"]}}],"collection":[{"href":"https:\/\/www.hyflexpack.com\/pt\/wp-json\/wp\/v2\/product"}],"about":[{"href":"https:\/\/www.hyflexpack.com\/pt\/wp-json\/wp\/v2\/types\/product"}],"replies":[{"embeddable":true,"href":"https:\/\/www.hyflexpack.com\/pt\/wp-json\/wp\/v2\/comments?post=5117"}],"wp:featuredmedia":[{"embeddable":true,"href":"https:\/\/www.hyflexpack.com\/pt\/wp-json\/wp\/v2\/media\/5123"}],"wp:attachment":[{"href":"https:\/\/www.hyflexpack.com\/pt\/wp-json\/wp\/v2\/media?parent=5117"}],"wp:term":[{"taxonomy":"product_brand","embeddable":true,"href":"https:\/\/www.hyflexpack.com\/pt\/wp-json\/wp\/v2\/product_brand?post=5117"},{"taxonomy":"product_cat","embeddable":true,"href":"https:\/\/www.hyflexpack.com\/pt\/wp-json\/wp\/v2\/product_cat?post=5117"},{"taxonomy":"product_tag","embeddable":true,"href":"https:\/\/www.hyflexpack.com\/pt\/wp-json\/wp\/v2\/product_tag?post=5117"}],"curies":[{"name":"wp","href":"https:\/\/api.w.org\/{rel}","templated":true}]}}