{"id":5084,"date":"2024-08-17T09:00:32","date_gmt":"2024-08-17T09:00:32","guid":{"rendered":"https:\/\/www.hyflexpack.com\/?post_type=product&#038;p=5084"},"modified":"2024-08-17T09:04:26","modified_gmt":"2024-08-17T09:04:26","slug":"custom-sugar-cookie-packaging-bags","status":"publish","type":"product","link":"https:\/\/www.hyflexpack.com\/pt\/product\/custom-sugar-cookie-packaging-bags\/","title":{"rendered":"Sacos de pl\u00e1stico para embalagem de bolachas de a\u00e7\u00facar personalizados Stand Up Pouch"},"content":{"rendered":"<div class=\"wp-block-columns is-layout-flex wp-container-core-columns-is-layout-9d6595d7 wp-block-columns-is-layout-flex\">\n<div class=\"wp-block-column is-layout-flow wp-block-column-is-layout-flow\">\n<h3 class=\"wp-block-heading\">Features of Custom Sugar Cookie Packaging Bags<\/h3>\n\n\n\n<p><\/p>\n\n\n\n<ul class=\"wp-block-list\">\n<li>Materiais ecol\u00f3gicos: utiliza\u00e7\u00e3o de materiais ecol\u00f3gicos que satisfa\u00e7am os requisitos ambientais, como materiais biodegrad\u00e1veis ou materiais recicl\u00e1veis, para reduzir o impacto no ambiente. <\/li>\n<\/ul>\n\n\n\n<p><\/p>\n\n\n\n<ul class=\"wp-block-list\">\n<li>Food grade high barrier materials: Custom sugar cookie packaging bags with food grade high barrier antistatic materials, such as PET, PE, aluminum foil, etc., to ensure the freshness and safety of cocoa powder, moisture-proof, anti-oxidation, and extend the shelf life.<\/li>\n<\/ul>\n\n\n\n<p><\/p>\n\n\n\n<ul class=\"wp-block-list\">\n<li>Hanging hole design: the sugar cookie packaging bags are designed with hanging holes, easy to hang and display in the store, improving product visibility and attractiveness. <\/li>\n<\/ul>\n\n\n\n<p><\/p>\n\n\n\n<ul class=\"wp-block-list\">\n<li>Fecho de correr: fecho de correr incorporado, f\u00e1cil de abrir muitas vezes, mant\u00e9m os aperitivos frescos e impede a entrada de ar exterior. <\/li>\n<\/ul>\n\n\n\n<p><\/p>\n\n\n\n<ul class=\"wp-block-list\">\n<li>Design de saco em p\u00e9: estrutura de saco em p\u00e9, para que o saco fique firmemente na prateleira ou no expositor, poupando espa\u00e7o de exposi\u00e7\u00e3o e melhorando o efeito de exposi\u00e7\u00e3o do produto.<\/li>\n<\/ul>\n<\/div>\n\n\n\n<div class=\"wp-block-column is-layout-flow wp-block-column-is-layout-flow\">\n<figure class=\"wp-block-image size-full\"><img fetchpriority=\"high\" decoding=\"async\" width=\"750\" height=\"750\" src=\"https:\/\/www.hyflexpack.com\/wp-content\/uploads\/2024\/08\/Custom-Sugar-Cookie-Packaging-Bags1.webp\" alt=\"Embalagens de biscoitos de a\u00e7\u00facar personalizadas - fabricantes de sacos\" class=\"wp-image-5085\" srcset=\"https:\/\/www.hyflexpack.com\/wp-content\/uploads\/2024\/08\/Custom-Sugar-Cookie-Packaging-Bags1.webp 750w, https:\/\/www.hyflexpack.com\/wp-content\/uploads\/2024\/08\/Custom-Sugar-Cookie-Packaging-Bags1-300x300.webp 300w, https:\/\/www.hyflexpack.com\/wp-content\/uploads\/2024\/08\/Custom-Sugar-Cookie-Packaging-Bags1-150x150.webp 150w, https:\/\/www.hyflexpack.com\/wp-content\/uploads\/2024\/08\/Custom-Sugar-Cookie-Packaging-Bags1-12x12.webp 12w, https:\/\/www.hyflexpack.com\/wp-content\/uploads\/2024\/08\/Custom-Sugar-Cookie-Packaging-Bags1-285x285.webp 285w, https:\/\/www.hyflexpack.com\/wp-content\/uploads\/2024\/08\/Custom-Sugar-Cookie-Packaging-Bags1-270x270.webp 270w, https:\/\/www.hyflexpack.com\/wp-content\/uploads\/2024\/08\/Custom-Sugar-Cookie-Packaging-Bags1-540x540.webp 540w, https:\/\/www.hyflexpack.com\/wp-content\/uploads\/2024\/08\/Custom-Sugar-Cookie-Packaging-Bags1-660x660.webp 660w\" sizes=\"(max-width: 750px) 100vw, 750px\" \/><\/figure>\n<\/div>\n<\/div>","protected":false},"excerpt":{"rendered":"<p>Find out how our custom candy cookie packaging bags use food-grade, eco-friendly laminated packaging film to ensure the freshness and safety of your candies and cookies. The application of composite materials can provide good moisture, oxygen, and light protection. Contact us for a quote, we are committed to providing one-stop environmentally friendly, and quality packaging solutions.<\/p>\n<h3><strong>Advantages of custom sugar cookie packaging bags <\/strong><\/h3>\n<ul>\n<li><strong>Design personalizado<\/strong>: We provide custom sugar cookie packaging bags service, including material, size, and printing pattern customization to meet customer needs, and support OEM and ODM.<\/li>\n<li><strong>Fabrico<\/strong>: Com equipamento e tecnologia avan\u00e7ados, podemos concluir a produ\u00e7\u00e3o da encomenda com elevada efici\u00eancia e alta qualidade, e podemos entregar a tempo.<\/li>\n<li><strong>Inspe\u00e7\u00e3o da qualidade<\/strong>: Seguir rigorosamente as normas de qualidade e os requisitos de seguran\u00e7a alimentar para a produ\u00e7\u00e3o, para garantir que os produtos cumprem as normas.<\/li>\n<li><strong>Servi\u00e7o ao cliente<\/strong>: 24 horas para fornecer uma resposta r\u00e1pida e um servi\u00e7o de apoio ao cliente atencioso.<\/li>\n<li><strong>Amostra gr\u00e1tis<\/strong>\uff1a Fornecer servi\u00e7o de amostra gr\u00e1tis para voc\u00ea avaliar os produtos.<\/li>\n<\/ul>\n<p>&nbsp;<\/p>","protected":false},"featured_media":5085,"comment_status":"open","ping_status":"closed","template":"","meta":[],"product_brand":[],"product_cat":[51],"product_tag":[],"class_list":{"0":"post-5084","1":"product","2":"type-product","3":"status-publish","4":"has-post-thumbnail","6":"product_cat-custom-food-packaging-bags","8":"first","9":"instock","10":"shipping-taxable","11":"product-type-simple"},"_links":{"self":[{"href":"https:\/\/www.hyflexpack.com\/pt\/wp-json\/wp\/v2\/product\/5084","targetHints":{"allow":["GET"]}}],"collection":[{"href":"https:\/\/www.hyflexpack.com\/pt\/wp-json\/wp\/v2\/product"}],"about":[{"href":"https:\/\/www.hyflexpack.com\/pt\/wp-json\/wp\/v2\/types\/product"}],"replies":[{"embeddable":true,"href":"https:\/\/www.hyflexpack.com\/pt\/wp-json\/wp\/v2\/comments?post=5084"}],"wp:featuredmedia":[{"embeddable":true,"href":"https:\/\/www.hyflexpack.com\/pt\/wp-json\/wp\/v2\/media\/5085"}],"wp:attachment":[{"href":"https:\/\/www.hyflexpack.com\/pt\/wp-json\/wp\/v2\/media?parent=5084"}],"wp:term":[{"taxonomy":"product_brand","embeddable":true,"href":"https:\/\/www.hyflexpack.com\/pt\/wp-json\/wp\/v2\/product_brand?post=5084"},{"taxonomy":"product_cat","embeddable":true,"href":"https:\/\/www.hyflexpack.com\/pt\/wp-json\/wp\/v2\/product_cat?post=5084"},{"taxonomy":"product_tag","embeddable":true,"href":"https:\/\/www.hyflexpack.com\/pt\/wp-json\/wp\/v2\/product_tag?post=5084"}],"curies":[{"name":"wp","href":"https:\/\/api.w.org\/{rel}","templated":true}]}}