{"id":5073,"date":"2024-08-17T09:28:09","date_gmt":"2024-08-17T09:28:09","guid":{"rendered":"https:\/\/www.hyflexpack.com\/?post_type=product&#038;p=5073"},"modified":"2025-10-23T08:54:49","modified_gmt":"2025-10-23T08:54:49","slug":"custom-cocoa-powder-packaging","status":"publish","type":"product","link":"https:\/\/www.hyflexpack.com\/pt\/product\/custom-cocoa-powder-packaging\/","title":{"rendered":"Embalagem personalizada de alta qualidade para cacau em p\u00f3 Stand Up Pouch de grau alimentar"},"content":{"rendered":"<div class=\"wp-block-columns is-layout-flex wp-container-core-columns-is-layout-9d6595d7 wp-block-columns-is-layout-flex\">\n<div class=\"wp-block-column is-layout-flow wp-block-column-is-layout-flow\">\n<div class=\"wp-block-columns is-layout-flex wp-container-core-columns-is-layout-9d6595d7 wp-block-columns-is-layout-flex\">\n<div class=\"wp-block-column is-layout-flow wp-block-column-is-layout-flow\">\n<h3 class=\"wp-block-heading\">Carater\u00edsticas do saco de embalagem de cacau em p\u00f3 de alta qualidade<\/h3>\n\n\n\n<ul class=\"wp-block-list\">\n<li>Materiais ecol\u00f3gicos: utiliza\u00e7\u00e3o de materiais ecol\u00f3gicos que satisfa\u00e7am os requisitos ambientais, como materiais biodegrad\u00e1veis ou materiais recicl\u00e1veis, para reduzir o impacto no ambiente. <\/li>\n<\/ul>\n\n\n\n<p><\/p>\n\n\n\n<ul class=\"wp-block-list\">\n<li>Materiais de alta barreira de qualidade alimentar: Sacos de embalagem de cacau em p\u00f3 personalizados com materiais antiest\u00e1ticos de alta barreira de qualidade alimentar, como PET, PE, folha de alum\u00ednio, etc., para garantir a frescura e a seguran\u00e7a do cacau em p\u00f3, \u00e0 prova de humidade, anti-oxida\u00e7\u00e3o e prolongar o prazo de validade. <\/li>\n<\/ul>\n\n\n\n<p><\/p>\n\n\n\n<ul class=\"wp-block-list\">\n<li>Design com orif\u00edcios para pendurar: o saco de embalagem de cacau em p\u00f3 \u00e9 concebido com orif\u00edcios para pendurar, f\u00e1cil de pendurar e expor na loja, melhorando a visibilidade e a atratividade do produto. <\/li>\n<\/ul>\n\n\n\n<p><\/p>\n\n\n\n<ul class=\"wp-block-list\">\n<li>Fecho de correr: fecho de correr incorporado, f\u00e1cil de abrir muitas vezes, mant\u00e9m os aperitivos frescos e impede a entrada de ar exterior. <\/li>\n<\/ul>\n\n\n\n<p><\/p>\n\n\n\n<ul class=\"wp-block-list\">\n<li>Design de saco em p\u00e9: estrutura de saco em p\u00e9, para que o saco fique firmemente na prateleira ou no expositor, poupando espa\u00e7o de exposi\u00e7\u00e3o e melhorando o efeito de exposi\u00e7\u00e3o do produto.<\/li>\n<\/ul>\n<\/div>\n\n\n\n<div class=\"wp-block-column is-layout-flow wp-block-column-is-layout-flow\">\n<figure class=\"wp-block-image size-full\"><img fetchpriority=\"high\" decoding=\"async\" width=\"750\" height=\"750\" src=\"https:\/\/www.hyflexpack.com\/wp-content\/uploads\/2024\/08\/customized-cocoa-powder-packaging-bag-manufacturer\uff081\uff09.webp\" alt=\"fabricante de sacos de embalagem de cacau em p\u00f3 personalizados\" class=\"wp-image-5066\" srcset=\"https:\/\/www.hyflexpack.com\/wp-content\/uploads\/2024\/08\/customized-cocoa-powder-packaging-bag-manufacturer\uff081\uff09.webp 750w, https:\/\/www.hyflexpack.com\/wp-content\/uploads\/2024\/08\/customized-cocoa-powder-packaging-bag-manufacturer\uff081\uff09-300x300.webp 300w, https:\/\/www.hyflexpack.com\/wp-content\/uploads\/2024\/08\/customized-cocoa-powder-packaging-bag-manufacturer\uff081\uff09-150x150.webp 150w, https:\/\/www.hyflexpack.com\/wp-content\/uploads\/2024\/08\/customized-cocoa-powder-packaging-bag-manufacturer\uff081\uff09-12x12.webp 12w, https:\/\/www.hyflexpack.com\/wp-content\/uploads\/2024\/08\/customized-cocoa-powder-packaging-bag-manufacturer\uff081\uff09-285x285.webp 285w, https:\/\/www.hyflexpack.com\/wp-content\/uploads\/2024\/08\/customized-cocoa-powder-packaging-bag-manufacturer\uff081\uff09-270x270.webp 270w, https:\/\/www.hyflexpack.com\/wp-content\/uploads\/2024\/08\/customized-cocoa-powder-packaging-bag-manufacturer\uff081\uff09-540x540.webp 540w, https:\/\/www.hyflexpack.com\/wp-content\/uploads\/2024\/08\/customized-cocoa-powder-packaging-bag-manufacturer\uff081\uff09-660x660.webp 660w\" sizes=\"(max-width: 750px) 100vw, 750px\" \/><\/figure>\n<\/div>\n<\/div>\n<\/div>\n<\/div>\n\n\n\n<p><\/p>","protected":false},"excerpt":{"rendered":"<p>Explore como os nossos sacos de embalagem de cacau em p\u00f3 personalizados s\u00e3o fabricados com materiais de qualidade alimentar e ecol\u00f3gicos para garantir que o seu cacau em p\u00f3 se mant\u00e9m fresco e seguro. Fabricados em materiais compostos para uma excelente resist\u00eancia \u00e0 humidade e \u00e0 luz, apresentam um fecho de correr e um design de p\u00e9 para uma utiliza\u00e7\u00e3o f\u00e1cil. Contacte-nos hoje mesmo, estamos empenhados em fornecer solu\u00e7\u00f5es de embalagem sustent\u00e1veis e de alta qualidade.<\/p>\n<h3><strong>Vantagens do saco de embalagem de cacau em p\u00f3<\/strong><\/h3>\n<ul>\n<li><strong>Design personalizado<\/strong>: Fornecemos um servi\u00e7o de saco de embalagem de cacau em p\u00f3 de design personalizado, incluindo material, tamanho e personaliza\u00e7\u00e3o do padr\u00e3o de impress\u00e3o para atender \u00e0s necessidades do cliente, e apoiamos OEM e ODM.<\/li>\n<li><strong>Fabrico<\/strong>: Com equipamento e tecnologia avan\u00e7ados, podemos concluir a produ\u00e7\u00e3o da encomenda com elevada efici\u00eancia e alta qualidade, e podemos entregar a tempo.<\/li>\n<li><strong>Inspe\u00e7\u00e3o da qualidade<\/strong>: Seguir rigorosamente as normas de qualidade e os requisitos de seguran\u00e7a alimentar para a produ\u00e7\u00e3o, para garantir que os produtos cumprem as normas.<\/li>\n<li><strong>Servi\u00e7o ao cliente<\/strong>: 24 horas para fornecer uma resposta r\u00e1pida e um servi\u00e7o de apoio ao cliente atencioso.<\/li>\n<li><strong>Amostra gr\u00e1tis<\/strong>\uff1a Fornecer servi\u00e7o de amostra gr\u00e1tis para voc\u00ea avaliar o saco de embalagem de cacau em p\u00f3.<\/li>\n<\/ul>","protected":false},"featured_media":5066,"comment_status":"open","ping_status":"closed","template":"","meta":[],"product_brand":[],"product_cat":[100],"product_tag":[],"class_list":{"0":"post-5073","1":"product","2":"type-product","3":"status-publish","4":"has-post-thumbnail","6":"product_cat-powder-packaging-bags-custom","8":"first","9":"instock","10":"shipping-taxable","11":"product-type-simple"},"_links":{"self":[{"href":"https:\/\/www.hyflexpack.com\/pt\/wp-json\/wp\/v2\/product\/5073","targetHints":{"allow":["GET"]}}],"collection":[{"href":"https:\/\/www.hyflexpack.com\/pt\/wp-json\/wp\/v2\/product"}],"about":[{"href":"https:\/\/www.hyflexpack.com\/pt\/wp-json\/wp\/v2\/types\/product"}],"replies":[{"embeddable":true,"href":"https:\/\/www.hyflexpack.com\/pt\/wp-json\/wp\/v2\/comments?post=5073"}],"wp:featuredmedia":[{"embeddable":true,"href":"https:\/\/www.hyflexpack.com\/pt\/wp-json\/wp\/v2\/media\/5066"}],"wp:attachment":[{"href":"https:\/\/www.hyflexpack.com\/pt\/wp-json\/wp\/v2\/media?parent=5073"}],"wp:term":[{"taxonomy":"product_brand","embeddable":true,"href":"https:\/\/www.hyflexpack.com\/pt\/wp-json\/wp\/v2\/product_brand?post=5073"},{"taxonomy":"product_cat","embeddable":true,"href":"https:\/\/www.hyflexpack.com\/pt\/wp-json\/wp\/v2\/product_cat?post=5073"},{"taxonomy":"product_tag","embeddable":true,"href":"https:\/\/www.hyflexpack.com\/pt\/wp-json\/wp\/v2\/product_tag?post=5073"}],"curies":[{"name":"wp","href":"https:\/\/api.w.org\/{rel}","templated":true}]}}