{"id":5010,"date":"2024-08-03T17:44:33","date_gmt":"2024-08-03T17:44:33","guid":{"rendered":"https:\/\/www.hyflexpack.com\/?post_type=product&#038;p=5010"},"modified":"2024-08-03T17:44:34","modified_gmt":"2024-08-03T17:44:34","slug":"wholesale-film-roll-plastic-packing-film","status":"publish","type":"product","link":"https:\/\/www.hyflexpack.com\/pt\/product\/wholesale-film-roll-plastic-packing-film\/","title":{"rendered":"Rolo de filme por atacado Filme de embalagem pl\u00e1stica para embalagem de mel premium"},"content":{"rendered":"<div class=\"wp-block-columns is-layout-flex wp-container-core-columns-is-layout-9d6595d7 wp-block-columns-is-layout-flex\">\n<div class=\"wp-block-column is-layout-flow wp-block-column-is-layout-flow\">\n<h3 class=\"wp-block-heading\">Carater\u00edsticas da Embalagem pl\u00e1stica de rolo de filme de alta qualidade<\/h3>\n\n\n\n<ul class=\"wp-block-list\">\n<li>Material de qualidade superior: a embalagem de pl\u00e1stico em rolo de pel\u00edcula utiliza material pl\u00e1stico seguro de qualidade alimentar para garantir a pureza e a seguran\u00e7a do mel.<\/li>\n\n\n\n<li>Efeito de impress\u00e3o superior: A pel\u00edcula de embalagem de mel suporta impress\u00e3o de alta defini\u00e7\u00e3o com padr\u00f5es claros e cores brilhantes para melhorar o atrativo visual do produto.<\/li>\n\n\n\n<li>Prote\u00e7\u00e3o de alta resist\u00eancia: A resist\u00eancia superior \u00e0 humidade, ao p\u00f3 e ao rasgamento garante que o mel permanece intacto durante o transporte e a armazenagem.<\/li>\n\n\n\n<li>Op\u00e7\u00f5es amigas do ambiente: Oferece op\u00e7\u00f5es de materiais recicl\u00e1veis para cumprir as normas ambientais e reduzir o impacto ambiental.<\/li>\n\n\n\n<li>Compat\u00edvel com a automatiza\u00e7\u00e3o: A pel\u00edcula de embalagem de mel \u00e9 adequada para utiliza\u00e7\u00e3o em equipamento de embalagem automatizado, aumentando a efici\u00eancia da embalagem e reduzindo os custos de m\u00e3o de obra.<\/li>\n\n\n\n<li>Selagem de qualidade superior: A selagem f\u00e1cil por calor garante que a embalagem fica bem fechada, evitando fugas de mel e contamina\u00e7\u00e3o.<\/li>\n\n\n\n<li>F\u00e1cil de utilizar: o design da pel\u00edcula em rolo facilita a mudan\u00e7a r\u00e1pida e a utiliza\u00e7\u00e3o durante o processo de embalagem, poupando tempo e aumentando a produtividade.<\/li>\n<\/ul>\n<\/div>\n\n\n\n<div class=\"wp-block-column is-layout-flow wp-block-column-is-layout-flow\">\n<figure class=\"wp-block-image size-full\"><img fetchpriority=\"high\" decoding=\"async\" width=\"750\" height=\"750\" src=\"https:\/\/www.hyflexpack.com\/wp-content\/uploads\/2024\/08\/Wholesale-Film-Roll-for-honey-packaging-film-1.webp\" alt=\"Rolo de pel\u00edcula por atacado para pel\u00edcula de embalagem de mel \" class=\"wp-image-5021\" srcset=\"https:\/\/www.hyflexpack.com\/wp-content\/uploads\/2024\/08\/Wholesale-Film-Roll-for-honey-packaging-film-1.webp 750w, https:\/\/www.hyflexpack.com\/wp-content\/uploads\/2024\/08\/Wholesale-Film-Roll-for-honey-packaging-film-1-300x300.webp 300w, https:\/\/www.hyflexpack.com\/wp-content\/uploads\/2024\/08\/Wholesale-Film-Roll-for-honey-packaging-film-1-150x150.webp 150w, https:\/\/www.hyflexpack.com\/wp-content\/uploads\/2024\/08\/Wholesale-Film-Roll-for-honey-packaging-film-1-12x12.webp 12w, https:\/\/www.hyflexpack.com\/wp-content\/uploads\/2024\/08\/Wholesale-Film-Roll-for-honey-packaging-film-1-285x285.webp 285w, https:\/\/www.hyflexpack.com\/wp-content\/uploads\/2024\/08\/Wholesale-Film-Roll-for-honey-packaging-film-1-270x270.webp 270w, https:\/\/www.hyflexpack.com\/wp-content\/uploads\/2024\/08\/Wholesale-Film-Roll-for-honey-packaging-film-1-540x540.webp 540w, https:\/\/www.hyflexpack.com\/wp-content\/uploads\/2024\/08\/Wholesale-Film-Roll-for-honey-packaging-film-1-660x660.webp 660w\" sizes=\"(max-width: 750px) 100vw, 750px\" \/><\/figure>\n<\/div>\n<\/div>","protected":false},"excerpt":{"rendered":"<p>Descubra o que torna a nossa embalagem de pl\u00e1stico em rolo ideal para embalagens de mel de alta qualidade e garanta que o seu produto se destaca no mercado. Se tiver alguma d\u00favida, contacte-nos para obter mais informa\u00e7\u00f5es sobre as nossas solu\u00e7\u00f5es de embalagem flex\u00edvel.<\/p>\n<h3>Vantagens do fornecedor de embalagens pl\u00e1sticas de rolo de filme<\/h3>\n<ul>\n<li><strong>Design personalizado<\/strong>: Fornece solu\u00e7\u00f5es de design personalizado, suporta OEM\/ODM, personalizado com diferentes especifica\u00e7\u00f5es, tamanhos, padr\u00f5es de impress\u00e3o, etc.<\/li>\n<li><strong>Garantia de qualidade<\/strong>: Controlar o processo de produ\u00e7\u00e3o, dispor de materiais de alta qualidade e de equipamentos avan\u00e7ados para garantir a qualidade do produto.<\/li>\n<li><strong>Entrega atempada<\/strong>: Otimizar o processo de produ\u00e7\u00e3o e melhorar a efici\u00eancia da produ\u00e7\u00e3o para garantir a entrega atempada e satisfazer as necessidades urgentes dos clientes.<\/li>\n<li><strong>Suporte t\u00e9cnico profissional<\/strong>: A equipa t\u00e9cnica experiente fornece apoio t\u00e9cnico profissional e servi\u00e7o de consultoria p\u00f3s-venda 24 horas por dia.<\/li>\n<li><strong>Amostra gr\u00e1tis<\/strong>: Fornecer servi\u00e7o de amostra gr\u00e1tis para avaliar os produtos.<\/li>\n<\/ul>\n<p>A Huiyang Packaging est\u00e1 empenhada em fornecer aos clientes pel\u00edculas de embalagem de mel de alta qualidade e personalizadas para os ajudar a melhorar a imagem dos seus produtos e a aumentar a competitividade no mercado<\/p>\n<p>&nbsp;<\/p>","protected":false},"featured_media":5025,"comment_status":"open","ping_status":"closed","template":"","meta":[],"product_brand":[],"product_cat":[53],"product_tag":[],"class_list":{"0":"post-5010","1":"product","2":"type-product","3":"status-publish","4":"has-post-thumbnail","6":"product_cat-packaging-film-supplier","8":"first","9":"instock","10":"shipping-taxable","11":"product-type-simple"},"_links":{"self":[{"href":"https:\/\/www.hyflexpack.com\/pt\/wp-json\/wp\/v2\/product\/5010","targetHints":{"allow":["GET"]}}],"collection":[{"href":"https:\/\/www.hyflexpack.com\/pt\/wp-json\/wp\/v2\/product"}],"about":[{"href":"https:\/\/www.hyflexpack.com\/pt\/wp-json\/wp\/v2\/types\/product"}],"replies":[{"embeddable":true,"href":"https:\/\/www.hyflexpack.com\/pt\/wp-json\/wp\/v2\/comments?post=5010"}],"wp:featuredmedia":[{"embeddable":true,"href":"https:\/\/www.hyflexpack.com\/pt\/wp-json\/wp\/v2\/media\/5025"}],"wp:attachment":[{"href":"https:\/\/www.hyflexpack.com\/pt\/wp-json\/wp\/v2\/media?parent=5010"}],"wp:term":[{"taxonomy":"product_brand","embeddable":true,"href":"https:\/\/www.hyflexpack.com\/pt\/wp-json\/wp\/v2\/product_brand?post=5010"},{"taxonomy":"product_cat","embeddable":true,"href":"https:\/\/www.hyflexpack.com\/pt\/wp-json\/wp\/v2\/product_cat?post=5010"},{"taxonomy":"product_tag","embeddable":true,"href":"https:\/\/www.hyflexpack.com\/pt\/wp-json\/wp\/v2\/product_tag?post=5010"}],"curies":[{"name":"wp","href":"https:\/\/api.w.org\/{rel}","templated":true}]}}