{"id":5009,"date":"2024-08-03T10:02:42","date_gmt":"2024-08-03T10:02:42","guid":{"rendered":"https:\/\/www.hyflexpack.com\/?post_type=product&#038;p=5009"},"modified":"2024-08-03T10:02:44","modified_gmt":"2024-08-03T10:02:44","slug":"custom-printed-rollstock-packaging-film","status":"publish","type":"product","link":"https:\/\/www.hyflexpack.com\/pt\/product\/custom-printed-rollstock-packaging-film\/","title":{"rendered":"Pel\u00edcula de embalagem em rolo com impress\u00e3o personalizada recicl\u00e1vel para embalagem automatizada de doces"},"content":{"rendered":"<div class=\"wp-block-columns is-layout-flex wp-container-core-columns-is-layout-9d6595d7 wp-block-columns-is-layout-flex\">\n<div class=\"wp-block-column is-layout-flow wp-block-column-is-layout-flow\">\n<h3 class=\"wp-block-heading\">Carater\u00edsticas da pel\u00edcula de embalagem de rolos impressos de alta qualidade<\/h3>\n\n\n\n<ul class=\"wp-block-list\">\n<li>Materiais amigos do ambiente: s\u00e3o utilizados materiais recicl\u00e1veis, em conformidade com as normas ambientais, reduzindo a polui\u00e7\u00e3o ambiental e contribuindo para o desenvolvimento sustent\u00e1vel.<\/li>\n\n\n\n<li>Impress\u00e3o de alta qualidade: Suporta impress\u00e3o de alta defini\u00e7\u00e3o com at\u00e9 10 cores, tornando a embalagem mais requintada e capaz de atrair efetivamente a aten\u00e7\u00e3o dos consumidores e melhorar a imagem da marca.<\/li>\n\n\n\n<li>Compatibilidade com a automatiza\u00e7\u00e3o: A pel\u00edcula para embalagem de material em rolo foi concebida para equipamento de embalagem autom\u00e1tica, assegurando uma produ\u00e7\u00e3o eficiente e um funcionamento suave, melhorando consideravelmente a efici\u00eancia da embalagem e a velocidade de produ\u00e7\u00e3o, e sendo f\u00e1cil de utilizar.<\/li>\n\n\n\n<li>Desempenho de prote\u00e7\u00e3o superior: com fun\u00e7\u00f5es \u00e0 prova de humidade e de p\u00f3, prolonga eficazmente o prazo de validade dos produtos de confeitaria e assegura a frescura e a integridade do produto durante o transporte e a armazenagem.<\/li>\n\n\n\n<li>Excelente durabilidade: com uma resist\u00eancia superior \u00e0 rutura, garante que os doces n\u00e3o s\u00e3o danificados durante o transporte e o armazenamento, proporcionando uma prote\u00e7\u00e3o fi\u00e1vel.<\/li>\n<\/ul>\n<\/div>\n\n\n\n<div class=\"wp-block-column is-layout-flow wp-block-column-is-layout-flow\">\n<figure class=\"wp-block-image size-full\"><img fetchpriority=\"high\" decoding=\"async\" width=\"750\" height=\"750\" src=\"https:\/\/www.hyflexpack.com\/wp-content\/uploads\/2024\/08\/Custom-Printed-Rollstock-Packaging-Film-7.webp\" alt=\"Pel\u00edcula de embalagem em rolo com impress\u00e3o personalizada\" class=\"wp-image-5017\" srcset=\"https:\/\/www.hyflexpack.com\/wp-content\/uploads\/2024\/08\/Custom-Printed-Rollstock-Packaging-Film-7.webp 750w, https:\/\/www.hyflexpack.com\/wp-content\/uploads\/2024\/08\/Custom-Printed-Rollstock-Packaging-Film-7-300x300.webp 300w, https:\/\/www.hyflexpack.com\/wp-content\/uploads\/2024\/08\/Custom-Printed-Rollstock-Packaging-Film-7-150x150.webp 150w, https:\/\/www.hyflexpack.com\/wp-content\/uploads\/2024\/08\/Custom-Printed-Rollstock-Packaging-Film-7-12x12.webp 12w, https:\/\/www.hyflexpack.com\/wp-content\/uploads\/2024\/08\/Custom-Printed-Rollstock-Packaging-Film-7-285x285.webp 285w, https:\/\/www.hyflexpack.com\/wp-content\/uploads\/2024\/08\/Custom-Printed-Rollstock-Packaging-Film-7-270x270.webp 270w, https:\/\/www.hyflexpack.com\/wp-content\/uploads\/2024\/08\/Custom-Printed-Rollstock-Packaging-Film-7-540x540.webp 540w, https:\/\/www.hyflexpack.com\/wp-content\/uploads\/2024\/08\/Custom-Printed-Rollstock-Packaging-Film-7-660x660.webp 660w\" sizes=\"(max-width: 750px) 100vw, 750px\" \/><\/figure>\n<\/div>\n<\/div>\n\n\n\n<p><\/p>","protected":false},"excerpt":{"rendered":"<p>Explore a nossa pel\u00edcula de embalagem em rolo impressa como embalagem de confeitaria automatizada, ideal para aumentar a competitividade da marca. Contacte-nos hoje para saber mais sobre como podemos personalizar a sua embalagem exclusiva!<\/p>\n<h3>Vantagens do fornecedor de pel\u00edcula de embalagem em rolo<\/h3>\n<ul>\n<li>Servi\u00e7o personalizado: Fornecer servi\u00e7o ODM e ODM, personalizar o tamanho, impress\u00e3o e material de acordo com as necessidades do cliente.<\/li>\n<li>Entrega r\u00e1pida: Processo de produ\u00e7\u00e3o eficiente e gest\u00e3o da cadeia de fornecimento para garantir a entrega atempada das encomendas de modo a satisfazer as necessidades urgentes dos clientes.<\/li>\n<li>Garantia de qualidade: Um sistema de controlo de qualidade rigoroso garante que cada produto cumpre os requisitos e normas dos clientes.<\/li>\n<li>Rentabilidade: Fornecer pre\u00e7os competitivos e reduzir os custos de aquisi\u00e7\u00e3o dos clientes atrav\u00e9s da otimiza\u00e7\u00e3o dos processos de produ\u00e7\u00e3o e da gest\u00e3o de custos.<\/li>\n<li>Amostra gr\u00e1tis: Fornecemos um servi\u00e7o de amostra gr\u00e1tis para avaliar os seus produtos.<\/li>\n<\/ul>\n<p>A Huiyang Packaging est\u00e1 empenhada em fornecer aos clientes pel\u00edculas de embalagem em rolo personalizadas de alta qualidade para os ajudar a melhorar a imagem dos seus produtos e a competitividade no mercado.<\/p>","protected":false},"featured_media":5012,"comment_status":"open","ping_status":"closed","template":"","meta":[],"product_brand":[],"product_cat":[53],"product_tag":[],"class_list":{"0":"post-5009","1":"product","2":"type-product","3":"status-publish","4":"has-post-thumbnail","6":"product_cat-packaging-film-supplier","8":"first","9":"instock","10":"shipping-taxable","11":"product-type-simple"},"_links":{"self":[{"href":"https:\/\/www.hyflexpack.com\/pt\/wp-json\/wp\/v2\/product\/5009","targetHints":{"allow":["GET"]}}],"collection":[{"href":"https:\/\/www.hyflexpack.com\/pt\/wp-json\/wp\/v2\/product"}],"about":[{"href":"https:\/\/www.hyflexpack.com\/pt\/wp-json\/wp\/v2\/types\/product"}],"replies":[{"embeddable":true,"href":"https:\/\/www.hyflexpack.com\/pt\/wp-json\/wp\/v2\/comments?post=5009"}],"wp:featuredmedia":[{"embeddable":true,"href":"https:\/\/www.hyflexpack.com\/pt\/wp-json\/wp\/v2\/media\/5012"}],"wp:attachment":[{"href":"https:\/\/www.hyflexpack.com\/pt\/wp-json\/wp\/v2\/media?parent=5009"}],"wp:term":[{"taxonomy":"product_brand","embeddable":true,"href":"https:\/\/www.hyflexpack.com\/pt\/wp-json\/wp\/v2\/product_brand?post=5009"},{"taxonomy":"product_cat","embeddable":true,"href":"https:\/\/www.hyflexpack.com\/pt\/wp-json\/wp\/v2\/product_cat?post=5009"},{"taxonomy":"product_tag","embeddable":true,"href":"https:\/\/www.hyflexpack.com\/pt\/wp-json\/wp\/v2\/product_tag?post=5009"}],"curies":[{"name":"wp","href":"https:\/\/api.w.org\/{rel}","templated":true}]}}