{"id":4952,"date":"2024-07-25T08:05:22","date_gmt":"2024-07-25T08:05:22","guid":{"rendered":"https:\/\/www.hyflexpack.com\/?post_type=product&#038;p=4952"},"modified":"2024-07-25T08:05:26","modified_gmt":"2024-07-25T08:05:26","slug":"wholesale-clear-film-packaging","status":"publish","type":"product","link":"https:\/\/www.hyflexpack.com\/pt\/product\/wholesale-clear-film-packaging\/","title":{"rendered":"Atacado de rolos de pl\u00e1stico para embalagem de filme transparente para sacos de embalagem de doces"},"content":{"rendered":"<div class=\"wp-block-columns is-layout-flex wp-container-core-columns-is-layout-9d6595d7 wp-block-columns-is-layout-flex\">\n<div class=\"wp-block-column is-layout-flow wp-block-column-is-layout-flow\">\n<h3 class=\"wp-block-heading\">Carater\u00edsticas das embalagens de pel\u00edcula transparente de alta qualidade<\/h3>\n\n\n\n<ul class=\"wp-block-list\">\n<li>Alta clareza: Fabricado em material de pel\u00edcula transparente de alta qualidade, proporciona uma excelente clareza e exibe na perfei\u00e7\u00e3o a cor e a forma do rebu\u00e7ado para atrair a aten\u00e7\u00e3o dos consumidores.<\/li>\n<\/ul>\n\n\n\n<p><\/p>\n\n\n\n<ul class=\"wp-block-list\">\n<li>Grande durabilidade: boa resist\u00eancia \u00e0 abras\u00e3o e ao rasgamento para garantir a integridade da embalagem durante o transporte e o armazenamento.<\/li>\n<\/ul>\n\n\n\n<p><\/p>\n\n\n\n<ul class=\"wp-block-list\">\n<li>Seguran\u00e7a de qualidade alimentar: O cumprimento das normas de qualidade alimentar garante que o material de embalagem \u00e9 seguro e higi\u00e9nico para os produtos de confeitaria e protege a sa\u00fade do consumidor.<\/li>\n<\/ul>\n\n\n\n<p><\/p>\n\n\n\n<ul class=\"wp-block-list\">\n<li>Embalagem autom\u00e1tica: Adequado para equipamento de embalagem autom\u00e1tica para melhorar a efici\u00eancia da produ\u00e7\u00e3o e garantir a consist\u00eancia e estabilidade da embalagem.<\/li>\n<\/ul>\n\n\n\n<p><\/p>\n\n\n\n<ul class=\"wp-block-list\">\n<li>Versatilidade: As embalagens de pel\u00edcula transparente s\u00e3o adequadas para todos os tipos e formas de embalagens de rebu\u00e7ados, proporcionando solu\u00e7\u00f5es de embalagem flex\u00edveis e melhorando a apresenta\u00e7\u00e3o do produto.<\/li>\n<\/ul>\n<\/div>\n\n\n\n<div class=\"wp-block-column is-layout-flow wp-block-column-is-layout-flow\">\n<figure class=\"wp-block-image size-full\"><img fetchpriority=\"high\" decoding=\"async\" width=\"750\" height=\"750\" src=\"https:\/\/www.hyflexpack.com\/wp-content\/uploads\/2024\/07\/Wholesale-Clear-Film-Packaging-8.webp\" alt=\"Embalagem de pel\u00edcula transparente por atacado\" class=\"wp-image-4960\" srcset=\"https:\/\/www.hyflexpack.com\/wp-content\/uploads\/2024\/07\/Wholesale-Clear-Film-Packaging-8.webp 750w, https:\/\/www.hyflexpack.com\/wp-content\/uploads\/2024\/07\/Wholesale-Clear-Film-Packaging-8-300x300.webp 300w, https:\/\/www.hyflexpack.com\/wp-content\/uploads\/2024\/07\/Wholesale-Clear-Film-Packaging-8-150x150.webp 150w, https:\/\/www.hyflexpack.com\/wp-content\/uploads\/2024\/07\/Wholesale-Clear-Film-Packaging-8-12x12.webp 12w, https:\/\/www.hyflexpack.com\/wp-content\/uploads\/2024\/07\/Wholesale-Clear-Film-Packaging-8-285x285.webp 285w, https:\/\/www.hyflexpack.com\/wp-content\/uploads\/2024\/07\/Wholesale-Clear-Film-Packaging-8-270x270.webp 270w, https:\/\/www.hyflexpack.com\/wp-content\/uploads\/2024\/07\/Wholesale-Clear-Film-Packaging-8-540x540.webp 540w, https:\/\/www.hyflexpack.com\/wp-content\/uploads\/2024\/07\/Wholesale-Clear-Film-Packaging-8-660x660.webp 660w\" sizes=\"(max-width: 750px) 100vw, 750px\" \/><\/figure>\n<\/div>\n<\/div>","protected":false},"excerpt":{"rendered":"<p>Escolha os nossos rolos de embalagem de pel\u00edcula pl\u00e1stica de alta transpar\u00eancia para uma apresenta\u00e7\u00e3o e prote\u00e7\u00e3o \u00f3ptimas dos seus doces! O fornecimento por grosso \u00e9 econ\u00f3mico para as necessidades de produ\u00e7\u00e3o em massa. Contacte-nos agora para obter desenhos e amostras gr\u00e1tis!<\/p>\n<h3>Vantagens do fornecedor de embalagens de pel\u00edcula transparente<\/h3>\n<ul>\n<li><strong>Design personalizado<\/strong>: Fornece solu\u00e7\u00f5es de design personalizado, suporta OEM\/ODM, personalizado com diferentes especifica\u00e7\u00f5es, tamanhos, padr\u00f5es de impress\u00e3o, etc.<\/li>\n<li><strong>Garantia de qualidade<\/strong>: Controlar o processo de produ\u00e7\u00e3o, dispor de materiais de alta qualidade e de equipamentos avan\u00e7ados para garantir a qualidade do produto.<\/li>\n<li><strong>Entrega atempada<\/strong>: Otimizar o processo de produ\u00e7\u00e3o e melhorar a efici\u00eancia da produ\u00e7\u00e3o para garantir a entrega atempada e satisfazer as necessidades urgentes dos clientes.<\/li>\n<li><strong>Suporte t\u00e9cnico profissional<\/strong>: A equipa t\u00e9cnica experiente fornece apoio t\u00e9cnico profissional e servi\u00e7o de consultoria p\u00f3s-venda 24 horas por dia.<\/li>\n<li><strong>Amostra gr\u00e1tis<\/strong>: Fornecer servi\u00e7o de amostra gr\u00e1tis para avaliar os produtos.<\/li>\n<\/ul>\n<p>A Huiyang Packaging est\u00e1 empenhada em fornecer aos clientes embalagens de pel\u00edcula pl\u00e1stica de alta qualidade e personalizadas para os ajudar a melhorar a imagem dos seus produtos e a aumentar a competitividade no mercado.<\/p>","protected":false},"featured_media":4959,"comment_status":"open","ping_status":"closed","template":"","meta":[],"product_brand":[],"product_cat":[53],"product_tag":[],"class_list":{"0":"post-4952","1":"product","2":"type-product","3":"status-publish","4":"has-post-thumbnail","6":"product_cat-packaging-film-supplier","8":"first","9":"instock","10":"shipping-taxable","11":"product-type-simple"},"_links":{"self":[{"href":"https:\/\/www.hyflexpack.com\/pt\/wp-json\/wp\/v2\/product\/4952","targetHints":{"allow":["GET"]}}],"collection":[{"href":"https:\/\/www.hyflexpack.com\/pt\/wp-json\/wp\/v2\/product"}],"about":[{"href":"https:\/\/www.hyflexpack.com\/pt\/wp-json\/wp\/v2\/types\/product"}],"replies":[{"embeddable":true,"href":"https:\/\/www.hyflexpack.com\/pt\/wp-json\/wp\/v2\/comments?post=4952"}],"wp:featuredmedia":[{"embeddable":true,"href":"https:\/\/www.hyflexpack.com\/pt\/wp-json\/wp\/v2\/media\/4959"}],"wp:attachment":[{"href":"https:\/\/www.hyflexpack.com\/pt\/wp-json\/wp\/v2\/media?parent=4952"}],"wp:term":[{"taxonomy":"product_brand","embeddable":true,"href":"https:\/\/www.hyflexpack.com\/pt\/wp-json\/wp\/v2\/product_brand?post=4952"},{"taxonomy":"product_cat","embeddable":true,"href":"https:\/\/www.hyflexpack.com\/pt\/wp-json\/wp\/v2\/product_cat?post=4952"},{"taxonomy":"product_tag","embeddable":true,"href":"https:\/\/www.hyflexpack.com\/pt\/wp-json\/wp\/v2\/product_tag?post=4952"}],"curies":[{"name":"wp","href":"https:\/\/api.w.org\/{rel}","templated":true}]}}