{"id":4944,"date":"2024-07-25T07:44:17","date_gmt":"2024-07-25T07:44:17","guid":{"rendered":"https:\/\/www.hyflexpack.com\/?post_type=product&#038;p=4944"},"modified":"2024-07-25T07:44:19","modified_gmt":"2024-07-25T07:44:19","slug":"custom-sachet-packaging-roll-film","status":"publish","type":"product","link":"https:\/\/www.hyflexpack.com\/pt\/product\/custom-sachet-packaging-roll-film\/","title":{"rendered":"Filme em rolo para embalagem de saquetas fosco personalizado autom\u00e1tico para embalagem de doces"},"content":{"rendered":"<div class=\"wp-block-columns is-layout-flex wp-container-core-columns-is-layout-9d6595d7 wp-block-columns-is-layout-flex\">\n<div class=\"wp-block-column is-layout-flow wp-block-column-is-layout-flow\">\n<h3 class=\"wp-block-heading\">Carater\u00edsticas da pel\u00edcula de rolo para embalagem de saquetas de alta qualidade<\/h3>\n\n\n\n<ul class=\"wp-block-list\">\n<li>Textura mate: O design de superf\u00edcie mate de alta qualidade melhora a textura e o atrativo visual da embalagem, real\u00e7ando a singularidade e a sensa\u00e7\u00e3o de qualidade superior da marca.<\/li>\n<\/ul>\n\n\n\n<p><\/p>\n\n\n\n<ul class=\"wp-block-list\">\n<li>Embalagem automatizada: Adequado para equipamento de embalagem automatizado para melhorar a efici\u00eancia da produ\u00e7\u00e3o, reduzir os custos de m\u00e3o de obra e garantir a consist\u00eancia e estabilidade da embalagem.<\/li>\n<\/ul>\n\n\n\n<p><\/p>\n\n\n\n<ul class=\"wp-block-list\">\n<li>Materiais de alta qualidade: a embalagem da saqueta \u00e9 feita de materiais de alta qualidade, proporcionando uma excelente prote\u00e7\u00e3o contra a humidade e o p\u00f3 e mantendo a frescura e o sabor dos rebu\u00e7ados.<\/li>\n<\/ul>\n\n\n\n<p><\/p>\n\n\n\n<ul class=\"wp-block-list\">\n<li>Versatilidade: Adequado para todos os tipos de embalagens de rebu\u00e7ados, fornecendo solu\u00e7\u00f5es de embalagem flex\u00edveis para satisfazer as necessidades de diferentes produtos.<\/li>\n<\/ul>\n\n\n\n<p><\/p>\n\n\n\n<ul class=\"wp-block-list\">\n<li>Op\u00e7\u00f5es ecol\u00f3gicas: Fornecer op\u00e7\u00f5es de materiais ecol\u00f3gicos, como materiais recicl\u00e1veis ou biodegrad\u00e1veis, que cumpram as normas de embalagem ecol\u00f3gica e reduzam o impacto no ambiente.<\/li>\n<\/ul>\n<\/div>\n\n\n\n<div class=\"wp-block-column is-layout-flow wp-block-column-is-layout-flow\">\n<figure class=\"wp-block-image size-full\"><img fetchpriority=\"high\" decoding=\"async\" width=\"750\" height=\"750\" src=\"https:\/\/www.hyflexpack.com\/wp-content\/uploads\/2024\/07\/Custom-Sachet-Packaging-7.webp\" alt=\"Embalagem de saquetas personalizada\" class=\"wp-image-4951\" srcset=\"https:\/\/www.hyflexpack.com\/wp-content\/uploads\/2024\/07\/Custom-Sachet-Packaging-7.webp 750w, https:\/\/www.hyflexpack.com\/wp-content\/uploads\/2024\/07\/Custom-Sachet-Packaging-7-300x300.webp 300w, https:\/\/www.hyflexpack.com\/wp-content\/uploads\/2024\/07\/Custom-Sachet-Packaging-7-150x150.webp 150w, https:\/\/www.hyflexpack.com\/wp-content\/uploads\/2024\/07\/Custom-Sachet-Packaging-7-12x12.webp 12w, https:\/\/www.hyflexpack.com\/wp-content\/uploads\/2024\/07\/Custom-Sachet-Packaging-7-285x285.webp 285w, https:\/\/www.hyflexpack.com\/wp-content\/uploads\/2024\/07\/Custom-Sachet-Packaging-7-270x270.webp 270w, https:\/\/www.hyflexpack.com\/wp-content\/uploads\/2024\/07\/Custom-Sachet-Packaging-7-540x540.webp 540w, https:\/\/www.hyflexpack.com\/wp-content\/uploads\/2024\/07\/Custom-Sachet-Packaging-7-660x660.webp 660w\" sizes=\"(max-width: 750px) 100vw, 750px\" \/><\/figure>\n<\/div>\n<\/div>","protected":false},"excerpt":{"rendered":"<p>Descubra a pel\u00edcula em rolo para embalagem de saquetas personalizada com materiais de alta qualidade para garantir a frescura dos doces. Contacte-nos hoje para obter mais informa\u00e7\u00f5es sobre o produto, bem como um or\u00e7amento e amostras gr\u00e1tis!<\/p>\n<h3>Vantagens do fornecedor de pel\u00edcula de rolo para embalagem de saquetas<\/h3>\n<ul>\n<li><strong>Design personalizado<\/strong>: Fornece solu\u00e7\u00f5es de design personalizado, suporta OEM\/ODM, personalizado com diferentes especifica\u00e7\u00f5es, tamanhos, padr\u00f5es de impress\u00e3o, etc.<\/li>\n<li><strong>Garantia de qualidade<\/strong>: Controlar o processo de produ\u00e7\u00e3o, dispor de materiais de alta qualidade e de equipamentos avan\u00e7ados para garantir a qualidade do produto.<\/li>\n<li><strong>Entrega atempada<\/strong>: Otimizar o processo de produ\u00e7\u00e3o e melhorar a efici\u00eancia da produ\u00e7\u00e3o para garantir a entrega atempada e satisfazer as necessidades urgentes dos clientes.<\/li>\n<li><strong>Suporte t\u00e9cnico profissional<\/strong>: A equipa t\u00e9cnica experiente fornece apoio t\u00e9cnico profissional e servi\u00e7o de consultoria p\u00f3s-venda 24 horas por dia.<\/li>\n<li><strong>Amostra gr\u00e1tis<\/strong>: Fornecer servi\u00e7o de amostra gr\u00e1tis para avaliar os produtos.<\/li>\n<\/ul>\n<p>A Huiyang Packaging est\u00e1 empenhada em fornecer aos clientes pel\u00edcula de rolo de embalagem de saquetas personalizada e de alta qualidade para ajudar os clientes a melhorar a imagem dos seus produtos e a aumentar a competitividade no mercado<\/p>","protected":false},"featured_media":4945,"comment_status":"open","ping_status":"closed","template":"","meta":[],"product_brand":[],"product_cat":[53],"product_tag":[],"class_list":{"0":"post-4944","1":"product","2":"type-product","3":"status-publish","4":"has-post-thumbnail","6":"product_cat-packaging-film-supplier","8":"first","9":"instock","10":"shipping-taxable","11":"product-type-simple"},"_links":{"self":[{"href":"https:\/\/www.hyflexpack.com\/pt\/wp-json\/wp\/v2\/product\/4944","targetHints":{"allow":["GET"]}}],"collection":[{"href":"https:\/\/www.hyflexpack.com\/pt\/wp-json\/wp\/v2\/product"}],"about":[{"href":"https:\/\/www.hyflexpack.com\/pt\/wp-json\/wp\/v2\/types\/product"}],"replies":[{"embeddable":true,"href":"https:\/\/www.hyflexpack.com\/pt\/wp-json\/wp\/v2\/comments?post=4944"}],"wp:featuredmedia":[{"embeddable":true,"href":"https:\/\/www.hyflexpack.com\/pt\/wp-json\/wp\/v2\/media\/4945"}],"wp:attachment":[{"href":"https:\/\/www.hyflexpack.com\/pt\/wp-json\/wp\/v2\/media?parent=4944"}],"wp:term":[{"taxonomy":"product_brand","embeddable":true,"href":"https:\/\/www.hyflexpack.com\/pt\/wp-json\/wp\/v2\/product_brand?post=4944"},{"taxonomy":"product_cat","embeddable":true,"href":"https:\/\/www.hyflexpack.com\/pt\/wp-json\/wp\/v2\/product_cat?post=4944"},{"taxonomy":"product_tag","embeddable":true,"href":"https:\/\/www.hyflexpack.com\/pt\/wp-json\/wp\/v2\/product_tag?post=4944"}],"curies":[{"name":"wp","href":"https:\/\/api.w.org\/{rel}","templated":true}]}}