{"id":4936,"date":"2024-07-25T06:32:13","date_gmt":"2024-07-25T06:32:13","guid":{"rendered":"https:\/\/www.hyflexpack.com\/?post_type=product&#038;p=4936"},"modified":"2024-07-25T06:32:15","modified_gmt":"2024-07-25T06:32:15","slug":"supply-automatic-packaging-film","status":"publish","type":"product","link":"https:\/\/www.hyflexpack.com\/pt\/product\/supply-automatic-packaging-film\/","title":{"rendered":"Fornecimento Autom\u00e1tico de Filme para Embalagem Folha de Alum\u00ednio Barreira Grau Alimentar para Embalagem de Doces"},"content":{"rendered":"<div class=\"wp-block-columns is-layout-flex wp-container-core-columns-is-layout-9d6595d7 wp-block-columns-is-layout-flex\">\n<div class=\"wp-block-column is-layout-flow wp-block-column-is-layout-flow\">\n<h3 class=\"wp-block-heading\">Carater\u00edsticas da pel\u00edcula de embalagem autom\u00e1tica de alta qualidade<\/h3>\n\n\n\n<ul class=\"wp-block-list\">\n<li>Embalagem autom\u00e1tica: esta embalagem \u00e9 adequada para m\u00e1quinas de embalagem autom\u00e1tica para melhorar a efici\u00eancia e aumentar a velocidade de produ\u00e7\u00e3o.<\/li>\n<\/ul>\n\n\n\n<p><\/p>\n\n\n\n<ul class=\"wp-block-list\">\n<li>Camada de barreira de folha de alum\u00ednio: Uma camada de folha de alum\u00ednio altamente eficiente proporciona um excelente desempenho de barreira, impedindo eficazmente que a humidade, o oxig\u00e9nio e a luz afectem os doces, mantendo-os frescos e saborosos.<\/li>\n<\/ul>\n\n\n\n<p><\/p>\n\n\n\n<ul class=\"wp-block-list\">\n<li>Seguran\u00e7a de qualidade alimentar: A pel\u00edcula de embalagem autom\u00e1tica \u00e9 feita de materiais de qualidade alimentar para garantir a seguran\u00e7a da embalagem e a higiene dos rebu\u00e7ados, o que cumpre as normas internacionais de seguran\u00e7a alimentar e protege a sa\u00fade dos consumidores.<\/li>\n<\/ul>\n\n\n\n<p><\/p>\n\n\n\n<ul class=\"wp-block-list\">\n<li>Dur\u00e1vel: A estrutura composta de v\u00e1rias camadas proporciona uma excelente durabilidade e resist\u00eancia ao rasgamento, garantindo a integridade da embalagem durante o transporte e o armazenamento.<\/li>\n<\/ul>\n\n\n\n<p><\/p>\n\n\n\n<ul class=\"wp-block-list\">\n<li>Op\u00e7\u00f5es ecol\u00f3gicas: Fornecer op\u00e7\u00f5es de materiais recicl\u00e1veis e ecol\u00f3gicos para cumprir as normas de embalagem ecol\u00f3gica, reduzindo o impacto no ambiente e respondendo \u00e0s tend\u00eancias ambientais.<\/li>\n<\/ul>\n<\/div>\n\n\n\n<div class=\"wp-block-column is-layout-flow wp-block-column-is-layout-flow\">\n<figure class=\"wp-block-image size-full\"><img fetchpriority=\"high\" decoding=\"async\" width=\"750\" height=\"750\" src=\"https:\/\/www.hyflexpack.com\/wp-content\/uploads\/2024\/07\/Supply-Automatic-Packaging-Film-3.webp\" alt=\"Fornecimento de pel\u00edcula de embalagem autom\u00e1tica\" class=\"wp-image-4939\" srcset=\"https:\/\/www.hyflexpack.com\/wp-content\/uploads\/2024\/07\/Supply-Automatic-Packaging-Film-3.webp 750w, https:\/\/www.hyflexpack.com\/wp-content\/uploads\/2024\/07\/Supply-Automatic-Packaging-Film-3-300x300.webp 300w, https:\/\/www.hyflexpack.com\/wp-content\/uploads\/2024\/07\/Supply-Automatic-Packaging-Film-3-150x150.webp 150w, https:\/\/www.hyflexpack.com\/wp-content\/uploads\/2024\/07\/Supply-Automatic-Packaging-Film-3-12x12.webp 12w, https:\/\/www.hyflexpack.com\/wp-content\/uploads\/2024\/07\/Supply-Automatic-Packaging-Film-3-285x285.webp 285w, https:\/\/www.hyflexpack.com\/wp-content\/uploads\/2024\/07\/Supply-Automatic-Packaging-Film-3-270x270.webp 270w, https:\/\/www.hyflexpack.com\/wp-content\/uploads\/2024\/07\/Supply-Automatic-Packaging-Film-3-540x540.webp 540w, https:\/\/www.hyflexpack.com\/wp-content\/uploads\/2024\/07\/Supply-Automatic-Packaging-Film-3-660x660.webp 660w\" sizes=\"(max-width: 750px) 100vw, 750px\" \/><\/figure>\n<\/div>\n<\/div>","protected":false},"excerpt":{"rendered":"<p>Explore as nossas pel\u00edculas de embalagem autom\u00e1tica com propriedades de barreira eficientes para garantir rebu\u00e7ados frescos e seguros, adequadas para equipamento automatizado e que suportam uma personaliza\u00e7\u00e3o flex\u00edvel. Contacte-nos para mais informa\u00e7\u00f5es sobre personaliza\u00e7\u00e3o e venda por grosso, e obtenha um desenho gratuito!<\/p>\n<h3>Vantagens do fabricante autom\u00e1tico de pel\u00edculas de embalagem<\/h3>\n<ul>\n<li><strong>Design personalizado<\/strong>: Fornecemos um servi\u00e7o de pel\u00edcula de embalagem autom\u00e1tica de design personalizado, incluindo material, tamanho e personaliza\u00e7\u00e3o do padr\u00e3o de impress\u00e3o para satisfazer as necessidades dos clientes, e apoiamos OEM e ODM.<\/li>\n<li><strong>Fabrico<\/strong>: Com equipamento e tecnologia avan\u00e7ados, somos capazes de produzir encomendas com elevada efici\u00eancia e qualidade e entregar a tempo.<\/li>\n<li><strong>Inspe\u00e7\u00e3o da qualidade<\/strong>: Cumprimos rigorosamente as normas de qualidade e os requisitos de seguran\u00e7a alimentar para garantir que os nossos produtos cumprem as normas.<\/li>\n<li><strong>Equipa de apoio t\u00e9cnico<\/strong>: A nossa equipa tem uma vasta experi\u00eancia na ind\u00fastria e conhecimentos profissionais para fornecer apoio t\u00e9cnico e servi\u00e7os de consultoria 24 horas por dia aos nossos clientes.<\/li>\n<li><strong>Amostras gr\u00e1tis<\/strong>: Fornecemos amostras gr\u00e1tis para que possa avaliar os nossos produtos.<\/li>\n<\/ul>\n<p>A Huiyang Packaging est\u00e1 empenhada em fornecer aos clientes pel\u00edculas de embalagem autom\u00e1tica de alta qualidade e personalizadas para os ajudar a melhorar a imagem dos seus produtos e a aumentar a competitividade no mercado.<\/p>","protected":false},"featured_media":4940,"comment_status":"open","ping_status":"closed","template":"","meta":[],"product_brand":[],"product_cat":[53],"product_tag":[],"class_list":{"0":"post-4936","1":"product","2":"type-product","3":"status-publish","4":"has-post-thumbnail","6":"product_cat-packaging-film-supplier","8":"first","9":"instock","10":"shipping-taxable","11":"product-type-simple"},"_links":{"self":[{"href":"https:\/\/www.hyflexpack.com\/pt\/wp-json\/wp\/v2\/product\/4936","targetHints":{"allow":["GET"]}}],"collection":[{"href":"https:\/\/www.hyflexpack.com\/pt\/wp-json\/wp\/v2\/product"}],"about":[{"href":"https:\/\/www.hyflexpack.com\/pt\/wp-json\/wp\/v2\/types\/product"}],"replies":[{"embeddable":true,"href":"https:\/\/www.hyflexpack.com\/pt\/wp-json\/wp\/v2\/comments?post=4936"}],"wp:featuredmedia":[{"embeddable":true,"href":"https:\/\/www.hyflexpack.com\/pt\/wp-json\/wp\/v2\/media\/4940"}],"wp:attachment":[{"href":"https:\/\/www.hyflexpack.com\/pt\/wp-json\/wp\/v2\/media?parent=4936"}],"wp:term":[{"taxonomy":"product_brand","embeddable":true,"href":"https:\/\/www.hyflexpack.com\/pt\/wp-json\/wp\/v2\/product_brand?post=4936"},{"taxonomy":"product_cat","embeddable":true,"href":"https:\/\/www.hyflexpack.com\/pt\/wp-json\/wp\/v2\/product_cat?post=4936"},{"taxonomy":"product_tag","embeddable":true,"href":"https:\/\/www.hyflexpack.com\/pt\/wp-json\/wp\/v2\/product_tag?post=4936"}],"curies":[{"name":"wp","href":"https:\/\/api.w.org\/{rel}","templated":true}]}}