{"id":4926,"date":"2024-07-25T04:08:39","date_gmt":"2024-07-25T04:08:39","guid":{"rendered":"https:\/\/www.hyflexpack.com\/?post_type=product&#038;p=4926"},"modified":"2024-07-25T04:08:41","modified_gmt":"2024-07-25T04:08:41","slug":"bopp-film-packaging","status":"publish","type":"product","link":"https:\/\/www.hyflexpack.com\/pt\/product\/bopp-film-packaging\/","title":{"rendered":"Rolos de Pl\u00e1stico para Embalagem com Filme BOPP Grau Alimentar para Doces a Granel"},"content":{"rendered":"<div class=\"wp-block-columns is-layout-flex wp-container-core-columns-is-layout-9d6595d7 wp-block-columns-is-layout-flex\">\n<div class=\"wp-block-column is-layout-flow wp-block-column-is-layout-flow\">\n<h3 class=\"wp-block-heading\">Carater\u00edsticas das embalagens de pel\u00edcula de alta qualidade<\/h3>\n\n\n\n<ul class=\"wp-block-list\">\n<li>Material BOPP de alta qualidade: a ado\u00e7\u00e3o de material BOPP (polipropileno bi-orientado) de alta qualidade proporciona uma excelente durabilidade e transpar\u00eancia, garantindo a frescura e a qualidade dos rebu\u00e7ados.<\/li>\n<\/ul>\n\n\n\n<p><\/p>\n\n\n\n<ul class=\"wp-block-list\">\n<li>Desempenho superior de barreira: A pel\u00edcula BOPP oferece excelentes propriedades de barreira para evitar que a humidade, o oxig\u00e9nio e a luz afectem os doces.<\/li>\n<\/ul>\n\n\n\n<p><\/p>\n\n\n\n<ul class=\"wp-block-list\">\n<li>Suporte para encomendas a granel: As embalagens de pel\u00edcula para confeitaria s\u00e3o concebidas para encomendas a granel, satisfazendo as necessidades de embalagem em grande escala de grossistas e fabricantes com uma solu\u00e7\u00e3o acess\u00edvel.<\/li>\n<\/ul>\n\n\n\n<p><\/p>\n\n\n\n<ul class=\"wp-block-list\">\n<li>Dur\u00e1vel: A elevada resist\u00eancia \u00e0 abras\u00e3o e ao rasgamento garante a integridade da embalagem durante o transporte e o armazenamento.<\/li>\n<\/ul>\n\n\n\n<p><\/p>\n\n\n\n<ul class=\"wp-block-list\">\n<li>Adaptabilidade flex\u00edvel: Adequado para uma vasta gama de tipos de produtos de confeitaria, oferecendo op\u00e7\u00f5es de embalagem flex\u00edveis para melhorar a apresenta\u00e7\u00e3o do produto e a atra\u00e7\u00e3o do mercado.<\/li>\n<\/ul>\n\n\n\n<p><\/p>\n\n\n\n<ul class=\"wp-block-list\">\n<li>Op\u00e7\u00f5es ecol\u00f3gicas: suporta op\u00e7\u00f5es de material BOPP recicl\u00e1vel para cumprir as normas ambientais e reduzir o impacto ambiental.<\/li>\n<\/ul>\n<\/div>\n\n\n\n<div class=\"wp-block-column is-layout-flow wp-block-column-is-layout-flow\">\n<figure class=\"wp-block-image size-full\"><img fetchpriority=\"high\" decoding=\"async\" width=\"750\" height=\"750\" src=\"https:\/\/www.hyflexpack.com\/wp-content\/uploads\/2024\/07\/Film-Packaging-manufacturer-3.webp\" alt=\"Fabricante de embalagens de pel\u00edcula\" class=\"wp-image-4929\" srcset=\"https:\/\/www.hyflexpack.com\/wp-content\/uploads\/2024\/07\/Film-Packaging-manufacturer-3.webp 750w, https:\/\/www.hyflexpack.com\/wp-content\/uploads\/2024\/07\/Film-Packaging-manufacturer-3-300x300.webp 300w, https:\/\/www.hyflexpack.com\/wp-content\/uploads\/2024\/07\/Film-Packaging-manufacturer-3-150x150.webp 150w, https:\/\/www.hyflexpack.com\/wp-content\/uploads\/2024\/07\/Film-Packaging-manufacturer-3-12x12.webp 12w, https:\/\/www.hyflexpack.com\/wp-content\/uploads\/2024\/07\/Film-Packaging-manufacturer-3-285x285.webp 285w, https:\/\/www.hyflexpack.com\/wp-content\/uploads\/2024\/07\/Film-Packaging-manufacturer-3-270x270.webp 270w, https:\/\/www.hyflexpack.com\/wp-content\/uploads\/2024\/07\/Film-Packaging-manufacturer-3-540x540.webp 540w, https:\/\/www.hyflexpack.com\/wp-content\/uploads\/2024\/07\/Film-Packaging-manufacturer-3-660x660.webp 660w\" sizes=\"(max-width: 750px) 100vw, 750px\" \/><\/figure>\n<\/div>\n<\/div>","protected":false},"excerpt":{"rendered":"<p>Escolha os nossos rolos de pl\u00e1stico para embalagem de pel\u00edcula BOPP de qualidade alimentar para melhorar a qualidade da sua embalagem de doces! Adequado para uma vasta gama de tipos de doces e suporta op\u00e7\u00f5es ecol\u00f3gicas para garantir a seguran\u00e7a e a prote\u00e7\u00e3o ambiental. Contacte-nos hoje para obter mais informa\u00e7\u00f5es sobre encomendas a granel e servi\u00e7os personalizados para que os seus doces brilhem no mercado!<\/p>\n<h3>Vantagens do fornecedor de embalagens de pel\u00edcula<\/h3>\n<ul>\n<li><strong>Design personalizado<\/strong>: Fornecemos um servi\u00e7o de embalagem de pel\u00edcula de design personalizado, incluindo material, tamanho e personaliza\u00e7\u00e3o do padr\u00e3o de impress\u00e3o para satisfazer as necessidades dos clientes, e apoiamos OEM e ODM.<\/li>\n<li><strong>Fabrico<\/strong>: Com equipamento e tecnologia avan\u00e7ados, podemos concluir as encomendas com alta efici\u00eancia e alta qualidade, e entregar a tempo.<\/li>\n<li><strong>Inspe\u00e7\u00e3o da qualidade<\/strong>: Seguir rigorosamente as normas de qualidade e os requisitos de seguran\u00e7a alimentar para garantir que os produtos cumprem as normas.<\/li>\n<li><strong>Equipa de apoio t\u00e9cnico<\/strong>: A nossa equipa tem uma vasta experi\u00eancia na ind\u00fastria e conhecimentos profissionais, e pode fornecer apoio t\u00e9cnico e servi\u00e7o de consultoria 24 horas por dia aos nossos clientes.<\/li>\n<li><strong>Amostra gr\u00e1tis<\/strong>: Fornecer servi\u00e7o de amostra gr\u00e1tis para avaliar os produtos.<\/li>\n<\/ul>\n<p>A Huiyang Packaging est\u00e1 empenhada em fornecer aos clientes embalagens de pel\u00edcula de alta qualidade e personalizadas para os ajudar a melhorar a imagem dos seus produtos e a aumentar a competitividade no mercado.<\/p>","protected":false},"featured_media":4932,"comment_status":"open","ping_status":"closed","template":"","meta":[],"product_brand":[],"product_cat":[53],"product_tag":[],"class_list":{"0":"post-4926","1":"product","2":"type-product","3":"status-publish","4":"has-post-thumbnail","6":"product_cat-packaging-film-supplier","8":"first","9":"instock","10":"shipping-taxable","11":"product-type-simple"},"_links":{"self":[{"href":"https:\/\/www.hyflexpack.com\/pt\/wp-json\/wp\/v2\/product\/4926","targetHints":{"allow":["GET"]}}],"collection":[{"href":"https:\/\/www.hyflexpack.com\/pt\/wp-json\/wp\/v2\/product"}],"about":[{"href":"https:\/\/www.hyflexpack.com\/pt\/wp-json\/wp\/v2\/types\/product"}],"replies":[{"embeddable":true,"href":"https:\/\/www.hyflexpack.com\/pt\/wp-json\/wp\/v2\/comments?post=4926"}],"wp:featuredmedia":[{"embeddable":true,"href":"https:\/\/www.hyflexpack.com\/pt\/wp-json\/wp\/v2\/media\/4932"}],"wp:attachment":[{"href":"https:\/\/www.hyflexpack.com\/pt\/wp-json\/wp\/v2\/media?parent=4926"}],"wp:term":[{"taxonomy":"product_brand","embeddable":true,"href":"https:\/\/www.hyflexpack.com\/pt\/wp-json\/wp\/v2\/product_brand?post=4926"},{"taxonomy":"product_cat","embeddable":true,"href":"https:\/\/www.hyflexpack.com\/pt\/wp-json\/wp\/v2\/product_cat?post=4926"},{"taxonomy":"product_tag","embeddable":true,"href":"https:\/\/www.hyflexpack.com\/pt\/wp-json\/wp\/v2\/product_tag?post=4926"}],"curies":[{"name":"wp","href":"https:\/\/api.w.org\/{rel}","templated":true}]}}