{"id":4899,"date":"2024-07-24T16:12:53","date_gmt":"2024-07-24T16:12:53","guid":{"rendered":"https:\/\/www.hyflexpack.com\/?post_type=product&#038;p=4899"},"modified":"2025-10-23T08:53:47","modified_gmt":"2025-10-23T08:53:47","slug":"factory-custom-cookie-bag","status":"publish","type":"product","link":"https:\/\/www.hyflexpack.com\/pt\/product\/factory-custom-cookie-bag\/","title":{"rendered":"Sacos de biscoito personalizados de f\u00e1brica Embalagem de saco de biscoito de chocolate ao leite com a\u00e7\u00facar mascavo"},"content":{"rendered":"<div class=\"wp-block-columns is-layout-flex wp-container-core-columns-is-layout-9d6595d7 wp-block-columns-is-layout-flex\">\n<div class=\"wp-block-column is-layout-flow wp-block-column-is-layout-flow\">\n<h3 class=\"wp-block-heading\">Carater\u00edsticas e Vantagens da Embalagem de Sacos para Bolachas com Forma<\/h3>\n\n\n\n<ul class=\"wp-block-list\">\n<li><strong>Materiais seguros de qualidade alimentar<\/strong>: \u00c9 utilizado material alimentar de qualidade superior no fabrico de sacos de bolachas para garantir a seguran\u00e7a e a qualidade das bolachas de chocolate com leite e a\u00e7\u00facar mascavado.<\/li>\n\n\n\n<li><strong>Impress\u00e3o de alta qualidade<\/strong>: A impress\u00e3o de alta qualidade atrav\u00e9s de alta resolu\u00e7\u00e3o avan\u00e7ada, com cores reais e um design apelativo, \u00e9 utilizada para uma grande atra\u00e7\u00e3o da marca na loja.<\/li>\n\n\n\n<li><strong>Op\u00e7\u00f5es personalizadas de design completo<\/strong> - coloca\u00e7\u00e3o do log\u00f3tipo, cor e design - est\u00e3o exatamente de acordo com a sua marca.<\/li>\n\n\n\n<li><strong>Prote\u00e7\u00e3o superior contra a frescura<\/strong>: A constru\u00e7\u00e3o em comp\u00f3sito multicamada proporciona uma excelente resist\u00eancia \u00e0 humidade e ao vento, mantendo as bolachas frescas e saborosas durante mais tempo.<\/li>\n\n\n\n<li><strong>Op\u00e7\u00f5es ecol\u00f3gicas<\/strong>: Est\u00e3o dispon\u00edveis materiais biodegrad\u00e1veis ou recicl\u00e1veis com o objetivo de minimizar os res\u00edduos e garantir a sustentabilidade ambiental.<\/li>\n\n\n\n<li><strong>Fun\u00e7\u00e3o de abertura f\u00e1cil<\/strong>: A embalagem dos sacos de bolachas de chocolate de leite \u00e9 feita com uma abertura de rasgar f\u00e1cil incorporada para facilitar o acesso dos consumidores e um ponto positivo de experi\u00eancia acrescida.<\/li>\n\n\n\n<li><strong>Bolsa com formato \u00fanico<\/strong>: Concebida com uma forma rara para captar a aten\u00e7\u00e3o dos consumidores, adequada para bolachas de sabores especiais como o chocolate de leite com a\u00e7\u00facar mascavado.<\/li>\n\n\n\n<li><strong>Dur\u00e1vel, sel\u00e1vel<\/strong>: Fabricado em material dur\u00e1vel e com um fecho de correr opcional que pode ser fechado novamente, mant\u00e9m-se fresco depois de aberto e pronto a levar.<\/li>\n<\/ul>\n<\/div>\n\n\n\n<div class=\"wp-block-column is-layout-flow wp-block-column-is-layout-flow\">\n<figure class=\"wp-block-image size-full\"><img fetchpriority=\"high\" decoding=\"async\" width=\"750\" height=\"750\" src=\"https:\/\/www.hyflexpack.com\/wp-content\/uploads\/2024\/07\/Factory-Custom-Cookie-Bag-1.webp\" alt=\"Saco para bolachas \u00e0 medida da f\u00e1brica\" class=\"wp-image-4900\" srcset=\"https:\/\/www.hyflexpack.com\/wp-content\/uploads\/2024\/07\/Factory-Custom-Cookie-Bag-1.webp 750w, https:\/\/www.hyflexpack.com\/wp-content\/uploads\/2024\/07\/Factory-Custom-Cookie-Bag-1-300x300.webp 300w, https:\/\/www.hyflexpack.com\/wp-content\/uploads\/2024\/07\/Factory-Custom-Cookie-Bag-1-150x150.webp 150w, https:\/\/www.hyflexpack.com\/wp-content\/uploads\/2024\/07\/Factory-Custom-Cookie-Bag-1-12x12.webp 12w, https:\/\/www.hyflexpack.com\/wp-content\/uploads\/2024\/07\/Factory-Custom-Cookie-Bag-1-285x285.webp 285w, https:\/\/www.hyflexpack.com\/wp-content\/uploads\/2024\/07\/Factory-Custom-Cookie-Bag-1-270x270.webp 270w, https:\/\/www.hyflexpack.com\/wp-content\/uploads\/2024\/07\/Factory-Custom-Cookie-Bag-1-540x540.webp 540w, https:\/\/www.hyflexpack.com\/wp-content\/uploads\/2024\/07\/Factory-Custom-Cookie-Bag-1-660x660.webp 660w\" sizes=\"(max-width: 750px) 100vw, 750px\" \/><\/figure>\n<\/div>\n<\/div>","protected":false},"excerpt":{"rendered":"<p>Melhore a qualidade das suas embalagens de snacks, escolha a nossa embalagem de saco para bolachas cremosas! Contacte-nos hoje para obter um design gratuito e amostras gr\u00e1tis!<\/p>\n<h3>Vantagens do fornecedor de sacos de biscoitos<\/h3>\n<ul>\n<li><strong>Design personalizado<\/strong>: Fornecemos um servi\u00e7o personalizado de saco de biscoito de desenho animado, incluindo material, tamanho e personaliza\u00e7\u00e3o do padr\u00e3o de impress\u00e3o para atender \u00e0s necessidades dos clientes, e apoiamos OEM e ODM.<\/li>\n<li><strong>Fabrico<\/strong>: Com equipamento e tecnologia avan\u00e7ados, podemos concluir as encomendas com alta efici\u00eancia e alta qualidade, e entregar a tempo.<\/li>\n<li><strong>Inspe\u00e7\u00e3o da qualidade<\/strong>: Seguir rigorosamente as normas de qualidade e os requisitos de seguran\u00e7a alimentar para garantir que os produtos cumprem as normas.<\/li>\n<li><strong>Equipa de apoio t\u00e9cnico<\/strong>: A nossa equipa tem uma vasta experi\u00eancia na ind\u00fastria e conhecimentos profissionais, e pode fornecer apoio t\u00e9cnico e servi\u00e7o de consultoria 24 horas por dia aos nossos clientes.<\/li>\n<li><strong>Amostra gr\u00e1tis<\/strong>: Fornecer servi\u00e7o de amostra gr\u00e1tis para avaliar os produtos.<\/li>\n<\/ul>\n<p>A Huiyang Packaging est\u00e1 empenhada em fornecer aos clientes embalagens de sacos de bolachas personalizadas e de alta qualidade para os ajudar a melhorar a imagem dos seus produtos e a aumentar a competitividade no mercado.<\/p>","protected":false},"featured_media":4901,"comment_status":"open","ping_status":"closed","template":"","meta":[],"product_brand":[],"product_cat":[57],"product_tag":[],"class_list":{"0":"post-4899","1":"product","2":"type-product","3":"status-publish","4":"has-post-thumbnail","6":"product_cat-snack-packaging-bags-wholesale","8":"first","9":"instock","10":"shipping-taxable","11":"product-type-simple"},"_links":{"self":[{"href":"https:\/\/www.hyflexpack.com\/pt\/wp-json\/wp\/v2\/product\/4899","targetHints":{"allow":["GET"]}}],"collection":[{"href":"https:\/\/www.hyflexpack.com\/pt\/wp-json\/wp\/v2\/product"}],"about":[{"href":"https:\/\/www.hyflexpack.com\/pt\/wp-json\/wp\/v2\/types\/product"}],"replies":[{"embeddable":true,"href":"https:\/\/www.hyflexpack.com\/pt\/wp-json\/wp\/v2\/comments?post=4899"}],"wp:featuredmedia":[{"embeddable":true,"href":"https:\/\/www.hyflexpack.com\/pt\/wp-json\/wp\/v2\/media\/4901"}],"wp:attachment":[{"href":"https:\/\/www.hyflexpack.com\/pt\/wp-json\/wp\/v2\/media?parent=4899"}],"wp:term":[{"taxonomy":"product_brand","embeddable":true,"href":"https:\/\/www.hyflexpack.com\/pt\/wp-json\/wp\/v2\/product_brand?post=4899"},{"taxonomy":"product_cat","embeddable":true,"href":"https:\/\/www.hyflexpack.com\/pt\/wp-json\/wp\/v2\/product_cat?post=4899"},{"taxonomy":"product_tag","embeddable":true,"href":"https:\/\/www.hyflexpack.com\/pt\/wp-json\/wp\/v2\/product_tag?post=4899"}],"curies":[{"name":"wp","href":"https:\/\/api.w.org\/{rel}","templated":true}]}}