{"id":4893,"date":"2024-07-24T15:53:37","date_gmt":"2024-07-24T15:53:37","guid":{"rendered":"https:\/\/www.hyflexpack.com\/?post_type=product&#038;p=4893"},"modified":"2025-10-23T06:37:46","modified_gmt":"2025-10-23T06:37:46","slug":"china-wholesale-cookie-bags-packaging","status":"publish","type":"product","link":"https:\/\/www.hyflexpack.com\/pt\/product\/china-wholesale-cookie-bags-packaging\/","title":{"rendered":"Sacos de biscoitos por atacado na China Embalagens de biscoitos em forma de animais com z\u00edper"},"content":{"rendered":"<div class=\"wp-block-columns is-layout-flex wp-container-core-columns-is-layout-9d6595d7 wp-block-columns-is-layout-flex\">\n<div class=\"wp-block-column is-layout-flow wp-block-column-is-layout-flow\">\n<h3 class=\"wp-block-heading\">Carater\u00edsticas da embalagem de sacos para biscoitos de alta qualidade<\/h3>\n\n\n\n<ul class=\"wp-block-list\">\n<li><strong>Special animal-shaped design for the cookies<\/strong>: The design of the cookie bags in special shapes of animals attracts the consumer, mainly targeting children and family markets.<\/li>\n\n\n\n<li><strong>Zipper closure<\/strong>: The design includes a convenient zipper closure that makes it easy to open and close the bag multiple times without compromising the freshness of the cookies inside.<\/li>\n\n\n\n<li><strong>Standing structure<\/strong>: The standing design of the cookie bag lets it stand firmly on the shelf for better product display and shelf space utilization.<\/li>\n\n\n\n<li><strong>High-quality material<\/strong>: food-grade safe material that the cookie bags are to be made from will ensure freshness and safety for the cookies, therefore giving a guarantee to the consumers.<\/li>\n\n\n\n<li><strong>Variety of uses<\/strong>: It may be applied to the packaging of all kinds of cookies, including, but not limited to, animal-shaped cookies, other-shaped cookies, and snacks.<\/li>\n\n\n\n<li><strong>Environmental protection<\/strong>: Provide options for biodegradable or recyclable material.<\/li>\n<\/ul>\n<\/div>\n\n\n\n<div class=\"wp-block-column is-layout-flow wp-block-column-is-layout-flow\">\n<figure class=\"wp-block-image size-full\"><img fetchpriority=\"high\" decoding=\"async\" width=\"750\" height=\"750\" src=\"https:\/\/www.hyflexpack.com\/wp-content\/uploads\/2024\/07\/China-Wholesale-Cookie-Bags-2.webp\" alt=\"Sacos de biscoito por atacado na China\" class=\"wp-image-4895\" srcset=\"https:\/\/www.hyflexpack.com\/wp-content\/uploads\/2024\/07\/China-Wholesale-Cookie-Bags-2.webp 750w, https:\/\/www.hyflexpack.com\/wp-content\/uploads\/2024\/07\/China-Wholesale-Cookie-Bags-2-300x300.webp 300w, https:\/\/www.hyflexpack.com\/wp-content\/uploads\/2024\/07\/China-Wholesale-Cookie-Bags-2-150x150.webp 150w, https:\/\/www.hyflexpack.com\/wp-content\/uploads\/2024\/07\/China-Wholesale-Cookie-Bags-2-12x12.webp 12w, https:\/\/www.hyflexpack.com\/wp-content\/uploads\/2024\/07\/China-Wholesale-Cookie-Bags-2-285x285.webp 285w, https:\/\/www.hyflexpack.com\/wp-content\/uploads\/2024\/07\/China-Wholesale-Cookie-Bags-2-270x270.webp 270w, https:\/\/www.hyflexpack.com\/wp-content\/uploads\/2024\/07\/China-Wholesale-Cookie-Bags-2-540x540.webp 540w, https:\/\/www.hyflexpack.com\/wp-content\/uploads\/2024\/07\/China-Wholesale-Cookie-Bags-2-660x660.webp 660w\" sizes=\"(max-width: 750px) 100vw, 750px\" \/><\/figure>\n<\/div>\n<\/div>","protected":false},"excerpt":{"rendered":"<p>Estes sacos de bolachas s\u00e3o concebidos com formas \u00fanicas de animais para atrair a aten\u00e7\u00e3o das crian\u00e7as e dos clientes familiares. Contacte-nos agora para obter mais solu\u00e7\u00f5es personalizadas, bem como desenhos e amostras gr\u00e1tis!<\/p>\n<h3>Advantages of Custom Cookie Bags Supplier<\/h3>\n<ul>\n<li><strong>Design personalizado<\/strong>: Fornece solu\u00e7\u00f5es de design personalizado, suporta OEM\/ODM, personalizado com diferentes especifica\u00e7\u00f5es, tamanhos, padr\u00f5es de impress\u00e3o, etc.<\/li>\n<li><strong>Garantia de qualidade<\/strong>: Controlar o processo de produ\u00e7\u00e3o, dispor de materiais de alta qualidade e de equipamentos avan\u00e7ados para garantir a qualidade do produto.<\/li>\n<li><strong>Entrega atempada<\/strong>: Otimizar o processo de produ\u00e7\u00e3o e melhorar a efici\u00eancia da produ\u00e7\u00e3o para garantir a entrega atempada e satisfazer as necessidades urgentes dos clientes.<\/li>\n<li><strong>Suporte t\u00e9cnico profissional<\/strong>: A equipa t\u00e9cnica experiente fornece apoio t\u00e9cnico profissional e servi\u00e7o de consultoria p\u00f3s-venda 24 horas por dia.<\/li>\n<li><strong>Amostra gr\u00e1tis<\/strong>: Provide free sample service for you to evaluate the flexible packaging bags.<\/li>\n<\/ul>\n<p><a href=\"https:\/\/www.hyflexpack.com\/pt\/\"><strong>Embalagens Huiyang<\/strong><\/a> is committed to providing customers with high-quality and <strong>custom cookie bag packaging<\/strong> to help customers improve their product image and enhance market competitivenes<\/p>","protected":false},"featured_media":4896,"comment_status":"open","ping_status":"closed","template":"","meta":[],"product_brand":[],"product_cat":[57],"product_tag":[],"class_list":{"0":"post-4893","1":"product","2":"type-product","3":"status-publish","4":"has-post-thumbnail","6":"product_cat-snack-packaging-bags-wholesale","8":"first","9":"instock","10":"shipping-taxable","11":"product-type-simple"},"_links":{"self":[{"href":"https:\/\/www.hyflexpack.com\/pt\/wp-json\/wp\/v2\/product\/4893","targetHints":{"allow":["GET"]}}],"collection":[{"href":"https:\/\/www.hyflexpack.com\/pt\/wp-json\/wp\/v2\/product"}],"about":[{"href":"https:\/\/www.hyflexpack.com\/pt\/wp-json\/wp\/v2\/types\/product"}],"replies":[{"embeddable":true,"href":"https:\/\/www.hyflexpack.com\/pt\/wp-json\/wp\/v2\/comments?post=4893"}],"wp:featuredmedia":[{"embeddable":true,"href":"https:\/\/www.hyflexpack.com\/pt\/wp-json\/wp\/v2\/media\/4896"}],"wp:attachment":[{"href":"https:\/\/www.hyflexpack.com\/pt\/wp-json\/wp\/v2\/media?parent=4893"}],"wp:term":[{"taxonomy":"product_brand","embeddable":true,"href":"https:\/\/www.hyflexpack.com\/pt\/wp-json\/wp\/v2\/product_brand?post=4893"},{"taxonomy":"product_cat","embeddable":true,"href":"https:\/\/www.hyflexpack.com\/pt\/wp-json\/wp\/v2\/product_cat?post=4893"},{"taxonomy":"product_tag","embeddable":true,"href":"https:\/\/www.hyflexpack.com\/pt\/wp-json\/wp\/v2\/product_tag?post=4893"}],"curies":[{"name":"wp","href":"https:\/\/api.w.org\/{rel}","templated":true}]}}