{"id":4881,"date":"2024-07-24T15:32:39","date_gmt":"2024-07-24T15:32:39","guid":{"rendered":"https:\/\/www.hyflexpack.com\/?post_type=product&#038;p=4881"},"modified":"2024-07-24T15:32:40","modified_gmt":"2024-07-24T15:32:40","slug":"cartoon-cookies-bag-wholesale","status":"publish","type":"product","link":"https:\/\/www.hyflexpack.com\/pt\/product\/cartoon-cookies-bag-wholesale\/","title":{"rendered":"Saco de biscoitos de desenho animado Saco de biscoitos de urso por atacado Embalagem de bolsa de p\u00e9 f\u00e1cil de rasgar"},"content":{"rendered":"<div class=\"wp-block-columns is-layout-flex wp-container-core-columns-is-layout-9d6595d7 wp-block-columns-is-layout-flex\">\n<div class=\"wp-block-column is-layout-flow wp-block-column-is-layout-flow\">\n<h3 class=\"wp-block-heading\">Carater\u00edsticas do saco para biscoitos de desenhos animados de alta qualidade<\/h3>\n\n\n\n<ul class=\"wp-block-list\">\n<li>Desenho de banda desenhada: Um padr\u00e3o de desenho animado de um urso engra\u00e7ado atrai a aten\u00e7\u00e3o das crian\u00e7as e dos clientes familiares e aumenta a divers\u00e3o e a atratividade do produto.<\/li>\n<\/ul>\n\n\n\n<p><\/p>\n\n\n\n<ul class=\"wp-block-list\">\n<li>Design f\u00e1cil de rasgar: O design \u00fanico de abertura f\u00e1cil faz com que seja conveniente para os consumidores abrirem a embalagem facilmente e melhora a experi\u00eancia do utilizador.<\/li>\n<\/ul>\n\n\n\n<p><\/p>\n\n\n\n<ul class=\"wp-block-list\">\n<li>Estrutura de p\u00e9: O design do saco de p\u00e9 n\u00e3o s\u00f3 facilita a exposi\u00e7\u00e3o na prateleira, como tamb\u00e9m poupa espa\u00e7o de armazenamento e garante a melhor exposi\u00e7\u00e3o do produto.<\/li>\n<\/ul>\n\n\n\n<p><\/p>\n\n\n\n<ul class=\"wp-block-list\">\n<li>Materiais de alta qualidade: os sacos para bolachas s\u00e3o feitos de materiais de qualidade alimentar de alta qualidade para garantir a frescura e a seguran\u00e7a das bolachas e proporcionar uma prote\u00e7\u00e3o superior.<\/li>\n\n\n\n<li><\/li>\n<\/ul>\n\n\n\n<p><\/p>\n\n\n\n<ul class=\"wp-block-list\">\n<li>Op\u00e7\u00f5es ecol\u00f3gicas: apoiar a utiliza\u00e7\u00e3o de materiais biodegrad\u00e1veis ou recicl\u00e1veis, respondendo \u00e0 tend\u00eancia ambiental e satisfazendo a procura de um consumo ecol\u00f3gico.<\/li>\n<\/ul>\n<\/div>\n\n\n\n<div class=\"wp-block-column is-layout-flow wp-block-column-is-layout-flow\">\n<figure class=\"wp-block-image size-full\"><img fetchpriority=\"high\" decoding=\"async\" width=\"750\" height=\"750\" src=\"https:\/\/www.hyflexpack.com\/wp-content\/uploads\/2024\/07\/Cookie-Bags-Wholesale-1.webp\" alt=\"Sacos para bolachas por atacado\" class=\"wp-image-4882\" srcset=\"https:\/\/www.hyflexpack.com\/wp-content\/uploads\/2024\/07\/Cookie-Bags-Wholesale-1.webp 750w, https:\/\/www.hyflexpack.com\/wp-content\/uploads\/2024\/07\/Cookie-Bags-Wholesale-1-300x300.webp 300w, https:\/\/www.hyflexpack.com\/wp-content\/uploads\/2024\/07\/Cookie-Bags-Wholesale-1-150x150.webp 150w, https:\/\/www.hyflexpack.com\/wp-content\/uploads\/2024\/07\/Cookie-Bags-Wholesale-1-12x12.webp 12w, https:\/\/www.hyflexpack.com\/wp-content\/uploads\/2024\/07\/Cookie-Bags-Wholesale-1-285x285.webp 285w, https:\/\/www.hyflexpack.com\/wp-content\/uploads\/2024\/07\/Cookie-Bags-Wholesale-1-270x270.webp 270w, https:\/\/www.hyflexpack.com\/wp-content\/uploads\/2024\/07\/Cookie-Bags-Wholesale-1-540x540.webp 540w, https:\/\/www.hyflexpack.com\/wp-content\/uploads\/2024\/07\/Cookie-Bags-Wholesale-1-660x660.webp 660w\" sizes=\"(max-width: 750px) 100vw, 750px\" \/><\/figure>\n<\/div>\n<\/div>","protected":false},"excerpt":{"rendered":"<p>Escolha a nossa embalagem por grosso de saco de bolachas de urso dos desenhos animados para melhorar a imagem da sua marca de snacks! Dispon\u00edvel em grandes quantidades com pre\u00e7os competitivos, contacte-nos hoje para mais op\u00e7\u00f5es de personaliza\u00e7\u00e3o e venda por grosso para que os seus produtos se destaquem no mercado!<\/p>\n<h3>Vantagens do fornecedor de sacos de biscoitos dos desenhos animados<\/h3>\n<ul>\n<li><strong>Design personalizado<\/strong>: Fornecemos um servi\u00e7o personalizado de saco de biscoito de desenho animado, incluindo material, tamanho e personaliza\u00e7\u00e3o do padr\u00e3o de impress\u00e3o para atender \u00e0s necessidades dos clientes, e apoiamos OEM e ODM.<\/li>\n<li><strong>Fabrico<\/strong>: Com equipamento e tecnologia avan\u00e7ados, podemos concluir as encomendas com alta efici\u00eancia e alta qualidade, e entregar a tempo.<\/li>\n<li><strong>Inspe\u00e7\u00e3o da qualidade<\/strong>: Seguir rigorosamente as normas de qualidade e os requisitos de seguran\u00e7a alimentar para garantir que os produtos cumprem as normas.<\/li>\n<li><strong>Equipa de apoio t\u00e9cnico<\/strong>: A nossa equipa tem uma vasta experi\u00eancia na ind\u00fastria e conhecimentos profissionais, e pode fornecer apoio t\u00e9cnico e servi\u00e7o de consultoria 24 horas por dia aos nossos clientes.<\/li>\n<li><strong>Amostra gr\u00e1tis<\/strong>: Fornecer servi\u00e7o de amostra gr\u00e1tis para avaliar os produtos.<\/li>\n<\/ul>\n<p>A Huiyang Packaging est\u00e1 empenhada em fornecer aos clientes sacos de biscoitos personalizados e de alta qualidade para os ajudar a melhorar a imagem dos seus produtos e a aumentar a competitividade no mercado.<\/p>","protected":false},"featured_media":4887,"comment_status":"open","ping_status":"closed","template":"","meta":[],"product_brand":[],"product_cat":[51],"product_tag":[],"class_list":{"0":"post-4881","1":"product","2":"type-product","3":"status-publish","4":"has-post-thumbnail","6":"product_cat-custom-food-packaging-bags","8":"first","9":"instock","10":"shipping-taxable","11":"product-type-simple"},"_links":{"self":[{"href":"https:\/\/www.hyflexpack.com\/pt\/wp-json\/wp\/v2\/product\/4881","targetHints":{"allow":["GET"]}}],"collection":[{"href":"https:\/\/www.hyflexpack.com\/pt\/wp-json\/wp\/v2\/product"}],"about":[{"href":"https:\/\/www.hyflexpack.com\/pt\/wp-json\/wp\/v2\/types\/product"}],"replies":[{"embeddable":true,"href":"https:\/\/www.hyflexpack.com\/pt\/wp-json\/wp\/v2\/comments?post=4881"}],"wp:featuredmedia":[{"embeddable":true,"href":"https:\/\/www.hyflexpack.com\/pt\/wp-json\/wp\/v2\/media\/4887"}],"wp:attachment":[{"href":"https:\/\/www.hyflexpack.com\/pt\/wp-json\/wp\/v2\/media?parent=4881"}],"wp:term":[{"taxonomy":"product_brand","embeddable":true,"href":"https:\/\/www.hyflexpack.com\/pt\/wp-json\/wp\/v2\/product_brand?post=4881"},{"taxonomy":"product_cat","embeddable":true,"href":"https:\/\/www.hyflexpack.com\/pt\/wp-json\/wp\/v2\/product_cat?post=4881"},{"taxonomy":"product_tag","embeddable":true,"href":"https:\/\/www.hyflexpack.com\/pt\/wp-json\/wp\/v2\/product_tag?post=4881"}],"curies":[{"name":"wp","href":"https:\/\/api.w.org\/{rel}","templated":true}]}}