{"id":4837,"date":"2024-07-20T02:02:26","date_gmt":"2024-07-20T02:02:26","guid":{"rendered":"https:\/\/www.hyflexpack.com\/?post_type=product&#038;p=4837"},"modified":"2025-10-23T08:36:58","modified_gmt":"2025-10-23T08:36:58","slug":"custom-creative-biscuit-packaging-design","status":"publish","type":"product","link":"https:\/\/www.hyflexpack.com\/pt\/product\/custom-creative-biscuit-packaging-design\/","title":{"rendered":"Embalagem de biscoitos criativa personalizada Padr\u00e3o de design Apar\u00eancia de bolsas stand-up sel\u00e1veis"},"content":{"rendered":"<div class=\"wp-block-columns is-layout-flex wp-container-core-columns-is-layout-9d6595d7 wp-block-columns-is-layout-flex\">\n<div class=\"wp-block-column is-layout-flow wp-block-column-is-layout-flow\">\n<h3 class=\"wp-block-heading\">Carater\u00edsticas das embalagens de biscoitos de alta qualidade<\/h3>\n\n\n\n<ul class=\"wp-block-list\">\n<li>Padr\u00e3o criativo: Um design de padr\u00e3o \u00fanico e apelativo torna o saco de embalagem de bolachas mais v\u00edvido, aumenta o apelo visual e atrai mais consumidores.<\/li>\n<\/ul>\n\n\n\n<p><\/p>\n\n\n\n<ul class=\"wp-block-list\">\n<li>Embalagem selada: Com uma fun\u00e7\u00e3o de selagem de alta qualidade, impede eficazmente a entrada de ar e humidade, garantindo que as bolachas se mant\u00eam frescas e estaladi\u00e7as durante muito tempo.<\/li>\n<\/ul>\n\n\n\n<p><\/p>\n\n\n\n<ul class=\"wp-block-list\">\n<li>Design de bolsa vertical: O design da bolsa vertical n\u00e3o s\u00f3 \u00e9 conveniente para a exposi\u00e7\u00e3o e melhora o efeito de exposi\u00e7\u00e3o na prateleira, como tamb\u00e9m \u00e9 conveniente para os consumidores guardarem e levarem, melhorando a experi\u00eancia do utilizador.<\/li>\n<\/ul>\n\n\n\n<p><\/p>\n\n\n\n<ul class=\"wp-block-list\">\n<li>Materiais amigos do ambiente: A embalagem das bolachas utiliza materiais recicl\u00e1veis e amigos do ambiente para reduzir o impacto no ambiente e satisfazer as necessidades dos consumidores modernos em termos de desenvolvimento sustent\u00e1vel.<\/li>\n<\/ul>\n\n\n\n<p><\/p>\n\n\n\n<ul class=\"wp-block-list\">\n<li>Grande durabilidade: O material de embalagem \u00e9 robusto e duradouro para evitar danos durante o transporte e o armazenamento, garantindo que o produto \u00e9 entregue em seguran\u00e7a aos consumidores.<\/li>\n<\/ul>\n<\/div>\n\n\n\n<div class=\"wp-block-column is-layout-flow wp-block-column-is-layout-flow\">\n<figure class=\"wp-block-image size-full\"><img fetchpriority=\"high\" decoding=\"async\" width=\"750\" height=\"750\" src=\"https:\/\/www.hyflexpack.com\/wp-content\/uploads\/2024\/07\/Custom-Creative-Biscuit-Packaging-Design-7.webp\" alt=\"Design de embalagens de bolachas personalizadas\" class=\"wp-image-4842\" srcset=\"https:\/\/www.hyflexpack.com\/wp-content\/uploads\/2024\/07\/Custom-Creative-Biscuit-Packaging-Design-7.webp 750w, https:\/\/www.hyflexpack.com\/wp-content\/uploads\/2024\/07\/Custom-Creative-Biscuit-Packaging-Design-7-300x300.webp 300w, https:\/\/www.hyflexpack.com\/wp-content\/uploads\/2024\/07\/Custom-Creative-Biscuit-Packaging-Design-7-150x150.webp 150w, https:\/\/www.hyflexpack.com\/wp-content\/uploads\/2024\/07\/Custom-Creative-Biscuit-Packaging-Design-7-12x12.webp 12w, https:\/\/www.hyflexpack.com\/wp-content\/uploads\/2024\/07\/Custom-Creative-Biscuit-Packaging-Design-7-285x285.webp 285w, https:\/\/www.hyflexpack.com\/wp-content\/uploads\/2024\/07\/Custom-Creative-Biscuit-Packaging-Design-7-270x270.webp 270w, https:\/\/www.hyflexpack.com\/wp-content\/uploads\/2024\/07\/Custom-Creative-Biscuit-Packaging-Design-7-540x540.webp 540w, https:\/\/www.hyflexpack.com\/wp-content\/uploads\/2024\/07\/Custom-Creative-Biscuit-Packaging-Design-7-660x660.webp 660w\" sizes=\"(max-width: 750px) 100vw, 750px\" \/><\/figure>\n<\/div>\n<\/div>","protected":false},"excerpt":{"rendered":"<p>Descubra as nossas solu\u00e7\u00f5es personalizadas e criativas de embalagem de bolachas para que os seus produtos se destaquem no mercado e atraiam mais consumidores. Contacte-nos agora para mais informa\u00e7\u00f5es e solu\u00e7\u00f5es personalizadas!<\/p>\n<h3>Vantagens do fornecedor de embalagens de bolachas<\/h3>\n<ul>\n<li><strong>Design personalizado<\/strong>: Fornecer solu\u00e7\u00f5es de design personalizadas para satisfazer diferentes especifica\u00e7\u00f5es, tamanhos e requisitos de impress\u00e3o at\u00e9 10 cores de acordo com as necessidades do cliente, apoiar a personaliza\u00e7\u00e3o OEM e ODM.<\/li>\n<li><strong>Garantia de qualidade<\/strong>: Controlo rigoroso do processo de produ\u00e7\u00e3o, utilizando mat\u00e9rias-primas de alta qualidade e equipamento de produ\u00e7\u00e3o avan\u00e7ado para garantir uma qualidade de produto est\u00e1vel e fi\u00e1vel.<\/li>\n<li><strong>Suporte t\u00e9cnico profissional<\/strong>: Com a nossa equipa t\u00e9cnica experiente, fornecemos apoio t\u00e9cnico profissional e servi\u00e7o p\u00f3s-venda para garantir que as necessidades dos clientes s\u00e3o prontamente respondidas e resolvidas.<\/li>\n<li><strong>Amostra gr\u00e1tis<\/strong>: Fornecer servi\u00e7o de amostra gr\u00e1tis para que possa avaliar os produtos.<\/li>\n<\/ul>\n<p>A Huiyang Packaging dedica-se a oferecer solu\u00e7\u00f5es de embalagem de bolachas personalizadas e de alta qualidade que melhoram a imagem do produto e aumentam a competitividade do mercado para os nossos clientes.<\/p>","protected":false},"featured_media":4838,"comment_status":"open","ping_status":"closed","template":"","meta":[],"product_brand":[],"product_cat":[57],"product_tag":[],"class_list":{"0":"post-4837","1":"product","2":"type-product","3":"status-publish","4":"has-post-thumbnail","6":"product_cat-snack-packaging-bags-wholesale","8":"first","9":"instock","10":"shipping-taxable","11":"product-type-simple"},"_links":{"self":[{"href":"https:\/\/www.hyflexpack.com\/pt\/wp-json\/wp\/v2\/product\/4837","targetHints":{"allow":["GET"]}}],"collection":[{"href":"https:\/\/www.hyflexpack.com\/pt\/wp-json\/wp\/v2\/product"}],"about":[{"href":"https:\/\/www.hyflexpack.com\/pt\/wp-json\/wp\/v2\/types\/product"}],"replies":[{"embeddable":true,"href":"https:\/\/www.hyflexpack.com\/pt\/wp-json\/wp\/v2\/comments?post=4837"}],"wp:featuredmedia":[{"embeddable":true,"href":"https:\/\/www.hyflexpack.com\/pt\/wp-json\/wp\/v2\/media\/4838"}],"wp:attachment":[{"href":"https:\/\/www.hyflexpack.com\/pt\/wp-json\/wp\/v2\/media?parent=4837"}],"wp:term":[{"taxonomy":"product_brand","embeddable":true,"href":"https:\/\/www.hyflexpack.com\/pt\/wp-json\/wp\/v2\/product_brand?post=4837"},{"taxonomy":"product_cat","embeddable":true,"href":"https:\/\/www.hyflexpack.com\/pt\/wp-json\/wp\/v2\/product_cat?post=4837"},{"taxonomy":"product_tag","embeddable":true,"href":"https:\/\/www.hyflexpack.com\/pt\/wp-json\/wp\/v2\/product_tag?post=4837"}],"curies":[{"name":"wp","href":"https:\/\/api.w.org\/{rel}","templated":true}]}}