{"id":4778,"date":"2024-07-19T08:34:04","date_gmt":"2024-07-19T08:34:04","guid":{"rendered":"https:\/\/www.hyflexpack.com\/?post_type=product&#038;p=4778"},"modified":"2024-07-19T08:34:05","modified_gmt":"2024-07-19T08:34:05","slug":"custom-pouch-packaging-for-nuts","status":"publish","type":"product","link":"https:\/\/www.hyflexpack.com\/pt\/product\/custom-pouch-packaging-for-nuts\/","title":{"rendered":"Embalagem personalizada para frutos secos Stand Up Pouch com fecho de correr e sel\u00e1vel"},"content":{"rendered":"<div class=\"wp-block-columns is-layout-flex wp-container-core-columns-is-layout-9d6595d7 wp-block-columns-is-layout-flex\">\n<div class=\"wp-block-column is-layout-flow wp-block-column-is-layout-flow\">\n<h3 class=\"wp-block-heading\">Carater\u00edsticas da embalagem em saco personalizada de alta qualidade para frutos secos<\/h3>\n\n\n\n<ul class=\"wp-block-list\">\n<li>Material de alta qualidade: a embalagem em bolsa personalizada para frutos secos \u00e9 feita de materiais seguros e de qualidade alimentar para garantir robustez e durabilidade e proteger a qualidade e a frescura dos frutos secos.<\/li>\n<\/ul>\n\n\n\n<p><\/p>\n\n\n\n<ul class=\"wp-block-list\">\n<li>Design aut\u00f3nomo: design de saco aut\u00f3nomo, f\u00e1cil de expor e guardar, economiza espa\u00e7o.<\/li>\n<\/ul>\n\n\n\n<p><\/p>\n\n\n\n<ul class=\"wp-block-list\">\n<li>Fecho de correr: Equipado com um fecho de correr que \u00e9 f\u00e1cil de abrir e fechar, as utiliza\u00e7\u00f5es m\u00faltiplas mant\u00eam as nozes frescas e secas.<\/li>\n<\/ul>\n\n\n\n<p><\/p>\n\n\n\n<ul class=\"wp-block-list\">\n<li>Desempenho da barreira: feito de material composto de v\u00e1rias camadas com boa resist\u00eancia \u00e0 humidade e \u00e0 oxida\u00e7\u00e3o, garantindo que as porcas n\u00e3o s\u00e3o danificadas durante o armazenamento e o transporte.<\/li>\n<\/ul>\n\n\n\n<p><\/p>\n\n\n\n<ul class=\"wp-block-list\">\n<li>Camada de impress\u00e3o de qualidade: O material exterior (como o PET ou o BOPP) tem uma excelente impress\u00e3o, permitindo uma impress\u00e3o a cores de alta qualidade, garantindo que os sacos t\u00eam um \u00f3timo aspeto e melhorando a imagem da marca.<\/li>\n<\/ul>\n<\/div>\n\n\n\n<div class=\"wp-block-column is-layout-flow wp-block-column-is-layout-flow\">\n<figure class=\"wp-block-image size-full\"><img fetchpriority=\"high\" decoding=\"async\" width=\"750\" height=\"750\" src=\"https:\/\/www.hyflexpack.com\/wp-content\/uploads\/2024\/07\/Custom-Pouch-Packaging-For-Nuts-2.webp\" alt=\"Embalagem em saco personalizada para frutos secos\" class=\"wp-image-4780\" srcset=\"https:\/\/www.hyflexpack.com\/wp-content\/uploads\/2024\/07\/Custom-Pouch-Packaging-For-Nuts-2.webp 750w, https:\/\/www.hyflexpack.com\/wp-content\/uploads\/2024\/07\/Custom-Pouch-Packaging-For-Nuts-2-300x300.webp 300w, https:\/\/www.hyflexpack.com\/wp-content\/uploads\/2024\/07\/Custom-Pouch-Packaging-For-Nuts-2-150x150.webp 150w, https:\/\/www.hyflexpack.com\/wp-content\/uploads\/2024\/07\/Custom-Pouch-Packaging-For-Nuts-2-12x12.webp 12w, https:\/\/www.hyflexpack.com\/wp-content\/uploads\/2024\/07\/Custom-Pouch-Packaging-For-Nuts-2-285x285.webp 285w, https:\/\/www.hyflexpack.com\/wp-content\/uploads\/2024\/07\/Custom-Pouch-Packaging-For-Nuts-2-270x270.webp 270w, https:\/\/www.hyflexpack.com\/wp-content\/uploads\/2024\/07\/Custom-Pouch-Packaging-For-Nuts-2-540x540.webp 540w, https:\/\/www.hyflexpack.com\/wp-content\/uploads\/2024\/07\/Custom-Pouch-Packaging-For-Nuts-2-660x660.webp 660w\" sizes=\"(max-width: 750px) 100vw, 750px\" \/><\/figure>\n<\/div>\n<\/div>","protected":false},"excerpt":{"rendered":"<p>A nossa embalagem em bolsa personalizada para frutos secos \u00e9 feita de material de qualidade alimentar de alta qualidade e \u00e9 resistente e duradoura para garantir a frescura e a qualidade dos frutos secos. Escolha-nos para uma \u00f3ptima prote\u00e7\u00e3o e apresenta\u00e7\u00e3o dos seus produtos e obtenha um or\u00e7amento hoje mesmo.<\/p>\n<h3>Vantagens do fornecedor de embalagens em saco personalizadas<\/h3>\n<ul>\n<li><strong>Design personalizado<\/strong>: Fornece solu\u00e7\u00f5es de design personalizado, suporta OEM\/ODM, personalizado com diferentes especifica\u00e7\u00f5es, tamanhos, padr\u00f5es de impress\u00e3o, etc.<\/li>\n<li><strong>Garantia de qualidade<\/strong>: Controlar o processo de produ\u00e7\u00e3o, dispor de materiais de alta qualidade e de equipamentos avan\u00e7ados para garantir a qualidade do produto.<\/li>\n<li><strong>Entrega atempada<\/strong>: Otimizar o processo de produ\u00e7\u00e3o e melhorar a efici\u00eancia da produ\u00e7\u00e3o para garantir a entrega atempada e satisfazer as necessidades urgentes dos clientes.<\/li>\n<li><strong>Suporte t\u00e9cnico profissional<\/strong>: A equipa t\u00e9cnica experiente fornece apoio t\u00e9cnico profissional e servi\u00e7o de consultoria p\u00f3s-venda 24 horas por dia.<\/li>\n<li><strong>Amostra gr\u00e1tis<\/strong>: Fornecer servi\u00e7o de amostra gr\u00e1tis para que possa avaliar os produtos.<\/li>\n<\/ul>\n<p>A Huiyang Packaging est\u00e1 empenhada em fornecer aos clientes embalagens em saco de alta qualidade e personalizadas para frutos secos, para os ajudar a melhorar a imagem dos seus produtos e a aumentar a competitividade no mercado<\/p>","protected":false},"featured_media":4779,"comment_status":"open","ping_status":"closed","template":"","meta":[],"product_brand":[],"product_cat":[51],"product_tag":[],"class_list":{"0":"post-4778","1":"product","2":"type-product","3":"status-publish","4":"has-post-thumbnail","6":"product_cat-custom-food-packaging-bags","8":"first","9":"instock","10":"shipping-taxable","11":"product-type-simple"},"_links":{"self":[{"href":"https:\/\/www.hyflexpack.com\/pt\/wp-json\/wp\/v2\/product\/4778","targetHints":{"allow":["GET"]}}],"collection":[{"href":"https:\/\/www.hyflexpack.com\/pt\/wp-json\/wp\/v2\/product"}],"about":[{"href":"https:\/\/www.hyflexpack.com\/pt\/wp-json\/wp\/v2\/types\/product"}],"replies":[{"embeddable":true,"href":"https:\/\/www.hyflexpack.com\/pt\/wp-json\/wp\/v2\/comments?post=4778"}],"wp:featuredmedia":[{"embeddable":true,"href":"https:\/\/www.hyflexpack.com\/pt\/wp-json\/wp\/v2\/media\/4779"}],"wp:attachment":[{"href":"https:\/\/www.hyflexpack.com\/pt\/wp-json\/wp\/v2\/media?parent=4778"}],"wp:term":[{"taxonomy":"product_brand","embeddable":true,"href":"https:\/\/www.hyflexpack.com\/pt\/wp-json\/wp\/v2\/product_brand?post=4778"},{"taxonomy":"product_cat","embeddable":true,"href":"https:\/\/www.hyflexpack.com\/pt\/wp-json\/wp\/v2\/product_cat?post=4778"},{"taxonomy":"product_tag","embeddable":true,"href":"https:\/\/www.hyflexpack.com\/pt\/wp-json\/wp\/v2\/product_tag?post=4778"}],"curies":[{"name":"wp","href":"https:\/\/api.w.org\/{rel}","templated":true}]}}