{"id":4750,"date":"2024-07-12T07:45:52","date_gmt":"2024-07-12T07:45:52","guid":{"rendered":"https:\/\/www.hyflexpack.com\/?post_type=product&#038;p=4750"},"modified":"2025-10-23T08:56:17","modified_gmt":"2025-10-23T08:56:17","slug":"snacks-nuts-packaging-wholesale","status":"publish","type":"product","link":"https:\/\/www.hyflexpack.com\/pt\/product\/snacks-nuts-packaging-wholesale\/","title":{"rendered":"Embalagem de snacks e frutos secos Impress\u00e3o de amendoins por atacado Sacos quebrados resistentes a ficar em p\u00e9"},"content":{"rendered":"<div class=\"wp-block-columns is-layout-flex wp-container-core-columns-is-layout-9d6595d7 wp-block-columns-is-layout-flex\">\n<div class=\"wp-block-column is-layout-flow wp-block-column-is-layout-flow\">\n<h3 class=\"wp-block-heading\">Carater\u00edsticas dos sacos de embalagem de nozes de alta qualidade<\/h3>\n\n\n\n<ul class=\"wp-block-list\">\n<li>Materiais de qualidade: O saco de embalagem de frutos secos utiliza materiais de qualidade alimentar e tem propriedades de barreira para garantir a frescura e a seguran\u00e7a dos frutos secos.<\/li>\n<\/ul>\n\n\n\n<p><\/p>\n\n\n\n<ul class=\"wp-block-list\">\n<li>Conce\u00e7\u00e3o \u00e0 prova de humidade: \u00e0 prova de humidade, anti-oxida\u00e7\u00e3o, utiliza\u00e7\u00e3o de agentes higrosc\u00f3picos para controlar a humidade e utiliza\u00e7\u00e3o de tecnologia de regula\u00e7\u00e3o de g\u00e1s para proteger os produtos da humidade, prolongando eficazmente o prazo de validade dos frutos secos.<\/li>\n<\/ul>\n\n\n\n<p><\/p>\n\n\n\n<ul class=\"wp-block-list\">\n<li>Design resistente \u00e0 rutura: S\u00e3o utilizados materiais de alta qualidade para garantir que a embalagem n\u00e3o \u00e9 facilmente danificada durante o transporte e a exposi\u00e7\u00e3o, mantendo a integridade do produto.<\/li>\n<\/ul>\n\n\n\n<p><\/p>\n\n\n\n<ul class=\"wp-block-list\">\n<li>Personaliza\u00e7\u00e3o diversificada: Solu\u00e7\u00f5es de embalagem por grosso concebidas para snacks e frutos secos para uma vasta gama de necessidades do mercado.<\/li>\n\n\n\n<li>Resistente e duradouro: O corpo do saco \u00e9 resistente, tem uma excelente resist\u00eancia ao rasgamento, adequado para transporte e armazenamento a longa dist\u00e2ncia.<\/li>\n<\/ul>\n<\/div>\n\n\n\n<div class=\"wp-block-column is-layout-flow wp-block-column-is-layout-flow\">\n<figure class=\"wp-block-image size-full\"><img fetchpriority=\"high\" decoding=\"async\" width=\"750\" height=\"750\" src=\"https:\/\/www.hyflexpack.com\/wp-content\/uploads\/2024\/07\/Nuts-Packaging-Wholesale-3.webp\" alt=\"Embalagem de nozes por atacado\" class=\"wp-image-4753\" srcset=\"https:\/\/www.hyflexpack.com\/wp-content\/uploads\/2024\/07\/Nuts-Packaging-Wholesale-3.webp 750w, https:\/\/www.hyflexpack.com\/wp-content\/uploads\/2024\/07\/Nuts-Packaging-Wholesale-3-300x300.webp 300w, https:\/\/www.hyflexpack.com\/wp-content\/uploads\/2024\/07\/Nuts-Packaging-Wholesale-3-150x150.webp 150w, https:\/\/www.hyflexpack.com\/wp-content\/uploads\/2024\/07\/Nuts-Packaging-Wholesale-3-12x12.webp 12w, https:\/\/www.hyflexpack.com\/wp-content\/uploads\/2024\/07\/Nuts-Packaging-Wholesale-3-285x285.webp 285w, https:\/\/www.hyflexpack.com\/wp-content\/uploads\/2024\/07\/Nuts-Packaging-Wholesale-3-270x270.webp 270w, https:\/\/www.hyflexpack.com\/wp-content\/uploads\/2024\/07\/Nuts-Packaging-Wholesale-3-540x540.webp 540w, https:\/\/www.hyflexpack.com\/wp-content\/uploads\/2024\/07\/Nuts-Packaging-Wholesale-3-660x660.webp 660w\" sizes=\"(max-width: 750px) 100vw, 750px\" \/><\/figure>\n<\/div>\n<\/div>","protected":false},"excerpt":{"rendered":"<p>Os nossos sacos de embalagem de frutos secos por grosso para snacks de amendoim s\u00e3o impressos individualmente para garantir a resist\u00eancia \u00e0 rutura e s\u00e3o ideais para expor e proteger o produto. Conhe\u00e7a a nossa equipa de profissionais e obtenha um design gratuito!<\/p>\n<h3>Vantagens do fornecedor de sacos de embalagem de nozes<\/h3>\n<ul>\n<li><strong>Design personalizado<\/strong>: Fornecer solu\u00e7\u00f5es de design personalizado de acordo com as necessidades do cliente, satisfazer diferentes especifica\u00e7\u00f5es, tamanhos e impress\u00e3o at\u00e9 10 cores, e suportar a personaliza\u00e7\u00e3o OEM e ODM.<\/li>\n<li><strong>Entrega r\u00e1pida<\/strong>: Com uma capacidade de produ\u00e7\u00e3o eficiente e um sistema de gest\u00e3o da cadeia de abastecimento, podemos responder \u00e0s encomendas dos clientes a tempo de garantir a entrega atempada dos produtos.<\/li>\n<li><strong>Suporte completo<\/strong>: Uma equipa t\u00e9cnica profissional e uma equipa de servi\u00e7o p\u00f3s-venda fornecem uma consulta pr\u00e9-venda completa e apoio p\u00f3s-venda para fornecer apoio t\u00e9cnico e solu\u00e7\u00f5es aos clientes.<\/li>\n<li><strong>Amostra gr\u00e1tis<\/strong>: Fornecer servi\u00e7o de amostra gr\u00e1tis para avaliar os produtos.<\/li>\n<\/ul>\n<p>A Huiyang Packaging dedica-se a oferecer sacos de embalagem de frutos secos de alta qualidade e personalizados que n\u00e3o s\u00f3 aumentam a atra\u00e7\u00e3o pelo produto como tamb\u00e9m refor\u00e7am o posicionamento de mercado dos nossos clientes.<\/p>","protected":false},"featured_media":4755,"comment_status":"open","ping_status":"closed","template":"","meta":[],"product_brand":[],"product_cat":[57],"product_tag":[],"class_list":{"0":"post-4750","1":"product","2":"type-product","3":"status-publish","4":"has-post-thumbnail","6":"product_cat-snack-packaging-bags-wholesale","8":"first","9":"instock","10":"shipping-taxable","11":"product-type-simple"},"_links":{"self":[{"href":"https:\/\/www.hyflexpack.com\/pt\/wp-json\/wp\/v2\/product\/4750","targetHints":{"allow":["GET"]}}],"collection":[{"href":"https:\/\/www.hyflexpack.com\/pt\/wp-json\/wp\/v2\/product"}],"about":[{"href":"https:\/\/www.hyflexpack.com\/pt\/wp-json\/wp\/v2\/types\/product"}],"replies":[{"embeddable":true,"href":"https:\/\/www.hyflexpack.com\/pt\/wp-json\/wp\/v2\/comments?post=4750"}],"wp:featuredmedia":[{"embeddable":true,"href":"https:\/\/www.hyflexpack.com\/pt\/wp-json\/wp\/v2\/media\/4755"}],"wp:attachment":[{"href":"https:\/\/www.hyflexpack.com\/pt\/wp-json\/wp\/v2\/media?parent=4750"}],"wp:term":[{"taxonomy":"product_brand","embeddable":true,"href":"https:\/\/www.hyflexpack.com\/pt\/wp-json\/wp\/v2\/product_brand?post=4750"},{"taxonomy":"product_cat","embeddable":true,"href":"https:\/\/www.hyflexpack.com\/pt\/wp-json\/wp\/v2\/product_cat?post=4750"},{"taxonomy":"product_tag","embeddable":true,"href":"https:\/\/www.hyflexpack.com\/pt\/wp-json\/wp\/v2\/product_tag?post=4750"}],"curies":[{"name":"wp","href":"https:\/\/api.w.org\/{rel}","templated":true}]}}