{"id":4746,"date":"2024-07-12T06:38:39","date_gmt":"2024-07-12T06:38:39","guid":{"rendered":"https:\/\/www.hyflexpack.com\/?post_type=product&#038;p=4746"},"modified":"2025-05-17T07:35:32","modified_gmt":"2025-05-17T07:35:32","slug":"custom-bottle-labels","status":"publish","type":"product","link":"https:\/\/www.hyflexpack.com\/pt\/product\/custom-bottle-labels\/","title":{"rendered":"R\u00f3tulos de garrafas personalizados Impress\u00e3o personalizada para diferentes tamanhos de r\u00f3tulos de garrafas de \u00e1gua"},"content":{"rendered":"<div class=\"wp-block-columns is-layout-flex wp-container-core-columns-is-layout-9d6595d7 wp-block-columns-is-layout-flex\">\n<div class=\"wp-block-column is-layout-flow wp-block-column-is-layout-flow\">\n<h3 class=\"wp-block-heading\">Carater\u00edsticas do r\u00f3tulo de garrafa de alta qualidade<\/h3>\n\n\n\n<ul class=\"wp-block-list\">\n<li>Impress\u00e3o personalizada: Os r\u00f3tulos de garrafas est\u00e3o dispon\u00edveis numa variedade de op\u00e7\u00f5es de personaliza\u00e7\u00e3o, incluindo cor e superf\u00edcies exteriores, para satisfazer as necessidades de design de diferentes clientes.<\/li>\n<\/ul>\n\n\n\n<p><\/p>\n\n\n\n<ul class=\"wp-block-list\">\n<li>Adequado para todos os tamanhos: As etiquetas podem ser feitas para se adaptarem a diferentes tamanhos de garrafas de \u00e1gua, quer se trate de uma pequena garrafa de viagem ou de uma grande garrafa desportiva.<\/li>\n<\/ul>\n\n\n\n<p><\/p>\n\n\n\n<ul class=\"wp-block-list\">\n<li>Imperme\u00e1vel e duradoura: Fabricada com materiais de alta qualidade, a etiqueta mant\u00e9m-se n\u00edtida e intacta em ambientes h\u00famidos.<\/li>\n<\/ul>\n\n\n\n<p><\/p>\n\n\n\n<ul class=\"wp-block-list\">\n<li>F\u00e1cil de aplicar: O design da base adesiva facilita a coloca\u00e7\u00e3o e remo\u00e7\u00e3o da etiqueta, sem deixar res\u00edduos de cola.<\/li>\n<\/ul>\n<\/div>\n\n\n\n<div class=\"wp-block-column is-layout-flow wp-block-column-is-layout-flow\">\n<figure class=\"wp-block-image size-full is-resized\"><img fetchpriority=\"high\" decoding=\"async\" width=\"750\" height=\"750\" src=\"https:\/\/www.hyflexpack.com\/wp-content\/uploads\/2024\/07\/Custom-Bottle-Labels-1.webp\" alt=\"R\u00f3tulos de garrafas personalizados\" class=\"wp-image-4747\" style=\"width:354px;height:auto\" srcset=\"https:\/\/www.hyflexpack.com\/wp-content\/uploads\/2024\/07\/Custom-Bottle-Labels-1.webp 750w, https:\/\/www.hyflexpack.com\/wp-content\/uploads\/2024\/07\/Custom-Bottle-Labels-1-300x300.webp 300w, https:\/\/www.hyflexpack.com\/wp-content\/uploads\/2024\/07\/Custom-Bottle-Labels-1-150x150.webp 150w, https:\/\/www.hyflexpack.com\/wp-content\/uploads\/2024\/07\/Custom-Bottle-Labels-1-12x12.webp 12w, https:\/\/www.hyflexpack.com\/wp-content\/uploads\/2024\/07\/Custom-Bottle-Labels-1-285x285.webp 285w, https:\/\/www.hyflexpack.com\/wp-content\/uploads\/2024\/07\/Custom-Bottle-Labels-1-270x270.webp 270w, https:\/\/www.hyflexpack.com\/wp-content\/uploads\/2024\/07\/Custom-Bottle-Labels-1-540x540.webp 540w, https:\/\/www.hyflexpack.com\/wp-content\/uploads\/2024\/07\/Custom-Bottle-Labels-1-660x660.webp 660w\" sizes=\"(max-width: 750px) 100vw, 750px\" \/><\/figure>\n<\/div>\n<\/div>","protected":false},"excerpt":{"rendered":"<p>R\u00f3tulos impressos personalizados para garrafas de \u00e1gua de todos os tamanhos. As etiquetas s\u00e3o imperme\u00e1veis e duradouras e s\u00e3o feitas de materiais de alta qualidade para garantir que permanecem n\u00edtidas e bonitas em qualquer ambiente. Quer seja para desporto, viagens ou uso di\u00e1rio, estas etiquetas s\u00e3o ideais para si.<\/p>\n<h3>Vantagens do fornecedor de r\u00f3tulos para garrafas<\/h3>\n<ul>\n<li><strong>Design personalizado<\/strong>: Fornecer solu\u00e7\u00f5es de design personalizadas para satisfazer diferentes especifica\u00e7\u00f5es, tamanhos e requisitos de impress\u00e3o at\u00e9 10 cores de acordo com as necessidades do cliente, apoiar a personaliza\u00e7\u00e3o OEM e ODM.<\/li>\n<li><strong>Garantia de qualidade<\/strong>: Controlo rigoroso do processo de produ\u00e7\u00e3o, utilizando mat\u00e9rias-primas de alta qualidade e equipamento de produ\u00e7\u00e3o avan\u00e7ado para garantir uma qualidade de produto est\u00e1vel e fi\u00e1vel.<\/li>\n<li><strong>Suporte t\u00e9cnico profissional<\/strong>: Com uma equipa t\u00e9cnica experiente, fornecemos apoio t\u00e9cnico profissional e servi\u00e7o p\u00f3s-venda para garantir que as necessidades dos clientes s\u00e3o prontamente respondidas e resolvidas.<\/li>\n<li><strong>Amostra gr\u00e1tis<\/strong>: Fornecer servi\u00e7o de amostra gr\u00e1tis para avaliar os produtos.<\/li>\n<\/ul>\n<p>A Huiyang Packaging dedica-se a oferecer r\u00f3tulos de garrafas personalizados e de alta qualidade que melhoram a imagem do produto e aumentam a competitividade do mercado para os nossos clientes.<\/p>","protected":false},"featured_media":4749,"comment_status":"open","ping_status":"closed","template":"","meta":[],"product_brand":[],"product_cat":[53,90],"product_tag":[],"class_list":{"0":"post-4746","1":"product","2":"type-product","3":"status-publish","4":"has-post-thumbnail","6":"product_cat-packaging-film-supplier","7":"product_cat-custom-bottle-label","9":"first","10":"instock","11":"shipping-taxable","12":"product-type-simple"},"_links":{"self":[{"href":"https:\/\/www.hyflexpack.com\/pt\/wp-json\/wp\/v2\/product\/4746","targetHints":{"allow":["GET"]}}],"collection":[{"href":"https:\/\/www.hyflexpack.com\/pt\/wp-json\/wp\/v2\/product"}],"about":[{"href":"https:\/\/www.hyflexpack.com\/pt\/wp-json\/wp\/v2\/types\/product"}],"replies":[{"embeddable":true,"href":"https:\/\/www.hyflexpack.com\/pt\/wp-json\/wp\/v2\/comments?post=4746"}],"wp:featuredmedia":[{"embeddable":true,"href":"https:\/\/www.hyflexpack.com\/pt\/wp-json\/wp\/v2\/media\/4749"}],"wp:attachment":[{"href":"https:\/\/www.hyflexpack.com\/pt\/wp-json\/wp\/v2\/media?parent=4746"}],"wp:term":[{"taxonomy":"product_brand","embeddable":true,"href":"https:\/\/www.hyflexpack.com\/pt\/wp-json\/wp\/v2\/product_brand?post=4746"},{"taxonomy":"product_cat","embeddable":true,"href":"https:\/\/www.hyflexpack.com\/pt\/wp-json\/wp\/v2\/product_cat?post=4746"},{"taxonomy":"product_tag","embeddable":true,"href":"https:\/\/www.hyflexpack.com\/pt\/wp-json\/wp\/v2\/product_tag?post=4746"}],"curies":[{"name":"wp","href":"https:\/\/api.w.org\/{rel}","templated":true}]}}