{"id":4741,"date":"2024-07-12T04:04:14","date_gmt":"2024-07-12T04:04:14","guid":{"rendered":"https:\/\/www.hyflexpack.com\/?post_type=product&#038;p=4741"},"modified":"2024-07-12T04:04:16","modified_gmt":"2024-07-12T04:04:16","slug":"supply-bulk-cup-sealing-film","status":"publish","type":"product","link":"https:\/\/www.hyflexpack.com\/pt\/product\/supply-bulk-cup-sealing-film\/","title":{"rendered":"Fornecimento de Pel\u00edcula Seladora de Copo a Granel PP Pl\u00e1stico para Copo de Ch\u00e1"},"content":{"rendered":"<div class=\"wp-block-columns is-layout-flex wp-container-core-columns-is-layout-9d6595d7 wp-block-columns-is-layout-flex\">\n<div class=\"wp-block-column is-layout-flow wp-block-column-is-layout-flow\">\n<h3 class=\"wp-block-heading\">Carater\u00edsticas da pel\u00edcula vedante para copos de alta qualidade<\/h3>\n\n\n\n<ul class=\"wp-block-list\">\n<li>Material de alta qualidade: A pel\u00edcula de selagem para copos \u00e9 feita de material pl\u00e1stico PP de alta qualidade para garantir a seguran\u00e7a e higiene alimentar.<\/li>\n<\/ul>\n\n\n\n<p><\/p>\n\n\n\n<ul class=\"wp-block-list\">\n<li>Boa veda\u00e7\u00e3o: veda eficazmente o copo ou o recipiente, impede a fuga de alimentos e a entrada de oxig\u00e9nio e prolonga a frescura dos alimentos.<\/li>\n<\/ul>\n\n\n\n<p><\/p>\n\n\n\n<ul class=\"wp-block-list\">\n<li>F\u00e1cil de utilizar: f\u00e1cil de conceber, f\u00e1cil de operar, adequado para ambientes de produ\u00e7\u00e3o r\u00e1pida e embalagem eficiente.<\/li>\n<\/ul>\n\n\n\n<p><\/p>\n\n\n\n<ul class=\"wp-block-list\">\n<li>Ampla aplicabilidade: Adequado para selar todos os tipos de ch\u00e1 com leite, bebidas e outras bebidas em ch\u00e1vena, para garantir a frescura e a qualidade dos produtos.<\/li>\n<\/ul>\n\n\n\n<p><\/p>\n\n\n\n<ul class=\"wp-block-list\">\n<li>F\u00e1cil de emparelhar com a m\u00e1quina: O produto foi concebido para uma utiliza\u00e7\u00e3o f\u00e1cil com seladoras autom\u00e1ticas, garantindo um processo de produ\u00e7\u00e3o eficiente.<\/li>\n<\/ul>\n<\/div>\n\n\n\n<div class=\"wp-block-column is-layout-flow wp-block-column-is-layout-flow\">\n<figure class=\"wp-block-image size-full\"><img fetchpriority=\"high\" decoding=\"async\" width=\"750\" height=\"750\" src=\"https:\/\/www.hyflexpack.com\/wp-content\/uploads\/2024\/07\/Supply-Bulk-Cup-Sealing-Film-4.webp\" alt=\"Fornecimento de pel\u00edcula de selagem de copos a granel\" class=\"wp-image-4745\" srcset=\"https:\/\/www.hyflexpack.com\/wp-content\/uploads\/2024\/07\/Supply-Bulk-Cup-Sealing-Film-4.webp 750w, https:\/\/www.hyflexpack.com\/wp-content\/uploads\/2024\/07\/Supply-Bulk-Cup-Sealing-Film-4-300x300.webp 300w, https:\/\/www.hyflexpack.com\/wp-content\/uploads\/2024\/07\/Supply-Bulk-Cup-Sealing-Film-4-150x150.webp 150w, https:\/\/www.hyflexpack.com\/wp-content\/uploads\/2024\/07\/Supply-Bulk-Cup-Sealing-Film-4-12x12.webp 12w, https:\/\/www.hyflexpack.com\/wp-content\/uploads\/2024\/07\/Supply-Bulk-Cup-Sealing-Film-4-285x285.webp 285w, https:\/\/www.hyflexpack.com\/wp-content\/uploads\/2024\/07\/Supply-Bulk-Cup-Sealing-Film-4-270x270.webp 270w, https:\/\/www.hyflexpack.com\/wp-content\/uploads\/2024\/07\/Supply-Bulk-Cup-Sealing-Film-4-540x540.webp 540w, https:\/\/www.hyflexpack.com\/wp-content\/uploads\/2024\/07\/Supply-Bulk-Cup-Sealing-Film-4-660x660.webp 660w\" sizes=\"(max-width: 750px) 100vw, 750px\" \/><\/figure>\n<\/div>\n<\/div>","protected":false},"excerpt":{"rendered":"<p>A pel\u00edcula de selagem de copos \u00e9 adequada para copos de papel e a selagem de copos PP \u00e9 adequada para m\u00e1quinas de selagem de copos manuais, semi-autom\u00e1ticas e autom\u00e1ticas. As duas bandas de luz em ambos os lados da pel\u00edcula de selagem de copos podem ajudar o sensor electro-\u00f3tico a localizar com precis\u00e3o a posi\u00e7\u00e3o, e a propriedade de selagem \u00e9 excelente, o que \u00e9 adequado para as ind\u00fastrias farmac\u00eautica, de bebidas, alimentar e outras.<\/p>\n<h3>Vantagens do fornecedor de pel\u00edcula de selagem de copos<\/h3>\n<ul>\n<li><strong>Design personalizado<\/strong>: Fornecer solu\u00e7\u00f5es de design personalizadas para satisfazer diferentes especifica\u00e7\u00f5es, tamanhos e requisitos de impress\u00e3o at\u00e9 10 cores de acordo com as necessidades do cliente, apoiar a personaliza\u00e7\u00e3o OEM e ODM.<\/li>\n<li><strong>Garantia de qualidade<\/strong>: Controlo rigoroso do processo de produ\u00e7\u00e3o, utilizando mat\u00e9rias-primas de alta qualidade e equipamento de produ\u00e7\u00e3o avan\u00e7ado para garantir uma qualidade de produto est\u00e1vel e fi\u00e1vel.<\/li>\n<li><strong>Suporte t\u00e9cnico profissional<\/strong>: Com uma equipa t\u00e9cnica experiente, fornecemos apoio t\u00e9cnico profissional e servi\u00e7o p\u00f3s-venda para garantir que as necessidades dos clientes s\u00e3o prontamente respondidas e resolvidas.<\/li>\n<li><strong>Amostra gr\u00e1tis<\/strong>: Fornecer servi\u00e7o de amostra gr\u00e1tis para avaliar os produtos.<\/li>\n<\/ul>\n<p>A Huiyang Packaging est\u00e1 empenhada em fornecer aos clientes pel\u00edcula de selagem de copos personalizada e de alta qualidade para ajudar os clientes a melhorar a imagem do produto e a aumentar a competitividade do mercado.<\/p>","protected":false},"featured_media":4744,"comment_status":"open","ping_status":"closed","template":"","meta":[],"product_brand":[],"product_cat":[53],"product_tag":[],"class_list":{"0":"post-4741","1":"product","2":"type-product","3":"status-publish","4":"has-post-thumbnail","6":"product_cat-packaging-film-supplier","8":"first","9":"instock","10":"shipping-taxable","11":"product-type-simple"},"_links":{"self":[{"href":"https:\/\/www.hyflexpack.com\/pt\/wp-json\/wp\/v2\/product\/4741","targetHints":{"allow":["GET"]}}],"collection":[{"href":"https:\/\/www.hyflexpack.com\/pt\/wp-json\/wp\/v2\/product"}],"about":[{"href":"https:\/\/www.hyflexpack.com\/pt\/wp-json\/wp\/v2\/types\/product"}],"replies":[{"embeddable":true,"href":"https:\/\/www.hyflexpack.com\/pt\/wp-json\/wp\/v2\/comments?post=4741"}],"wp:featuredmedia":[{"embeddable":true,"href":"https:\/\/www.hyflexpack.com\/pt\/wp-json\/wp\/v2\/media\/4744"}],"wp:attachment":[{"href":"https:\/\/www.hyflexpack.com\/pt\/wp-json\/wp\/v2\/media?parent=4741"}],"wp:term":[{"taxonomy":"product_brand","embeddable":true,"href":"https:\/\/www.hyflexpack.com\/pt\/wp-json\/wp\/v2\/product_brand?post=4741"},{"taxonomy":"product_cat","embeddable":true,"href":"https:\/\/www.hyflexpack.com\/pt\/wp-json\/wp\/v2\/product_cat?post=4741"},{"taxonomy":"product_tag","embeddable":true,"href":"https:\/\/www.hyflexpack.com\/pt\/wp-json\/wp\/v2\/product_tag?post=4741"}],"curies":[{"name":"wp","href":"https:\/\/api.w.org\/{rel}","templated":true}]}}