{"id":4694,"date":"2024-07-04T07:49:12","date_gmt":"2024-07-04T07:49:12","guid":{"rendered":"https:\/\/www.hyflexpack.com\/?post_type=product&#038;p=4694"},"modified":"2025-11-04T09:11:51","modified_gmt":"2025-11-04T09:11:51","slug":"wholesale-dried-fruit-packaging","status":"publish","type":"product","link":"https:\/\/www.hyflexpack.com\/pt\/product\/wholesale-dried-fruit-packaging\/","title":{"rendered":"Embalagem de frutos secos por atacado Sacos de embalagem de alimentos com fecho de correr e rasgar f\u00e1cil para arando"},"content":{"rendered":"<div class=\"wp-block-columns is-layout-flex wp-container-core-columns-is-layout-9d6595d7 wp-block-columns-is-layout-flex\">\n<div class=\"wp-block-column is-layout-flow wp-block-column-is-layout-flow\">\n<h3 class=\"wp-block-heading\">Carater\u00edsticas da embalagem de frutos secos de alta qualidade<\/h3>\n\n\n\n<ul class=\"wp-block-list\">\n<li>Material de alta qualidade: a embalagem impressa de frutos secos \u00e9 feita de material de qualidade alimentar para garantir a seguran\u00e7a e a frescura dos frutos secos.<\/li>\n<\/ul>\n\n\n\n<p><\/p>\n\n\n\n<ul class=\"wp-block-list\">\n<li>Design pr\u00e1tico do fecho de correr: equipado com um fecho de correr \u00e0 prova de humidade, f\u00e1cil de abrir e fechar repetidamente para manter o produto fresco.<\/li>\n<\/ul>\n\n\n\n<p><\/p>\n\n\n\n<ul class=\"wp-block-list\">\n<li>Design de abertura f\u00e1cil de rasgar: Design \u00fanico de abertura f\u00e1cil de rasgar, f\u00e1cil de utilizar, sem necessidade de tesoura.<\/li>\n<\/ul>\n\n\n\n<p><\/p>\n\n\n\n<ul class=\"wp-block-list\">\n<li>Resist\u00eancia \u00e0 humidade e \u00e0 oxida\u00e7\u00e3o: A estrutura multicamada impede eficazmente a penetra\u00e7\u00e3o da humidade e do oxig\u00e9nio, prolongando o prazo de validade dos frutos secos.<\/li>\n<\/ul>\n\n\n\n<p><\/p>\n\n\n\n<ul class=\"wp-block-list\">\n<li>Amigo do ambiente: o material \u00e9 recicl\u00e1vel e cumpre as normas ambientais, reduzindo a polui\u00e7\u00e3o ambiental.<\/li>\n<\/ul>\n<\/div>\n\n\n\n<div class=\"wp-block-column is-layout-flow wp-block-column-is-layout-flow\">\n<figure class=\"wp-block-image size-full\"><img fetchpriority=\"high\" decoding=\"async\" width=\"750\" height=\"750\" src=\"https:\/\/www.hyflexpack.com\/wp-content\/uploads\/2024\/07\/Wholesale-Dried-Fruit-Packaging-4.webp\" alt=\"Embalagem de frutos secos por atacado\" class=\"wp-image-4702\" srcset=\"https:\/\/www.hyflexpack.com\/wp-content\/uploads\/2024\/07\/Wholesale-Dried-Fruit-Packaging-4.webp 750w, https:\/\/www.hyflexpack.com\/wp-content\/uploads\/2024\/07\/Wholesale-Dried-Fruit-Packaging-4-300x300.webp 300w, https:\/\/www.hyflexpack.com\/wp-content\/uploads\/2024\/07\/Wholesale-Dried-Fruit-Packaging-4-150x150.webp 150w, https:\/\/www.hyflexpack.com\/wp-content\/uploads\/2024\/07\/Wholesale-Dried-Fruit-Packaging-4-12x12.webp 12w, https:\/\/www.hyflexpack.com\/wp-content\/uploads\/2024\/07\/Wholesale-Dried-Fruit-Packaging-4-285x285.webp 285w, https:\/\/www.hyflexpack.com\/wp-content\/uploads\/2024\/07\/Wholesale-Dried-Fruit-Packaging-4-270x270.webp 270w, https:\/\/www.hyflexpack.com\/wp-content\/uploads\/2024\/07\/Wholesale-Dried-Fruit-Packaging-4-540x540.webp 540w, https:\/\/www.hyflexpack.com\/wp-content\/uploads\/2024\/07\/Wholesale-Dried-Fruit-Packaging-4-660x660.webp 660w\" sizes=\"(max-width: 750px) 100vw, 750px\" \/><\/figure>\n<\/div>\n<\/div>","protected":false},"excerpt":{"rendered":"<p>Destacando-se entre a multid\u00e3o de snacks saud\u00e1veis com sacos de embalagem de frutos secos impressos, oferecemos pel\u00edculas de barreira e at\u00e9 laminados para proteger os snacks de perigos como vapores de odores, humidade e luz. O nosso design \u00fanico mant\u00e9m o sabor e a frescura! N\u00e3o hesite em contactar-nos em qualquer altura.<\/p>\n<h3>Vantagens do fornecedor de embalagens de frutos secos<\/h3>\n<ul>\n<li><strong>Design personalizado<\/strong>: Fornece solu\u00e7\u00f5es de design personalizado, suporta OEM\/ODM, personalizado com diferentes especifica\u00e7\u00f5es, tamanhos, padr\u00f5es de impress\u00e3o, etc.<\/li>\n<li><strong>Garantia de qualidade<\/strong>: Controlar o processo de produ\u00e7\u00e3o, dispor de materiais de alta qualidade e de equipamentos avan\u00e7ados para garantir a qualidade do produto.<\/li>\n<li><strong>Entrega atempada<\/strong>: Otimizar o processo de produ\u00e7\u00e3o e melhorar a efici\u00eancia da produ\u00e7\u00e3o para garantir a entrega atempada e satisfazer as necessidades urgentes dos clientes.<\/li>\n<li><strong>Suporte t\u00e9cnico profissional<\/strong>: A equipa t\u00e9cnica experiente fornece apoio t\u00e9cnico profissional e servi\u00e7o de consultoria p\u00f3s-venda 24 horas por dia.<\/li>\n<li><strong>Amostra gr\u00e1tis<\/strong>: Fornecer servi\u00e7o de amostra gr\u00e1tis para avaliar os produtos.<\/li>\n<\/ul>\n<p>A Huiyang Packaging est\u00e1 empenhada em fornecer aos clientes embalagens de frutos secos de alta qualidade e personalizadas para os ajudar a melhorar a imagem dos seus produtos e a aumentar a competitividade no mercado.<\/p>\n<p>&nbsp;<\/p>","protected":false},"featured_media":4708,"comment_status":"open","ping_status":"closed","template":"","meta":[],"product_brand":[],"product_cat":[51,87],"product_tag":[],"class_list":{"0":"post-4694","1":"product","2":"type-product","3":"status-publish","4":"has-post-thumbnail","6":"product_cat-custom-food-packaging-bags","7":"product_cat-dried-fruit-packaging-bags-wholesale","9":"first","10":"instock","11":"shipping-taxable","12":"product-type-simple"},"_links":{"self":[{"href":"https:\/\/www.hyflexpack.com\/pt\/wp-json\/wp\/v2\/product\/4694","targetHints":{"allow":["GET"]}}],"collection":[{"href":"https:\/\/www.hyflexpack.com\/pt\/wp-json\/wp\/v2\/product"}],"about":[{"href":"https:\/\/www.hyflexpack.com\/pt\/wp-json\/wp\/v2\/types\/product"}],"replies":[{"embeddable":true,"href":"https:\/\/www.hyflexpack.com\/pt\/wp-json\/wp\/v2\/comments?post=4694"}],"wp:featuredmedia":[{"embeddable":true,"href":"https:\/\/www.hyflexpack.com\/pt\/wp-json\/wp\/v2\/media\/4708"}],"wp:attachment":[{"href":"https:\/\/www.hyflexpack.com\/pt\/wp-json\/wp\/v2\/media?parent=4694"}],"wp:term":[{"taxonomy":"product_brand","embeddable":true,"href":"https:\/\/www.hyflexpack.com\/pt\/wp-json\/wp\/v2\/product_brand?post=4694"},{"taxonomy":"product_cat","embeddable":true,"href":"https:\/\/www.hyflexpack.com\/pt\/wp-json\/wp\/v2\/product_cat?post=4694"},{"taxonomy":"product_tag","embeddable":true,"href":"https:\/\/www.hyflexpack.com\/pt\/wp-json\/wp\/v2\/product_tag?post=4694"}],"curies":[{"name":"wp","href":"https:\/\/api.w.org\/{rel}","templated":true}]}}