{"id":4647,"date":"2024-06-28T02:00:27","date_gmt":"2024-06-28T02:00:27","guid":{"rendered":"https:\/\/www.hyflexpack.com\/?post_type=product&#038;p=4647"},"modified":"2025-11-04T09:10:23","modified_gmt":"2025-11-04T09:10:23","slug":"china-supply-dried-fruit-packaging-bags","status":"publish","type":"product","link":"https:\/\/www.hyflexpack.com\/pt\/product\/china-supply-dried-fruit-packaging-bags\/","title":{"rendered":"China Fornecimento de Sacos de Embalagem de Frutos Secos Sacos de Lamina\u00e7\u00e3o Sacos Recicl\u00e1veis com Zipper"},"content":{"rendered":"<div class=\"wp-block-columns is-layout-flex wp-container-core-columns-is-layout-9d6595d7 wp-block-columns-is-layout-flex\">\n<div class=\"wp-block-column is-layout-flow wp-block-column-is-layout-flow\">\n<h3 class=\"wp-block-heading\">Caracter\u00edsticas dos sacos de embalagem de frutos secos de alta qualidade<\/h3>\n\n\n\n<ul class=\"wp-block-list\">\n<li>Ecol\u00f3gicos e recicl\u00e1veis: estes sacos de embalagem de frutos secos s\u00e3o feitos de materiais recicl\u00e1veis, que cumprem as normas ambientais e ajudam a reduzir o impacto no ambiente.<\/li>\n\n\n\n<li>Forte desempenho de veda\u00e7\u00e3o: equipado com um design de fecho de correr para garantir a frescura dos alimentos no interior do saco e evitar a humidade e a contamina\u00e7\u00e3o.<\/li>\n\n\n\n<li>Design autoportante: o design autoportante do fundo torna o saco mais est\u00e1vel durante a exposi\u00e7\u00e3o, \u00e9 f\u00e1cil de expor e guardar e melhora o efeito visual do produto.<\/li>\n\n\n\n<li>Material composto de v\u00e1rias camadas: Adoptando material composto de v\u00e1rias camadas, tem um excelente desempenho \u00e0 prova de humidade, isolamento de oxig\u00e9nio e \u00e0 prova de UV, o que garante a preserva\u00e7\u00e3o a longo prazo dos produtos.<\/li>\n\n\n\n<li>Janela transparente: Alguns modelos s\u00e3o concebidos com janelas transparentes, o que \u00e9 conveniente para os consumidores visualizarem os produtos no interior do saco e aumentar o desejo de compra.<\/li>\n\n\n\n<li>Personaliza\u00e7\u00e3o diversificada: O servi\u00e7o personalizado com diferentes tamanhos, padr\u00f5es e cores pode ser fornecido de acordo com as necessidades do cliente para atender \u00e0s exig\u00eancias individuais de v\u00e1rias marcas.<\/li>\n<\/ul>\n<\/div>\n\n\n\n<div class=\"wp-block-column is-layout-flow wp-block-column-is-layout-flow\">\n<figure class=\"wp-block-image size-full\"><img fetchpriority=\"high\" decoding=\"async\" width=\"750\" height=\"750\" src=\"https:\/\/www.hyflexpack.com\/wp-content\/uploads\/2024\/06\/China-Supply-Dried-Fruit-Packaging-Bags-2.webp\" alt=\"Sacos de embalagem de frutos secos para fornecimento na China\" class=\"wp-image-4649\" srcset=\"https:\/\/www.hyflexpack.com\/wp-content\/uploads\/2024\/06\/China-Supply-Dried-Fruit-Packaging-Bags-2.webp 750w, https:\/\/www.hyflexpack.com\/wp-content\/uploads\/2024\/06\/China-Supply-Dried-Fruit-Packaging-Bags-2-300x300.webp 300w, https:\/\/www.hyflexpack.com\/wp-content\/uploads\/2024\/06\/China-Supply-Dried-Fruit-Packaging-Bags-2-150x150.webp 150w, https:\/\/www.hyflexpack.com\/wp-content\/uploads\/2024\/06\/China-Supply-Dried-Fruit-Packaging-Bags-2-12x12.webp 12w, https:\/\/www.hyflexpack.com\/wp-content\/uploads\/2024\/06\/China-Supply-Dried-Fruit-Packaging-Bags-2-285x285.webp 285w, https:\/\/www.hyflexpack.com\/wp-content\/uploads\/2024\/06\/China-Supply-Dried-Fruit-Packaging-Bags-2-270x270.webp 270w, https:\/\/www.hyflexpack.com\/wp-content\/uploads\/2024\/06\/China-Supply-Dried-Fruit-Packaging-Bags-2-540x540.webp 540w, https:\/\/www.hyflexpack.com\/wp-content\/uploads\/2024\/06\/China-Supply-Dried-Fruit-Packaging-Bags-2-660x660.webp 660w\" sizes=\"(max-width: 750px) 100vw, 750px\" \/><\/figure>\n<\/div>\n<\/div>","protected":false},"excerpt":{"rendered":"<p>Fornecer a melhor solu\u00e7\u00e3o de embalagem de frutos secos de qualidade para os seus produtos de frutos secos. Ajudamo-lo a aumentar a influ\u00eancia da marca dos seus produtos. Quer seja para exposi\u00e7\u00e3o ou armazenamento, os nossos sacos s\u00e3o a sua melhor escolha.<\/p>\n<h3>Vantagens do fornecedor de sacos de embalagem de frutos secos<\/h3>\n<ul>\n<li><strong>Design personalizado<\/strong>: Fornece solu\u00e7\u00f5es de design personalizado, suporta OEM\/ODM, personalizado com diferentes especifica\u00e7\u00f5es, tamanhos, padr\u00f5es de impress\u00e3o, etc.<\/li>\n<li><strong>Garantia de qualidade<\/strong>: Controlar o processo de produ\u00e7\u00e3o, dispor de materiais de alta qualidade e de equipamentos avan\u00e7ados para garantir a qualidade do produto.<\/li>\n<li><strong>Entrega atempada<\/strong>: Otimizar o processo de produ\u00e7\u00e3o e melhorar a efici\u00eancia da produ\u00e7\u00e3o para garantir a entrega atempada e satisfazer as necessidades urgentes dos clientes.<\/li>\n<li><strong>Suporte t\u00e9cnico profissional<\/strong>: A equipa t\u00e9cnica experiente fornece apoio t\u00e9cnico profissional e servi\u00e7o de consultoria p\u00f3s-venda 24 horas por dia.<\/li>\n<li><strong>Amostra gr\u00e1tis<\/strong>: Fornecer servi\u00e7o de amostra gr\u00e1tis para avaliar os produtos.<\/li>\n<\/ul>\n<p>A Huiyang Packaging est\u00e1 empenhada em fornecer aos clientes sacos de embalagem de frutos secos de alta qualidade e personalizados para os ajudar a melhorar a imagem dos seus produtos e a aumentar a competitividade no mercado.<\/p>","protected":false},"featured_media":4648,"comment_status":"open","ping_status":"closed","template":"","meta":[],"product_brand":[],"product_cat":[51,87],"product_tag":[],"class_list":{"0":"post-4647","1":"product","2":"type-product","3":"status-publish","4":"has-post-thumbnail","6":"product_cat-custom-food-packaging-bags","7":"product_cat-dried-fruit-packaging-bags-wholesale","9":"first","10":"instock","11":"shipping-taxable","12":"product-type-simple"},"_links":{"self":[{"href":"https:\/\/www.hyflexpack.com\/pt\/wp-json\/wp\/v2\/product\/4647","targetHints":{"allow":["GET"]}}],"collection":[{"href":"https:\/\/www.hyflexpack.com\/pt\/wp-json\/wp\/v2\/product"}],"about":[{"href":"https:\/\/www.hyflexpack.com\/pt\/wp-json\/wp\/v2\/types\/product"}],"replies":[{"embeddable":true,"href":"https:\/\/www.hyflexpack.com\/pt\/wp-json\/wp\/v2\/comments?post=4647"}],"wp:featuredmedia":[{"embeddable":true,"href":"https:\/\/www.hyflexpack.com\/pt\/wp-json\/wp\/v2\/media\/4648"}],"wp:attachment":[{"href":"https:\/\/www.hyflexpack.com\/pt\/wp-json\/wp\/v2\/media?parent=4647"}],"wp:term":[{"taxonomy":"product_brand","embeddable":true,"href":"https:\/\/www.hyflexpack.com\/pt\/wp-json\/wp\/v2\/product_brand?post=4647"},{"taxonomy":"product_cat","embeddable":true,"href":"https:\/\/www.hyflexpack.com\/pt\/wp-json\/wp\/v2\/product_cat?post=4647"},{"taxonomy":"product_tag","embeddable":true,"href":"https:\/\/www.hyflexpack.com\/pt\/wp-json\/wp\/v2\/product_tag?post=4647"}],"curies":[{"name":"wp","href":"https:\/\/api.w.org\/{rel}","templated":true}]}}