{"id":4639,"date":"2024-06-27T15:17:33","date_gmt":"2024-06-27T15:17:33","guid":{"rendered":"https:\/\/www.hyflexpack.com\/?post_type=product&#038;p=4639"},"modified":"2025-11-04T09:10:51","modified_gmt":"2025-11-04T09:10:51","slug":"clear-plastic-grape-fruit-bags-wholesale","status":"publish","type":"product","link":"https:\/\/www.hyflexpack.com\/pt\/product\/clear-plastic-grape-fruit-bags-wholesale\/","title":{"rendered":"Sacos de pl\u00e1stico transparentes para frutas de uva, sacos de embalagem de vegetais para embalagens de alimentos Sacos de p\u00e9 laminados com impress\u00e3o por atacado"},"content":{"rendered":"<div class=\"wp-block-columns is-layout-flex wp-container-core-columns-is-layout-9d6595d7 wp-block-columns-is-layout-flex\">\n<div class=\"wp-block-column is-layout-flow wp-block-column-is-layout-flow\">\n<h3 class=\"wp-block-heading\">Carater\u00edsticas dos sacos de frutos de uva de alta qualidade<\/h3>\n\n\n\n<ul class=\"wp-block-list\">\n<li><strong>Elevada transpar\u00eancia<\/strong>: O design transparente facilita a visualiza\u00e7\u00e3o da frescura e da qualidade dos frutos.<\/li>\n<\/ul>\n\n\n\n<p><\/p>\n\n\n\n<ul class=\"wp-block-list\">\n<li><strong>Material laminado<\/strong>: Os nossos sacos de embalagem de legumes e sacos de fruta s\u00e3o feitos de material laminado de alta qualidade, o que aumenta a durabilidade e o desempenho \u00e0 prova de humidade dos sacos.<\/li>\n<\/ul>\n\n\n\n<p><\/p>\n\n\n\n<ul class=\"wp-block-list\">\n<li><strong>Conce\u00e7\u00e3o autossuficiente<\/strong>: Estrutura de saco em p\u00e9, f\u00e1cil de expor nas prateleiras e aumenta o efeito de exposi\u00e7\u00e3o do produto.<\/li>\n<\/ul>\n\n\n\n<p><\/p>\n\n\n\n<ul class=\"wp-block-list\">\n<li><strong>Seguran\u00e7a e prote\u00e7\u00e3o ambiental<\/strong>n: Material de qualidade alimentar, seguro e n\u00e3o t\u00f3xico, amigo do ambiente e recicl\u00e1vel.<\/li>\n<\/ul>\n\n\n\n<p><\/p>\n\n\n\n<ul class=\"wp-block-list\">\n<li><strong>Op\u00e7\u00f5es de tamanhos m\u00faltiplos<\/strong>: Est\u00e3o dispon\u00edveis diferentes tamanhos para responder a v\u00e1rias necessidades de embalagem.<\/li>\n<\/ul>\n\n\n\n<p><\/p>\n\n\n\n<ul class=\"wp-block-list\">\n<li><strong>Re-sel\u00e1vel<\/strong>: f\u00e1cil de abrir e fechar, c\u00f3modo para os consumidores.<\/li>\n<\/ul>\n<\/div>\n\n\n\n<div class=\"wp-block-column is-layout-flow wp-block-column-is-layout-flow\">\n<figure class=\"wp-block-image size-full\"><img fetchpriority=\"high\" decoding=\"async\" width=\"750\" height=\"750\" src=\"https:\/\/www.hyflexpack.com\/wp-content\/uploads\/2024\/06\/Fruit-Bags-Wholesale-4.webp\" alt=\"Sacos de fruta por atacado\" class=\"wp-image-4643\" srcset=\"https:\/\/www.hyflexpack.com\/wp-content\/uploads\/2024\/06\/Fruit-Bags-Wholesale-4.webp 750w, https:\/\/www.hyflexpack.com\/wp-content\/uploads\/2024\/06\/Fruit-Bags-Wholesale-4-300x300.webp 300w, https:\/\/www.hyflexpack.com\/wp-content\/uploads\/2024\/06\/Fruit-Bags-Wholesale-4-150x150.webp 150w, https:\/\/www.hyflexpack.com\/wp-content\/uploads\/2024\/06\/Fruit-Bags-Wholesale-4-12x12.webp 12w, https:\/\/www.hyflexpack.com\/wp-content\/uploads\/2024\/06\/Fruit-Bags-Wholesale-4-285x285.webp 285w, https:\/\/www.hyflexpack.com\/wp-content\/uploads\/2024\/06\/Fruit-Bags-Wholesale-4-270x270.webp 270w, https:\/\/www.hyflexpack.com\/wp-content\/uploads\/2024\/06\/Fruit-Bags-Wholesale-4-540x540.webp 540w, https:\/\/www.hyflexpack.com\/wp-content\/uploads\/2024\/06\/Fruit-Bags-Wholesale-4-660x660.webp 660w\" sizes=\"(max-width: 750px) 100vw, 750px\" \/><\/figure>\n<\/div>\n<\/div>","protected":false},"excerpt":{"rendered":"<p>Os nossos sacos de pl\u00e1stico transparentes para embalagem de vegetais e sacos de fruta s\u00e3o feitos de materiais seguros de qualidade alimentar, amigos do ambiente e recicl\u00e1veis, adequados para uma variedade de necessidades de embalagem de fruta e a solu\u00e7\u00e3o ideal para embalagem de alimentos.<\/p>\n<h3>Vantagens dos sacos de embalagem de legumes e do fornecedor de sacos de fruta<\/h3>\n<ul>\n<li><strong>Design personalizado<\/strong>: Fornecemos um servi\u00e7o de sacos de fruta de pl\u00e1stico com design personalizado, incluindo material, tamanho e personaliza\u00e7\u00e3o do padr\u00e3o de impress\u00e3o para satisfazer as necessidades do cliente, e apoiamos OEM e ODM.<\/li>\n<li><strong>Fabrico<\/strong>: Com equipamento e tecnologia avan\u00e7ados, podemos concluir a produ\u00e7\u00e3o da encomenda com elevada efici\u00eancia e alta qualidade, e podemos entregar a tempo.<\/li>\n<li><strong>Inspe\u00e7\u00e3o da qualidade<\/strong>: Seguir rigorosamente as normas de qualidade e os requisitos de seguran\u00e7a alimentar para a produ\u00e7\u00e3o, para garantir que os produtos cumprem as normas.<\/li>\n<li><strong>Servi\u00e7o ao cliente<\/strong>: 24 horas para fornecer uma resposta r\u00e1pida e um servi\u00e7o de apoio ao cliente atencioso.<\/li>\n<li><strong>Amostra gr\u00e1tis<\/strong>\uff1a Fornecer servi\u00e7o de amostra gr\u00e1tis para voc\u00ea avaliar os produtos.<\/li>\n<\/ul>\n<p>A Huiyang Packaging est\u00e1 empenhada em fornecer aos clientes sacos de fruta de pl\u00e1stico transparente de alta qualidade e personalizados para os ajudar a melhorar a imagem dos seus produtos e a aumentar a competitividade no mercado.<\/p>","protected":false},"featured_media":4644,"comment_status":"open","ping_status":"closed","template":"","meta":[],"product_brand":[],"product_cat":[51,106],"product_tag":[],"class_list":{"0":"post-4639","1":"product","2":"type-product","3":"status-publish","4":"has-post-thumbnail","6":"product_cat-custom-food-packaging-bags","7":"product_cat-vegetable-packaging-bags-wholesale","9":"first","10":"instock","11":"shipping-taxable","12":"product-type-simple"},"_links":{"self":[{"href":"https:\/\/www.hyflexpack.com\/pt\/wp-json\/wp\/v2\/product\/4639","targetHints":{"allow":["GET"]}}],"collection":[{"href":"https:\/\/www.hyflexpack.com\/pt\/wp-json\/wp\/v2\/product"}],"about":[{"href":"https:\/\/www.hyflexpack.com\/pt\/wp-json\/wp\/v2\/types\/product"}],"replies":[{"embeddable":true,"href":"https:\/\/www.hyflexpack.com\/pt\/wp-json\/wp\/v2\/comments?post=4639"}],"wp:featuredmedia":[{"embeddable":true,"href":"https:\/\/www.hyflexpack.com\/pt\/wp-json\/wp\/v2\/media\/4644"}],"wp:attachment":[{"href":"https:\/\/www.hyflexpack.com\/pt\/wp-json\/wp\/v2\/media?parent=4639"}],"wp:term":[{"taxonomy":"product_brand","embeddable":true,"href":"https:\/\/www.hyflexpack.com\/pt\/wp-json\/wp\/v2\/product_brand?post=4639"},{"taxonomy":"product_cat","embeddable":true,"href":"https:\/\/www.hyflexpack.com\/pt\/wp-json\/wp\/v2\/product_cat?post=4639"},{"taxonomy":"product_tag","embeddable":true,"href":"https:\/\/www.hyflexpack.com\/pt\/wp-json\/wp\/v2\/product_tag?post=4639"}],"curies":[{"name":"wp","href":"https:\/\/api.w.org\/{rel}","templated":true}]}}