{"id":4617,"date":"2024-06-22T08:06:31","date_gmt":"2024-06-22T08:06:31","guid":{"rendered":"https:\/\/www.hyflexpack.com\/?post_type=product&#038;p=4617"},"modified":"2024-06-22T08:06:34","modified_gmt":"2024-06-22T08:06:34","slug":"custom-washing-powder-packaging","status":"publish","type":"product","link":"https:\/\/www.hyflexpack.com\/pt\/product\/custom-washing-powder-packaging\/","title":{"rendered":"Embalagens personalizadas de detergente em p\u00f3 Bolsas de pl\u00e1stico laminado com prote\u00e7\u00e3o contra a humidade"},"content":{"rendered":"<div class=\"wp-block-columns is-layout-flex wp-container-core-columns-is-layout-9d6595d7 wp-block-columns-is-layout-flex\">\n<div class=\"wp-block-column is-layout-flow wp-block-column-is-layout-flow\">\n<h3 class=\"wp-block-heading\">Carater\u00edsticas da embalagem de detergente em p\u00f3 de alta qualidade<\/h3>\n\n\n\n<ul class=\"wp-block-list\">\n<li>Barreira \u00e0 humidade: a embalagem de detergente em p\u00f3 \u00e9 feita de material pl\u00e1stico composto de alta qualidade com excelentes propriedades de barreira \u00e0 humidade, garantindo que o detergente para a roupa se mant\u00e9m seco e evitando a acumula\u00e7\u00e3o de humidade.<\/li>\n<\/ul>\n\n\n\n<p><\/p>\n\n\n\n<ul class=\"wp-block-list\">\n<li>Design aut\u00f3nomo: O design do fundo largo permite que o saco se mantenha firme sem apoio adicional, tornando-o f\u00e1cil de expor e guardar.<\/li>\n<\/ul>\n\n\n\n<p><\/p>\n\n\n\n<ul class=\"wp-block-list\">\n<li>Impress\u00e3o clara: A superf\u00edcie pode ser impressa com cores vivas e de alta qualidade, que podem apresentar informa\u00e7\u00f5es sobre o produto, log\u00f3tipos da marca e instru\u00e7\u00f5es de utiliza\u00e7\u00e3o, atraindo a aten\u00e7\u00e3o dos consumidores.<\/li>\n<\/ul>\n\n\n\n<p><\/p>\n\n\n\n<ul class=\"wp-block-list\">\n<li>Grande durabilidade: O material composto tem uma elevada resist\u00eancia, \u00e9 resistente a rasg\u00f5es e n\u00e3o \u00e9 f\u00e1cil de partir, para garantir que o produto est\u00e1 intacto durante o transporte e a utiliza\u00e7\u00e3o.<\/li>\n<\/ul>\n\n\n\n<p><\/p>\n\n\n\n<ul class=\"wp-block-list\">\n<li>V\u00e1rias especifica\u00e7\u00f5es: Podem ser fornecidos diferentes tamanhos e capacidades de sacos de acordo com as necessidades do cliente, adaptando-se \u00e0s diferentes exig\u00eancias do mercado.<\/li>\n<\/ul>\n<\/div>\n\n\n\n<div class=\"wp-block-column is-layout-flow wp-block-column-is-layout-flow\">\n<figure class=\"wp-block-image size-full\"><img fetchpriority=\"high\" decoding=\"async\" width=\"750\" height=\"750\" src=\"https:\/\/www.hyflexpack.com\/wp-content\/uploads\/2024\/06\/Custom-Washing-Powder-Packaging-1.webp\" alt=\"Embalagem personalizada de detergente em p\u00f3\" class=\"wp-image-4618\" srcset=\"https:\/\/www.hyflexpack.com\/wp-content\/uploads\/2024\/06\/Custom-Washing-Powder-Packaging-1.webp 750w, https:\/\/www.hyflexpack.com\/wp-content\/uploads\/2024\/06\/Custom-Washing-Powder-Packaging-1-300x300.webp 300w, https:\/\/www.hyflexpack.com\/wp-content\/uploads\/2024\/06\/Custom-Washing-Powder-Packaging-1-150x150.webp 150w, https:\/\/www.hyflexpack.com\/wp-content\/uploads\/2024\/06\/Custom-Washing-Powder-Packaging-1-12x12.webp 12w, https:\/\/www.hyflexpack.com\/wp-content\/uploads\/2024\/06\/Custom-Washing-Powder-Packaging-1-285x285.webp 285w, https:\/\/www.hyflexpack.com\/wp-content\/uploads\/2024\/06\/Custom-Washing-Powder-Packaging-1-270x270.webp 270w, https:\/\/www.hyflexpack.com\/wp-content\/uploads\/2024\/06\/Custom-Washing-Powder-Packaging-1-540x540.webp 540w, https:\/\/www.hyflexpack.com\/wp-content\/uploads\/2024\/06\/Custom-Washing-Powder-Packaging-1-660x660.webp 660w\" sizes=\"(max-width: 750px) 100vw, 750px\" \/><\/figure>\n<\/div>\n<\/div>","protected":false},"excerpt":{"rendered":"<p>Os nossos sacos de embalagem para detergente em p\u00f3 tornam-se a escolha ideal para proteger e expor produtos, aumentando a sua competitividade no mercado. Escolha-nos para obter a solu\u00e7\u00e3o de embalagem perfeita.<\/p>\n<h3>Vantagens do fornecedor de embalagens de detergente em p\u00f3<\/h3>\n<ul>\n<li><strong>Design personalizado<\/strong>: Fornecemos servi\u00e7os de design personalizado, incluindo personaliza\u00e7\u00e3o de material, tamanho e padr\u00e3o de impress\u00e3o para atender \u00e0s necessidades dos clientes, e apoiamos OEM e ODM.<\/li>\n<li><strong>Fabrico<\/strong>: Com equipamento e tecnologia avan\u00e7ados, podemos concluir as encomendas com alta efici\u00eancia e alta qualidade, e entregar a tempo.<\/li>\n<li><strong>Inspe\u00e7\u00e3o da qualidade<\/strong>: Seguir rigorosamente as normas de qualidade e os requisitos de seguran\u00e7a alimentar para garantir que os produtos cumprem as normas.<\/li>\n<li><strong>Equipa de apoio t\u00e9cnico<\/strong>: A nossa equipa tem uma vasta experi\u00eancia na ind\u00fastria e conhecimentos profissionais, e pode fornecer apoio t\u00e9cnico e servi\u00e7o de consultoria 24 horas por dia aos nossos clientes.<\/li>\n<li><strong>Amostra gr\u00e1tis<\/strong>: Fornecer servi\u00e7o de amostra gr\u00e1tis para avaliar os produtos.<\/li>\n<\/ul>\n<p>A Huiyang Packaging est\u00e1 empenhada em fornecer aos clientes sacos de embalagem de detergente em p\u00f3 personalizados e de alta qualidade para os ajudar a melhorar a imagem dos seus produtos e a aumentar a competitividade do mercado.<\/p>","protected":false},"featured_media":4618,"comment_status":"open","ping_status":"closed","template":"","meta":[],"product_brand":[],"product_cat":[52],"product_tag":[],"class_list":{"0":"post-4617","1":"product","2":"type-product","3":"status-publish","4":"has-post-thumbnail","6":"product_cat-custom-daily-chemical-packaging","8":"first","9":"instock","10":"shipping-taxable","11":"product-type-simple"},"_links":{"self":[{"href":"https:\/\/www.hyflexpack.com\/pt\/wp-json\/wp\/v2\/product\/4617","targetHints":{"allow":["GET"]}}],"collection":[{"href":"https:\/\/www.hyflexpack.com\/pt\/wp-json\/wp\/v2\/product"}],"about":[{"href":"https:\/\/www.hyflexpack.com\/pt\/wp-json\/wp\/v2\/types\/product"}],"replies":[{"embeddable":true,"href":"https:\/\/www.hyflexpack.com\/pt\/wp-json\/wp\/v2\/comments?post=4617"}],"wp:featuredmedia":[{"embeddable":true,"href":"https:\/\/www.hyflexpack.com\/pt\/wp-json\/wp\/v2\/media\/4618"}],"wp:attachment":[{"href":"https:\/\/www.hyflexpack.com\/pt\/wp-json\/wp\/v2\/media?parent=4617"}],"wp:term":[{"taxonomy":"product_brand","embeddable":true,"href":"https:\/\/www.hyflexpack.com\/pt\/wp-json\/wp\/v2\/product_brand?post=4617"},{"taxonomy":"product_cat","embeddable":true,"href":"https:\/\/www.hyflexpack.com\/pt\/wp-json\/wp\/v2\/product_cat?post=4617"},{"taxonomy":"product_tag","embeddable":true,"href":"https:\/\/www.hyflexpack.com\/pt\/wp-json\/wp\/v2\/product_tag?post=4617"}],"curies":[{"name":"wp","href":"https:\/\/api.w.org\/{rel}","templated":true}]}}