{"id":4609,"date":"2024-06-22T07:00:07","date_gmt":"2024-06-22T07:00:07","guid":{"rendered":"https:\/\/www.hyflexpack.com\/?post_type=product&#038;p=4609"},"modified":"2024-06-22T07:00:09","modified_gmt":"2024-06-22T07:00:09","slug":"factory-price-liquid-pouch","status":"publish","type":"product","link":"https:\/\/www.hyflexpack.com\/pt\/product\/factory-price-liquid-pouch\/","title":{"rendered":"Pre\u00e7o de F\u00e1brica Bolsa de L\u00edquido 1L Bico Detergente de Lavandaria Embalagem Impress\u00e3o Saco Stand-Up"},"content":{"rendered":"<div class=\"wp-block-columns is-layout-flex wp-container-core-columns-is-layout-9d6595d7 wp-block-columns-is-layout-flex\">\n<div class=\"wp-block-column is-layout-flow wp-block-column-is-layout-flow\">\n<h2 class=\"wp-block-heading\">Carater\u00edsticas da bolsa para l\u00edquidos de alta qualidade<\/h2>\n\n\n\n<p><\/p>\n\n\n\n<ul class=\"wp-block-list\">\n<li>Capacidade de 1L: Ampla capacidade adequada para armazenar 1 litro de detergente l\u00edquido para a roupa, proporcionando comodidade e valor para os consumidores.<\/li>\n<\/ul>\n\n\n\n<p><\/p>\n\n\n\n<ul class=\"wp-block-list\">\n<li>Impress\u00e3o: Est\u00e3o dispon\u00edveis op\u00e7\u00f5es de impress\u00e3o personaliz\u00e1veis para marcas, informa\u00e7\u00f5es sobre produtos e designs atractivos, aumentando a atratividade das prateleiras.<\/li>\n<\/ul>\n\n\n\n<p><\/p>\n\n\n\n<ul class=\"wp-block-list\">\n<li>Design do bico: Possui um bico pr\u00e1tico para despejar facilmente e distribuir com precis\u00e3o, minimizando os derrames e garantindo a comodidade do utilizador.<\/li>\n<\/ul>\n\n\n\n<p><\/p>\n\n\n\n<ul class=\"wp-block-list\">\n<li>Embalagem vertical: O design inovador da embalagem stand-up permite que a bolsa permane\u00e7a est\u00e1vel e na vertical nas prateleiras, maximizando a visibilidade no retalho.<\/li>\n<\/ul>\n\n\n\n<p><\/p>\n\n\n\n<ul class=\"wp-block-list\">\n<li>Prote\u00e7\u00e3o de barreira: Proporciona excelentes propriedades de barreira contra a humidade, o oxig\u00e9nio e a luz, preservando a qualidade e a frescura do detergente.<\/li>\n<\/ul>\n\n\n\n<p><\/p>\n\n\n\n<ul class=\"wp-block-list\">\n<li>Amigo do ambiente: A bolsa para l\u00edquidos \u00e9 fabricada com materiais que apoiam a sustentabilidade ambiental, tais como op\u00e7\u00f5es recicl\u00e1veis ou biodegrad\u00e1veis.<\/li>\n<\/ul>\n\n\n\n<p><\/p>\n\n\n\n<ul class=\"wp-block-list\">\n<li>Utiliza\u00e7\u00e3o vers\u00e1til: Adequado n\u00e3o s\u00f3 para detergente l\u00edquido para a roupa, mas tamb\u00e9m para outros produtos l\u00edquidos, como solu\u00e7\u00f5es de limpeza ou bebidas.<\/li>\n<\/ul>\n<\/div>\n\n\n\n<div class=\"wp-block-column is-layout-flow wp-block-column-is-layout-flow\">\n<figure class=\"wp-block-image size-full\"><img fetchpriority=\"high\" decoding=\"async\" width=\"750\" height=\"750\" src=\"https:\/\/www.hyflexpack.com\/wp-content\/uploads\/2024\/06\/Factory-Price-Liquid-Pouch-7.webp\" alt=\"Bolsa para l\u00edquidos a pre\u00e7o de f\u00e1brica\" class=\"wp-image-4616\" srcset=\"https:\/\/www.hyflexpack.com\/wp-content\/uploads\/2024\/06\/Factory-Price-Liquid-Pouch-7.webp 750w, https:\/\/www.hyflexpack.com\/wp-content\/uploads\/2024\/06\/Factory-Price-Liquid-Pouch-7-300x300.webp 300w, https:\/\/www.hyflexpack.com\/wp-content\/uploads\/2024\/06\/Factory-Price-Liquid-Pouch-7-150x150.webp 150w, https:\/\/www.hyflexpack.com\/wp-content\/uploads\/2024\/06\/Factory-Price-Liquid-Pouch-7-12x12.webp 12w, https:\/\/www.hyflexpack.com\/wp-content\/uploads\/2024\/06\/Factory-Price-Liquid-Pouch-7-285x285.webp 285w, https:\/\/www.hyflexpack.com\/wp-content\/uploads\/2024\/06\/Factory-Price-Liquid-Pouch-7-270x270.webp 270w, https:\/\/www.hyflexpack.com\/wp-content\/uploads\/2024\/06\/Factory-Price-Liquid-Pouch-7-540x540.webp 540w, https:\/\/www.hyflexpack.com\/wp-content\/uploads\/2024\/06\/Factory-Price-Liquid-Pouch-7-660x660.webp 660w\" sizes=\"(max-width: 750px) 100vw, 750px\" \/><\/figure>\n<\/div>\n<\/div>","protected":false},"excerpt":{"rendered":"<p>O nosso saco de embalagem para detergente para a roupa l\u00edquido de 1L tornou-se a escolha ideal para as marcas que procuram uma solu\u00e7\u00e3o de embalagem eficaz e ecol\u00f3gica que aumente o apelo do produto e a conveni\u00eancia do consumidor. N\u00e3o hesite em contactar-nos em qualquer altura!<\/p>\n<h3>Vantagens do fornecedor de bolsas para l\u00edquidos<\/h3>\n<ul>\n<li><strong>Design personalizado<\/strong>: Fornecemos um servi\u00e7o de bolsa para l\u00edquidos de design personalizado, incluindo material, tamanho e personaliza\u00e7\u00e3o do padr\u00e3o de impress\u00e3o para atender \u00e0s necessidades dos clientes, e apoiamos OEM e ODM.<\/li>\n<li><strong>Fabrico<\/strong>: Com equipamento e tecnologia avan\u00e7ados, podemos concluir as encomendas com alta efici\u00eancia e alta qualidade, e entregar a tempo.<\/li>\n<li><strong>Inspe\u00e7\u00e3o da qualidade<\/strong>: Seguir rigorosamente as normas de qualidade e os requisitos de seguran\u00e7a alimentar para garantir que os produtos cumprem as normas.<\/li>\n<li><strong>Equipa de apoio t\u00e9cnico<\/strong>: A nossa equipa tem uma vasta experi\u00eancia na ind\u00fastria e conhecimentos profissionais, e pode fornecer apoio t\u00e9cnico e servi\u00e7o de consultoria 24 horas por dia aos nossos clientes.<\/li>\n<li><strong>Amostra gr\u00e1tis<\/strong>: Fornecer servi\u00e7o de amostra gr\u00e1tis para avaliar os produtos.<\/li>\n<\/ul>\n<p>A Huiyang Packaging est\u00e1 empenhada em fornecer aos clientes sacos de embalagem de detergente para a roupa personalizados e de alta qualidade para os ajudar a melhorar a imagem dos seus produtos e a aumentar a competitividade do mercado.<\/p>\n<p>&nbsp;<\/p>","protected":false},"featured_media":4610,"comment_status":"open","ping_status":"closed","template":"","meta":[],"product_brand":[],"product_cat":[52],"product_tag":[],"class_list":{"0":"post-4609","1":"product","2":"type-product","3":"status-publish","4":"has-post-thumbnail","6":"product_cat-custom-daily-chemical-packaging","8":"first","9":"instock","10":"shipping-taxable","11":"product-type-simple"},"_links":{"self":[{"href":"https:\/\/www.hyflexpack.com\/pt\/wp-json\/wp\/v2\/product\/4609","targetHints":{"allow":["GET"]}}],"collection":[{"href":"https:\/\/www.hyflexpack.com\/pt\/wp-json\/wp\/v2\/product"}],"about":[{"href":"https:\/\/www.hyflexpack.com\/pt\/wp-json\/wp\/v2\/types\/product"}],"replies":[{"embeddable":true,"href":"https:\/\/www.hyflexpack.com\/pt\/wp-json\/wp\/v2\/comments?post=4609"}],"wp:featuredmedia":[{"embeddable":true,"href":"https:\/\/www.hyflexpack.com\/pt\/wp-json\/wp\/v2\/media\/4610"}],"wp:attachment":[{"href":"https:\/\/www.hyflexpack.com\/pt\/wp-json\/wp\/v2\/media?parent=4609"}],"wp:term":[{"taxonomy":"product_brand","embeddable":true,"href":"https:\/\/www.hyflexpack.com\/pt\/wp-json\/wp\/v2\/product_brand?post=4609"},{"taxonomy":"product_cat","embeddable":true,"href":"https:\/\/www.hyflexpack.com\/pt\/wp-json\/wp\/v2\/product_cat?post=4609"},{"taxonomy":"product_tag","embeddable":true,"href":"https:\/\/www.hyflexpack.com\/pt\/wp-json\/wp\/v2\/product_tag?post=4609"}],"curies":[{"name":"wp","href":"https:\/\/api.w.org\/{rel}","templated":true}]}}