{"id":4599,"date":"2024-06-22T01:57:43","date_gmt":"2024-06-22T01:57:43","guid":{"rendered":"https:\/\/www.hyflexpack.com\/?post_type=product&#038;p=4599"},"modified":"2025-10-23T09:08:53","modified_gmt":"2025-10-23T09:08:53","slug":"wholesale-retort-pouches","status":"publish","type":"product","link":"https:\/\/www.hyflexpack.com\/pt\/product\/wholesale-retort-pouches\/","title":{"rendered":"Bolsas Retort por atacado Selo ecol\u00f3gico de quatro lados para embalagens de alimentos Jerky Easy Tear"},"content":{"rendered":"<div class=\"wp-block-columns is-layout-flex wp-container-core-columns-is-layout-9d6595d7 wp-block-columns-is-layout-flex\">\n<div class=\"wp-block-column is-layout-flow wp-block-column-is-layout-flow\">\n<h3 class=\"wp-block-heading\">Carater\u00edsticas das bolsas de retorta de alta qualidade<\/h3>\n\n\n\n<ul class=\"wp-block-list\">\n<li>Materiais amigos do ambiente: As bolsas Retort s\u00e3o fabricadas com materiais amigos do ambiente, reduzindo o impacto ambiental.<\/li>\n<\/ul>\n\n\n\n<p><\/p>\n\n\n\n<ul class=\"wp-block-list\">\n<li>Design de veda\u00e7\u00e3o de quatro lados: Proporciona uma veda\u00e7\u00e3o segura de todos os lados, garantindo a frescura e evitando fugas.<\/li>\n<\/ul>\n\n\n\n<p><\/p>\n\n\n\n<ul class=\"wp-block-list\">\n<li>Abertura f\u00e1cil de rasgar: Equipado com uma pr\u00e1tica fun\u00e7\u00e3o de rasgar f\u00e1cil para uma abertura sem esfor\u00e7o por parte dos consumidores.<\/li>\n<\/ul>\n\n\n\n<p><\/p>\n\n\n\n<ul class=\"wp-block-list\">\n<li>Resist\u00eancia ao calor: Capaz de suportar temperaturas elevadas durante o processamento da retorta, mantendo a qualidade e a seguran\u00e7a dos alimentos.<\/li>\n<\/ul>\n\n\n\n<p><\/p>\n\n\n\n<ul class=\"wp-block-list\">\n<li>Prote\u00e7\u00e3o de barreira: Oferece excelentes propriedades de barreira contra a humidade, o oxig\u00e9nio e a luz, preservando o sabor dos alimentos e prolongando o prazo de validade.<\/li>\n<\/ul>\n\n\n\n<p><\/p>\n\n\n\n<ul class=\"wp-block-list\">\n<li>Utiliza\u00e7\u00e3o vers\u00e1til: Adequado para v\u00e1rios produtos alimentares para al\u00e9m do jerky, tais como sopas, molhos e refei\u00e7\u00f5es prontas a comer, proporcionando versatilidade nas solu\u00e7\u00f5es de embalagem.<\/li>\n<\/ul>\n<\/div>\n\n\n\n<div class=\"wp-block-column is-layout-flow wp-block-column-is-layout-flow\">\n<figure class=\"wp-block-image size-full\"><img fetchpriority=\"high\" decoding=\"async\" width=\"750\" height=\"750\" src=\"https:\/\/www.hyflexpack.com\/wp-content\/uploads\/2024\/06\/Wholesale-Retort-Pouches-2.webp\" alt=\"Bolsas de retorta por atacado\" class=\"wp-image-4601\" srcset=\"https:\/\/www.hyflexpack.com\/wp-content\/uploads\/2024\/06\/Wholesale-Retort-Pouches-2.webp 750w, https:\/\/www.hyflexpack.com\/wp-content\/uploads\/2024\/06\/Wholesale-Retort-Pouches-2-300x300.webp 300w, https:\/\/www.hyflexpack.com\/wp-content\/uploads\/2024\/06\/Wholesale-Retort-Pouches-2-150x150.webp 150w, https:\/\/www.hyflexpack.com\/wp-content\/uploads\/2024\/06\/Wholesale-Retort-Pouches-2-12x12.webp 12w, https:\/\/www.hyflexpack.com\/wp-content\/uploads\/2024\/06\/Wholesale-Retort-Pouches-2-285x285.webp 285w, https:\/\/www.hyflexpack.com\/wp-content\/uploads\/2024\/06\/Wholesale-Retort-Pouches-2-270x270.webp 270w, https:\/\/www.hyflexpack.com\/wp-content\/uploads\/2024\/06\/Wholesale-Retort-Pouches-2-540x540.webp 540w, https:\/\/www.hyflexpack.com\/wp-content\/uploads\/2024\/06\/Wholesale-Retort-Pouches-2-660x660.webp 660w\" sizes=\"(max-width: 750px) 100vw, 750px\" \/><\/figure>\n<\/div>\n<\/div>","protected":false},"excerpt":{"rendered":"<p>Compreenda o design ecol\u00f3gico das bolsas de retorta com fechos de quatro lados, especialmente concebidas para produtos alimentares como o jerky. Estamos empenhados em fornecer-lhe solu\u00e7\u00f5es de embalagem fi\u00e1veis que protejam a qualidade dos alimentos e reduzam o impacto ambiental.<\/p>\n<h3>Vantagens do fornecedor de bolsas de retorta<\/h3>\n<ul>\n<li><strong>Design personalizado<\/strong>: Fornecemos servi\u00e7o de saco de caf\u00e9 de design personalizado, tamanho, cor, design e impress\u00e3o personalizados de acordo com as necessidades do cliente, garantimos que o produto \u00e9 diferente e destacamos a imagem da marca, e apoiamos OEM e ODM.<\/li>\n<li><strong>Equipa de design profissional<\/strong>: Dispomos de uma equipa experiente de I&amp;D e de design para fornecer aos clientes solu\u00e7\u00f5es de design inovadoras e pr\u00e1ticas.<\/li>\n<li><strong>Garantia de qualidade<\/strong>: Seguir rigorosamente as normas internacionais de gest\u00e3o da qualidade, materiais de alta qualidade e tecnologia avan\u00e7ada para garantir uma qualidade de produto est\u00e1vel e fi\u00e1vel.<\/li>\n<li><strong>Servi\u00e7o p\u00f3s-venda abrangente<\/strong>: Ouvimos ativamente o feedback dos clientes, melhoramos continuamente os nossos produtos e servi\u00e7os e estabelecemos rela\u00e7\u00f5es de coopera\u00e7\u00e3o est\u00e1veis e a longo prazo.<\/li>\n<\/ul>\n<p>A Huiyang Packaging est\u00e1 empenhada em fornecer aos clientes sacos de retorta personalizados e de alta qualidade para os ajudar a melhorar a imagem dos seus produtos e a aumentar a competitividade do mercado.<\/p>","protected":false},"featured_media":4601,"comment_status":"open","ping_status":"closed","template":"","meta":[],"product_brand":[],"product_cat":[79],"product_tag":[],"class_list":{"0":"post-4599","1":"product","2":"type-product","3":"status-publish","4":"has-post-thumbnail","6":"product_cat-custom-retort-pouch","8":"first","9":"instock","10":"shipping-taxable","11":"product-type-simple"},"_links":{"self":[{"href":"https:\/\/www.hyflexpack.com\/pt\/wp-json\/wp\/v2\/product\/4599","targetHints":{"allow":["GET"]}}],"collection":[{"href":"https:\/\/www.hyflexpack.com\/pt\/wp-json\/wp\/v2\/product"}],"about":[{"href":"https:\/\/www.hyflexpack.com\/pt\/wp-json\/wp\/v2\/types\/product"}],"replies":[{"embeddable":true,"href":"https:\/\/www.hyflexpack.com\/pt\/wp-json\/wp\/v2\/comments?post=4599"}],"wp:featuredmedia":[{"embeddable":true,"href":"https:\/\/www.hyflexpack.com\/pt\/wp-json\/wp\/v2\/media\/4601"}],"wp:attachment":[{"href":"https:\/\/www.hyflexpack.com\/pt\/wp-json\/wp\/v2\/media?parent=4599"}],"wp:term":[{"taxonomy":"product_brand","embeddable":true,"href":"https:\/\/www.hyflexpack.com\/pt\/wp-json\/wp\/v2\/product_brand?post=4599"},{"taxonomy":"product_cat","embeddable":true,"href":"https:\/\/www.hyflexpack.com\/pt\/wp-json\/wp\/v2\/product_cat?post=4599"},{"taxonomy":"product_tag","embeddable":true,"href":"https:\/\/www.hyflexpack.com\/pt\/wp-json\/wp\/v2\/product_tag?post=4599"}],"curies":[{"name":"wp","href":"https:\/\/api.w.org\/{rel}","templated":true}]}}