{"id":4591,"date":"2024-06-22T01:14:44","date_gmt":"2024-06-22T01:14:44","guid":{"rendered":"https:\/\/www.hyflexpack.com\/?post_type=product&#038;p=4591"},"modified":"2024-06-22T01:14:46","modified_gmt":"2024-06-22T01:14:46","slug":"bolsa-de-retorta-personalizada","status":"publish","type":"product","link":"https:\/\/www.hyflexpack.com\/pt\/product\/custom-retort-pouch\/","title":{"rendered":"Sacos personalizados de grau alimentar resistentes ao calor e f\u00e1ceis de rasgar"},"content":{"rendered":"<div class=\"wp-block-columns is-layout-flex wp-container-core-columns-is-layout-9d6595d7 wp-block-columns-is-layout-flex\">\n<div class=\"wp-block-column is-layout-flow wp-block-column-is-layout-flow\">\n<h3 class=\"wp-block-heading\">Caracter\u00edsticas da bolsa para retorta de alta qualidade<\/h3>\n\n\n\n<ul class=\"wp-block-list\">\n<li>Material de qualidade alimentar: A bolsa de retorta \u00e9 fabricada com materiais de alta qualidade, garantindo a seguran\u00e7a e a conformidade com as normas de embalagem de alimentos.<\/li>\n<\/ul>\n\n\n\n<p><\/p>\n\n\n\n<ul class=\"wp-block-list\">\n<li>Resist\u00eancia ao calor: Concebida para suportar temperaturas elevadas durante o processamento de retorta, mantendo a integridade e a seguran\u00e7a dos alimentos embalados.<\/li>\n<\/ul>\n\n\n\n<p><\/p>\n\n\n\n<ul class=\"wp-block-list\">\n<li>Caracter\u00edstica de rasgo f\u00e1cil: Equipado com um entalhe ou carater\u00edstica de rasgo f\u00e1cil para uma abertura c\u00f3moda pelos consumidores sem necessidade de tesouras ou outras ferramentas.<\/li>\n<\/ul>\n\n\n\n<p><\/p>\n\n\n\n<ul class=\"wp-block-list\">\n<li>Design vertical: O design inovador da bolsa vertical permite uma f\u00e1cil arruma\u00e7\u00e3o, exposi\u00e7\u00e3o e manuseamento nas prateleiras das lojas.<\/li>\n<\/ul>\n\n\n\n<p><\/p>\n\n\n\n<ul class=\"wp-block-list\">\n<li>Propriedades de barreira: Proporciona excelentes propriedades de barreira contra a humidade, o oxig\u00e9nio e a luz, preservando a frescura dos alimentos e prolongando o prazo de validade.<\/li>\n<\/ul>\n\n\n\n<p><\/p>\n\n\n\n<ul class=\"wp-block-list\">\n<li>Versatilidade: Adequado para uma vasta gama de produtos alimentares, incluindo sopas, molhos, refei\u00e7\u00f5es prontas e alimentos para animais de estima\u00e7\u00e3o, oferecendo flexibilidade nas solu\u00e7\u00f5es de embalagem.<\/li>\n<\/ul>\n<\/div>\n\n\n\n<div class=\"wp-block-column is-layout-flow wp-block-column-is-layout-flow\">\n<figure class=\"wp-block-image size-full\"><img fetchpriority=\"high\" decoding=\"async\" width=\"750\" height=\"750\" src=\"https:\/\/www.hyflexpack.com\/wp-content\/uploads\/2024\/06\/Custom-Retort-Pouch-3.webp\" alt=\"Bolsa de retorta personalizada\" class=\"wp-image-4593\" srcset=\"https:\/\/www.hyflexpack.com\/wp-content\/uploads\/2024\/06\/Custom-Retort-Pouch-3.webp 750w, https:\/\/www.hyflexpack.com\/wp-content\/uploads\/2024\/06\/Custom-Retort-Pouch-3-300x300.webp 300w, https:\/\/www.hyflexpack.com\/wp-content\/uploads\/2024\/06\/Custom-Retort-Pouch-3-150x150.webp 150w, https:\/\/www.hyflexpack.com\/wp-content\/uploads\/2024\/06\/Custom-Retort-Pouch-3-12x12.webp 12w, https:\/\/www.hyflexpack.com\/wp-content\/uploads\/2024\/06\/Custom-Retort-Pouch-3-285x285.webp 285w, https:\/\/www.hyflexpack.com\/wp-content\/uploads\/2024\/06\/Custom-Retort-Pouch-3-270x270.webp 270w, https:\/\/www.hyflexpack.com\/wp-content\/uploads\/2024\/06\/Custom-Retort-Pouch-3-540x540.webp 540w, https:\/\/www.hyflexpack.com\/wp-content\/uploads\/2024\/06\/Custom-Retort-Pouch-3-660x660.webp 660w\" sizes=\"(max-width: 750px) 100vw, 750px\" \/><\/figure>\n<\/div>\n<\/div>","protected":false},"excerpt":{"rendered":"<p>As bolsas Retort pouch de qualidade alimentar resistentes ao calor tornaram-se a escolha ideal para marcas e fabricantes que procuram solu\u00e7\u00f5es de embalagem fi\u00e1veis, seguras e pr\u00e1ticas para uma vasta gama de produtos alimentares. Contacte-nos para saber mais!<\/p>\n<h3>Vantagens do fornecedor de bolsas de retorta<\/h3>\n<ul>\n<li><strong>Design personalizado<\/strong>: Fornecemos um servi\u00e7o de bolsa de retorta de design personalizado, incluindo material, tamanho e personaliza\u00e7\u00e3o do padr\u00e3o de impress\u00e3o para atender \u00e0s necessidades dos clientes, e apoiamos OEM e ODM.<\/li>\n<li><strong>Fabrico<\/strong>: Com equipamento e tecnologia avan\u00e7ados, podemos concluir as encomendas com alta efici\u00eancia e alta qualidade, e entregar a tempo.<\/li>\n<li><strong>Inspe\u00e7\u00e3o da qualidade<\/strong>: Seguir rigorosamente as normas de qualidade e os requisitos de seguran\u00e7a alimentar para garantir que os produtos cumprem as normas.<\/li>\n<li><strong>Equipa de apoio t\u00e9cnico<\/strong>: A nossa equipa tem uma vasta experi\u00eancia na ind\u00fastria e conhecimentos profissionais, e pode fornecer apoio t\u00e9cnico e servi\u00e7o de consultoria 24 horas por dia aos nossos clientes.<\/li>\n<li><strong>Amostra gr\u00e1tis<\/strong>: Fornecer servi\u00e7o de amostra gr\u00e1tis para avaliar os produtos.<\/li>\n<\/ul>\n<p>A Huiyang Packaging est\u00e1 empenhada em fornecer aos clientes sacos de retorta personalizados e de alta qualidade para os ajudar a melhorar a imagem dos seus produtos e a aumentar a competitividade do mercado.<\/p>","protected":false},"featured_media":4593,"comment_status":"open","ping_status":"closed","template":"","meta":[],"product_brand":[],"product_cat":[51],"product_tag":[],"class_list":{"0":"post-4591","1":"product","2":"type-product","3":"status-publish","4":"has-post-thumbnail","6":"product_cat-custom-food-packaging-bags","8":"first","9":"instock","10":"shipping-taxable","11":"product-type-simple"},"_links":{"self":[{"href":"https:\/\/www.hyflexpack.com\/pt\/wp-json\/wp\/v2\/product\/4591","targetHints":{"allow":["GET"]}}],"collection":[{"href":"https:\/\/www.hyflexpack.com\/pt\/wp-json\/wp\/v2\/product"}],"about":[{"href":"https:\/\/www.hyflexpack.com\/pt\/wp-json\/wp\/v2\/types\/product"}],"replies":[{"embeddable":true,"href":"https:\/\/www.hyflexpack.com\/pt\/wp-json\/wp\/v2\/comments?post=4591"}],"wp:featuredmedia":[{"embeddable":true,"href":"https:\/\/www.hyflexpack.com\/pt\/wp-json\/wp\/v2\/media\/4593"}],"wp:attachment":[{"href":"https:\/\/www.hyflexpack.com\/pt\/wp-json\/wp\/v2\/media?parent=4591"}],"wp:term":[{"taxonomy":"product_brand","embeddable":true,"href":"https:\/\/www.hyflexpack.com\/pt\/wp-json\/wp\/v2\/product_brand?post=4591"},{"taxonomy":"product_cat","embeddable":true,"href":"https:\/\/www.hyflexpack.com\/pt\/wp-json\/wp\/v2\/product_cat?post=4591"},{"taxonomy":"product_tag","embeddable":true,"href":"https:\/\/www.hyflexpack.com\/pt\/wp-json\/wp\/v2\/product_tag?post=4591"}],"curies":[{"name":"wp","href":"https:\/\/api.w.org\/{rel}","templated":true}]}}