{"id":4555,"date":"2024-06-19T07:22:40","date_gmt":"2024-06-19T07:22:40","guid":{"rendered":"https:\/\/www.hyflexpack.com\/?post_type=product&#038;p=4555"},"modified":"2025-10-23T08:55:39","modified_gmt":"2025-10-23T08:55:39","slug":"oem-odm-sauce-packaging-bag","status":"publish","type":"product","link":"https:\/\/www.hyflexpack.com\/pt\/product\/oem-odm-sauce-packaging-bag\/","title":{"rendered":"Saco de embalagem de molho OEM\/ODM,Saco de embalagem de condimento,Saco de embalagem de grau aliment\u00edcio"},"content":{"rendered":"<div class=\"wp-block-columns is-layout-flex wp-container-core-columns-is-layout-9d6595d7 wp-block-columns-is-layout-flex\">\n<div class=\"wp-block-column is-layout-flow wp-block-column-is-layout-flow\">\n<h3 class=\"wp-block-heading\">Carater\u00edsticas do saco de embalagem de molho de alta qualidade<\/h3>\n\n\n\n<ul class=\"wp-block-list\">\n<li><strong>Material de qualidade alimentar<\/strong>: O material utilizado para a embalagem do molho \u00e9 de qualidade alimentar de alta qualidade, com alta barreira e resist\u00eancia a altas temperaturas - o m\u00e1ximo pode ir at\u00e9 135 graus para garantir a seguran\u00e7a e a higiene, cumprindo a norma internacional de embalagem de alimentos.<\/li>\n<\/ul>\n\n\n\n<p><\/p>\n\n\n\n<ul class=\"wp-block-list\">\n<li><strong>Design \u00e0 prova de fugas<\/strong>: Design \u00fanico \u00e0 prova de fugas, que mant\u00e9m o molho no interior e permite um transporte e armazenamento seguros.<\/li>\n<\/ul>\n\n\n\n<p><\/p>\n\n\n\n<ul class=\"wp-block-list\">\n<li><strong>Tecnologia de preserva\u00e7\u00e3o<\/strong>: A tecnologia avan\u00e7ada de selagem prolonga o prazo de validade do molho, mantendo o sabor e o aroma frescos.<\/li>\n<\/ul>\n\n\n\n<p><\/p>\n\n\n\n<ul class=\"wp-block-list\">\n<li><strong>M\u00faltiplas op\u00e7\u00f5es de capacidade<\/strong>: M\u00faltiplas op\u00e7\u00f5es de capacidade que se adaptam \u00e0s necessidades de cada um, desde a utiliza\u00e7\u00e3o dom\u00e9stica \u00e0 utiliza\u00e7\u00e3o comercial.<\/li>\n<\/ul>\n\n\n\n<p><\/p>\n\n\n\n<ul class=\"wp-block-list\">\n<li><strong>F\u00e1cil de utilizar<\/strong>: Embalagem para molhos com um rasgo f\u00e1cil para facilitar a sua utiliza\u00e7\u00e3o para uma cozinha dom\u00e9stica ou um servi\u00e7o de catering r\u00e1pido e c\u00f3modo.<\/li>\n<\/ul>\n<\/div>\n\n\n\n<div class=\"wp-block-column is-layout-flow wp-block-column-is-layout-flow\">\n<figure class=\"wp-block-image size-full\"><img fetchpriority=\"high\" decoding=\"async\" width=\"750\" height=\"750\" src=\"https:\/\/www.hyflexpack.com\/wp-content\/uploads\/2024\/06\/OEMODM-Sauce-Packaging-Bag-1.webp\" alt=\"Saco de embalagem de molho OEMODM\" class=\"wp-image-4556\" srcset=\"https:\/\/www.hyflexpack.com\/wp-content\/uploads\/2024\/06\/OEMODM-Sauce-Packaging-Bag-1.webp 750w, https:\/\/www.hyflexpack.com\/wp-content\/uploads\/2024\/06\/OEMODM-Sauce-Packaging-Bag-1-300x300.webp 300w, https:\/\/www.hyflexpack.com\/wp-content\/uploads\/2024\/06\/OEMODM-Sauce-Packaging-Bag-1-150x150.webp 150w, https:\/\/www.hyflexpack.com\/wp-content\/uploads\/2024\/06\/OEMODM-Sauce-Packaging-Bag-1-12x12.webp 12w, https:\/\/www.hyflexpack.com\/wp-content\/uploads\/2024\/06\/OEMODM-Sauce-Packaging-Bag-1-285x285.webp 285w, https:\/\/www.hyflexpack.com\/wp-content\/uploads\/2024\/06\/OEMODM-Sauce-Packaging-Bag-1-270x270.webp 270w, https:\/\/www.hyflexpack.com\/wp-content\/uploads\/2024\/06\/OEMODM-Sauce-Packaging-Bag-1-540x540.webp 540w, https:\/\/www.hyflexpack.com\/wp-content\/uploads\/2024\/06\/OEMODM-Sauce-Packaging-Bag-1-660x660.webp 660w\" sizes=\"(max-width: 750px) 100vw, 750px\" \/><\/figure>\n<\/div>\n<\/div>\n\n\n\n<h2 class=\"wp-block-heading\">Estrutura da embalagem de molhos \/ embalagens de condimentos<\/h2>\n\n\n\n<p><\/p>\n\n\n\n<p><strong>Estrutura de dupla camada<\/strong><\/p>\n\n\n\n<ul class=\"wp-block-list\">\n<li>PET\/PE: adequado para embalagens de molhos comuns, com boa transpar\u00eancia e resist\u00eancia \u00e0 humidade.<\/li>\n\n\n\n<li>BOPP\/PE: adequado para molhos leves, custo mais baixo.<\/li>\n<\/ul>\n\n\n\n<p><strong>Estrutura de tr\u00eas camadas<\/strong><\/p>\n\n\n\n<ul class=\"wp-block-list\">\n<li>PET\/AL\/PE: Adequado para molhos sens\u00edveis \u00e0 luz e ao oxig\u00e9nio, tais como molhos de pimenta e compotas, proporcionando excelentes propriedades de barreira.<\/li>\n\n\n\n<li>PET\/PA\/PE: Adequado para embalar molhos que requerem resist\u00eancia \u00e0 perfura\u00e7\u00e3o, por exemplo, molhos com gr\u00e2nulos, proporcionando uma excelente resist\u00eancia \u00e0 perfura\u00e7\u00e3o.<\/li>\n\n\n\n<li>BOPP\/CPP\/PE: Para molhos com recheio quente, com um certo grau de resist\u00eancia ao calor.<\/li>\n<\/ul>\n\n\n\n<p><strong>Estrutura de quatro camadas<\/strong><\/p>\n\n\n\n<ul class=\"wp-block-list\">\n<li>PET\/AL\/PA\/PE: Amplamente utilizado na embalagem de molhos de alta qualidade, com um \u00f3timo desempenho de barreira e resist\u00eancia, adequado para a conserva\u00e7\u00e3o a longo prazo.<\/li>\n<\/ul>\n\n\n\n<p><\/p>\n\n\n\n<div class=\"wp-block-columns is-layout-flex wp-container-core-columns-is-layout-9d6595d7 wp-block-columns-is-layout-flex\">\n<div class=\"wp-block-column is-layout-flow wp-block-column-is-layout-flow\" style=\"flex-basis:100%\">\n<h2 class=\"wp-block-heading has-text-align-left\">3 Solu\u00e7\u00f5es comuns de embalagem de molhos e condimentos<\/h2>\n<\/div>\n<\/div>\n\n\n\n<p>As solu\u00e7\u00f5es de embalagem de molhos e condimentos incluem stand-up pouches com bicos para verter e voltar a selar com precis\u00e3o, embalagens de saquetas de utiliza\u00e7\u00e3o \u00fanica para controlo de por\u00e7\u00f5es e conveni\u00eancia, e frascos ou garrafas que podem voltar a ser selados, concebidos para preservar a frescura e garantir uma armazenagem eficiente.<\/p>\n\n\n\n<div class=\"wp-block-columns is-layout-flex wp-container-core-columns-is-layout-9d6595d7 wp-block-columns-is-layout-flex\">\n<div class=\"wp-block-column is-layout-flow wp-block-column-is-layout-flow\">\n<figure class=\"wp-block-image size-full\"><img decoding=\"async\" width=\"750\" height=\"750\" src=\"https:\/\/www.hyflexpack.com\/wp-content\/uploads\/2024\/10\/Food-Packaging-Supplies-\uff082\uff09.webp\" alt=\"Embalagens de molhos personalizadas por atacado\" class=\"wp-image-5550\" srcset=\"https:\/\/www.hyflexpack.com\/wp-content\/uploads\/2024\/10\/Food-Packaging-Supplies-\uff082\uff09.webp 750w, https:\/\/www.hyflexpack.com\/wp-content\/uploads\/2024\/10\/Food-Packaging-Supplies-\uff082\uff09-300x300.webp 300w, https:\/\/www.hyflexpack.com\/wp-content\/uploads\/2024\/10\/Food-Packaging-Supplies-\uff082\uff09-150x150.webp 150w, https:\/\/www.hyflexpack.com\/wp-content\/uploads\/2024\/10\/Food-Packaging-Supplies-\uff082\uff09-12x12.webp 12w, https:\/\/www.hyflexpack.com\/wp-content\/uploads\/2024\/10\/Food-Packaging-Supplies-\uff082\uff09-285x285.webp 285w, https:\/\/www.hyflexpack.com\/wp-content\/uploads\/2024\/10\/Food-Packaging-Supplies-\uff082\uff09-270x270.webp 270w, https:\/\/www.hyflexpack.com\/wp-content\/uploads\/2024\/10\/Food-Packaging-Supplies-\uff082\uff09-540x540.webp 540w, https:\/\/www.hyflexpack.com\/wp-content\/uploads\/2024\/10\/Food-Packaging-Supplies-\uff082\uff09-660x660.webp 660w\" sizes=\"(max-width: 750px) 100vw, 750px\" \/><\/figure>\n\n\n\n<h4 class=\"wp-block-heading has-text-align-center\">Bolsa de p\u00e9<\/h4>\n\n\n\n<p>Amplamente utilizado para ketchup, molhos para salada e \u00f3leos de cozinha para minimizar o derrame.<\/p>\n<\/div>\n\n\n\n<div class=\"wp-block-column is-layout-flow wp-block-column-is-layout-flow\">\n<figure class=\"wp-block-image size-full\"><img decoding=\"async\" width=\"750\" height=\"750\" src=\"https:\/\/www.hyflexpack.com\/wp-content\/uploads\/2024\/06\/Wholesale-Retort-Pouches-2.webp\" alt=\"Bolsas de retorta por atacado\" class=\"wp-image-4601\" srcset=\"https:\/\/www.hyflexpack.com\/wp-content\/uploads\/2024\/06\/Wholesale-Retort-Pouches-2.webp 750w, https:\/\/www.hyflexpack.com\/wp-content\/uploads\/2024\/06\/Wholesale-Retort-Pouches-2-300x300.webp 300w, https:\/\/www.hyflexpack.com\/wp-content\/uploads\/2024\/06\/Wholesale-Retort-Pouches-2-150x150.webp 150w, https:\/\/www.hyflexpack.com\/wp-content\/uploads\/2024\/06\/Wholesale-Retort-Pouches-2-12x12.webp 12w, https:\/\/www.hyflexpack.com\/wp-content\/uploads\/2024\/06\/Wholesale-Retort-Pouches-2-285x285.webp 285w, https:\/\/www.hyflexpack.com\/wp-content\/uploads\/2024\/06\/Wholesale-Retort-Pouches-2-270x270.webp 270w, https:\/\/www.hyflexpack.com\/wp-content\/uploads\/2024\/06\/Wholesale-Retort-Pouches-2-540x540.webp 540w, https:\/\/www.hyflexpack.com\/wp-content\/uploads\/2024\/06\/Wholesale-Retort-Pouches-2-660x660.webp 660w\" sizes=\"(max-width: 750px) 100vw, 750px\" \/><\/figure>\n\n\n\n<h4 class=\"wp-block-heading has-text-align-center\">Bolsa com fecho de tr\u00eas lados<\/h4>\n\n\n\n<p>Ideal para maionese, mostarda ou molho picante de utiliza\u00e7\u00e3o \u00fanica para acompanhar refei\u00e7\u00f5es. Compacto e higi\u00e9nico, permite controlar o tamanho das por\u00e7\u00f5es.<\/p>\n<\/div>\n\n\n\n<div class=\"wp-block-column is-layout-flow wp-block-column-is-layout-flow\">\n<figure class=\"wp-block-image size-full\"><img loading=\"lazy\" decoding=\"async\" width=\"750\" height=\"750\" src=\"https:\/\/www.hyflexpack.com\/wp-content\/uploads\/2024\/06\/Condiment-Packaging-Wholesale-9.webp\" alt=\"Embalagens de condimentos por atacado\" class=\"wp-image-4587\" srcset=\"https:\/\/www.hyflexpack.com\/wp-content\/uploads\/2024\/06\/Condiment-Packaging-Wholesale-9.webp 750w, https:\/\/www.hyflexpack.com\/wp-content\/uploads\/2024\/06\/Condiment-Packaging-Wholesale-9-300x300.webp 300w, https:\/\/www.hyflexpack.com\/wp-content\/uploads\/2024\/06\/Condiment-Packaging-Wholesale-9-150x150.webp 150w, https:\/\/www.hyflexpack.com\/wp-content\/uploads\/2024\/06\/Condiment-Packaging-Wholesale-9-12x12.webp 12w, https:\/\/www.hyflexpack.com\/wp-content\/uploads\/2024\/06\/Condiment-Packaging-Wholesale-9-285x285.webp 285w, https:\/\/www.hyflexpack.com\/wp-content\/uploads\/2024\/06\/Condiment-Packaging-Wholesale-9-270x270.webp 270w, https:\/\/www.hyflexpack.com\/wp-content\/uploads\/2024\/06\/Condiment-Packaging-Wholesale-9-540x540.webp 540w, https:\/\/www.hyflexpack.com\/wp-content\/uploads\/2024\/06\/Condiment-Packaging-Wholesale-9-660x660.webp 660w\" sizes=\"(max-width: 750px) 100vw, 750px\" \/><\/figure>\n\n\n\n<h4 class=\"wp-block-heading has-text-align-center\">Bolsa de p\u00e9<\/h4>\n\n\n\n<p>Para molhos de alta qualidade, como pesto, molho de caril ou molhos gourmet para armazenamento de condimentos a granel em cafetarias.<\/p>\n<\/div>\n<\/div>\n\n\n\n<p><\/p>","protected":false},"excerpt":{"rendered":"<div class=\"flex-shrink-0 flex flex-col relative items-end\">\n<div>\n<div class=\"pt-0\">\n<div class=\"gizmo-bot-avatar flex h-8 w-8 items-center justify-center overflow-hidden rounded-full\">\n<div class=\"relative p-1 rounded-sm flex items-center justify-center bg-token-main-surface-primary text-token-text-primary h-8 w-8\">Os nossos sacos de embalagem de molhos personalizados e os stand-up pouches de qualidade alimentar oferecem solu\u00e7\u00f5es inovadoras de embalagem de molhos, proporcionando comodidade e frescura. Como empresa l\u00edder em embalagens de condimentos, especializamo-nos na cria\u00e7\u00e3o de embalagens personalizadas para satisfazer as suas necessidades exclusivas.<\/div>\n<\/div>\n<\/div>\n<\/div>\n<\/div>\n<p>Bem-vindo a consultar-nos para amostras gr\u00e1tis!<\/p>\n<h3>Vantagens do fornecedor de embalagens de molhos<\/h3>\n<ul>\n<li><strong>Design personalizado<\/strong>: N\u00f3s fornecemos servi\u00e7o de sacos de embalagem de molho de design personalizado, incluindo material, tamanho e personaliza\u00e7\u00e3o de padr\u00e3o de impress\u00e3o para atender \u00e0s necessidades dos clientes, e <strong>suporte OEM e ODM<\/strong>.<\/li>\n<li><strong>Fabrico<\/strong>: Com equipamento e tecnologia avan\u00e7ados, podemos completar a produ\u00e7\u00e3o de encomendas com alta efici\u00eancia e alta qualidade, e entregar a tempo.<\/li>\n<li><strong>Inspe\u00e7\u00e3o da qualidade<\/strong>: Seguir rigorosamente as normas de qualidade e os requisitos de seguran\u00e7a alimentar para garantir que os produtos cumprem as normas.<\/li>\n<li><strong>Equipa de apoio t\u00e9cnico<\/strong>: A nossa equipa tem uma vasta experi\u00eancia na ind\u00fastria e conhecimentos profissionais, e pode fornecer apoio t\u00e9cnico e servi\u00e7o de consultoria 24 horas por dia aos nossos clientes.<\/li>\n<li><strong>Amostra gr\u00e1tis<\/strong>: Fornecer servi\u00e7o de amostra gr\u00e1tis para avaliar os produtos.<\/li>\n<\/ul>\n<p><a href=\"https:\/\/www.hyflexpack.com\/pt\/\"><strong>Embalagens Huiyang<\/strong><\/a> est\u00e1 empenhada em fornecer aos clientes embalagens de molhos e de condimentos de alta qualidade e personalizadas, para os ajudar a melhorar a imagem dos seus produtos e a aumentar a competitividade no mercado.<\/p>","protected":false},"featured_media":4559,"comment_status":"open","ping_status":"closed","template":"","meta":[],"product_brand":[],"product_cat":[66],"product_tag":[],"class_list":{"0":"post-4555","1":"product","2":"type-product","3":"status-publish","4":"has-post-thumbnail","6":"product_cat-condiment-packaging-custom","8":"first","9":"instock","10":"shipping-taxable","11":"product-type-simple"},"_links":{"self":[{"href":"https:\/\/www.hyflexpack.com\/pt\/wp-json\/wp\/v2\/product\/4555","targetHints":{"allow":["GET"]}}],"collection":[{"href":"https:\/\/www.hyflexpack.com\/pt\/wp-json\/wp\/v2\/product"}],"about":[{"href":"https:\/\/www.hyflexpack.com\/pt\/wp-json\/wp\/v2\/types\/product"}],"replies":[{"embeddable":true,"href":"https:\/\/www.hyflexpack.com\/pt\/wp-json\/wp\/v2\/comments?post=4555"}],"wp:featuredmedia":[{"embeddable":true,"href":"https:\/\/www.hyflexpack.com\/pt\/wp-json\/wp\/v2\/media\/4559"}],"wp:attachment":[{"href":"https:\/\/www.hyflexpack.com\/pt\/wp-json\/wp\/v2\/media?parent=4555"}],"wp:term":[{"taxonomy":"product_brand","embeddable":true,"href":"https:\/\/www.hyflexpack.com\/pt\/wp-json\/wp\/v2\/product_brand?post=4555"},{"taxonomy":"product_cat","embeddable":true,"href":"https:\/\/www.hyflexpack.com\/pt\/wp-json\/wp\/v2\/product_cat?post=4555"},{"taxonomy":"product_tag","embeddable":true,"href":"https:\/\/www.hyflexpack.com\/pt\/wp-json\/wp\/v2\/product_tag?post=4555"}],"curies":[{"name":"wp","href":"https:\/\/api.w.org\/{rel}","templated":true}]}}